{"id":1000,"date":"2025-05-15T20:02:23","date_gmt":"2025-05-15T20:02:23","guid":{"rendered":"https:\/\/www.careium.com\/se\/?page_id=1000"},"modified":"2026-04-15T10:32:04","modified_gmt":"2026-04-15T08:32:04","slug":"standarder-och-policyer","status":"publish","type":"page","link":"https:\/\/www.careium.com\/se\/om-oss\/standarder-och-policyer\/","title":{"rendered":"Standarder och Policyer"},"content":{"rendered":"\n<h1 class=\"wp-block-heading has-text-align-left has-text-align-center\">Standarder och Policyer f\u00f6r h\u00e5llbarhet och aff\u00e4rsetik<\/h1>\n\n\n\n<div style=\"height:20px\" aria-hidden=\"true\" class=\"wp-block-spacer\"><\/div>\n\n\n\n<p class=\"has-text-align-left\"><strong>Careium str\u00e4var efter att vara ett h\u00e5llbart f\u00f6retag med god aff\u00e4rsetik. Vi vill vara en attraktiv arbetsgivare genom att skapa en arbetsmilj\u00f6 baserad p\u00e5 samarbete, ansvar och \u00f6ppenhet. V\u00e5ra koncern\u00f6vergripande policys kompletterar v\u00e5ra v\u00e4rderingar.&nbsp;<\/strong><\/p>\n\n\n\n<p><a href=\"https:\/\/www.careium.com\/app\/uploads\/sites\/2\/2025\/10\/policy-for-affarsetik-careium-sv.pdf\" target=\"_blank\" data-type=\"attachment\" data-id=\"5073\" rel=\"noreferrer noopener\">Careium\u2019s policy f\u00f6r aff\u00e4rsetik<\/a> (inklusive policyer f\u00f6r kvalitet, milj\u00f6, informationss\u00e4kerhet och arbetsmilj\u00f6)<\/p>\n\n\n\n<p><a href=\"https:\/\/www.careium.com\/app\/uploads\/sites\/8\/2025\/04\/certificate-quality-management-system-iso-9001-250219-careium-en.pdf\" target=\"_blank\" rel=\"noreferrer noopener\">ISO 9001 (kvalitet) certifikat<\/a><\/p>\n\n\n\n<p><a href=\"https:\/\/www.careium.com\/app\/uploads\/sites\/8\/2025\/04\/certificate-environmental-management-system-iso-14001-250219-careium-en.pdf\" target=\"_blank\" rel=\"noreferrer noopener\">ISO 14001 (milj\u00f6) certifikat<\/a><\/p>\n\n\n\n<p><a href=\"https:\/\/www.careium.com\/app\/uploads\/sites\/8\/2026\/04\/Careium-group-ISO-27001-certificate-2026-2029.pdf\">ISO 27001 (informationss\u00e4kerhet) certifikat<\/a><\/p>\n\n\n\n<p><a href=\"https:\/\/www.careium.com\/app\/uploads\/sites\/8\/2025\/04\/esg-policy-suppliers-211008-careium-en.pdf\" target=\"_blank\" rel=\"noreferrer noopener\">ESG policy f\u00f6r leverant\u00f6rer<\/a><\/p>\n\n\n\n<p><a href=\"https:\/\/www.careium.com\/app\/uploads\/sites\/8\/2026\/04\/Corporate-Sustainability-Due-Diligence-Careium-group-2026.pdf\" target=\"_blank\" rel=\"noreferrer noopener\">Corporate Sustainabilty Due Diligence<\/a><\/p>\n\n\n\n<p><a href=\"https:\/\/www.careium.com\/app\/uploads\/sites\/8\/2025\/04\/cybersecurity-through-the-lifecycle-of-connected-devices-240322-careium-en.pdf\" target=\"_blank\" rel=\"noreferrer noopener\">Cybersecurity through the lifecycle of connected devices<\/a><\/p>\n\n\n\n<p><a href=\"https:\/\/www.careium.com\/app\/uploads\/sites\/8\/2025\/04\/it-assurance-statement-dora-250102-careium-en.pdf\" target=\"_blank\" rel=\"noreferrer noopener\">IT Assurance Statement according to DORA<\/a><\/p>\n\n\n\n<p><\/p>\n","protected":false},"excerpt":{"rendered":"<p>Standarder och Policyer f\u00f6r h\u00e5llbarhet och aff\u00e4rsetik Careium str\u00e4var efter att vara ett h\u00e5llbart f\u00f6retag med god aff\u00e4rsetik. Vi vill vara en attraktiv arbetsgivare genom att skapa en arbetsmilj\u00f6 baserad p\u00e5 samarbete, ansvar och \u00f6ppenhet. V\u00e5ra koncern\u00f6vergripande policys kompletterar v\u00e5ra v\u00e4rderingar.&nbsp; Careium\u2019s policy f\u00f6r aff\u00e4rsetik (inklusive policyer f\u00f6r kvalitet, milj\u00f6, informationss\u00e4kerhet och arbetsmilj\u00f6) ISO 9001&#8230;<\/p>\n","protected":false},"author":5,"featured_media":0,"parent":975,"menu_order":0,"comment_status":"closed","ping_status":"closed","template":"template-text-page.blade.php","meta":{"_acf_changed":false,"footnotes":""},"class_list":["post-1000","page","type-page","status-publish","hentry"],"acf":[],"_links":{"self":[{"href":"https:\/\/www.careium.com\/se\/wp-json\/wp\/v2\/pages\/1000","targetHints":{"allow":["GET"]}}],"collection":[{"href":"https:\/\/www.careium.com\/se\/wp-json\/wp\/v2\/pages"}],"about":[{"href":"https:\/\/www.careium.com\/se\/wp-json\/wp\/v2\/types\/page"}],"author":[{"embeddable":true,"href":"https:\/\/www.careium.com\/se\/wp-json\/wp\/v2\/users\/5"}],"replies":[{"embeddable":true,"href":"https:\/\/www.careium.com\/se\/wp-json\/wp\/v2\/comments?post=1000"}],"version-history":[{"count":5,"href":"https:\/\/www.careium.com\/se\/wp-json\/wp\/v2\/pages\/1000\/revisions"}],"predecessor-version":[{"id":6040,"href":"https:\/\/www.careium.com\/se\/wp-json\/wp\/v2\/pages\/1000\/revisions\/6040"}],"up":[{"embeddable":true,"href":"https:\/\/www.careium.com\/se\/wp-json\/wp\/v2\/pages\/975"}],"wp:attachment":[{"href":"https:\/\/www.careium.com\/se\/wp-json\/wp\/v2\/media?parent=1000"}],"curies":[{"name":"wp","href":"https:\/\/api.w.org\/{rel}","templated":true}]}}