{"id":1005,"date":"2025-05-15T19:59:39","date_gmt":"2025-05-15T19:59:39","guid":{"rendered":"https:\/\/www.careium.com\/se\/?page_id=1005"},"modified":"2026-01-30T11:31:07","modified_gmt":"2026-01-30T10:31:07","slug":"visselblasarfunktion","status":"publish","type":"page","link":"https:\/\/www.careium.com\/se\/om-oss\/visselblasarfunktion\/","title":{"rendered":"Visselbl\u00e5sarfunktion"},"content":{"rendered":"\n<h1 class=\"wp-block-heading has-text-align-left has-text-align-center\">Visselbl\u00e5sarfunktion<\/h1>\n\n\n\n<div style=\"height:20px\" aria-hidden=\"true\" class=\"wp-block-spacer\"><\/div>\n\n\n\n<p>Att vi bedriver v\u00e5rt dagliga arbete med \u00e4rlighet, stor personlig integritet och respekt f\u00f6r andras integritet \u00e4r avg\u00f6rande. Tydliga riktlinjer f\u00f6r b\u00e5de medarbetare och leverant\u00f6rer finns i v\u00e5r <a href=\"https:\/\/www.careium.com\/se\/om-oss\/standarder-och-policyer\/\" data-type=\"attachment\" data-id=\"2115\">Careium Policy f\u00f6r aff\u00e4rsetik<\/a>.<\/p>\n\n\n\n<p><\/p>\n\n\n\n<p>V\u00e5r visselbl\u00e5sarfunktion \u00e4r fr\u00e4mst till f\u00f6r att du ska kunna rapportera misstankar om grova missf\u00f6rh\u00e5llanden, till exempel:<\/p>\n\n\n\n<ul class=\"wp-block-list\">\n<li>Olagliga aktiviteter<\/li>\n\n\n\n<li>Ekonomisk brottslighet eller korruption<\/li>\n\n\n\n<li>M\u00e4nskliga r\u00e4ttigheter<\/li>\n\n\n\n<li>Allvarlig p\u00e5verkan p\u00e5 enskildas liv och h\u00e4lsa.<\/li>\n\n\n\n<li>Skydd av privatlivet och personuppgifter<\/li>\n\n\n\n<li>Milj\u00f6skydd<\/li>\n<\/ul>\n\n\n\n<p>Visselbl\u00e5saren f\u00f6rblir anonym under processen, om man inte vid anm\u00e4lan v\u00e4ljer att ange sitt namn.&nbsp;&nbsp;<\/p>\n\n\n\n<p>Hantering av inkommande \u00e4renden utf\u00f6rs av en grupp best\u00e5ende av cheferna f\u00f6r Finans, HR och H\u00e5llbarhet. Om anm\u00e4lan g\u00e4ller n\u00e5gon av ovanst\u00e5ende befattningar utesluts den.&nbsp;<\/p>\n\n\n\n<div class=\"wp-block-buttons is-layout-flex wp-block-buttons-is-layout-flex\">\n<div class=\"wp-block-button\"><a class=\"wp-block-button__link wp-element-button\" href=\"https:\/\/careium.whistlelink.com\/\" target=\"_blank\" rel=\"noreferrer noopener\"><strong><strong>Du n\u00e5r rapporteringskanalen h\u00e4r<\/strong><\/strong><\/a><\/div>\n<\/div>\n\n\n\n<p><strong>Observera att&nbsp;&nbsp;<\/strong><\/p>\n\n\n\n<ul class=\"wp-block-list\">\n<li><strong>Kunder<\/strong> som vill reklamera produkter eller framf\u00f6ra synpunkter p\u00e5 v\u00e5ra tj\u00e4nster ska i f\u00f6rsta hand g\u00e5 via reklamationshanteringen i respektive land.<\/li>\n\n\n\n<li><strong>Medarbetare<\/strong> som har synpunkter p\u00e5 verksamheten som <span style=\"text-decoration: underline;\">inte<\/span> \u00e4r grova missf\u00f6rh\u00e5llanden ska i f\u00f6rsta hand ta det med n\u00e4rmaste chef eller HR. Den som dock inte \u00e4r bekv\u00e4m med att rapportera till n\u00e5gon av dessa \u00e4r v\u00e4lkommen att anv\u00e4nda visselbl\u00e5sarfunktionen.<\/li>\n<\/ul>\n\n\n\n<p><\/p>\n","protected":false},"excerpt":{"rendered":"<p>Visselbl\u00e5sarfunktion Att vi bedriver v\u00e5rt dagliga arbete med \u00e4rlighet, stor personlig integritet och respekt f\u00f6r andras integritet \u00e4r avg\u00f6rande. Tydliga riktlinjer f\u00f6r b\u00e5de medarbetare och leverant\u00f6rer finns i v\u00e5r Careium Policy f\u00f6r aff\u00e4rsetik. V\u00e5r visselbl\u00e5sarfunktion \u00e4r fr\u00e4mst till f\u00f6r att du ska kunna rapportera misstankar om grova missf\u00f6rh\u00e5llanden, till exempel: Visselbl\u00e5saren f\u00f6rblir anonym under processen,&#8230;<\/p>\n","protected":false},"author":5,"featured_media":0,"parent":975,"menu_order":0,"comment_status":"closed","ping_status":"closed","template":"template-text-page.blade.php","meta":{"_acf_changed":false,"footnotes":""},"class_list":["post-1005","page","type-page","status-publish","hentry"],"acf":[],"_links":{"self":[{"href":"https:\/\/www.careium.com\/se\/wp-json\/wp\/v2\/pages\/1005","targetHints":{"allow":["GET"]}}],"collection":[{"href":"https:\/\/www.careium.com\/se\/wp-json\/wp\/v2\/pages"}],"about":[{"href":"https:\/\/www.careium.com\/se\/wp-json\/wp\/v2\/types\/page"}],"author":[{"embeddable":true,"href":"https:\/\/www.careium.com\/se\/wp-json\/wp\/v2\/users\/5"}],"replies":[{"embeddable":true,"href":"https:\/\/www.careium.com\/se\/wp-json\/wp\/v2\/comments?post=1005"}],"version-history":[{"count":4,"href":"https:\/\/www.careium.com\/se\/wp-json\/wp\/v2\/pages\/1005\/revisions"}],"predecessor-version":[{"id":5473,"href":"https:\/\/www.careium.com\/se\/wp-json\/wp\/v2\/pages\/1005\/revisions\/5473"}],"up":[{"embeddable":true,"href":"https:\/\/www.careium.com\/se\/wp-json\/wp\/v2\/pages\/975"}],"wp:attachment":[{"href":"https:\/\/www.careium.com\/se\/wp-json\/wp\/v2\/media?parent=1005"}],"curies":[{"name":"wp","href":"https:\/\/api.w.org\/{rel}","templated":true}]}}