{"id":1273,"date":"2025-05-19T04:59:02","date_gmt":"2025-05-19T04:59:02","guid":{"rendered":"https:\/\/www.careium.com\/se\/?page_id=1273"},"modified":"2026-03-05T12:32:56","modified_gmt":"2026-03-05T11:32:56","slug":"produkter-att-lita-pa","status":"publish","type":"page","link":"https:\/\/www.careium.com\/se\/om-oss\/hallbarhet\/produkter-att-lita-pa\/","title":{"rendered":"Produkter att lita p\u00e5"},"content":{"rendered":"\n<h1 class=\"wp-block-heading has-text-align-left has-text-align-center\">Produkter f\u00f6r en h\u00e5llbarare framtid&nbsp;<\/h1>\n\n\n\n<h2 class=\"wp-block-heading\">V\u00e4rde f\u00f6r anv\u00e4ndaren <\/h2>\n\n\n\n<p>Behovsanalyser och f\u00e4lttester g\u00f6rs med seniorer vid utveckling av nya produkter. V\u00e5r produktutveckling \u00e4r kvalitetscertifierad enligt ISO 9001 och har tydliga processer f\u00f6r att produkter och tj\u00e4nster ska m\u00f6ta kundernas krav och uppfylla lagstiftning. Viktiga delar handlar om vilka material som f\u00e5r anv\u00e4ndas, hur kraven p\u00e5 avfallshantering och \u00e5tervinning uppfylls och hur konstruktionen ska g\u00f6ras f\u00f6r att produkterna ska vara s\u00e4kra och anv\u00e4ndarv\u00e4nliga.&nbsp;<\/p>\n\n\n\n<p><\/p>\n\n\n\n<h2 class=\"wp-block-heading\">Reparerbarhet&nbsp;<\/h2>\n\n\n\n<p>Vi utvecklar v\u00e5ra produkter f\u00f6r att underl\u00e4tta sanering, reparation, uppdatering och \u00e5teranv\u00e4ndning. Det kan till exempel handla om utbytbara armband p\u00e5 trygghetslarm eller designutveckling som m\u00f6jligg\u00f6r sanering p\u00e5 ett enkelt s\u00e4tt.&nbsp;<\/p>\n","protected":false},"excerpt":{"rendered":"<p>Produkter f\u00f6r en h\u00e5llbarare framtid&nbsp; V\u00e4rde f\u00f6r anv\u00e4ndaren Behovsanalyser och f\u00e4lttester g\u00f6rs med seniorer vid utveckling av nya produkter. V\u00e5r produktutveckling \u00e4r kvalitetscertifierad enligt ISO 9001 och har tydliga processer f\u00f6r att produkter och tj\u00e4nster ska m\u00f6ta kundernas krav och uppfylla lagstiftning. Viktiga delar handlar om vilka material som f\u00e5r anv\u00e4ndas, hur kraven p\u00e5 avfallshantering&#8230;<\/p>\n","protected":false},"author":5,"featured_media":0,"parent":1307,"menu_order":0,"comment_status":"closed","ping_status":"closed","template":"template-text-page.blade.php","meta":{"_acf_changed":false,"footnotes":""},"class_list":["post-1273","page","type-page","status-publish","hentry"],"acf":[],"_links":{"self":[{"href":"https:\/\/www.careium.com\/se\/wp-json\/wp\/v2\/pages\/1273","targetHints":{"allow":["GET"]}}],"collection":[{"href":"https:\/\/www.careium.com\/se\/wp-json\/wp\/v2\/pages"}],"about":[{"href":"https:\/\/www.careium.com\/se\/wp-json\/wp\/v2\/types\/page"}],"author":[{"embeddable":true,"href":"https:\/\/www.careium.com\/se\/wp-json\/wp\/v2\/users\/5"}],"replies":[{"embeddable":true,"href":"https:\/\/www.careium.com\/se\/wp-json\/wp\/v2\/comments?post=1273"}],"version-history":[{"count":5,"href":"https:\/\/www.careium.com\/se\/wp-json\/wp\/v2\/pages\/1273\/revisions"}],"predecessor-version":[{"id":5908,"href":"https:\/\/www.careium.com\/se\/wp-json\/wp\/v2\/pages\/1273\/revisions\/5908"}],"up":[{"embeddable":true,"href":"https:\/\/www.careium.com\/se\/wp-json\/wp\/v2\/pages\/1307"}],"wp:attachment":[{"href":"https:\/\/www.careium.com\/se\/wp-json\/wp\/v2\/media?parent=1273"}],"curies":[{"name":"wp","href":"https:\/\/api.w.org\/{rel}","templated":true}]}}