{"id":1276,"date":"2025-05-19T05:11:25","date_gmt":"2025-05-19T05:11:25","guid":{"rendered":"https:\/\/www.careium.com\/se\/?page_id=1276"},"modified":"2026-03-27T16:53:51","modified_gmt":"2026-03-27T15:53:51","slug":"fns-mal-for-hallbar-utveckling","status":"publish","type":"page","link":"https:\/\/www.careium.com\/se\/om-oss\/hallbarhet\/fns-mal-for-hallbar-utveckling\/","title":{"rendered":"FN:s m\u00e5l f\u00f6r h\u00e5llbar utveckling"},"content":{"rendered":"\n<h1 class=\"wp-block-heading has-text-align-left has-text-align-center is-style-wide\">Careium\u2019s bidrag till FN:s m\u00e5l f\u00f6r h\u00e5llbar utveckling<\/h1>\n\n\n\n<p class=\"has-text-align-left is-style-wide\"><strong>I v\u00e5rt arbete med att f\u00f6rb\u00e4ttra arbetsf\u00f6rh\u00e5llanden, fr\u00e4mja och skydda m\u00e4nskliga r\u00e4ttigheter och milj\u00f6 i hela v\u00e4rdekedjan ligger den st\u00f6rsta m\u00f6jligheten f\u00f6r att bidra till m\u00e5len inom f\u00f6ljande omr\u00e5den.<\/strong><\/p>\n\n\n\n<div class=\"wp-block-group\"><div class=\"wp-block-group__inner-container is-layout-constrained wp-block-group-is-layout-constrained\">\n<h2 class=\"wp-block-heading has-text-align-left\">M\u00e5l 8: &nbsp;Anst\u00e4ndiga arbetsvillkor och ekonomisk tillv\u00e4xt<\/h2>\n\n\n<div class=\"wp-block-image size-large is-style-default\">\n<figure class=\"alignleft size-stor is-resized\"><img loading=\"lazy\" decoding=\"async\" width=\"1500\" height=\"1500\" src=\"https:\/\/www.careium.com\/app\/uploads\/sites\/2\/2025\/05\/un-sustainability-development-goals-8-1.png\" alt=\"FN:s m\u00e5l f\u00f6r h\u00e5llbar utveckling 8 logotyp\" class=\"wp-image-1271\" style=\"width:80px\" srcset=\"https:\/\/www.careium.com\/app\/uploads\/sites\/2\/2025\/05\/un-sustainability-development-goals-8-1.png 1500w, https:\/\/www.careium.com\/app\/uploads\/sites\/2\/2025\/05\/un-sustainability-development-goals-8-1-300x300.png 300w, https:\/\/www.careium.com\/app\/uploads\/sites\/2\/2025\/05\/un-sustainability-development-goals-8-1-1024x1024.png 1024w, https:\/\/www.careium.com\/app\/uploads\/sites\/2\/2025\/05\/un-sustainability-development-goals-8-1-150x150.png 150w, https:\/\/www.careium.com\/app\/uploads\/sites\/2\/2025\/05\/un-sustainability-development-goals-8-1-768x768.png 768w, https:\/\/www.careium.com\/app\/uploads\/sites\/2\/2025\/05\/un-sustainability-development-goals-8-1-700x700.png 700w, https:\/\/www.careium.com\/app\/uploads\/sites\/2\/2025\/05\/un-sustainability-development-goals-8-1-250x250.png 250w, https:\/\/www.careium.com\/app\/uploads\/sites\/2\/2025\/05\/un-sustainability-development-goals-8-1-120x120.png 120w, https:\/\/www.careium.com\/app\/uploads\/sites\/2\/2025\/05\/un-sustainability-development-goals-8-1-520x520.png 520w, https:\/\/www.careium.com\/app\/uploads\/sites\/2\/2025\/05\/un-sustainability-development-goals-8-1-1036x1036.png 1036w, https:\/\/www.careium.com\/app\/uploads\/sites\/2\/2025\/05\/un-sustainability-development-goals-8-1-1280x1280.png 1280w, https:\/\/www.careium.com\/app\/uploads\/sites\/2\/2025\/05\/un-sustainability-development-goals-8-1-780x780.png 780w, https:\/\/www.careium.com\/app\/uploads\/sites\/2\/2025\/05\/un-sustainability-development-goals-8-1-360x360.png 360w, https:\/\/www.careium.com\/app\/uploads\/sites\/2\/2025\/05\/un-sustainability-development-goals-8-1-600x600.png 600w, https:\/\/www.careium.com\/app\/uploads\/sites\/2\/2025\/05\/un-sustainability-development-goals-8-1-100x100.png 100w\" sizes=\"auto, (max-width: 1500px) 100vw, 1500px\" \/><\/figure>\n<\/div>\n\n\n<p>Vi str\u00e4var efter att vara en stabil och ansvarstagande arbetsgivare som erbjuder goda arbetsf\u00f6rh\u00e5llanden och utvecklingsm\u00f6jligheter. Vi arbetar aktivt med h\u00e4lso- och s\u00e4kerhetsfr\u00e5gor. Genom tekniska f\u00f6rb\u00e4ttringar och innovation arbetar bolaget f\u00f6r en \u00e4ldreomsorg som ger trygghet f\u00f6r anv\u00e4ndarna, st\u00f6d till de anst\u00e4llda i omsorgen och resurseffektivitet i anv\u00e4ndandet av skattepengar. Vi accepterar inte n\u00e5gra former av barnarbete eller tv\u00e5ngsarbete.<\/p>\n\n\n\n<div style=\"height:20px\" aria-hidden=\"true\" class=\"wp-block-spacer\"><\/div>\n<\/div><\/div>\n\n\n\n<div class=\"wp-block-group\"><div class=\"wp-block-group__inner-container is-layout-constrained wp-block-group-is-layout-constrained\">\n<h2 class=\"wp-block-heading has-text-align-left\">M\u00e5l 9: Industri, innovation och infrastruktur<\/h2>\n\n\n<div class=\"wp-block-image\">\n<figure class=\"alignleft size-full is-resized\"><img loading=\"lazy\" decoding=\"async\" width=\"225\" height=\"225\" src=\"https:\/\/www.careium.com\/app\/uploads\/sites\/2\/2025\/05\/Goal-9.png\" alt=\"FN:s m\u00e5l f\u00f6r h\u00e5llbar utveckling 9 logotyp\" class=\"wp-image-1272\" style=\"width:80px\" srcset=\"https:\/\/www.careium.com\/app\/uploads\/sites\/2\/2025\/05\/Goal-9.png 225w, https:\/\/www.careium.com\/app\/uploads\/sites\/2\/2025\/05\/Goal-9-150x150.png 150w, https:\/\/www.careium.com\/app\/uploads\/sites\/2\/2025\/05\/Goal-9-120x120.png 120w, https:\/\/www.careium.com\/app\/uploads\/sites\/2\/2025\/05\/Goal-9-100x100.png 100w\" sizes=\"auto, (max-width: 225px) 100vw, 225px\" \/><\/figure>\n<\/div>\n\n\n<p>Vi \u00e4r dedikerade till att utveckla teknikst\u00f6dda v\u00e5rdl\u00f6sningar som f\u00f6rb\u00e4ttrar livskvaliteten f\u00f6r \u00e4ldre vuxna och individer i behov av st\u00f6d. Genom digital innovation inom telev\u00e5rd och h\u00e4lsoteknik bidrar vi till mer motst\u00e5ndskraftiga v\u00e5rdsystem och mer sj\u00e4lvst\u00e4ndiga liv. V\u00e5ra l\u00f6sningar utvecklas i n\u00e4ra dialog med anv\u00e4ndarna f\u00f6r att s\u00e4kerst\u00e4lla relevans, anv\u00e4ndbarhet och l\u00e5ngsiktigt v\u00e4rde.<\/p>\n<\/div><\/div>\n\n\n\n<div style=\"height:20px\" aria-hidden=\"true\" class=\"wp-block-spacer\"><\/div>\n\n\n\n<div class=\"wp-block-group\"><div class=\"wp-block-group__inner-container is-layout-constrained wp-block-group-is-layout-constrained\">\n<h2 class=\"wp-block-heading has-text-align-left\">M\u00e5l 10: Minskad oj\u00e4mlikhet<\/h2>\n\n\n<div class=\"wp-block-image size-large\">\n<figure class=\"alignleft size-stor is-resized\"><img loading=\"lazy\" decoding=\"async\" width=\"1500\" height=\"1500\" src=\"https:\/\/www.careium.com\/app\/uploads\/sites\/2\/2025\/05\/un-sustainability-development-goals-10-1.png\" alt=\"FN:s m\u00e5l f\u00f6r h\u00e5llbar utveckling 10 logotyp\" class=\"wp-image-1274\" style=\"width:80px\" srcset=\"https:\/\/www.careium.com\/app\/uploads\/sites\/2\/2025\/05\/un-sustainability-development-goals-10-1.png 1500w, https:\/\/www.careium.com\/app\/uploads\/sites\/2\/2025\/05\/un-sustainability-development-goals-10-1-300x300.png 300w, https:\/\/www.careium.com\/app\/uploads\/sites\/2\/2025\/05\/un-sustainability-development-goals-10-1-1024x1024.png 1024w, https:\/\/www.careium.com\/app\/uploads\/sites\/2\/2025\/05\/un-sustainability-development-goals-10-1-150x150.png 150w, https:\/\/www.careium.com\/app\/uploads\/sites\/2\/2025\/05\/un-sustainability-development-goals-10-1-768x768.png 768w, https:\/\/www.careium.com\/app\/uploads\/sites\/2\/2025\/05\/un-sustainability-development-goals-10-1-700x700.png 700w, https:\/\/www.careium.com\/app\/uploads\/sites\/2\/2025\/05\/un-sustainability-development-goals-10-1-250x250.png 250w, https:\/\/www.careium.com\/app\/uploads\/sites\/2\/2025\/05\/un-sustainability-development-goals-10-1-120x120.png 120w, https:\/\/www.careium.com\/app\/uploads\/sites\/2\/2025\/05\/un-sustainability-development-goals-10-1-520x520.png 520w, https:\/\/www.careium.com\/app\/uploads\/sites\/2\/2025\/05\/un-sustainability-development-goals-10-1-1036x1036.png 1036w, https:\/\/www.careium.com\/app\/uploads\/sites\/2\/2025\/05\/un-sustainability-development-goals-10-1-1280x1280.png 1280w, https:\/\/www.careium.com\/app\/uploads\/sites\/2\/2025\/05\/un-sustainability-development-goals-10-1-780x780.png 780w, https:\/\/www.careium.com\/app\/uploads\/sites\/2\/2025\/05\/un-sustainability-development-goals-10-1-360x360.png 360w, https:\/\/www.careium.com\/app\/uploads\/sites\/2\/2025\/05\/un-sustainability-development-goals-10-1-600x600.png 600w, https:\/\/www.careium.com\/app\/uploads\/sites\/2\/2025\/05\/un-sustainability-development-goals-10-1-100x100.png 100w\" sizes=\"auto, (max-width: 1500px) 100vw, 1500px\" \/><\/figure>\n<\/div>\n\n\n<p>Careium\u2019s mission inneb\u00e4r att skapa ett inkluderande samh\u00e4lle f\u00f6r seniorer och funktionsnedsatta. V\u00e5ra medarbetare arbetar f\u00f6r seniorers r\u00e4tt till en b\u00e4ttre livskvalitet oavsett deras individuella f\u00f6ruts\u00e4ttningar. V\u00e5ra v\u00e4lf\u00e4rdsteknikl\u00f6sningar inom telecare m\u00f6jligg\u00f6r ett tryggare och mer sj\u00e4lvst\u00e4ndigt liv och f\u00f6rb\u00e4ttrad livskvalitet f\u00f6r seniorer och funktionsnedsatta. Med hj\u00e4lp av v\u00e5ra tj\u00e4nster och produkter ges m\u00f6jlighet f\u00f6r st\u00f6rre inkludering i samh\u00e4llet b\u00e5de vad det g\u00e4ller sociala och ekonomiska aspekter.<\/p>\n\n\n\n<div style=\"height:20px\" aria-hidden=\"true\" class=\"wp-block-spacer\"><\/div>\n<\/div><\/div>\n\n\n\n<div class=\"wp-block-group\"><div class=\"wp-block-group__inner-container is-layout-constrained wp-block-group-is-layout-constrained\">\n<h2 class=\"wp-block-heading has-text-align-left\">M\u00e5l 12: H\u00e5llbar konsumtion och produktion<\/h2>\n\n\n<div class=\"wp-block-image size-large\">\n<figure class=\"alignleft size-stor is-resized\"><img loading=\"lazy\" decoding=\"async\" width=\"1500\" height=\"1500\" src=\"https:\/\/www.careium.com\/app\/uploads\/sites\/2\/2025\/05\/un-sustainability-development-goals-12-1.png\" alt=\"FN:s m\u00e5l f\u00f6r h\u00e5llbar utveckling 12 logotyp\" class=\"wp-image-1275\" style=\"width:80px\" srcset=\"https:\/\/www.careium.com\/app\/uploads\/sites\/2\/2025\/05\/un-sustainability-development-goals-12-1.png 1500w, https:\/\/www.careium.com\/app\/uploads\/sites\/2\/2025\/05\/un-sustainability-development-goals-12-1-300x300.png 300w, https:\/\/www.careium.com\/app\/uploads\/sites\/2\/2025\/05\/un-sustainability-development-goals-12-1-1024x1024.png 1024w, https:\/\/www.careium.com\/app\/uploads\/sites\/2\/2025\/05\/un-sustainability-development-goals-12-1-150x150.png 150w, https:\/\/www.careium.com\/app\/uploads\/sites\/2\/2025\/05\/un-sustainability-development-goals-12-1-768x768.png 768w, https:\/\/www.careium.com\/app\/uploads\/sites\/2\/2025\/05\/un-sustainability-development-goals-12-1-700x700.png 700w, https:\/\/www.careium.com\/app\/uploads\/sites\/2\/2025\/05\/un-sustainability-development-goals-12-1-250x250.png 250w, https:\/\/www.careium.com\/app\/uploads\/sites\/2\/2025\/05\/un-sustainability-development-goals-12-1-120x120.png 120w, https:\/\/www.careium.com\/app\/uploads\/sites\/2\/2025\/05\/un-sustainability-development-goals-12-1-520x520.png 520w, https:\/\/www.careium.com\/app\/uploads\/sites\/2\/2025\/05\/un-sustainability-development-goals-12-1-1036x1036.png 1036w, https:\/\/www.careium.com\/app\/uploads\/sites\/2\/2025\/05\/un-sustainability-development-goals-12-1-1280x1280.png 1280w, https:\/\/www.careium.com\/app\/uploads\/sites\/2\/2025\/05\/un-sustainability-development-goals-12-1-780x780.png 780w, https:\/\/www.careium.com\/app\/uploads\/sites\/2\/2025\/05\/un-sustainability-development-goals-12-1-360x360.png 360w, https:\/\/www.careium.com\/app\/uploads\/sites\/2\/2025\/05\/un-sustainability-development-goals-12-1-600x600.png 600w, https:\/\/www.careium.com\/app\/uploads\/sites\/2\/2025\/05\/un-sustainability-development-goals-12-1-100x100.png 100w\" sizes=\"auto, (max-width: 1500px) 100vw, 1500px\" \/><\/figure>\n<\/div>\n\n\n<p>Vi arbetar f\u00f6r att v\u00e4lja material i v\u00e5ra produkter utifr\u00e5n att de ska ha god milj\u00f6prestanda under hela livscykeln, fr\u00e5n r\u00e5vara till \u00e5tervinning. Vi arbetar f\u00f6r att minska milj\u00f6p\u00e5verkan fr\u00e5n v\u00e5ra transporter och resor. Vi arbetar mot ett cirkul\u00e4rt anv\u00e4ndande av produkterna med h\u00f6g andel \u00e5teranv\u00e4ndning och \u00e5tervinning, d\u00e4r produkter som kan saneras och som har utbytbara detaljer \u00e4r en sj\u00e4lvklarhet sedan m\u00e5nga \u00e5r.<\/p>\n<\/div><\/div>\n\n\n\n<div style=\"height:20px\" aria-hidden=\"true\" class=\"wp-block-spacer\"><\/div>\n\n\n\n<h2 class=\"wp-block-heading is-style-wide\">Vad \u00e4r FN:s globala m\u00e5l &#8211; och hur kan vi bidra?<\/h2>\n\n\n\n<p class=\"is-style-wide\">Vi f\u00e5r ofta fr\u00e5gan <strong>&#8221;Vad \u00e4r FN:s globala m\u00e5l f\u00f6r h\u00e5llbar utveckling?&#8221;<\/strong>&#8211; och hur dessa globala m\u00e5l \u00e4r kopplade till vad vi g\u00f6r. FN:s globala m\u00e5l f\u00f6r h\u00e5llbar utveckling st\u00e5r f\u00f6r<a href=\"https:\/\/sdgs.un.org\/goals\" target=\"_blank\" rel=\"noreferrer noopener nofollow\"> <strong>FN:s m\u00e5l f\u00f6r h\u00e5llbar utveckling<\/strong>.<\/a> Dessa 17 globala m\u00e5l lanserades 2015 som en del av en global plan f\u00f6r att skapa en b\u00e4ttre och mer h\u00e5llbar framtid till 2030. De tar upp v\u00e4rldens mest angel\u00e4gna utmaningar, bland annat h\u00e4lsa och v\u00e4lbefinnande, j\u00e4mst\u00e4lldhet, klimat\u00e5tg\u00e4rder och ansvarsfull innovation.<\/p>\n\n\n\n<h2 class=\"wp-block-heading is-style-wide\">V\u00e5rt \u00e5tagande f\u00f6r en h\u00e5llbar framtid<\/h2>\n\n\n\n<p class=\"is-style-wide\">Att f\u00f6rst\u00e5 FN:s globala m\u00e5l f\u00f6r h\u00e5llbar utveckling \u00e4r avg\u00f6rande f\u00f6r f\u00f6retag som v\u00e5rt. Genom att integrera dem i v\u00e5r verksamhet och v\u00e5ra strategier st\u00e4rker vi inte bara v\u00e5rt f\u00f6retagsansvar utan \u00f6ppnar ocks\u00e5 upp f\u00f6r nya m\u00f6jligheter till framsteg och innovation.<\/p>\n\n\n\n<p><\/p>\n\n\n\n<p class=\"is-style-wide\">F\u00f6r oss \u00e4r SDG:erna mer \u00e4n globala m\u00e5l &#8211; de \u00e4r v\u00e4gledande principer som styr v\u00e5r produktutveckling, v\u00e5ra aff\u00e4rsbeslut och v\u00e5ra partnerskap. Oavsett om det handlar om att tillhandah\u00e5lla p\u00e5litliga personlarmstj\u00e4nster eller utforska ny teknik som AI, \u00e4r vi fast beslutna att skapa positiv, varaktig f\u00f6r\u00e4ndring.<\/p>\n\n\n\n<p><\/p>\n\n\n\n<p class=\"is-style-wide\">Vi engagerar ocks\u00e5 v\u00e5ra medarbetare, kunder och partners i denna resa. Genom regelbunden utbildning och workshops \u00f6kar vi medvetenheten och ger m\u00e4nniskor m\u00f6jlighet att bidra. N\u00e4r vi blickar fram\u00e5t tror vi att tekniken kommer att forts\u00e4tta att spela en avg\u00f6rande roll. Med verktyg som prediktiv analys kan vi erbjuda mer proaktiv och effektiv v\u00e5rd samtidigt som vi minskar v\u00e5rt milj\u00f6avtryck.<\/p>\n\n\n\n<p class=\"is-style-wide\">Tillsammans g\u00e5r vi mot en mer h\u00e5llbar framtid &#8211; idag och f\u00f6r kommande generationer.<\/p>\n\n\n\n<p><\/p>\n","protected":false},"excerpt":{"rendered":"<p>Careium\u2019s bidrag till FN:s m\u00e5l f\u00f6r h\u00e5llbar utveckling I v\u00e5rt arbete med att f\u00f6rb\u00e4ttra arbetsf\u00f6rh\u00e5llanden, fr\u00e4mja och skydda m\u00e4nskliga r\u00e4ttigheter och milj\u00f6 i hela v\u00e4rdekedjan ligger den st\u00f6rsta m\u00f6jligheten f\u00f6r att bidra till m\u00e5len inom f\u00f6ljande omr\u00e5den. M\u00e5l 8: &nbsp;Anst\u00e4ndiga arbetsvillkor och ekonomisk tillv\u00e4xt Vi str\u00e4var efter att vara en stabil och ansvarstagande arbetsgivare som&#8230;<\/p>\n","protected":false},"author":1,"featured_media":0,"parent":1307,"menu_order":0,"comment_status":"closed","ping_status":"closed","template":"template-text-page.blade.php","meta":{"_acf_changed":false,"footnotes":""},"class_list":["post-1276","page","type-page","status-publish","hentry"],"acf":[],"_links":{"self":[{"href":"https:\/\/www.careium.com\/se\/wp-json\/wp\/v2\/pages\/1276","targetHints":{"allow":["GET"]}}],"collection":[{"href":"https:\/\/www.careium.com\/se\/wp-json\/wp\/v2\/pages"}],"about":[{"href":"https:\/\/www.careium.com\/se\/wp-json\/wp\/v2\/types\/page"}],"author":[{"embeddable":true,"href":"https:\/\/www.careium.com\/se\/wp-json\/wp\/v2\/users\/1"}],"replies":[{"embeddable":true,"href":"https:\/\/www.careium.com\/se\/wp-json\/wp\/v2\/comments?post=1276"}],"version-history":[{"count":4,"href":"https:\/\/www.careium.com\/se\/wp-json\/wp\/v2\/pages\/1276\/revisions"}],"predecessor-version":[{"id":6010,"href":"https:\/\/www.careium.com\/se\/wp-json\/wp\/v2\/pages\/1276\/revisions\/6010"}],"up":[{"embeddable":true,"href":"https:\/\/www.careium.com\/se\/wp-json\/wp\/v2\/pages\/1307"}],"wp:attachment":[{"href":"https:\/\/www.careium.com\/se\/wp-json\/wp\/v2\/media?parent=1276"}],"curies":[{"name":"wp","href":"https:\/\/api.w.org\/{rel}","templated":true}]}}