{"id":1282,"date":"2025-05-26T13:12:21","date_gmt":"2025-05-26T13:12:21","guid":{"rendered":"https:\/\/www.careium.com\/se\/?page_id=1282"},"modified":"2026-01-30T12:54:19","modified_gmt":"2026-01-30T11:54:19","slug":"tjanster-att-lita-pa","status":"publish","type":"page","link":"https:\/\/www.careium.com\/se\/om-oss\/hallbarhet\/tjanster-att-lita-pa\/","title":{"rendered":"Trygghetstj\u00e4nster att lita p\u00e5"},"content":{"rendered":"\n<h1 class=\"wp-block-heading has-text-align-left has-text-align-center\">Trygghetstj\u00e4nster f\u00f6r en h\u00e5llbarare framtid<\/h1>\n\n\n\n<p class=\"has-text-align-left\"><strong>V\u00e5ra larmcentraler hanterar dygnet runt, alla dagar, stora volymer larmsamtal fr\u00e5n kunder som \u00e4r beroende av att hj\u00e4lp finns bara ett knapptryck bort. F\u00f6r att s\u00e4kerst\u00e4lla att systemen f\u00f6rblir tillg\u00e4ngliga och kunddata h\u00e5lls s\u00e4kra och konfidentiella anv\u00e4nds metoderna i ISO 27001 i alla larmcentraler.&nbsp;<\/strong><\/p>\n\n\n\n<h2 class=\"wp-block-heading\">Informationss\u00e4kerhet<\/h2>\n\n\n\n<p>Careium centralt hanterade ledningssystem f\u00f6r informationss\u00e4kerhet ger ramarna som g\u00f6r det m\u00f6jligt att hantera, \u00f6vervaka och f\u00f6rb\u00e4ttra informationss\u00e4kerheten.<\/p>\n\n\n\n<p><\/p>\n\n\n\n<p>ISO 27001 inneb\u00e4r h\u00f6ga krav p\u00e5 v\u00e5r systematiska hantering av informationss\u00e4kerhet, f\u00f6r att s\u00e4kra:<\/p>\n\n\n\n<p><\/p>\n\n\n\n<ul class=\"wp-block-list\">\n<li><strong>Konfidentialitet<\/strong> (skydd mot obeh\u00f6rig insyn) <\/li>\n\n\n\n<li><strong>Riktighet<\/strong> (skydd mot o\u00f6nskad f\u00f6r\u00e4ndring) <\/li>\n\n\n\n<li><strong>Tillg\u00e4nglighet<\/strong> (\u00e5tkomst f\u00f6r beh\u00f6rig person vid r\u00e4tt tillf\u00e4lle) <\/li>\n\n\n\n<li><strong>Sp\u00e5rbarhet <\/strong>(m\u00f6jlighet att sp\u00e5ra \u00e4ndringar) <\/li>\n<\/ul>\n\n\n\n<p><\/p>\n\n\n\n<p>F\u00f6r att minimera exponeringen f\u00f6r s\u00e4kerhetshot m\u00e5ste alla anst\u00e4llda f\u00f6lja v\u00e5ra informationss\u00e4kerhetspolicyer och riktlinjer, samt delta i kontinuerlig utbildning om informationss\u00e4kerhet. Utbildningen ger anst\u00e4llda en b\u00e4ttre f\u00f6rst\u00e5else f\u00f6r informationss\u00e4kerhetsrisker och \u00f6kad medvetenhet om hur var och en kan bidra till en s\u00e4ker verksamhet.&nbsp;<\/p>\n\n\n\n<p><\/p>\n\n\n\n<p>Proaktiva systemtester g\u00f6rs f\u00f6r att identifiera hot, svagheter och risker. Avvikelser, risker, m\u00e4tningar, mm hanteras enligt ledningsprocesser och f\u00f6ljs upp kvartalsvis av koncernens grupp f\u00f6r informationss\u00e4kerhet. Careium har h\u00f6gt risk-fokus och arbete p\u00e5g\u00e5r st\u00e4ndigt med att minska riskerna.&nbsp;<\/p>\n\n\n\n<h2 class=\"wp-block-heading\">S\u00e4ker och enkel anv\u00e4ndning <\/h2>\n\n\n\n<p>ISO 9001- och ISO 27001-certifieringar st\u00f6der s\u00e4kra processer och f\u00f6rb\u00e4ttrar arbetss\u00e4ttet s\u00e5 att tj\u00e4nsterna h\u00e5ller utlovad niv\u00e5. I Storbritannien \u00e4r den lokala standarden TSA en specificering av kvalitetskrav i larmkedjan och v\u00e5r verksamhet d\u00e4r har denna certifiering.<\/p>\n\n\n\n<p><\/p>\n\n\n\n<p>N\u00e4r leverant\u00f6rer \u00e4r inblandade i servicekedjan finns avtal som s\u00e4krar serviceniv\u00e5n. N\u00f6dl\u00e4gesrutiner och tester \u00e4r viktiga f\u00f6r att kontrollera att tj\u00e4nsterna kan uppr\u00e4tth\u00e5llas \u00e4ven vid st\u00f6rningar. I larmcentralerna granskas och praktiseras rutinerna f\u00f6r n\u00f6dl\u00e4gen\/verksamhetskontinuitet i olika scenarier minst varannan m\u00e5nad, f\u00f6r att simulera b\u00e5de naturkatastrofer och kriser som orsakats av m\u00e4nniskor. Egen IT-personal finns i beredskap 24\/7 f\u00f6r att s\u00e4kra driften av larmtj\u00e4nsterna och agera p\u00e5 eventuella st\u00f6rningar.<\/p>\n","protected":false},"excerpt":{"rendered":"<p>Trygghetstj\u00e4nster f\u00f6r en h\u00e5llbarare framtid V\u00e5ra larmcentraler hanterar dygnet runt, alla dagar, stora volymer larmsamtal fr\u00e5n kunder som \u00e4r beroende av att hj\u00e4lp finns bara ett knapptryck bort. F\u00f6r att s\u00e4kerst\u00e4lla att systemen f\u00f6rblir tillg\u00e4ngliga och kunddata h\u00e5lls s\u00e4kra och konfidentiella anv\u00e4nds metoderna i ISO 27001 i alla larmcentraler.&nbsp; Informationss\u00e4kerhet Careium centralt hanterade ledningssystem f\u00f6r&#8230;<\/p>\n","protected":false},"author":5,"featured_media":0,"parent":1307,"menu_order":0,"comment_status":"closed","ping_status":"closed","template":"template-text-page.blade.php","meta":{"_acf_changed":false,"footnotes":""},"class_list":["post-1282","page","type-page","status-publish","hentry"],"acf":[],"_links":{"self":[{"href":"https:\/\/www.careium.com\/se\/wp-json\/wp\/v2\/pages\/1282","targetHints":{"allow":["GET"]}}],"collection":[{"href":"https:\/\/www.careium.com\/se\/wp-json\/wp\/v2\/pages"}],"about":[{"href":"https:\/\/www.careium.com\/se\/wp-json\/wp\/v2\/types\/page"}],"author":[{"embeddable":true,"href":"https:\/\/www.careium.com\/se\/wp-json\/wp\/v2\/users\/5"}],"replies":[{"embeddable":true,"href":"https:\/\/www.careium.com\/se\/wp-json\/wp\/v2\/comments?post=1282"}],"version-history":[{"count":5,"href":"https:\/\/www.careium.com\/se\/wp-json\/wp\/v2\/pages\/1282\/revisions"}],"predecessor-version":[{"id":5487,"href":"https:\/\/www.careium.com\/se\/wp-json\/wp\/v2\/pages\/1282\/revisions\/5487"}],"up":[{"embeddable":true,"href":"https:\/\/www.careium.com\/se\/wp-json\/wp\/v2\/pages\/1307"}],"wp:attachment":[{"href":"https:\/\/www.careium.com\/se\/wp-json\/wp\/v2\/media?parent=1282"}],"curies":[{"name":"wp","href":"https:\/\/api.w.org\/{rel}","templated":true}]}}