{"id":1298,"date":"2025-05-19T05:00:34","date_gmt":"2025-05-19T05:00:34","guid":{"rendered":"https:\/\/www.careium.com\/se\/?page_id=1298"},"modified":"2026-02-04T14:22:51","modified_gmt":"2026-02-04T13:22:51","slug":"resurseffektivitet","status":"publish","type":"page","link":"https:\/\/www.careium.com\/se\/om-oss\/hallbarhet\/resurseffektivitet\/","title":{"rendered":"Resurseffektivitet"},"content":{"rendered":"\n<h1 class=\"wp-block-heading has-text-align-left has-text-align-center\">V\u00e4rna om v\u00e5ra resurser&nbsp;<\/h1>\n\n\n\n<div style=\"height:20px\" aria-hidden=\"true\" class=\"wp-block-spacer\"><\/div>\n\n\n\n<h2 class=\"wp-block-heading\">Samh\u00e4llets resurser<\/h2>\n\n\n\n<p>V\u00e4lf\u00e4rdsteknik handlar inte om att ers\u00e4tta m\u00e4nskliga resurser i v\u00e4lf\u00e4rden med teknik och automatisering. V\u00e4lf\u00e4rdsteknik handlar i f\u00f6rsta hand om att skapa <strong>trygghet, frihet och oberoende<\/strong> f\u00f6r m\u00e4nniskor med fysiska och kognitiva begr\u00e4nsningar.<\/p>\n\n\n\n<p><\/p>\n\n\n\n<p>I andra hand handlar v\u00e4lf\u00e4rdsteknik om en <strong>effektivare omsorg<\/strong>. D\u00e4r utf\u00f6rare b\u00e4ttre kan utnyttja begr\u00e4nsade skattemedel. D\u00e4r omsorgspersonal f\u00e5r en b\u00e4ttre arbetsmilj\u00f6 och med st\u00f6rre m\u00f6jlighet att l\u00e4gga sin tid p\u00e5 det v\u00e4rdefulla m\u00f6tet med de \u00e4ldre.<\/p>\n\n\n\n<p><\/p>\n\n\n\n<p>R\u00e4tt utformad v\u00e4lf\u00e4rdsteknik skapar en social h\u00e5llbarhet och m\u00f6ter upp mot de framtida utmaningar som den v\u00e4xande andelen \u00e4ldre utg\u00f6r. V\u00e5r hela v\u00e4rdegrund, v\u00e5r vision och v\u00e5r mission kretsar kring ett b\u00e4ttre liv f\u00f6r seniorer och en mer h\u00e5llbar v\u00e4lf\u00e4rd.<\/p>\n\n\n\n<h2 class=\"wp-block-heading\">M\u00e4nniskor och milj\u00f6&nbsp;<\/h2>\n\n\n\n<p>V\u00e5ra produkter och tj\u00e4nster kan positivt p\u00e5verka milj\u00f6 och m\u00e4nniskor, se <a href=\"https:\/\/www.careium.com\/app\/uploads\/sites\/8\/2025\/04\/competitive-lifecycle-analysis-v1-careium.pdf\" target=\"_blank\" rel=\"noreferrer noopener\">livscykelanalys<\/a>. Milj\u00f6certifiering finns. Vi har som st\u00e4ndigt m\u00e5l att f\u00f6rv\u00e4rvade larmcentraler ska l\u00e4ggas till i v\u00e5r centrala ISO 14001 certifikat inom 18 m\u00e5nader.<\/p>\n\n\n\n<p><\/p>\n\n\n\n<p>Vi arbetar p\u00e5 olika s\u00e4tt f\u00f6r att minimera klimatp\u00e5verkan till f\u00f6ljd av bilresorna, t.ex. genom milj\u00f6m\u00e4ssig f\u00f6rb\u00e4ttring av bilflottan och utbildningar i sparsam k\u00f6rning. Energif\u00f6rbrukning i lokalerna m\u00e4ts \u00e5rligen och det finns en str\u00e4van att minska milj\u00f6p\u00e5verkan genom optimalt utnyttjande av ytor och anv\u00e4ndande av fossilfri energi.<\/p>\n\n\n\n<p><\/p>\n\n\n\n<p>Vi str\u00e4var efter att transportkostnader och milj\u00f6p\u00e5verkan orsakade av produkttransporter ska h\u00e5llas l\u00e5ga.<\/p>\n\n\n\n<p><\/p>\n","protected":false},"excerpt":{"rendered":"<p>V\u00e4rna om v\u00e5ra resurser&nbsp; Samh\u00e4llets resurser V\u00e4lf\u00e4rdsteknik handlar inte om att ers\u00e4tta m\u00e4nskliga resurser i v\u00e4lf\u00e4rden med teknik och automatisering. V\u00e4lf\u00e4rdsteknik handlar i f\u00f6rsta hand om att skapa trygghet, frihet och oberoende f\u00f6r m\u00e4nniskor med fysiska och kognitiva begr\u00e4nsningar. I andra hand handlar v\u00e4lf\u00e4rdsteknik om en effektivare omsorg. D\u00e4r utf\u00f6rare b\u00e4ttre kan utnyttja begr\u00e4nsade skattemedel&#8230;.<\/p>\n","protected":false},"author":5,"featured_media":0,"parent":1307,"menu_order":0,"comment_status":"closed","ping_status":"closed","template":"template-text-page.blade.php","meta":{"_acf_changed":false,"footnotes":""},"class_list":["post-1298","page","type-page","status-publish","hentry"],"acf":[],"_links":{"self":[{"href":"https:\/\/www.careium.com\/se\/wp-json\/wp\/v2\/pages\/1298","targetHints":{"allow":["GET"]}}],"collection":[{"href":"https:\/\/www.careium.com\/se\/wp-json\/wp\/v2\/pages"}],"about":[{"href":"https:\/\/www.careium.com\/se\/wp-json\/wp\/v2\/types\/page"}],"author":[{"embeddable":true,"href":"https:\/\/www.careium.com\/se\/wp-json\/wp\/v2\/users\/5"}],"replies":[{"embeddable":true,"href":"https:\/\/www.careium.com\/se\/wp-json\/wp\/v2\/comments?post=1298"}],"version-history":[{"count":5,"href":"https:\/\/www.careium.com\/se\/wp-json\/wp\/v2\/pages\/1298\/revisions"}],"predecessor-version":[{"id":5627,"href":"https:\/\/www.careium.com\/se\/wp-json\/wp\/v2\/pages\/1298\/revisions\/5627"}],"up":[{"embeddable":true,"href":"https:\/\/www.careium.com\/se\/wp-json\/wp\/v2\/pages\/1307"}],"wp:attachment":[{"href":"https:\/\/www.careium.com\/se\/wp-json\/wp\/v2\/media?parent=1298"}],"curies":[{"name":"wp","href":"https:\/\/api.w.org\/{rel}","templated":true}]}}