{"id":1307,"date":"2025-05-15T13:02:12","date_gmt":"2025-05-15T13:02:12","guid":{"rendered":"https:\/\/www.careium.com\/se\/?page_id=1307"},"modified":"2026-03-03T11:29:00","modified_gmt":"2026-03-03T10:29:00","slug":"hallbarhet","status":"publish","type":"page","link":"https:\/\/www.careium.com\/se\/om-oss\/hallbarhet\/","title":{"rendered":"H\u00e5llbarhet"},"content":{"rendered":"<div class=\"wp-block-breadcrumbs\" style=\"\">\n    <div class=\"breadcrumbs  max-xl:lg:mt-4\">\n    <nav aria-label=\"breadcrumbs\">\n        <ul class=\"!ml-0 mb-4 mt-2 flex items-center gap-1 pl-0\">\n                            <li class=\"text-primary-100 my-0 flex list-none items-center pl-0 text-xs md:text-sm\">\n                    <a class=\"link link--breadcrumb\" href=\"https:\/\/www.careium.com\/se\/\">Hem<\/a>\n                                    <\/li>\n                    <\/ul>\n    <\/nav>\n<\/div>\n<\/div>\n\n\n\n<div style=\"height:50px\" aria-hidden=\"true\" class=\"wp-block-spacer\"><\/div>\n\n\n<div class=\"wp-block-hero alignfull   \"\n    style=\"\">\n    <div class=\"wp-block-hero__container container\">\n                    <div class=\"wp-block-hero__text\">\n                <h1 class=\"wp-block-hero__heading\">V\u00e5rt h\u00e5llbarhetsarbete<\/h1>\n                                    <p class=\"wp-block-hero__preamble\">P\u00e5 Careium anser vi att det \u00e4r viktigt att garantera h\u00f6g kvalitet och ett milj\u00f6t\u00e4nk som gynnar samh\u00e4llet, b\u00e5de lokalt och globalt. <br \/>\r\n<br \/>\r\nVi har certifikat i de internationella standarderna f\u00f6r kvalitet ISO 9001, milj\u00f6 ISO 14001 samt informationss\u00e4kerhet ISO 27001. Vi st\u00f6der Agenda 2030 och FN:s 17 globala m\u00e5l f\u00f6r h\u00e5llbar utveckling och vi tar h\u00e4nsyn till de utvalda m\u00e5len i v\u00e5r strategi och i v\u00e5r dagliga verksamhet.<\/p>\n                \n                                            <\/div>\n                            <picture>\n                                    <source media=\"(min-width: 600px and max-width: 1023px)\" srcset=\"https:\/\/www.careium.com\/app\/uploads\/sites\/2\/2026\/03\/Squares-pics-1.png.webp\" type=\"image\/webp\"\n                    width=\"1080\" height=\"1080\">\n                            <source media=\"(min-width: 600px and max-width: 1023px)\" srcset=\"https:\/\/www.careium.com\/app\/uploads\/sites\/2\/2026\/03\/Squares-pics-1.png\" type=\"image\/png\"\n                    width=\"1080\" height=\"1080\">\n                                                <source media=\"((min-width: 1px and max-width: 599px) or (min-width: 1024px))\" srcset=\"https:\/\/www.careium.com\/app\/uploads\/sites\/2\/2026\/03\/Squares-pics-1-610x610.png.webp\" type=\"image\/webp\"\n                    width=\"610\" height=\"610\">\n                            <source media=\"((min-width: 1px and max-width: 599px) or (min-width: 1024px))\" srcset=\"https:\/\/www.careium.com\/app\/uploads\/sites\/2\/2026\/03\/Squares-pics-1-610x610.png\" type=\"image\/png\"\n                    width=\"610\" height=\"610\">\n                    \n\n        <img fetchpriority=\"high\" decoding=\"async\"  src=\"https:\/\/www.careium.com\/app\/uploads\/sites\/2\/2026\/03\/Squares-pics-1.png\" alt=\"man-wearing-mobile-social-alarm-tending-to-plants-scaled\" loading=\"eager\"\n            width=\"1080\" height=\"1080\">\n    <\/picture>\n            <\/div>\n<\/div>\n\n\n\n<div style=\"height:50px\" aria-hidden=\"true\" class=\"wp-block-spacer is-style-medium\"><\/div>\n\n\n<div class=\"wp-block-list-image wp-block-list-image--image-right not-prose\" style=\"\">\n            <div class=\"wp-block-list-image__image\">\n            <picture>\n                                    <source media=\"(min-width: 700px)\" srcset=\"https:\/\/www.careium.com\/app\/uploads\/sites\/2\/2025\/05\/un-sustainable-development-goals-780x462.png\" type=\"image\/png\"\n                    width=\"780\" height=\"462\">\n                                                <source media=\"(max-width: 699px)\" srcset=\"https:\/\/www.careium.com\/app\/uploads\/sites\/2\/2025\/05\/un-sustainable-development-goals-700x414.png\" type=\"image\/png\"\n                    width=\"700\" height=\"414\">\n                                                <source media=\"(max-width: 500px)\" srcset=\"https:\/\/www.careium.com\/app\/uploads\/sites\/2\/2025\/05\/un-sustainable-development-goals-520x308.png\" type=\"image\/png\"\n                    width=\"520\" height=\"308\">\n                    \n\n        <img decoding=\"async\" class=\"image-fit\" src=\"https:\/\/www.careium.com\/app\/uploads\/sites\/2\/2025\/05\/un-sustainable-development-goals-780x462.png\" alt=\"\" loading=\"lazy\"\n            width=\"780\" height=\"462\">\n    <\/picture>\n        <\/div>\n        <div class=\"wp-block-list-image__text\">\n                        <h2\n            class=\"wp-block-list-image__heading wp-block-list-image__heading--sm\">\n            Careium\u2019s bidrag till FN:s m\u00e5l f\u00f6r h\u00e5llbar utveckling             <\/h2>\n                        <div\n            class=\"wp-block-list-image__preamble wp-block-list-image__preamble--sm\">\n            <p>Vi tar h\u00e4nsyn till utvalda m\u00e5l i v\u00e5r strategi och dagliga verksamhet.<\/p>\n\n        <\/div>\n                                                    <a class=\"wp-block-list-image__link link--arrow link link--arrow\" href=\"https:\/\/www.careium.com\/se\/om-oss\/hallbarhet\/fns-mal-for-hallbar-utveckling\/\"\n                    target=\"_self\">L\u00e4s mer om v\u00e5ra m\u00e5l<\/a>\n                        <\/div>\n<\/div>\n\n\n\n<div style=\"height:50px\" aria-hidden=\"true\" class=\"wp-block-spacer is-style-small\"><\/div>\n\n\n<div class=\"wp-block-list-image wp-block-list-image--image-left not-prose\" style=\"\">\n            <div class=\"wp-block-list-image__image\">\n            <picture>\n                                    <source media=\"(min-width: 700px)\" srcset=\"https:\/\/www.careium.com\/app\/uploads\/sites\/2\/2025\/05\/man-on-bench-outdoors5.jpg\" type=\"image\/jpeg\"\n                    width=\"600\" height=\"380\">\n                                                <source media=\"(max-width: 699px)\" srcset=\"https:\/\/www.careium.com\/app\/uploads\/sites\/2\/2025\/05\/man-on-bench-outdoors5.jpg\" type=\"image\/jpeg\"\n                    width=\"600\" height=\"380\">\n                                                <source media=\"(max-width: 500px)\" srcset=\"https:\/\/www.careium.com\/app\/uploads\/sites\/2\/2025\/05\/man-on-bench-outdoors5-520x329.jpg\" type=\"image\/jpeg\"\n                    width=\"520\" height=\"329\">\n                    \n\n        <img decoding=\"async\" class=\"\" src=\"https:\/\/www.careium.com\/app\/uploads\/sites\/2\/2025\/05\/man-on-bench-outdoors5.jpg\" alt=\"\u00e4ldre man p\u00e5 en b\u00e4nk som tittar ut \u00f6ver en sj\u00f6\" loading=\"lazy\"\n            width=\"600\" height=\"380\">\n    <\/picture>\n        <\/div>\n        <div class=\"wp-block-list-image__text\">\n                        <h2\n            class=\"wp-block-list-image__heading wp-block-list-image__heading--sm\">\n            Resurseffektivitet            <\/h2>\n                        <div\n            class=\"wp-block-list-image__preamble wp-block-list-image__preamble--sm\">\n            <p>Samh\u00e4lleskostnad, m\u00e4nniskor och milj\u00f6.<\/p>\n\n        <\/div>\n                                                    <a class=\"wp-block-list-image__link link--arrow link link--arrow\" href=\"https:\/\/www.careium.com\/se\/om-oss\/hallbarhet\/resurseffektivitet\/\"\n                    target=\"_self\">L\u00e4s mer om resurseffektivitet<\/a>\n                        <\/div>\n<\/div>\n\n\n\n<div style=\"height:50px\" aria-hidden=\"true\" class=\"wp-block-spacer is-style-medium\"><\/div>\n\n\n<div class=\"wp-block-text-cards \"\n    style=\"\" data-columns=\"\">\n    \n<div class=\"wp-block-text-card\" style=\"\">\n    <h3>Trygghetstj\u00e4nster att lita p\u00e5<\/h3>\n<p>Informationss\u00e4kerhet, s\u00e4ker och enkel anv\u00e4ndning<\/p>\n\n            <a class=\"wp-block-text-card__link link link--arrow \"\n            href=\"https:\/\/www.careium.com\/se\/om-oss\/hallbarhet\/tjanster-att-lita-pa\/\" target=\"_self\">Trygghetstj\u00e4nster<\/a>\n    <\/div>\n\n\n<div class=\"wp-block-text-card\" style=\"\">\n    <h3>Produkter att lita p\u00e5<\/h3>\n<p>V\u00e4rde f\u00f6r anv\u00e4ndaren, reparerbarhet<\/p>\n\n            <a class=\"wp-block-text-card__link link link--arrow \"\n            href=\"https:\/\/www.careium.com\/se\/om-oss\/hallbarhet\/produkter-att-lita-pa\/\" target=\"_self\">Produkter att lita p\u00e5<\/a>\n    <\/div>\n\n\n<div class=\"wp-block-text-card is-style-pink\" style=\"\">\n    <h3>Ett ansvarsfullt aff\u00e4rsfundament<\/h3>\n<p>Medarbetare, leverant\u00f6rskedja, god f\u00f6retagsstyrning<\/p>\n\n            <a class=\"wp-block-text-card__link link link--arrow \"\n            href=\"https:\/\/www.careium.com\/se\/om-oss\/hallbarhet\/ett-ansvarsfullt-affarsfundament\/\" target=\"_self\">V\u00e5rt aff\u00e4rsfundament<\/a>\n    <\/div>\n\n\n<div class=\"wp-block-text-card is-style-pink\" style=\"\">\n    <h3>Avfallshantering och Milj\u00f6egenskaper<\/h3>\n<p>Beh\u00f6ver du information om hur du ska \u00e5tervinna n\u00e5gon av v\u00e5ra enheter?<\/p>\n\n            <a class=\"wp-block-text-card__link link link--arrow \"\n            href=\"https:\/\/www.careium.com\/se\/om-oss\/hallbarhet\/hallbar-valfardsteknik-miljoinformation\/\" target=\"_self\">Information om \u00e5tervinning<\/a>\n    <\/div>\n\n\n<\/div>\n\n\n\n<div style=\"height:70px\" aria-hidden=\"true\" class=\"wp-block-spacer is-style-large\"><\/div>\n","protected":false},"excerpt":{"rendered":"","protected":false},"author":5,"featured_media":0,"parent":975,"menu_order":0,"comment_status":"closed","ping_status":"closed","template":"","meta":{"_acf_changed":false,"footnotes":""},"class_list":["post-1307","page","type-page","status-publish","hentry"],"acf":[],"_links":{"self":[{"href":"https:\/\/www.careium.com\/se\/wp-json\/wp\/v2\/pages\/1307","targetHints":{"allow":["GET"]}}],"collection":[{"href":"https:\/\/www.careium.com\/se\/wp-json\/wp\/v2\/pages"}],"about":[{"href":"https:\/\/www.careium.com\/se\/wp-json\/wp\/v2\/types\/page"}],"author":[{"embeddable":true,"href":"https:\/\/www.careium.com\/se\/wp-json\/wp\/v2\/users\/5"}],"replies":[{"embeddable":true,"href":"https:\/\/www.careium.com\/se\/wp-json\/wp\/v2\/comments?post=1307"}],"version-history":[{"count":6,"href":"https:\/\/www.careium.com\/se\/wp-json\/wp\/v2\/pages\/1307\/revisions"}],"predecessor-version":[{"id":5898,"href":"https:\/\/www.careium.com\/se\/wp-json\/wp\/v2\/pages\/1307\/revisions\/5898"}],"up":[{"embeddable":true,"href":"https:\/\/www.careium.com\/se\/wp-json\/wp\/v2\/pages\/975"}],"wp:attachment":[{"href":"https:\/\/www.careium.com\/se\/wp-json\/wp\/v2\/media?parent=1307"}],"curies":[{"name":"wp","href":"https:\/\/api.w.org\/{rel}","templated":true}]}}