{"id":1417,"date":"2025-05-14T09:42:46","date_gmt":"2025-05-14T09:42:46","guid":{"rendered":"https:\/\/www.careium.com\/se\/?page_id=1417"},"modified":"2026-01-30T09:44:17","modified_gmt":"2026-01-30T08:44:17","slug":"forvarv","status":"publish","type":"page","link":"https:\/\/www.careium.com\/se\/investerarrelationer\/forvarv\/","title":{"rendered":"V\u00e5ra f\u00f6rv\u00e4rv"},"content":{"rendered":"\n<h1 class=\"wp-block-heading has-text-align-left\">F\u00f6retagsf\u00f6rv\u00e4rv<\/h1>\n\n\n\n<div style=\"height:50px\" aria-hidden=\"true\" class=\"wp-block-spacer\"><\/div>\n\n\n\n<div class=\"wp-block-group\"><div class=\"wp-block-group__inner-container is-layout-constrained wp-block-group-is-layout-constrained\">\n<h2 class=\"wp-block-heading\">Innocom<\/h2>\n\n\n\n<p><strong>September 2021, Nederl\u00e4nderna<\/strong><br>I linje med v\u00e5r strategi expanderade och f\u00f6rst\u00e4rkte vi v\u00e5r geografiska n\u00e4rvaro genom f\u00f6rv\u00e4rvet av nederl\u00e4ndska Innocom. Den nederl\u00e4ndska marknaden \u00e4r en attraktiv marknad med stor potential. Innocom \u00e4r en av tre ledande akt\u00f6rerna inom v\u00e4lf\u00e4rdsteknik i Nederl\u00e4nderna och blir ett perfekt tillskott v\u00e5r nuvarande verksamhet<\/p>\n<\/div><\/div>\n\n\n\n<div style=\"height:30px\" aria-hidden=\"true\" class=\"wp-block-spacer\"><\/div>\n\n\n\n<div class=\"wp-block-group\"><div class=\"wp-block-group__inner-container is-layout-constrained wp-block-group-is-layout-constrained\">\n<h2 class=\"wp-block-heading\">Helpline<\/h2>\n\n\n\n<p><strong>September 2021, Storbritannien<\/strong><br>I slutet av september genomf\u00f6rde vi ett mindre uppk\u00f6p i Storbritannien d\u00e5 vi f\u00f6rv\u00e4rvade tillg\u00e5ngarna i Helpline fr\u00e5n Bromford Housing. Med f\u00f6rv\u00e4rvet av Helpline driver vi det digitala skiftet fram\u00e5t, d\u00e5 det blir allt sv\u00e5rare f\u00f6r mindre akt\u00f6rer som Helpline att genomf\u00f6ra skiftet sj\u00e4lva.<\/p>\n<\/div><\/div>\n\n\n\n<div style=\"height:30px\" aria-hidden=\"true\" class=\"wp-block-spacer\"><\/div>\n\n\n\n<div class=\"wp-block-group\"><div class=\"wp-block-group__inner-container is-layout-constrained wp-block-group-is-layout-constrained\">\n<h2 class=\"wp-block-heading\">FirstCall 24\/7<\/h2>\n\n\n\n<p><strong>Februari 2021, Storbritannien<\/strong><br>Vi \u00e4r mycket glada \u00f6ver att kunna tillk\u00e4nnage ett nytt samarbete med Trent and Dove Housing, en leverant\u00f6r av boende till kunder i Staffordshire, North West Leicestershire och Derbyshire. Genom FirstCall 24\/7 har Trent och Dove tillhandah\u00e5llit teknikbaserade v\u00e4lf\u00e4rdstj\u00e4nster till seniorer i n\u00e4stan 20 \u00e5r. Som en del av arrangemanget har vi f\u00f6rv\u00e4rvat tillg\u00e5ngarna av FirstCall och kommer forts\u00e4tta st\u00f6dja bostadsverksamheten n\u00e4r de utvecklar och levererar sin strategi f\u00f6r \u00e4ldre<\/p>\n<\/div><\/div>\n\n\n\n<div style=\"height:30px\" aria-hidden=\"true\" class=\"wp-block-spacer\"><\/div>\n\n\n\n<div class=\"wp-block-group\"><div class=\"wp-block-group__inner-container is-layout-constrained wp-block-group-is-layout-constrained\">\n<h2 class=\"wp-block-heading\">Connexus Careline<\/h2>\n\n\n\n<p><strong>Oktober 2020, Storbritannien<\/strong><br>F\u00f6r att ytterligare ut\u00f6ka n\u00e4rvaron och st\u00e4rka v\u00e5r position p\u00e5 den brittiska marknaden har vi f\u00f6rv\u00e4rvat tillg\u00e5ngarna av Careline-tj\u00e4nsterna fr\u00e5n Connexus Housing Group. Efter en kr\u00e4vande urvalsprocess var vi mycket n\u00f6jda med att bli valda som leverant\u00f6r f\u00f6r Connexus Carelines teknikbaserade v\u00e4lf\u00e4rdstj\u00e4nster.<\/p>\n<\/div><\/div>\n\n\n\n<div style=\"height:30px\" aria-hidden=\"true\" class=\"wp-block-spacer\"><\/div>\n\n\n\n<div class=\"wp-block-group\"><div class=\"wp-block-group__inner-container is-layout-constrained wp-block-group-is-layout-constrained\">\n<h2 class=\"wp-block-heading\">Victrix<\/h2>\n\n\n\n<p><strong>September 2020, Spanien<\/strong><br>F\u00f6r att st\u00e4rka v\u00e5r tekniska plattform och \u00f6ka m\u00f6jligheterna f\u00f6r innovativa l\u00f6sningar inom v\u00e4lf\u00e4rdsteknik f\u00f6rv\u00e4rvas Victrix SocSan (Victrix). F\u00f6rv\u00e4rvet \u00e4r i linje med den strategiska ambitionen om att bli europeisk marknadsledare inom v\u00e4lf\u00e4rdsteknik och utveckla nya proaktiva l\u00f6sningar. Genom f\u00f6rv\u00e4rvet av Victrix st\u00e4rker vi ytterligare v\u00e5r position inom branschen som ett f\u00f6retag med teknikl\u00f6sningar i framkant.<\/p>\n<\/div><\/div>\n\n\n\n<div style=\"height:30px\" aria-hidden=\"true\" class=\"wp-block-spacer\"><\/div>\n\n\n\n<div class=\"wp-block-group\"><div class=\"wp-block-group__inner-container is-layout-constrained wp-block-group-is-layout-constrained\">\n<h2 class=\"wp-block-heading\">Eldercare<\/h2>\n\n\n\n<p><strong>Augusti 2020, Storbritannien<\/strong><br>I linje med den strategiska ambitionen att bli europeisk marknadsledare inom v\u00e4lf\u00e4rdsteknik har vi f\u00f6rv\u00e4rvat det UK baserade f\u00f6retaget Eldercare (UK) Limited. Eldercare \u00e4r ett av fem ledande f\u00f6retag inom v\u00e4lf\u00e4rdsteknik i UK och tillhandah\u00e5ller tj\u00e4nster till lokala myndigheter, bostadsf\u00f6reningar f\u00f6r st\u00f6dboende, privat sektor och v\u00e4lg\u00f6renhetsorganisationer. Verksamheten syssels\u00e4tter 109 heltidsanst\u00e4llda och hanterar ca 50 000 anslutna trygghetslarm fr\u00e5n olika leverant\u00f6rer samt tillhandah\u00e5ller hemtj\u00e4nst och n\u00f6dsamtal.<\/p>\n<\/div><\/div>\n\n\n\n<div style=\"height:30px\" aria-hidden=\"true\" class=\"wp-block-spacer\"><\/div>\n\n\n\n<div class=\"wp-block-group\"><div class=\"wp-block-group__inner-container is-layout-constrained wp-block-group-is-layout-constrained\">\n<h2 class=\"wp-block-heading\">Invicta Telecare<\/h2>\n\n\n\n<p><strong>September 2019, Storbritannien<\/strong><br>Vi expanderar v\u00e5rt tj\u00e4nsteerbjudande genom f\u00f6rv\u00e4rvet av det brittiska telecaref\u00f6retaget Invicta Telecare Ltd (Centra Pulse and Connect) fr\u00e5n Clarion Housing Group. Centra Pulse and Connect \u00e4r en av de tre st\u00f6rsta larmcentralerna f\u00f6r trygghetslarm och kontaktf\u00f6rmedlare till lokala myndigheter, bostadsf\u00f6reningar och v\u00e4lg\u00f6renhetsorganisationer utanf\u00f6r kontorstid och hanterar 106 000 anslutna trygghetslarm fr\u00e5n flera olika leverant\u00f6rer. F\u00f6retaget har ca 180 heltidstj\u00e4nster.<\/p>\n\n\n\n<div style=\"height:30px\" aria-hidden=\"true\" class=\"wp-block-spacer\"><\/div>\n\n\n\n<div class=\"wp-block-group\"><div class=\"wp-block-group__inner-container is-layout-constrained wp-block-group-is-layout-constrained\">\n<h2 class=\"wp-block-heading\">Welbeing<\/h2>\n\n\n\n<p><strong>Maj 2018, Storbritannien<\/strong><br>Vi har som ett led i att ut\u00f6ka och expandera v\u00e5r telecare aff\u00e4r, st\u00e4rka erbjudandet samt serviceint\u00e4kten, f\u00f6rv\u00e4rvat f\u00f6retaget Welbeing med s\u00e4te i Eastbourne, UK. Welbeing \u00e4r ett av de ledande telecare f\u00f6retagen i UK. F\u00f6retaget har ca 75 000 anslutningar varav 21 000 \u00e4r privata. Verksamheten har visat en betydande organisk tillv\u00e4xt som en f\u00f6ljd av ett starkt ledarskap kombinerat med en solid historia av att vinna anbud och kommersiella upphandlingar. Antalet anst\u00e4llda \u00e4r ca 180.&nbsp;&nbsp;<\/p>\n\n\n\n<div style=\"height:30px\" aria-hidden=\"true\" class=\"wp-block-spacer\"><\/div>\n\n\n\n<div class=\"wp-block-group\"><div class=\"wp-block-group__inner-container is-layout-constrained wp-block-group-is-layout-constrained\">\n<h2 class=\"wp-block-heading\">Trygghetssentralen <\/h2>\n\n\n\n<p><strong>Februari 2016, Norge<\/strong><br>Vi har f\u00f6rv\u00e4rvat Trygghetssentralen, Norges st\u00f6rsta privat\u00e4gda kontaktcentral f\u00f6r sociala trygghetslarm. Trygghetssentralen levererar trygghetslarmstj\u00e4nster till cirka 34 000 anv\u00e4ndare p\u00e5 uppdrag av 110 kommuner. F\u00f6retaget har 68 fast anst\u00e4llda och cirka 60 projektanst\u00e4llda medarbetare. Huvudkontoret ligger i Oslo.&nbsp;&nbsp;<\/p>\n<\/div><\/div>\n<\/div><\/div>\n<\/div><\/div>\n\n\n\n<div style=\"height:30px\" aria-hidden=\"true\" class=\"wp-block-spacer\"><\/div>\n\n\n\n<div class=\"wp-block-group\"><div class=\"wp-block-group__inner-container is-layout-constrained wp-block-group-is-layout-constrained\">\n<h2 class=\"wp-block-heading\">Caretech<\/h2>\n\n\n\n<p><strong>December 2014, Sverige<\/strong><br>Vi har undertecknat avtal med Verdane Capital V, en ledande nordisk Private Equity-fond, att f\u00f6rv\u00e4rva CareTech f\u00f6r 240 MSEK p\u00e5 skuldfri basis. Aff\u00e4ren ber\u00e4knas slutf\u00f6ras den 31 januari 2015. CareTechs produkter och tj\u00e4nster m\u00f6jligg\u00f6r f\u00f6r \u00e4ldre att kunna bo kvar i sin hemmilj\u00f6 l\u00e4ngre och tryggare. Bolaget har under 2014 genomf\u00f6rt en betydande resultatf\u00f6rb\u00e4ttring baserad p\u00e5 en fullt kompatibel l\u00f6sning p\u00e5 den nyligen antagna IP-baserade standarden f\u00f6r branschen samt egen larmcentral som hanterar 60,000 anv\u00e4ndare p\u00e5 uppdrag av kommuner i Sverige och Norge.<\/p>\n<\/div><\/div>\n","protected":false},"excerpt":{"rendered":"<p>F\u00f6retagsf\u00f6rv\u00e4rv Innocom September 2021, Nederl\u00e4ndernaI linje med v\u00e5r strategi expanderade och f\u00f6rst\u00e4rkte vi v\u00e5r geografiska n\u00e4rvaro genom f\u00f6rv\u00e4rvet av nederl\u00e4ndska Innocom. Den nederl\u00e4ndska marknaden \u00e4r en attraktiv marknad med stor potential. Innocom \u00e4r en av tre ledande akt\u00f6rerna inom v\u00e4lf\u00e4rdsteknik i Nederl\u00e4nderna och blir ett perfekt tillskott v\u00e5r nuvarande verksamhet Helpline September 2021, StorbritannienI slutet&#8230;<\/p>\n","protected":false},"author":5,"featured_media":0,"parent":1742,"menu_order":0,"comment_status":"closed","ping_status":"closed","template":"template-text-page.blade.php","meta":{"_acf_changed":false,"footnotes":""},"class_list":["post-1417","page","type-page","status-publish","hentry"],"acf":[],"_links":{"self":[{"href":"https:\/\/www.careium.com\/se\/wp-json\/wp\/v2\/pages\/1417","targetHints":{"allow":["GET"]}}],"collection":[{"href":"https:\/\/www.careium.com\/se\/wp-json\/wp\/v2\/pages"}],"about":[{"href":"https:\/\/www.careium.com\/se\/wp-json\/wp\/v2\/types\/page"}],"author":[{"embeddable":true,"href":"https:\/\/www.careium.com\/se\/wp-json\/wp\/v2\/users\/5"}],"replies":[{"embeddable":true,"href":"https:\/\/www.careium.com\/se\/wp-json\/wp\/v2\/comments?post=1417"}],"version-history":[{"count":4,"href":"https:\/\/www.careium.com\/se\/wp-json\/wp\/v2\/pages\/1417\/revisions"}],"predecessor-version":[{"id":5445,"href":"https:\/\/www.careium.com\/se\/wp-json\/wp\/v2\/pages\/1417\/revisions\/5445"}],"up":[{"embeddable":true,"href":"https:\/\/www.careium.com\/se\/wp-json\/wp\/v2\/pages\/1742"}],"wp:attachment":[{"href":"https:\/\/www.careium.com\/se\/wp-json\/wp\/v2\/media?parent=1417"}],"curies":[{"name":"wp","href":"https:\/\/api.w.org\/{rel}","templated":true}]}}