{"id":1423,"date":"2025-05-15T10:55:18","date_gmt":"2025-05-15T10:55:18","guid":{"rendered":"https:\/\/www.careium.com\/se\/?page_id=1423"},"modified":"2026-01-30T09:52:21","modified_gmt":"2026-01-30T08:52:21","slug":"finansiella-rapporter-och-presentationer","status":"publish","type":"page","link":"https:\/\/www.careium.com\/se\/investerarrelationer\/finansiella-rapporter-och-presentationer\/","title":{"rendered":"Finansiella rapporter och presentationer"},"content":{"rendered":"\n<h1 class=\"wp-block-heading has-text-align-left has-text-align-center has-primary-color has-text-color has-link-color wp-elements-9837e66e3c2a55357e351b849608c55d\">Finansiella rapporter och presentationer<\/h1>\n\n\n\n<p class=\"has-text-align-left\">Careium AB informerar finansmarknaden, investerare, medierna, potentiella partners, anst\u00e4llda och andra intressenter kvartalsvis med finansiella rapporter, presentationer och webcasts\/audiocasts, i syfte att \u00f6ka f\u00f6rst\u00e5elsen f\u00f6r f\u00f6retaget och dess utveckling. I samband med att vi publicerar kvartalsrapporter h\u00e5lls alltid en webbs\u00e4nd audiocast, i arkivet nedan tillhandah\u00e5lls inspelade versioner fr\u00e5n de senaste fyra tillf\u00e4llena.<\/p>\n\n\n\n<div style=\"height:50px\" aria-hidden=\"true\" class=\"wp-block-spacer\"><\/div>\n\n\n<div class=\"wp-block-mfn-report-archive\" style=\"\">\n    <div id=\"mfn_report_archive\"><\/div>\n    <\/div>\n\n\n\n<div style=\"height:50px\" aria-hidden=\"true\" class=\"wp-block-spacer\"><\/div>\n\n\n\n<div class=\"wp-block-cover alignfull\"><span aria-hidden=\"true\" class=\"wp-block-cover__background has-primary-background-color has-background-dim-100 has-background-dim\"><\/span><div class=\"wp-block-cover__inner-container is-layout-constrained wp-block-cover-is-layout-constrained\">\n<div style=\"height:100px\" aria-hidden=\"true\" class=\"wp-block-spacer is-style-medium\"><\/div>\n\n\n<div class=\"wp-block-mfn-subscribe wp-elements-3ddfe66388cf4ce92856d16db26e3c6f has-solid-color\" style=\"\">\n                <div class=\"wp-block-mfn-subscribe__image\">\n            <picture>\n                                    <source media=\"(min-width: 1000px)\" srcset=\"https:\/\/www.careium.com\/app\/uploads\/sites\/2\/2025\/06\/man-looking-at-a-Careium-watch-1024x1024.png\" type=\"image\/png\"\n                    width=\"1024\" height=\"1024\">\n                                                <source media=\"(max-width: 999px)\" srcset=\"https:\/\/www.careium.com\/app\/uploads\/sites\/2\/2025\/06\/man-looking-at-a-Careium-watch-768x768.png\" type=\"image\/png\"\n                    width=\"768\" height=\"768\">\n                    \n\n        <img decoding=\"async\"  src=\"https:\/\/www.careium.com\/app\/uploads\/sites\/2\/2025\/06\/man-looking-at-a-Careium-watch-1024x1024.png\" alt=\"man looking at a Careium watch\" loading=\"lazy\"\n            width=\"1024\" height=\"1024\">\n    <\/picture>\n        <\/div>\n        <div class=\"wp-block-mfn-subscribe__content col-span-5 md:col-span-3\">\n        <div id=\"mfn_subscribe\"><\/div>\n    <\/div>\n    <\/div>\n\n\n\n<div style=\"height:100px\" aria-hidden=\"true\" class=\"wp-block-spacer is-style-medium\"><\/div>\n<\/div><\/div>\n","protected":false},"excerpt":{"rendered":"<p>Finansiella rapporter och presentationer Careium AB informerar finansmarknaden, investerare, medierna, potentiella partners, anst\u00e4llda och andra intressenter kvartalsvis med finansiella rapporter, presentationer och webcasts\/audiocasts, i syfte att \u00f6ka f\u00f6rst\u00e5elsen f\u00f6r f\u00f6retaget och dess utveckling. I samband med att vi publicerar kvartalsrapporter h\u00e5lls alltid en webbs\u00e4nd audiocast, i arkivet nedan tillhandah\u00e5lls inspelade versioner fr\u00e5n de senaste fyra&#8230;<\/p>\n","protected":false},"author":5,"featured_media":0,"parent":1742,"menu_order":0,"comment_status":"closed","ping_status":"closed","template":"template-text-page.blade.php","meta":{"_acf_changed":false,"footnotes":""},"class_list":["post-1423","page","type-page","status-publish","hentry"],"acf":[],"_links":{"self":[{"href":"https:\/\/www.careium.com\/se\/wp-json\/wp\/v2\/pages\/1423","targetHints":{"allow":["GET"]}}],"collection":[{"href":"https:\/\/www.careium.com\/se\/wp-json\/wp\/v2\/pages"}],"about":[{"href":"https:\/\/www.careium.com\/se\/wp-json\/wp\/v2\/types\/page"}],"author":[{"embeddable":true,"href":"https:\/\/www.careium.com\/se\/wp-json\/wp\/v2\/users\/5"}],"replies":[{"embeddable":true,"href":"https:\/\/www.careium.com\/se\/wp-json\/wp\/v2\/comments?post=1423"}],"version-history":[{"count":2,"href":"https:\/\/www.careium.com\/se\/wp-json\/wp\/v2\/pages\/1423\/revisions"}],"predecessor-version":[{"id":5446,"href":"https:\/\/www.careium.com\/se\/wp-json\/wp\/v2\/pages\/1423\/revisions\/5446"}],"up":[{"embeddable":true,"href":"https:\/\/www.careium.com\/se\/wp-json\/wp\/v2\/pages\/1742"}],"wp:attachment":[{"href":"https:\/\/www.careium.com\/se\/wp-json\/wp\/v2\/media?parent=1423"}],"curies":[{"name":"wp","href":"https:\/\/api.w.org\/{rel}","templated":true}]}}