{"id":1427,"date":"2025-05-15T11:11:26","date_gmt":"2025-05-15T11:11:26","guid":{"rendered":"https:\/\/www.careium.com\/se\/?page_id=1427"},"modified":"2026-01-29T20:47:27","modified_gmt":"2026-01-29T19:47:27","slug":"finansiell-kalender","status":"publish","type":"page","link":"https:\/\/www.careium.com\/se\/investerarrelationer\/finansiell-kalender\/","title":{"rendered":"Finansiell kalender"},"content":{"rendered":"\n<h1 class=\"wp-block-heading has-text-align-left has-text-align-center has-primary-color has-text-color has-link-color wp-elements-803b13a66e962b642084e65f48a46d50\">Finansiell Kalender<\/h1>\n\n\n\n<div style=\"height:50px\" aria-hidden=\"true\" class=\"wp-block-spacer\"><\/div>\n\n\n<div class=\"wp-block-mfn-calendar\" style=\"\">\n    <div id=\"mfn_calendar\"><\/div>\n    <\/div>\n\n\n\n<div style=\"height:50px\" aria-hidden=\"true\" class=\"wp-block-spacer\"><\/div>\n\n\n\n<h3 class=\"wp-block-heading\">Tyst period<\/h3>\n\n\n\n<p>Careium AB till\u00e4mpar tyst period med b\u00f6rjan 30 dagar innan publicering av bokslutskommunik\u00e9 och del\u00e5rsrapporter. Under denna period planeras inga m\u00f6ten med finansiell media, investerare eller analytiker.<\/p>\n\n\n\n<p><\/p>\n","protected":false},"excerpt":{"rendered":"<p>Finansiell Kalender Tyst period Careium AB till\u00e4mpar tyst period med b\u00f6rjan 30 dagar innan publicering av bokslutskommunik\u00e9 och del\u00e5rsrapporter. Under denna period planeras inga m\u00f6ten med finansiell media, investerare eller analytiker.<\/p>\n","protected":false},"author":5,"featured_media":0,"parent":1742,"menu_order":0,"comment_status":"closed","ping_status":"closed","template":"template-text-page.blade.php","meta":{"_acf_changed":false,"footnotes":""},"class_list":["post-1427","page","type-page","status-publish","hentry"],"acf":[],"_links":{"self":[{"href":"https:\/\/www.careium.com\/se\/wp-json\/wp\/v2\/pages\/1427","targetHints":{"allow":["GET"]}}],"collection":[{"href":"https:\/\/www.careium.com\/se\/wp-json\/wp\/v2\/pages"}],"about":[{"href":"https:\/\/www.careium.com\/se\/wp-json\/wp\/v2\/types\/page"}],"author":[{"embeddable":true,"href":"https:\/\/www.careium.com\/se\/wp-json\/wp\/v2\/users\/5"}],"replies":[{"embeddable":true,"href":"https:\/\/www.careium.com\/se\/wp-json\/wp\/v2\/comments?post=1427"}],"version-history":[{"count":3,"href":"https:\/\/www.careium.com\/se\/wp-json\/wp\/v2\/pages\/1427\/revisions"}],"predecessor-version":[{"id":5413,"href":"https:\/\/www.careium.com\/se\/wp-json\/wp\/v2\/pages\/1427\/revisions\/5413"}],"up":[{"embeddable":true,"href":"https:\/\/www.careium.com\/se\/wp-json\/wp\/v2\/pages\/1742"}],"wp:attachment":[{"href":"https:\/\/www.careium.com\/se\/wp-json\/wp\/v2\/media?parent=1427"}],"curies":[{"name":"wp","href":"https:\/\/api.w.org\/{rel}","templated":true}]}}