{"id":1434,"date":"2025-05-15T11:32:07","date_gmt":"2025-05-15T11:32:07","guid":{"rendered":"https:\/\/www.careium.com\/se\/?page_id=1434"},"modified":"2026-03-20T16:33:21","modified_gmt":"2026-03-20T15:33:21","slug":"bolagsstamma","status":"publish","type":"page","link":"https:\/\/www.careium.com\/se\/investerarrelationer\/bolagsstamma\/","title":{"rendered":"Bolagsst\u00e4mma"},"content":{"rendered":"\n<h1 class=\"wp-block-heading has-text-align-left has-text-align-center\">Bolagsst\u00e4mma<\/h1>\n\n\n\n<p class=\"has-text-align-left\"><strong>Bolagsst\u00e4mman \u00e4r bolagets h\u00f6gsta beslutsfattande organ. Vid bolagsst\u00e4mman v\u00e4ljs Careium AB:s styrelse och styrelseordf\u00f6rande. Vidare utses bolagets revisorer.<\/strong><\/p>\n\n\n\n<div style=\"height:50px\" aria-hidden=\"true\" class=\"wp-block-spacer\"><\/div>\n\n\n\n<h2 class=\"wp-block-heading\">Careiums \u00e5rsst\u00e4mma 2026<\/h2>\n\n\n\n<h3 class=\"wp-block-heading\">Kallelse<\/h3>\n\n\n\n<p>Aktie\u00e4garna i Careium AB (publ) org.nr 559121-5875 (&#8221;Careium&#8221; eller &#8221;Bolaget&#8221;), kallas h\u00e4rmed till \u00e5rsst\u00e4mma att h\u00e5llas torsdagen den 23 april 2026 kl. 13:00 p\u00e5 Sankt Gertrud Konferens, \u00d6stergatan 7B, 211 25 Malm\u00f6. Inregistrering sker fr\u00e5n kl. 12:00. F\u00f6re \u00e5rsst\u00e4mman serveras l\u00e4ttare f\u00f6rt\u00e4ring och dryck<\/p>\n\n\n\n<h3 class=\"wp-block-heading\">R\u00c4TT TILL DELTAGANDE OCH ANM\u00c4LAN<\/h3>\n\n\n\n<p>F\u00f6r att f\u00e5 delta vid \u00e5rsst\u00e4mman ska aktie\u00e4gare vara inf\u00f6rd i den av Euroclear Sweden AB f\u00f6rda aktieboken onsdagen den 15 april 2026. Vidare ska aktie\u00e4gare som \u00f6nskar delta p\u00e5 \u00e5rsst\u00e4mman anm\u00e4la detta till Bolaget senast fredagen den 17 april 2026. Anm\u00e4lan om deltagande sker:<\/p>\n\n\n\n<p><\/p>\n\n\n\n<ul class=\"wp-block-list\">\n<li>per post till TM &amp; Partners Law KB, att: Johanna Sternudd, m\u00e4rkt \u201dCareium AB:s \u00e5rsst\u00e4mma 2026\u201d, Jakobs Torg 3, 111 52 Stockholm, eller<\/li>\n\n\n\n<li>via e-post till johanna.sternudd@tmpartners.se<\/li>\n<\/ul>\n\n\n\n<p>I anm\u00e4lan b\u00f6r uppges namn, person- eller organisationsnummer, postadress, telefonnummer, aktieinnehav och, i f\u00f6rekommande fall, uppgift om eventuella ombud eller bitr\u00e4den vid \u00e5rsst\u00e4mman. Aktie\u00e4gare eller dess ombud f\u00e5r medf\u00f6ra h\u00f6gst tv\u00e5 bitr\u00e4den under f\u00f6ruts\u00e4ttning att de anm\u00e4ls enligt ovan.<\/p>\n\n\n\n<h3 class=\"wp-block-heading\">F\u00f6rvaltarregistrerade aktier<\/h3>\n\n\n\n<p>F\u00f6r att ha r\u00e4tt att delta vid \u00e5rsst\u00e4mman m\u00e5ste aktie\u00e4gare som har l\u00e5tit f\u00f6rvaltarregistrera sina aktier, f\u00f6rutom att anm\u00e4la sig till \u00e5rsst\u00e4mman, l\u00e5ta registrera aktierna i eget namn s\u00e5 att vederb\u00f6rande \u00e4r inf\u00f6rd i den av Euroclear Sweden AB f\u00f6rda aktieboken per avst\u00e4mningsdagen onsdagen den 15 april S\u00e5dan registrering kan vara tillf\u00e4llig (s.k. r\u00f6str\u00e4ttsregistrering) och beg\u00e4rs hos f\u00f6rvaltaren enligt f\u00f6rvaltarens rutiner i s\u00e5dan tid i f\u00f6rv\u00e4g som f\u00f6rvaltaren best\u00e4mmer. R\u00f6str\u00e4ttsregistreringar som gjorts senast den andra bankdagen efter onsdagen den 15 april 2026 beaktas vid framst\u00e4llningen av aktieboken.<\/p>\n\n\n\n<h3 class=\"wp-block-heading\">Ombud m.m:<\/h3>\n\n\n\n<p>Om en aktie\u00e4gare f\u00f6retr\u00e4ds genom ombud ska en skriftlig och daterad fullmakt undertecknad av aktie\u00e4garen utf\u00e4rdas f\u00f6r ombudet. Fullmakten f\u00e5r inte vara utf\u00e4rdad tidigare \u00e4n ett \u00e5r f\u00f6re dagen f\u00f6r \u00e5rsst\u00e4mman, om det inte i fullmakten anges en l\u00e4ngre giltighetstid, dock l\u00e4ngst fem \u00e5r fr\u00e5n utf\u00e4rdandet. Fullmakten i original samt eventuellt registreringsbevis och andra beh\u00f6righetshandlingar utvisande beh\u00f6rig f\u00f6retr\u00e4dare b\u00f6r i god tid f\u00f6re \u00e5rsst\u00e4mman ins\u00e4ndas per post till TM &amp; Partners Law KB, att: Johanna Sternudd, m\u00e4rkt \u201dCareium AB:s \u00e5rsst\u00e4mma 2026\u201d, Jakobs Torg 3, 111 52 Stockholm, eller via e-post till johanna.sternudd@tmpartners.se. <br>Fullmaktsformul\u00e4r finns tillg\u00e4ngligt p\u00e5 Bolagets webbplats, www.careium.com, och s\u00e4nds p\u00e5 beg\u00e4ran till aktie\u00e4gare som uppger sin postadress.<\/p>\n\n\n\n<h3 class=\"wp-block-heading\">Aktie\u00e4gares fr\u00e5ger\u00e4tt<\/h3>\n\n\n\n<p>Styrelsen och verkst\u00e4llande direkt\u00f6ren ska, om n\u00e5gon aktie\u00e4gare beg\u00e4r det, och styrelsen anser att det kan ske utan v\u00e4sentlig skada f\u00f6r Bolaget, vid \u00e5rsst\u00e4mman l\u00e4mna upplysningar om f\u00f6rh\u00e5llanden som kan inverka p\u00e5 bed\u00f6mningen av ett \u00e4rende p\u00e5 dagordningen, f\u00f6rh\u00e5llanden som kan inverka p\u00e5 bed\u00f6mningen av Bolagets eller dotterf\u00f6retags ekonomiska situation och Bolagetsf\u00f6rh\u00e5llande till annat koncernf\u00f6retag.<\/p>\n\n\n\n<div style=\"height:9px\" aria-hidden=\"true\" class=\"wp-block-spacer\"><\/div>\n\n\n\n<h4 class=\"wp-block-heading has-text-align-left has-h-4-font-size\">Dokument fr\u00e5n \u00e5rsst\u00e4mman 2026<\/h4>\n\n\n\n<figure class=\"wp-block-table is-style-regular\"><table><tbody><tr><td>Kallelse till \u00e5rsst\u00e4mma 2026<\/td><td><a href=\"https:\/\/www.careium.com\/app\/uploads\/sites\/2\/2026\/03\/Kallelse-till-arsstamma-2026.pdf\" target=\"_blank\" data-type=\"attachment\" data-id=\"4299\" rel=\"noreferrer noopener\">Ladda ner<\/a><\/td><\/tr><tr><td>Fullmaktsformul\u00e4r<\/td><td><a href=\"https:\/\/www.careium.com\/app\/uploads\/sites\/2\/2026\/03\/Fullmaktsformular-arsstamma-2026.pdf\" target=\"_blank\" data-type=\"attachment\" data-id=\"3687\" rel=\"noreferrer noopener\">Ladda ner<\/a><\/td><\/tr><tr><td>Styrelsens f\u00f6rslag till beslut om emissionsbemyndigande<\/td><td><a href=\"https:\/\/www.careium.com\/app\/uploads\/sites\/2\/2026\/03\/Styrelsens-forslag-till-beslut-om-emissionsbemyndigande.pdf\" target=\"_blank\" data-type=\"attachment\" data-id=\"3688\" rel=\"noreferrer noopener\">Ladda ner<\/a><\/td><\/tr><tr><td>Styrelsens f\u00f6rslag till riktlinjer f\u00f6r ers\u00e4ttning till ledande befattningshavare<\/td><td><a href=\"https:\/\/www.careium.com\/app\/uploads\/sites\/2\/2026\/03\/Styrelsens-forslag-till-riktlinjer-for-ersattning-till-ledande-befattningshavare.pdf\" target=\"_blank\" data-type=\"attachment\" data-id=\"3688\" rel=\"noreferrer noopener\">Ladda ner<\/a><\/td><\/tr><tr><td>Styrelsens f\u00f6rslag till beslut om till\u00e4gg i Personaloptionsprogram 2025<\/td><td><a href=\"https:\/\/www.careium.com\/app\/uploads\/sites\/2\/2026\/03\/Styrelsens-forslag-till-beslut-om-tillagg-i-Personaloptionsprogram-2025.pdf\" target=\"_blank\" data-type=\"attachment\" data-id=\"3688\" rel=\"noreferrer noopener\">Ladda ner<\/a><\/td><\/tr><tr><td>Valberedningens fullst\u00e4ndiga f\u00f6rslag till beslut<\/td><td><a href=\"https:\/\/www.careium.com\/app\/uploads\/sites\/2\/2026\/03\/Valberedningens-fullstandiga-forslag-till-beslut.pdf\" target=\"_blank\" data-type=\"attachment\" data-id=\"3688\" rel=\"noreferrer noopener\">Ladda ner<\/a><\/td><\/tr><tr><td>Grant notice and agreement including full terms for Board SHP 2026<\/td><td><a href=\"https:\/\/www.careium.com\/app\/uploads\/sites\/2\/2026\/03\/Grant-notice-and-agreement-including-terms-for-Board-SHP-2026.pdf\" target=\"_blank\" data-type=\"attachment\" data-id=\"3688\" rel=\"noreferrer noopener\">Ladda ner<\/a><\/td><\/tr><tr><td>Villkor f\u00f6r teckningsoptioner av serie 2026\/2030<\/td><td><a href=\"https:\/\/www.careium.com\/app\/uploads\/sites\/2\/2026\/03\/Villkor-for-teckningsoptioner-av-serie-2026-2030.pdf\" target=\"_blank\" data-type=\"attachment\" data-id=\"3688\" rel=\"noreferrer noopener\">Ladda ner<\/a><\/td><\/tr><\/tbody><\/table><\/figure>\n\n\n\n<div style=\"height:11px\" aria-hidden=\"true\" class=\"wp-block-spacer\"><\/div>\n\n\n\n<h4 class=\"wp-block-heading\">Dokument fr\u00e5n tidigare bolagsst\u00e4mmor<\/h4>\n\n\n\n<div style=\"height:10px\" aria-hidden=\"true\" class=\"wp-block-spacer\"><\/div>\n\n\n\n<p><a href=\"https:\/\/www.careium.com\/se\/investerarrelationer\/careiums-extra-bolagsstamma-2025\/\">Extra bolagsst\u00e4mma 2025<\/a><\/p>\n\n\n\n<p><a href=\"https:\/\/www.careium.com\/se\/investerarrelationer\/bolagsstamma\/bolagsstamma-2025\/\" data-type=\"page\" data-id=\"3689\">\u00c5rsst\u00e4mma 2025<\/a><\/p>\n\n\n\n<p><a href=\"https:\/\/www.careium.com\/se\/investerarrelationer\/bolagsstamma\/bolagsstamma-2024\/\" data-type=\"page\" data-id=\"1454\">\u00c5rsst\u00e4mma 2024<\/a><\/p>\n\n\n\n<p><a href=\"https:\/\/www.careium.com\/se\/investerarrelationer\/bolagsstamma\/bolagsstamma-2023\/\" data-type=\"page\" data-id=\"1466\">\u00c5rsst\u00e4mma 2023<\/a><\/p>\n\n\n\n<p><a href=\"https:\/\/www.careium.com\/se\/investerarrelationer\/bolagsstamma\/bolagsstamma-2022\/\" data-type=\"page\" data-id=\"1474\">\u00c5rsst\u00e4mma 2022<\/a><\/p>\n\n\n\n<p><\/p>\n","protected":false},"excerpt":{"rendered":"<p>Bolagsst\u00e4mma Bolagsst\u00e4mman \u00e4r bolagets h\u00f6gsta beslutsfattande organ. Vid bolagsst\u00e4mman v\u00e4ljs Careium AB:s styrelse och styrelseordf\u00f6rande. Vidare utses bolagets revisorer. Careiums \u00e5rsst\u00e4mma 2026 Kallelse Aktie\u00e4garna i Careium AB (publ) org.nr 559121-5875 (&#8221;Careium&#8221; eller &#8221;Bolaget&#8221;), kallas h\u00e4rmed till \u00e5rsst\u00e4mma att h\u00e5llas torsdagen den 23 april 2026 kl. 13:00 p\u00e5 Sankt Gertrud Konferens, \u00d6stergatan 7B, 211 25 Malm\u00f6&#8230;.<\/p>\n","protected":false},"author":5,"featured_media":0,"parent":1742,"menu_order":0,"comment_status":"closed","ping_status":"closed","template":"template-text-page.blade.php","meta":{"_acf_changed":false,"footnotes":""},"class_list":["post-1434","page","type-page","status-publish","hentry"],"acf":[],"_links":{"self":[{"href":"https:\/\/www.careium.com\/se\/wp-json\/wp\/v2\/pages\/1434","targetHints":{"allow":["GET"]}}],"collection":[{"href":"https:\/\/www.careium.com\/se\/wp-json\/wp\/v2\/pages"}],"about":[{"href":"https:\/\/www.careium.com\/se\/wp-json\/wp\/v2\/types\/page"}],"author":[{"embeddable":true,"href":"https:\/\/www.careium.com\/se\/wp-json\/wp\/v2\/users\/5"}],"replies":[{"embeddable":true,"href":"https:\/\/www.careium.com\/se\/wp-json\/wp\/v2\/comments?post=1434"}],"version-history":[{"count":5,"href":"https:\/\/www.careium.com\/se\/wp-json\/wp\/v2\/pages\/1434\/revisions"}],"predecessor-version":[{"id":5972,"href":"https:\/\/www.careium.com\/se\/wp-json\/wp\/v2\/pages\/1434\/revisions\/5972"}],"up":[{"embeddable":true,"href":"https:\/\/www.careium.com\/se\/wp-json\/wp\/v2\/pages\/1742"}],"wp:attachment":[{"href":"https:\/\/www.careium.com\/se\/wp-json\/wp\/v2\/media?parent=1434"}],"curies":[{"name":"wp","href":"https:\/\/api.w.org\/{rel}","templated":true}]}}