{"id":1454,"date":"2025-05-21T07:07:06","date_gmt":"2025-05-21T07:07:06","guid":{"rendered":"https:\/\/www.careium.com\/se\/?page_id=1454"},"modified":"2026-03-05T13:47:10","modified_gmt":"2026-03-05T12:47:10","slug":"bolagsstamma-2024","status":"publish","type":"page","link":"https:\/\/www.careium.com\/se\/investerarrelationer\/bolagsstamma\/bolagsstamma-2024\/","title":{"rendered":"Bolagsst\u00e4mma\u00a02024"},"content":{"rendered":"\n<h1 class=\"wp-block-heading has-text-align-left has-text-align-center\">Bolagsst\u00e4mma 2024<\/h1>\n\n\n\n<p class=\"has-text-align-left\"><strong>Bolagsst\u00e4mman \u00e4r bolagets h\u00f6gsta beslutsfattande organ. Vid bolagsst\u00e4mman v\u00e4ljs Careium AB:s styrelse och styrelseordf\u00f6rande. Vidare utses bolagets revisorer.<\/strong><\/p>\n\n\n\n<div style=\"height:50px\" aria-hidden=\"true\" class=\"wp-block-spacer\"><\/div>\n\n\n\n<h2 class=\"wp-block-heading\">Careiums bolagsst\u00e4mma 2024&nbsp;<\/h2>\n\n\n\n<p>Datum f\u00f6r m\u00f6tet Torsdagen den 25 april 2024<\/p>\n\n\n\n<h3 class=\"wp-block-heading\">Kallelse<\/h3>\n\n\n\n<p>Aktie\u00e4garna i Careium AB (publ) org. nr. 559121\u20135875 (Bolaget) kallas h\u00e4rmed till \u00e5rsst\u00e4mma torsdagen den 25 april 2024 kl. 13:00 p\u00e5 Sankt Gertrud Konferens, \u00d6stergatan 7B, 211 25 Malm\u00f6,<\/p>\n\n\n\n<p>Inregistrering sker fr\u00e5n kl. 12:00. F\u00f6re \u00e5rsst\u00e4mman serveras l\u00e4ttare f\u00f6rt\u00e4ring och dryck. Ledam\u00f6ter fr\u00e5n styrelsen och den verkst\u00e4llande ledningen finns p\u00e5 plats f\u00f6r att svara p\u00e5 fr\u00e5gor fr\u00e5n aktie\u00e4garna.<\/p>\n\n\n\n<p>R\u00e4tt att delta i \u00e5rsst\u00e4mman har den som <\/p>\n\n\n\n<ul class=\"wp-block-list\">\n<li>dels \u00e4r inf\u00f6rd som aktie\u00e4gare i den av Euroclear Sweden AB f\u00f6rda aktieboken per onsdagen den 17 april 2024 samt<\/li>\n\n\n\n<li>dels senast fredagen den 19 april 2024 anm\u00e4ler sin avsikt att delta i \u00e5rsst\u00e4mman enligt nedan.<\/li>\n<\/ul>\n\n\n\n<p>Anm\u00e4lan om deltagande i \u00e5rsst\u00e4mman g\u00f6rs h\u00e4r <a href=\"https:\/\/uk.digital.computershare.com\/CPUSweden\/Produce\/Form\/ShareholderRegistration\/GM?asident=60149&amp;meetingNo=1160&amp;lang=sv-SE\" rel=\"nofollow noopener\" target=\"_blank\">Anm\u00e4lan till bolagsst\u00e4mman (computershare.com)<\/a> eller p\u00e5 telefon nr +46 (0) 771 24 64 00 vardagar mellan kl. 09.00 &#8211; 16.30 eller skriftligen till adress, Computershare AB, \u201dCareium AB:s \u00c5rsst\u00e4mma\u201d, Box 5267, 102 46 Stockholm eller via e-mail proxy(at)computershare.se. <\/p>\n\n\n\n<p>Vid anm\u00e4lan ska aktie\u00e4garen uppge namn, adress, person- eller organisationsnummer, telefonnummer och antal eventuella bitr\u00e4den (h\u00f6gst tv\u00e5).<\/p>\n\n\n\n<h3 class=\"wp-block-heading\">F\u00f6rvaltarregistrerade aktier<\/h3>\n\n\n\n<p>Aktie\u00e4gare som har l\u00e5tit f\u00f6rvaltarregistrera sina aktier m\u00e5ste tillf\u00e4lligt registrera aktierna i eget namn f\u00f6r att \u00e4ga r\u00e4tt att delta i \u00e5rsst\u00e4mman. S\u00e5dan registrering som normalt tar ett antal dagar m\u00e5ste vara verkst\u00e4lld hos Euroclear Sweden AB fredagen den 19 april 2024, vilket inneb\u00e4r att aktie\u00e4garen i god tid f\u00f6re denna dag m\u00e5ste instruera f\u00f6rvaltaren.<\/p>\n\n\n\n<h3 class=\"wp-block-heading\">Ombud m.m:<\/h3>\n\n\n\n<p>Aktie\u00e4gare som avser att l\u00e5ta sig f\u00f6retr\u00e4das genom ombud ska utf\u00e4rda dagtecknad fullmakt f\u00f6r ombudet. Om fullmakten utf\u00e4rdas av juridisk person ska bestyrkt kopia av registreringsbevis eller motsvarande f\u00f6r den juridiska personen bifogas. Om aktie\u00e4gare f\u00f6retr\u00e4ds genom ombud ska en skriftlig och daterad fullmakt undertecknad av aktie\u00e4garen utf\u00e4rdas f\u00f6r ombudet. Fullmakt f\u00e5r inte vara \u00e4ldre \u00e4n 1 \u00e5r, om det inte anges l\u00e4ngre tid i fullmakten (h\u00f6gst 5 \u00e5r).<\/p>\n\n\n\n<p>Fullmakten i original samt eventuellt registreringsbevis b\u00f6r i god tid f\u00f6re \u00e5rsst\u00e4mman ins\u00e4ndas per brev Computershare AB, \u201d Careium:s \u00e5rsst\u00e4mma\u201d, Box, 5267, 102 46 Stockholm eller via e-mail: proxy(at)computershare.se.  Fullmaktsformul\u00e4r finns tillg\u00e4ngligt p\u00e5 bolagets webbplats <a href=\"https:\/\/www.Careium.com\" target=\"_blank\" rel=\"noopener\">https:\/\/www.Careium.com<\/a>.<\/p>\n\n\n\n<h3 class=\"wp-block-heading\">Aktie\u00e4gares r\u00e4tt att beg\u00e4ra upplysningar<\/h3>\n\n\n\n<p>Aktie\u00e4garna erinras om sin r\u00e4tt att beg\u00e4ra upplysningar enligt 7 kap. 32 \u00a7 aktiebolagslagen (2005:551). Styrelsen och verkst\u00e4llande direkt\u00f6ren ska, om n\u00e5gon aktie\u00e4gare beg\u00e4r det, och styrelsen anser att det kan ske utan v\u00e4sentlig skada f\u00f6r bolaget, l\u00e4mna upplysningar om, dels f\u00f6rh\u00e5llanden som kan inverka p\u00e5 bed\u00f6mningen av ett \u00e4rende p\u00e5 dagordningen, dels f\u00f6rh\u00e5llanden som kan inverka p\u00e5 bed\u00f6mningen av bolagets eller dotterf\u00f6retags ekonomiska situation, dels bolagets f\u00f6rh\u00e5llande till annat koncernf\u00f6retag.<\/p>\n\n\n\n<h3 class=\"wp-block-heading has-text-align-left has-large-font-size has-stor-font-size\">Dokument fr\u00e5n \u00e5rsst\u00e4mman 2024<\/h3>\n\n\n\n<figure class=\"wp-block-table is-style-regular\"><table><tbody><tr><td>Protokoll fr\u00e5n \u00e5rsst\u00e4mma 2024<\/td><td><a href=\"https:\/\/www.careium.com\/app\/uploads\/sites\/8\/2025\/04\/protokoll-arsstamma-signerad-2024-careium-sv.pdf\" target=\"_blank\" rel=\"noreferrer noopener\">Ladda ner<\/a><\/td><\/tr><tr><td>Kallelse till Careiums \u00e5rsst\u00e4mma 2024<\/td><td><a href=\"https:\/\/www.careium.com\/app\/uploads\/sites\/8\/2025\/04\/kallelse-till-arsstamma-2024-careium-sv.pdf\" target=\"_blank\" rel=\"noreferrer noopener\">Ladda ner<\/a><\/td><\/tr><tr><td>Valberedningens f\u00f6rslag 2024<\/td><td><a href=\"https:\/\/www.careium.com\/app\/uploads\/sites\/8\/2025\/04\/valberedningens-forslag-till-beslut-2024-careium-sv.pdf\" target=\"_blank\" rel=\"noreferrer noopener\">Ladda ner<\/a><\/td><\/tr><tr><td>Bemyndigande avseende nyemission av egna aktier<\/td><td><a href=\"https:\/\/www.careium.com\/app\/uploads\/sites\/8\/2025\/04\/bemyndigande-avseende-nyemission-av-aktier-2024-careium-sv.pdf\" target=\"_blank\" rel=\"noreferrer noopener\">Ladda ner<\/a><\/td><\/tr><tr><td>Fullmaktsformul\u00e4r<\/td><td><a href=\"https:\/\/www.careium.com\/app\/uploads\/sites\/8\/2025\/04\/fullmaktsformular-2024-careium-sv.pdf\" target=\"_blank\" rel=\"noreferrer noopener\">Ladda ner<\/a><\/td><\/tr><tr><td>\u00c5rsredovisning och h\u00e5llbarhetsrapport 2023<\/td><td><a href=\"https:\/\/www.careium.com\/app\/uploads\/sites\/8\/2025\/04\/arsredovisning-med-hallbarhetsrapport-2023-careium-sv.pdf\" target=\"_blank\" rel=\"noreferrer noopener\">Ladda ner<\/a><\/td><\/tr><tr><td>Revisorsyttrande enligt 8 kap. 54\u00a7<\/td><td><a href=\"https:\/\/www.careium.com\/app\/uploads\/sites\/8\/2025\/04\/revisorsyttrande-enligt-8-kap-54-aktiebolagslagen-2023-careium-sv.pdf\" target=\"_blank\" rel=\"noreferrer noopener\">Ladda ner<\/a><\/td><\/tr><tr><td>Ers\u00e4ttningsrapport 2023<\/td><td><a href=\"https:\/\/www.careium.com\/app\/uploads\/sites\/8\/2025\/04\/ersattningsrapport-2023-careium-sv.pdf\" target=\"_blank\" rel=\"noreferrer noopener\">Ladda ner<\/a><\/td><\/tr><\/tbody><\/table><\/figure>\n\n\n\n<div style=\"height:30px\" aria-hidden=\"true\" class=\"wp-block-spacer\"><\/div>\n\n\n\n<p><a href=\"https:\/\/www.careium.com\/se\/investerarrelationer\/bolagsstamma\/bolagsstamma-2023\/\" data-type=\"page\" data-id=\"1466\">\u00c5rsst\u00e4mma 2023<\/a><\/p>\n\n\n\n<p><a href=\"https:\/\/www.careium.com\/se\/investerarrelationer\/bolagsstamma\/bolagsstamma-2022\/\" data-type=\"page\" data-id=\"1474\">\u00c5rsst\u00e4mma 2022<\/a><\/p>\n\n\n\n<p><\/p>\n","protected":false},"excerpt":{"rendered":"<p>Bolagsst\u00e4mma 2024 Bolagsst\u00e4mman \u00e4r bolagets h\u00f6gsta beslutsfattande organ. Vid bolagsst\u00e4mman v\u00e4ljs Careium AB:s styrelse och styrelseordf\u00f6rande. Vidare utses bolagets revisorer. Careiums bolagsst\u00e4mma 2024&nbsp; Datum f\u00f6r m\u00f6tet Torsdagen den 25 april 2024 Kallelse Aktie\u00e4garna i Careium AB (publ) org. nr. 559121\u20135875 (Bolaget) kallas h\u00e4rmed till \u00e5rsst\u00e4mma torsdagen den 25 april 2024 kl. 13:00 p\u00e5 Sankt Gertrud&#8230;<\/p>\n","protected":false},"author":5,"featured_media":0,"parent":1434,"menu_order":0,"comment_status":"closed","ping_status":"closed","template":"template-text-page.blade.php","meta":{"_acf_changed":false,"footnotes":""},"class_list":["post-1454","page","type-page","status-publish","hentry"],"acf":[],"_links":{"self":[{"href":"https:\/\/www.careium.com\/se\/wp-json\/wp\/v2\/pages\/1454","targetHints":{"allow":["GET"]}}],"collection":[{"href":"https:\/\/www.careium.com\/se\/wp-json\/wp\/v2\/pages"}],"about":[{"href":"https:\/\/www.careium.com\/se\/wp-json\/wp\/v2\/types\/page"}],"author":[{"embeddable":true,"href":"https:\/\/www.careium.com\/se\/wp-json\/wp\/v2\/users\/5"}],"replies":[{"embeddable":true,"href":"https:\/\/www.careium.com\/se\/wp-json\/wp\/v2\/comments?post=1454"}],"version-history":[{"count":5,"href":"https:\/\/www.careium.com\/se\/wp-json\/wp\/v2\/pages\/1454\/revisions"}],"predecessor-version":[{"id":5915,"href":"https:\/\/www.careium.com\/se\/wp-json\/wp\/v2\/pages\/1454\/revisions\/5915"}],"up":[{"embeddable":true,"href":"https:\/\/www.careium.com\/se\/wp-json\/wp\/v2\/pages\/1434"}],"wp:attachment":[{"href":"https:\/\/www.careium.com\/se\/wp-json\/wp\/v2\/media?parent=1454"}],"curies":[{"name":"wp","href":"https:\/\/api.w.org\/{rel}","templated":true}]}}