{"id":1466,"date":"2025-05-21T07:07:53","date_gmt":"2025-05-21T07:07:53","guid":{"rendered":"https:\/\/www.careium.com\/se\/?page_id=1466"},"modified":"2026-01-29T20:34:23","modified_gmt":"2026-01-29T19:34:23","slug":"bolagsstamma-2023","status":"publish","type":"page","link":"https:\/\/www.careium.com\/se\/investerarrelationer\/bolagsstamma\/bolagsstamma-2023\/","title":{"rendered":"Bolagsst\u00e4mma 2023\u00a0"},"content":{"rendered":"\n<h1 class=\"wp-block-heading has-text-align-left has-text-align-center\">Bolagsst\u00e4mma 2023&nbsp;<\/h1>\n\n\n\n<p class=\"has-text-align-left\"><strong>Bolagsst\u00e4mman \u00e4r bolagets h\u00f6gsta beslutsfattande organ. Vid bolagsst\u00e4mman v\u00e4ljs Careium AB:s styrelse och styrelseordf\u00f6rande. Vidare utses bolagets revisorer.&nbsp;<\/strong><\/p>\n\n\n\n<div style=\"height:50px\" aria-hidden=\"true\" class=\"wp-block-spacer\"><\/div>\n\n\n\n<h2 class=\"wp-block-heading\">Careiums bolagsst\u00e4mma 2023&nbsp;<\/h2>\n\n\n\n<p>Datum f\u00f6r m\u00f6tet Torsdag 27 april<\/p>\n\n\n\n<h3 class=\"wp-block-heading\">Kallelse<\/h3>\n\n\n\n<p>Aktie\u00e4garna i Careium AB (publ) org. nr. 559121\u20135875 (Bolaget) kallas h\u00e4rmed till \u00e5rsst\u00e4mma torsdagen den 27 april 2023 kl.13:00 p\u00e5 Malm\u00f6 Live i Malm\u00f6 med adress Dag Hammarskj\u00f6lds torg 2, 211 18 Malm\u00f6<\/p>\n\n\n\n<p>Inregistrering sker fr\u00e5n kl. 12:00. Ledam\u00f6ter av den verkst\u00e4llande ledningen finns p\u00e5 plats f\u00f6r att svara p\u00e5 fr\u00e5gor fr\u00e5n aktie\u00e4garna.<\/p>\n\n\n\n<p>Kallelse har skett genom annonsering i Post- och Inrikes Tidningar och finns tillg\u00e4nglig p\u00e5 bolagets hemsida. Kallelsen skickas genast och utan kostnad f\u00f6r mottagaren till de aktie\u00e4gare som beg\u00e4r det och uppger sin postadress.<\/p>\n\n\n\n<h3 class=\"wp-block-heading\">R\u00e4tt till deltagande och anm\u00e4lan<\/h3>\n\n\n\n<p>Deltagande i st\u00e4mmolokalen<\/p>\n\n\n\n<p>Den som \u00f6nskar n\u00e4rvara i st\u00e4mmolokalen personligen eller genom ombud ska<\/p>\n\n\n\n<ul class=\"wp-block-list\">\n<li>vara upptagen som aktie\u00e4gare i den av Euroclear Sweden AB framst\u00e4llda aktieboken avseende f\u00f6rh\u00e5llandena den 19 april 2023, och<\/li>\n\n\n\n<li>senast den 21 april 2023 anm\u00e4la sig till st\u00e4mman enligt anvisningarna nedan.<\/li>\n<\/ul>\n\n\n\n<p>R\u00f6str\u00e4ttsregistreringar som gjorts senast den andra bankdagen efter den 21 april 2023 beaktas vid framst\u00e4llningen av aktieboken.<\/p>\n\n\n\n<p>Anm\u00e4lan ska ske p\u00e5 telefon nr +46 (0)771 24 64 00 vardagar mellan kl. 09:00 \u2013 16:30 eller skriftligen till adress, Careium AB c\/o Computershare AB, \u201dCareium ABs \u00e5rsst\u00e4mma\u201d, Box 5267, 102 46 Stockholm. Vid anm\u00e4lan ska aktie\u00e4garen uppge namn, adress, person- eller organisationsnummer, telefonnummer och antal eventuella bitr\u00e4den (h\u00f6gst tv\u00e5).<\/p>\n\n\n\n<p>Om aktie\u00e4gare f\u00f6retr\u00e4ds genom ombud ska en skriftlig och daterad fullmakt, undertecknad av aktie\u00e4garen, utf\u00e4rdas f\u00f6r ombudet. Fullmakt f\u00e5r inte vara \u00e4ldre \u00e4n 1 \u00e5r, om det inte anges l\u00e4ngre tid i fullmakten (h\u00f6gst 5 \u00e5r).<\/p>\n\n\n\n<p>Fullmaktsformul\u00e4r finns tillg\u00e4ngligt p\u00e5 Careium:s webbplats www.careium.com. Om fullmakten utf\u00e4rdats av juridisk person ska registreringsbevis eller motsvarande beh\u00f6righetshandling bifogas. F\u00f6r att underl\u00e4tta registreringen vid st\u00e4mman b\u00f6r fullmakt samt registreringsbevis och andra beh\u00f6righetshandlingar vara Careium tillhanda under ovanst\u00e5ende adress senast den 21 april 2023.<\/p>\n\n\n\n<p>Aktie\u00e4gare som har l\u00e5tit f\u00f6rvaltarregistrera sina aktier m\u00e5ste l\u00e5ta registrera aktierna i eget namn s\u00e5 att aktie\u00e4garen blir upptagen i framst\u00e4llningen av aktieboken per den 19 april 2023. S\u00e5dan omregistrering kan vara tillf\u00e4llig (s.k. r\u00f6str\u00e4ttsregistrering) och beg\u00e4rs hos f\u00f6rvaltaren enligt f\u00f6rvaltarens rutiner i s\u00e5dan tid i f\u00f6rv\u00e4g som f\u00f6rvaltaren best\u00e4mmer. S\u00e5dan registrering m\u00e5ste vara verkst\u00e4lld hos Euroclear Sweden AB per den 19 april 2023, vilket inneb\u00e4r att aktie\u00e4garen i god tid f\u00f6re denna dag m\u00e5ste instruera f\u00f6rvaltaren.<\/p>\n\n\n\n<h3 class=\"wp-block-heading\">Fr\u00e5gor<\/h3>\n\n\n\n<p>Aktie\u00e4garna erinras om sin r\u00e4tt att beg\u00e4ra upplysningar enligt 7 kap. 32 \u00a7 aktiebolagslagen (2005:551). Styrelsen och verkst\u00e4llande direkt\u00f6ren ska, om n\u00e5gon aktie\u00e4gare beg\u00e4r det, och styrelsen anser att det kan ske utan v\u00e4sentlig skada f\u00f6r bolaget, l\u00e4mna upplysningar om, dels f\u00f6rh\u00e5llanden som kan inverka p\u00e5 bed\u00f6mningen av ett \u00e4rende p\u00e5 dagordningen, dels f\u00f6rh\u00e5llanden som kan inverka p\u00e5 bed\u00f6mningen av bolagets eller dotterf\u00f6retags ekonomiska situation, dels bolagets f\u00f6rh\u00e5llande till annat koncernf\u00f6retag.<\/p>\n\n\n\n<h3 class=\"wp-block-heading has-text-align-left has-large-font-size has-stor-font-size\">Dokument fr\u00e5n \u00e5rsst\u00e4mman 2023<\/h3>\n\n\n\n<figure class=\"wp-block-table is-style-regular\"><table><tbody><tr><td>Protokoll fr\u00e5n \u00e5rsst\u00e4mma 2023&nbsp;<\/td><td><a href=\"https:\/\/www.careium.com\/app\/uploads\/sites\/8\/2025\/04\/protokoll-arsstamma-signerad-2023-careium-sv.pdf\" target=\"_blank\" rel=\"noreferrer noopener\">Ladda ner<\/a><\/td><\/tr><tr><td>Kallelse till Careiums \u00e5rsst\u00e4mma 2023&nbsp;<\/td><td><a href=\"https:\/\/www.careium.com\/app\/uploads\/sites\/8\/2025\/04\/kallelse-till-arsstamma-2023-careium-sv.pdf\" target=\"_blank\" rel=\"noreferrer noopener\">Ladda ner<\/a><\/td><\/tr><tr><td>Valberedningens f\u00f6rslag 2023&nbsp;<\/td><td><a href=\"https:\/\/www.careium.com\/app\/uploads\/sites\/8\/2025\/04\/valberedningens-forslag-till-beslut-2023-careium-sv.pdf\" target=\"_blank\" rel=\"noreferrer noopener\">Ladda ner<\/a><\/td><\/tr><tr><td>Bemyndigande avseende nyemission av egna aktier<\/td><td><a href=\"https:\/\/www.careium.com\/app\/uploads\/sites\/8\/2025\/04\/bemyndigande-avseende-nyemission-av-egna-aktier-2023-careium-sv.pdf\" target=\"_blank\" rel=\"noreferrer noopener\">Ladda ner<\/a><\/td><\/tr><tr><td>Fullmaktsformul\u00e4r&nbsp;<\/td><td><a href=\"https:\/\/www.careium.com\/app\/uploads\/sites\/8\/2025\/04\/fullmaktsformular-2023-careium-sv.pdf\" target=\"_blank\" rel=\"noreferrer noopener\">Ladda ner<\/a><\/td><\/tr><tr><td>\u00c5rsredovisning och h\u00e5llbarhetsredovisning 2022<\/td><td><a href=\"https:\/\/www.careium.com\/app\/uploads\/sites\/8\/2025\/04\/arsredovisning-med-hallbarhetsrapport-2022-careium-sv.pdf\" target=\"_blank\" rel=\"noreferrer noopener\">Ladda ner<\/a><\/td><\/tr><tr><td>Ers\u00e4ttningsrapport 2022<\/td><td><a href=\"https:\/\/www.careium.com\/app\/uploads\/sites\/8\/2025\/04\/ersattningsrapport-2023-careium-sv.pdf\" target=\"_blank\" rel=\"noreferrer noopener\">Ladda ner<\/a><\/td><\/tr><tr><td>Revisorsyttrande enligt 8 kap. 54 \u00a7 \u00e5rsredovisningslagen<\/td><td><a href=\"https:\/\/www.careium.com\/app\/uploads\/sites\/8\/2025\/04\/revisorsyttrande-enligt-8-kap-54-aktiebolagslagen-2023-careium-sv.pdf\" target=\"_blank\" rel=\"noreferrer noopener\">Ladda ner<\/a><\/td><\/tr><\/tbody><\/table><\/figure>\n\n\n\n<div style=\"height:30px\" aria-hidden=\"true\" class=\"wp-block-spacer\"><\/div>\n\n\n\n<p><a href=\"https:\/\/www.careium.com\/se\/investerarrelationer\/bolagsstamma\/bolagsstamma-2022\/\" data-type=\"page\" data-id=\"1474\">\u00c5rsst\u00e4mma 2022<\/a><\/p>\n","protected":false},"excerpt":{"rendered":"<p>Bolagsst\u00e4mma 2023&nbsp; Bolagsst\u00e4mman \u00e4r bolagets h\u00f6gsta beslutsfattande organ. Vid bolagsst\u00e4mman v\u00e4ljs Careium AB:s styrelse och styrelseordf\u00f6rande. Vidare utses bolagets revisorer.&nbsp; Careiums bolagsst\u00e4mma 2023&nbsp; Datum f\u00f6r m\u00f6tet Torsdag 27 april Kallelse Aktie\u00e4garna i Careium AB (publ) org. nr. 559121\u20135875 (Bolaget) kallas h\u00e4rmed till \u00e5rsst\u00e4mma torsdagen den 27 april 2023 kl.13:00 p\u00e5 Malm\u00f6 Live i Malm\u00f6 med&#8230;<\/p>\n","protected":false},"author":5,"featured_media":0,"parent":1434,"menu_order":0,"comment_status":"closed","ping_status":"closed","template":"template-text-page.blade.php","meta":{"_acf_changed":false,"footnotes":""},"class_list":["post-1466","page","type-page","status-publish","hentry"],"acf":[],"_links":{"self":[{"href":"https:\/\/www.careium.com\/se\/wp-json\/wp\/v2\/pages\/1466","targetHints":{"allow":["GET"]}}],"collection":[{"href":"https:\/\/www.careium.com\/se\/wp-json\/wp\/v2\/pages"}],"about":[{"href":"https:\/\/www.careium.com\/se\/wp-json\/wp\/v2\/types\/page"}],"author":[{"embeddable":true,"href":"https:\/\/www.careium.com\/se\/wp-json\/wp\/v2\/users\/5"}],"replies":[{"embeddable":true,"href":"https:\/\/www.careium.com\/se\/wp-json\/wp\/v2\/comments?post=1466"}],"version-history":[{"count":4,"href":"https:\/\/www.careium.com\/se\/wp-json\/wp\/v2\/pages\/1466\/revisions"}],"predecessor-version":[{"id":5403,"href":"https:\/\/www.careium.com\/se\/wp-json\/wp\/v2\/pages\/1466\/revisions\/5403"}],"up":[{"embeddable":true,"href":"https:\/\/www.careium.com\/se\/wp-json\/wp\/v2\/pages\/1434"}],"wp:attachment":[{"href":"https:\/\/www.careium.com\/se\/wp-json\/wp\/v2\/media?parent=1466"}],"curies":[{"name":"wp","href":"https:\/\/api.w.org\/{rel}","templated":true}]}}