{"id":1474,"date":"2025-05-21T07:08:21","date_gmt":"2025-05-21T07:08:21","guid":{"rendered":"https:\/\/www.careium.com\/se\/?page_id=1474"},"modified":"2026-01-29T20:32:35","modified_gmt":"2026-01-29T19:32:35","slug":"bolagsstamma-2022","status":"publish","type":"page","link":"https:\/\/www.careium.com\/se\/investerarrelationer\/bolagsstamma\/bolagsstamma-2022\/","title":{"rendered":"Bolagsst\u00e4mma 2022"},"content":{"rendered":"\n<h1 class=\"wp-block-heading has-text-align-left has-text-align-center\">Bolagsst\u00e4mma 2022&nbsp;<\/h1>\n\n\n\n<p class=\"has-text-align-left\"><strong>Bolagsst\u00e4mman \u00e4r bolagets h\u00f6gsta beslutsfattande organ. Vid bolagsst\u00e4mman v\u00e4ljs Careium AB:s styrelse och styrelseordf\u00f6rande. Vidare utses bolagets revisorer. N\u00e4sta bolagsst\u00e4mma kommer att vara den 27:e april 2023 i Malm\u00f6. Mer information kommer l\u00e4ngre fram.<\/strong><\/p>\n\n\n\n<div style=\"height:50px\" aria-hidden=\"true\" class=\"wp-block-spacer\"><\/div>\n\n\n\n<h2 class=\"wp-block-heading\">Careiums bolagsst\u00e4mma 2022<\/h2>\n\n\n\n<p>Datum f\u00f6r m\u00f6tet Fredagen den 29 april<\/p>\n\n\n\n<h3 class=\"wp-block-heading\">Kallelse<\/h3>\n\n\n\n<p>\u00c5rsst\u00e4mman kommer med st\u00f6d av tillf\u00e4lliga lagregler genomf\u00f6ras enligt ett s.k. postr\u00f6stningsf\u00f6rfarande. Detta inneb\u00e4r att inga aktie\u00e4gare kommer att delta p\u00e5 \u00e5rsst\u00e4mman personligen eller genom ombud. I st\u00e4llet kan aktie\u00e4gare delta i \u00e5rsst\u00e4mman genom att r\u00f6sta och l\u00e4mna in fr\u00e5gor i f\u00f6rv\u00e4g.<\/p>\n\n\n\n<h3 class=\"wp-block-heading\">Postr\u00f6stning<\/h3>\n\n\n\n<p>Postr\u00f6stning kommer att kunna genomf\u00f6ras fr\u00e5n och med fredagen den 25 mars 2022 till och med torsdagen den 28 april 2022. Aktie\u00e4garen kan r\u00f6sta i f\u00f6rv\u00e4g p\u00e5 n\u00e5got av f\u00f6ljande s\u00e4tt (se relaterade dokument f\u00f6r formul\u00e4r, fullmakt och \u00f6vriga handlingar):<\/p>\n\n\n\n<ul class=\"wp-block-list\">\n<li>R\u00f6stning p\u00e5 webbplatsen: R\u00f6stning kan g\u00f6ras elektroniskt med svenskt Bank-ID. L\u00e4nk till Anm\u00e4lan och postr\u00f6stning (kr\u00e4ver svenskt Bank-ID).<\/li>\n\n\n\n<li>R\u00f6stning via e-post: R\u00f6stning kan g\u00f6ras genom att fylla i f\u00f6rhandsr\u00f6stningsformul\u00e4ret (se relaterade dokument) och sedan skicka formul\u00e4ret till f\u00f6ljande e-postadress: proxy@computershare.se, tillsammans med fullmakt och\/eller andra beh\u00f6righetshandlingar (se relaterade dokument).<\/li>\n\n\n\n<li>Vanlig post: R\u00f6stning kan g\u00f6ras genom att skriva ut och fylla i f\u00f6rhandsr\u00f6stningsformul\u00e4ret (se relaterade dokument) och sedan skicka formul\u00e4ret till Computershare AB, \u201dCareium AB :s \u00e5rsst\u00e4mma 2022\u201d, Box 5267, 102 46 Stockholm, tillsammans med fullmakt och\/eller andra beh\u00f6righetshandlingar (se relaterade dokument).<\/li>\n<\/ul>\n\n\n\n<p>F\u00f6r eventuella fr\u00e5gor betr\u00e4ffande postr\u00f6stningsf\u00f6rfarandet, kontakta Computershare, telefon +46 (0)771 24 64 00, vardagar kl. 09:00\u201316:00.<\/p>\n\n\n\n<h3 class=\"wp-block-heading\">Fr\u00e5gor<\/h3>\n\n\n\n<p>Styrelsen och verkst\u00e4llande direkt\u00f6ren ska, om n\u00e5gon aktie\u00e4gare beg\u00e4r det, och styrelsen anser att det kan ske utan v\u00e4sentlig skada f\u00f6r bolaget, l\u00e4mna upplysningar om, dels f\u00f6rh\u00e5llanden som kan inverka p\u00e5 bed\u00f6mningen av ett \u00e4rende p\u00e5 dagordningen, dels f\u00f6rh\u00e5llanden som kan inverka p\u00e5 bed\u00f6mningen av bolagets eller dotterf\u00f6retags ekonomiska situation, dels bolagets f\u00f6rh\u00e5llande till annat koncernf\u00f6retag. Fr\u00e5gor till Bolaget i samband med \u00e5rsst\u00e4mman kan skickas till Careium AB fram till och med tisdagen den 19 april 2022, p\u00e5 n\u00e5got av f\u00f6ljande s\u00e4tt:<\/p>\n\n\n\n<ul class=\"wp-block-list\">\n<li>E-post: Fr\u00e5gor kan skickas via e-post till f\u00f6ljande e-postadress: agm@careium.com<\/li>\n\n\n\n<li>Vanlig post: Fr\u00e5gor kan skickas till Careium AB, \u201dCareium AB :s \u00e5rsst\u00e4mma 2022\u201d, J\u00f6rgen Kocksgatan 1B, SE-211 20 Malm\u00f6.<\/li>\n<\/ul>\n\n\n\n<p>Aktie\u00e4garen m\u00e5ste ange namn, person- eller organisationsnummer och postadress f\u00f6r att fr\u00e5gan ska besvaras. Aktie\u00e4garen b\u00f6r ocks\u00e5 ange sin e-postadress och telefonnummer.<\/p>\n\n\n\n<p>Fr\u00e5gor fr\u00e5n aktie\u00e4garna m\u00e5ste ha kommit Bolaget tillhanda senast tisdagen den 19 april 2022 och kommer att besvaras och publiceras senast s\u00f6ndagen den 24 april 2022. Fr\u00e5gorna och svaren kommer att finnas tillg\u00e4ngliga p\u00e5 Bolagets hemsida, och kommer att skickas till aktie\u00e4garen under f\u00f6ruts\u00e4ttning att aktie\u00e4garens adress \u00e4r k\u00e4nd av Bolaget eller tillhandah\u00e5lls av aktie\u00e4garen tillsammans med fr\u00e5gan.<\/p>\n\n\n\n<p><a href=\"https:\/\/www.euroclear.com\/en.html\" target=\"_blank\" rel=\"noopener\">Information om hur personuppgifter behandlas<\/a><\/p>\n\n\n\n<div style=\"height:20px\" aria-hidden=\"true\" class=\"wp-block-spacer\"><\/div>\n\n\n\n<h3 class=\"wp-block-heading has-text-align-left has-large-font-size has-stor-font-size\">Dokument \u00e5rsst\u00e4mma 2022<\/h3>\n\n\n\n<figure class=\"wp-block-table is-style-regular\"><table><tbody><tr><td>Kallelse till Careiums \u00e5rsst\u00e4mma 2022<\/td><td><a href=\"https:\/\/www.careium.com\/app\/uploads\/sites\/8\/2025\/04\/kallele-till-arsstamma-2022-careium-sv.pdf\" target=\"_blank\" rel=\"noreferrer noopener\">Ladda ner<\/a><\/td><\/tr><tr><td>Protokoll fr\u00e5n \u00e5rsst\u00e4mma 2022&nbsp;<\/td><td><a href=\"https:\/\/www.careium.com\/app\/uploads\/sites\/8\/2025\/04\/protokoll-arsstamma-signerat-2022-careium-sv.pdf\" target=\"_blank\" rel=\"noreferrer noopener\">Ladda ner<\/a><\/td><\/tr><tr><td>Valberedningens f\u00f6rslag 2022<\/td><td><a href=\"https:\/\/www.careium.com\/app\/uploads\/sites\/8\/2025\/04\/valberedningens-forslag-till-beslut-2022-careium-sv.pdf\" target=\"_blank\" rel=\"noreferrer noopener\">Ladda ner<\/a><\/td><\/tr><tr><td>F\u00f6rslag till riktlinjer f\u00f6r ers\u00e4ttning till ledande befattningshavare<\/td><td><a href=\"https:\/\/www.careium.com\/app\/uploads\/sites\/8\/2025\/04\/riktlinjer-for-ersattning-till-ledande-befattningshavare-2022-careium-sv.pdf\" target=\"_blank\" rel=\"noreferrer noopener\">Ladda ner<\/a><\/td><\/tr><tr><td>Redovisning av ers\u00e4ttningsutskottets utv\u00e4rdering av riktlinjerna<\/td><td><a href=\"https:\/\/www.careium.com\/app\/uploads\/sites\/8\/2025\/04\/redovisning-av-ersattningsutskottets-utvardering-av-ersattning-till-ledande-befattningshavare-2022-careium-sv.pdf\" target=\"_blank\" rel=\"noreferrer noopener\">Ladda ner<\/a><\/td><\/tr><tr><td>Bemyndigande avseende f\u00f6rv\u00e4rv av egna aktier<\/td><td><a href=\"https:\/\/www.careium.com\/app\/uploads\/sites\/8\/2025\/04\/bemyndigande-avseende-forvarv-av-egna-aktier-2022-careium-sv.pdf\" target=\"_blank\" rel=\"noreferrer noopener\">Ladda ner<\/a><\/td><\/tr><tr><td>Bemyndigande avseende nyemission av egna aktier<\/td><td><a href=\"https:\/\/www.careium.com\/app\/uploads\/sites\/8\/2025\/04\/bemyndigande-avseende-nyemission-av-aktier-2022-careium-sv.pdf\" target=\"_blank\" rel=\"noreferrer noopener\">Ladda ner<\/a><\/td><\/tr><tr><td>Bemyndigande avseende \u00f6verl\u00e5telse av egna aktier&nbsp;<\/td><td><a href=\"https:\/\/www.careium.com\/app\/uploads\/sites\/8\/2025\/04\/bemyndigande-avseende-overlatelse-av-egna-aktier-2022-careium-sv.pdf\" target=\"_blank\" rel=\"noreferrer noopener\">Ladda ner<\/a><\/td><\/tr><tr><td>Fullmaktsformul\u00e4r<\/td><td><a href=\"https:\/\/www.careium.com\/app\/uploads\/sites\/8\/2025\/04\/fullmaktsformular-2022-careium-sv.pdf\" target=\"_blank\" rel=\"noreferrer noopener\">Ladda ner<\/a><\/td><\/tr><tr><td>Postr\u00f6stningsformul\u00e4r<\/td><td><a href=\"https:\/\/www.careium.com\/app\/uploads\/sites\/8\/2025\/04\/anmalan-och-formular-for-postrostning-2022-careium-sv.pdf\" target=\"_blank\" rel=\"noreferrer noopener\">Ladda ner<\/a><\/td><\/tr><tr><td>Yttrande enligt 19 kap. 22 \u00a7 aktiebolagslagen&nbsp;<\/td><td><a href=\"https:\/\/www.careium.com\/app\/uploads\/sites\/2\/2025\/05\/yttrande-enligt-19-kap.22-aktiebolagslagen-21-2022-careium-sv.pdf\" target=\"_blank\" rel=\"noreferrer noopener\">Ladda ner<\/a><\/td><\/tr><tr><td>\u00c5rsredovisning och h\u00e5llbarhetsrapport 2021&nbsp;<\/td><td><a href=\"https:\/\/www.careium.com\/app\/uploads\/sites\/8\/2025\/04\/arsredovisning-med-hallbarhetsrapport-2021-careium-sv.pdf\" target=\"_blank\" rel=\"noreferrer noopener\">Ladda ner<\/a><\/td><\/tr><tr><td>Ers\u00e4ttningsrapport 2021&nbsp;<\/td><td><a href=\"https:\/\/www.careium.com\/app\/uploads\/sites\/8\/2025\/04\/ersattningsrapport-2022-careium-sv.pdf\" target=\"_blank\" rel=\"noreferrer noopener\">Ladda ner<\/a><\/td><\/tr><tr><td>Revisorsyttrande&nbsp; enligt 8 kap. 54\u00a7 &nbsp;<\/td><td><a href=\"https:\/\/www.careium.com\/app\/uploads\/sites\/8\/2025\/04\/yttrande-enligt-8-kap-54-aktiebolagslagen-ersattning-till-ledande-befattningshavare-2022-careium-sv.pdf\" target=\"_blank\" rel=\"noreferrer noopener\">Ladda ner<\/a><\/td><\/tr><\/tbody><\/table><\/figure>\n\n\n\n<div style=\"height:30px\" aria-hidden=\"true\" class=\"wp-block-spacer\"><\/div>\n","protected":false},"excerpt":{"rendered":"<p>Bolagsst\u00e4mma 2022&nbsp; Bolagsst\u00e4mman \u00e4r bolagets h\u00f6gsta beslutsfattande organ. Vid bolagsst\u00e4mman v\u00e4ljs Careium AB:s styrelse och styrelseordf\u00f6rande. Vidare utses bolagets revisorer. N\u00e4sta bolagsst\u00e4mma kommer att vara den 27:e april 2023 i Malm\u00f6. Mer information kommer l\u00e4ngre fram. Careiums bolagsst\u00e4mma 2022 Datum f\u00f6r m\u00f6tet Fredagen den 29 april Kallelse \u00c5rsst\u00e4mman kommer med st\u00f6d av tillf\u00e4lliga lagregler genomf\u00f6ras&#8230;<\/p>\n","protected":false},"author":5,"featured_media":0,"parent":1434,"menu_order":0,"comment_status":"closed","ping_status":"closed","template":"template-text-page.blade.php","meta":{"_acf_changed":false,"footnotes":""},"class_list":["post-1474","page","type-page","status-publish","hentry"],"acf":[],"_links":{"self":[{"href":"https:\/\/www.careium.com\/se\/wp-json\/wp\/v2\/pages\/1474","targetHints":{"allow":["GET"]}}],"collection":[{"href":"https:\/\/www.careium.com\/se\/wp-json\/wp\/v2\/pages"}],"about":[{"href":"https:\/\/www.careium.com\/se\/wp-json\/wp\/v2\/types\/page"}],"author":[{"embeddable":true,"href":"https:\/\/www.careium.com\/se\/wp-json\/wp\/v2\/users\/5"}],"replies":[{"embeddable":true,"href":"https:\/\/www.careium.com\/se\/wp-json\/wp\/v2\/comments?post=1474"}],"version-history":[{"count":5,"href":"https:\/\/www.careium.com\/se\/wp-json\/wp\/v2\/pages\/1474\/revisions"}],"predecessor-version":[{"id":5401,"href":"https:\/\/www.careium.com\/se\/wp-json\/wp\/v2\/pages\/1474\/revisions\/5401"}],"up":[{"embeddable":true,"href":"https:\/\/www.careium.com\/se\/wp-json\/wp\/v2\/pages\/1434"}],"wp:attachment":[{"href":"https:\/\/www.careium.com\/se\/wp-json\/wp\/v2\/media?parent=1474"}],"curies":[{"name":"wp","href":"https:\/\/api.w.org\/{rel}","templated":true}]}}