{"id":1486,"date":"2025-05-15T11:30:47","date_gmt":"2025-05-15T11:30:47","guid":{"rendered":"https:\/\/www.careium.com\/se\/?page_id=1486"},"modified":"2026-01-27T15:45:23","modified_gmt":"2026-01-27T14:45:23","slug":"valberedning","status":"publish","type":"page","link":"https:\/\/www.careium.com\/se\/investerarrelationer\/valberedning\/","title":{"rendered":"Valberedning"},"content":{"rendered":"\n<h1 class=\"wp-block-heading has-text-align-left has-text-align-center\">Careium AB:s valberedning inf\u00f6r \u00e5rsst\u00e4mman 2026<\/h1>\n\n\n\n<p>I enlighet med de principer f\u00f6r utseende av valberedningen som antagits av \u00e5rsst\u00e4mman ska ledam\u00f6terna i Careiums valberedning best\u00e5 av representanter f\u00f6r de tre till r\u00f6stetalet st\u00f6rsta aktie\u00e4garna i bolaget som \u00f6nskar utse en ledamot. D\u00e4rut\u00f6ver ska styrelsens ordf\u00f6rande vara adjungerad till valberedningen.<\/p>\n\n\n\n<p>Valberedningens f\u00f6rslag l\u00e4mnas i samband med kallelsen till kommande \u00e5rsst\u00e4mma.<\/p>\n\n\n\n<p>Valberedningen ansvarar f\u00f6r att bereda och presentera f\u00f6rslag till bland annat st\u00e4mmoordf\u00f6rande, styrelseledam\u00f6ter, styrelseordf\u00f6rande, styrelsens ers\u00e4ttning, revisorer, revisorsarvoden samt principer f\u00f6r utseende av valberedningen.<\/p>\n\n\n\n<p>Valberedningen inf\u00f6r \u00e5rsst\u00e4mman 2026 best\u00e5r av:<\/p>\n\n\n\n<ul class=\"wp-block-list\">\n<li>Peter Lindell, utsedd av Cidro F\u00f6rvaltning, valberedningens ordf\u00f6rande,<\/li>\n\n\n\n<li>Mats Hellstr\u00f6m, utsedd av Nordea Funds, och<\/li>\n\n\n\n<li>Louis So, utsedd av Kunshan Q Technology International, och<\/li>\n\n\n\n<li>Juha M\u00f6rt, styrelseordf\u00f6rande, adjungerad till valberedningen.<\/li>\n<\/ul>\n\n\n\n<p>Careiums \u00e5rsst\u00e4mma kommer att h\u00e5llas den 23 april 2026 i Malm\u00f6.<br>Aktie\u00e4gare som vill l\u00e4mna f\u00f6rslag till Careiums valberedning inf\u00f6r \u00e5rsst\u00e4mman 2026 kan g\u00f6ra detta via e-post till <a href=\"mailto:valberedningen@careium.com\">valberedningen@careium.com<\/a> senast den 31 januari 2026.<\/p>\n\n\n\n<h3 class=\"wp-block-heading\">Principer f\u00f6r utseendet av valberedningen<\/h3>\n\n\n\n<p><a href=\"https:\/\/www.careium.com\/app\/uploads\/sites\/2\/2025\/10\/forslag-om-principer-for-utseendet-av-valberedning-2025-Careium-1.pdf\" data-type=\"attachment\" data-id=\"5041\">F\u00f6rslag till beslut om principer f\u00f6r utseendet av valberedningen<\/a><\/p>\n","protected":false},"excerpt":{"rendered":"<p>Careium AB:s valberedning inf\u00f6r \u00e5rsst\u00e4mman 2026 I enlighet med de principer f\u00f6r utseende av valberedningen som antagits av \u00e5rsst\u00e4mman ska ledam\u00f6terna i Careiums valberedning best\u00e5 av representanter f\u00f6r de tre till r\u00f6stetalet st\u00f6rsta aktie\u00e4garna i bolaget som \u00f6nskar utse en ledamot. D\u00e4rut\u00f6ver ska styrelsens ordf\u00f6rande vara adjungerad till valberedningen. Valberedningens f\u00f6rslag l\u00e4mnas i samband med&#8230;<\/p>\n","protected":false},"author":5,"featured_media":0,"parent":1742,"menu_order":0,"comment_status":"closed","ping_status":"closed","template":"template-text-page.blade.php","meta":{"_acf_changed":false,"footnotes":""},"class_list":["post-1486","page","type-page","status-publish","hentry"],"acf":[],"_links":{"self":[{"href":"https:\/\/www.careium.com\/se\/wp-json\/wp\/v2\/pages\/1486","targetHints":{"allow":["GET"]}}],"collection":[{"href":"https:\/\/www.careium.com\/se\/wp-json\/wp\/v2\/pages"}],"about":[{"href":"https:\/\/www.careium.com\/se\/wp-json\/wp\/v2\/types\/page"}],"author":[{"embeddable":true,"href":"https:\/\/www.careium.com\/se\/wp-json\/wp\/v2\/users\/5"}],"replies":[{"embeddable":true,"href":"https:\/\/www.careium.com\/se\/wp-json\/wp\/v2\/comments?post=1486"}],"version-history":[{"count":5,"href":"https:\/\/www.careium.com\/se\/wp-json\/wp\/v2\/pages\/1486\/revisions"}],"predecessor-version":[{"id":5320,"href":"https:\/\/www.careium.com\/se\/wp-json\/wp\/v2\/pages\/1486\/revisions\/5320"}],"up":[{"embeddable":true,"href":"https:\/\/www.careium.com\/se\/wp-json\/wp\/v2\/pages\/1742"}],"wp:attachment":[{"href":"https:\/\/www.careium.com\/se\/wp-json\/wp\/v2\/media?parent=1486"}],"curies":[{"name":"wp","href":"https:\/\/api.w.org\/{rel}","templated":true}]}}