{"id":1494,"date":"2025-05-09T13:59:38","date_gmt":"2025-05-09T13:59:38","guid":{"rendered":"https:\/\/www.careium.com\/se\/?page_id=1494"},"modified":"2026-02-09T11:37:51","modified_gmt":"2026-02-09T10:37:51","slug":"styrelseledamoter-och-revisorer","status":"publish","type":"page","link":"https:\/\/www.careium.com\/se\/investerarrelationer\/styrelseledamoter-och-revisorer\/","title":{"rendered":"Styrelseledam\u00f6ter och revisorer"},"content":{"rendered":"<div class=\"wp-block-breadcrumbs\" style=\"\">\n    <div class=\"breadcrumbs  max-xl:lg:mt-4\">\n    <nav aria-label=\"breadcrumbs\">\n        <ul class=\"!ml-0 mb-4 mt-2 flex items-center gap-1 pl-0\">\n                            <li class=\"text-primary-100 my-0 flex list-none items-center pl-0 text-xs md:text-sm\">\n                    <a class=\"link link--breadcrumb\" href=\"https:\/\/www.careium.com\/se\/\">Hem<\/a>\n                                    <\/li>\n                    <\/ul>\n    <\/nav>\n<\/div>\n<\/div>\n\n\n\n<div style=\"height:20px\" aria-hidden=\"true\" class=\"wp-block-spacer is-style-medium\"><\/div>\n\n\n\n<h1 class=\"wp-block-heading has-text-align-center\">Styrelseledam\u00f6ter och revisorer<\/h1>\n\n\n\n<div style=\"height:40px\" aria-hidden=\"true\" class=\"wp-block-spacer\"><\/div>\n\n\n<div class=\"wp-block-list-image wp-block-list-image--image-right not-prose\" style=\"\">\n            <div class=\"wp-block-list-image__image\">\n            <picture>\n                                    <source media=\"(min-width: 700px)\" srcset=\"https:\/\/www.careium.com\/app\/uploads\/sites\/2\/2026\/02\/juha-780x780.png.webp\" type=\"image\/webp\"\n                    width=\"780\" height=\"780\">\n                            <source media=\"(min-width: 700px)\" srcset=\"https:\/\/www.careium.com\/app\/uploads\/sites\/2\/2026\/02\/juha-780x780.png\" type=\"image\/png\"\n                    width=\"780\" height=\"780\">\n                                                <source media=\"(max-width: 699px)\" srcset=\"https:\/\/www.careium.com\/app\/uploads\/sites\/2\/2026\/02\/juha-700x700.png.webp\" type=\"image\/webp\"\n                    width=\"700\" height=\"700\">\n                            <source media=\"(max-width: 699px)\" srcset=\"https:\/\/www.careium.com\/app\/uploads\/sites\/2\/2026\/02\/juha-700x700.png\" type=\"image\/png\"\n                    width=\"700\" height=\"700\">\n                                                <source media=\"(max-width: 500px)\" srcset=\"https:\/\/www.careium.com\/app\/uploads\/sites\/2\/2026\/02\/juha-520x520.png.webp\" type=\"image\/webp\"\n                    width=\"520\" height=\"520\">\n                            <source media=\"(max-width: 500px)\" srcset=\"https:\/\/www.careium.com\/app\/uploads\/sites\/2\/2026\/02\/juha-520x520.png\" type=\"image\/png\"\n                    width=\"520\" height=\"520\">\n                    \n\n        <img decoding=\"async\" class=\"image-fit\" src=\"https:\/\/www.careium.com\/app\/uploads\/sites\/2\/2026\/02\/juha-780x780.png\" alt=\"Juha M\u00f6rt\" loading=\"lazy\"\n            width=\"780\" height=\"780\">\n    <\/picture>\n        <\/div>\n        <div class=\"wp-block-list-image__text\">\n                        <h2\n            class=\"wp-block-list-image__heading wp-block-list-image__heading--sm\">\n            Juha M\u00f6rt            <\/h2>\n                        <div\n            class=\"wp-block-list-image__preamble wp-block-list-image__preamble--sm\">\n            <p><!-- wp:paragraph --><\/p>\n<p><strong>Styrelseordf\u00f6rande sedan 2025<\/strong><\/p>\n<p><!-- \/wp:paragraph --> <!-- wp:paragraph --><\/p>\n<p><strong>F\u00f6dd:<\/strong> 1972<\/p>\n<p><!-- \/wp:paragraph --> <!-- wp:paragraph --><\/p>\n<p><strong>Utbildning:<\/strong> Civilingenj\u00f6rsexamen fr\u00e5n Oulu universitet<\/p>\n<p><!-- \/wp:paragraph --> <!-- wp:paragraph --><\/p>\n<p><strong>Erfarenhet:<\/strong> Juha har tidigare erfarenhet som ordf\u00f6rande i Teknos Group Oy och Doro AB. Entrepren\u00f6r med bred erfarenhet fr\u00e5n telekom. Har m\u00e5ng\u00e5rig erfarenhet av seniora positioner p\u00e5 Powerwave Technologies Inc., Filtronic PLC och Prism Microwave Inc.<\/p>\n<p><!-- \/wp:paragraph --> <!-- wp:paragraph --><\/p>\n<p><strong>Andra p\u00e5g\u00e5ende uppdrag:<\/strong> VD Innohome Group Oy<\/p>\n<p><!-- \/wp:paragraph --> <!-- wp:paragraph --><\/p>\n<p><strong>Oberoende i f\u00f6rh\u00e5llande till f\u00f6retaget och f\u00f6retagsledningen:<\/strong> Ja<\/p>\n<p><!-- \/wp:paragraph --> <!-- wp:paragraph --><\/p>\n<p><strong>Oberoende i f\u00f6rh\u00e5llande till f\u00f6retagets st\u00f6rre \u00e4gare:<\/strong> Ja<!-- \/wp:paragraph --><\/p>\n\n        <\/div>\n                                                    <a class=\"wp-block-list-image__link link--arrow link link--arrow\" href=\"https:\/\/www.careium.com\/se\/investerarrelationer\/styrelsens-och-ledningens-aktieinnehav\/\"\n                    target=\"_self\">Se Aktieinnehav (inkl. n\u00e4rst\u00e5endes aktieinnehav)<\/a>\n                        <\/div>\n<\/div>\n\n\n\n<div style=\"height:100px\" aria-hidden=\"true\" class=\"wp-block-spacer is-style-small\"><\/div>\n\n\n<div class=\"wp-block-list-image wp-block-list-image--image-left not-prose\" style=\"\">\n            <div class=\"wp-block-list-image__image\">\n            <picture>\n                                    <source media=\"(min-width: 700px)\" srcset=\"https:\/\/www.careium.com\/app\/uploads\/sites\/2\/2026\/02\/kai-780x780.png\" type=\"image\/png\"\n                    width=\"780\" height=\"780\">\n                                                <source media=\"(max-width: 699px)\" srcset=\"https:\/\/www.careium.com\/app\/uploads\/sites\/2\/2026\/02\/kai-700x700.png\" type=\"image\/png\"\n                    width=\"700\" height=\"700\">\n                                                <source media=\"(max-width: 500px)\" srcset=\"https:\/\/www.careium.com\/app\/uploads\/sites\/2\/2026\/02\/kai-520x520.png\" type=\"image\/png\"\n                    width=\"520\" height=\"520\">\n                    \n\n        <img decoding=\"async\" class=\"image-fit\" src=\"https:\/\/www.careium.com\/app\/uploads\/sites\/2\/2026\/02\/kai-780x780.png\" alt=\"Kai Tavakka\" loading=\"lazy\"\n            width=\"780\" height=\"780\">\n    <\/picture>\n        <\/div>\n        <div class=\"wp-block-list-image__text\">\n                        <h2\n            class=\"wp-block-list-image__heading wp-block-list-image__heading--sm\">\n            Kai Tavakka            <\/h2>\n                        <div\n            class=\"wp-block-list-image__preamble wp-block-list-image__preamble--sm\">\n            <p><!-- wp:paragraph --><\/p>\n<p><strong>Styrelseledamot sedan 2022.<\/strong><\/p>\n<p><!-- \/wp:paragraph --> <!-- wp:paragraph --><\/p>\n<p><strong>F\u00f6dd:<\/strong> 1986<\/p>\n<p><!-- \/wp:paragraph --> <!-- wp:paragraph --><\/p>\n<p><strong>Utbildning:<\/strong> Master of Science in Economics vid Aalto Universitet samt CFA Charterholer vid CFA institutet.<\/p>\n<p><!-- \/wp:paragraph --> <!-- wp:paragraph --><\/p>\n<p><strong>Erfarenhet:<\/strong> Kai har tidigare arbetat inom corporate finance hos Danske Bank och PCA Corporate Finance.<\/p>\n<p><!-- \/wp:paragraph --> <!-- wp:paragraph --><\/p>\n<p><strong>Andra p\u00e5g\u00e5ende uppdrag:<\/strong> Partner hos Accendo Capital och styrelseledamot i SSH Communications Security Corp.<\/p>\n<p><!-- \/wp:paragraph --> <!-- wp:paragraph --><\/p>\n<p><strong>Oberoende i f\u00f6rh\u00e5llande till f\u00f6retaget och f\u00f6retagsledningen:<\/strong> Ja<\/p>\n<p><!-- \/wp:paragraph --> <!-- wp:paragraph --><\/p>\n<p><strong>Oberoende i f\u00f6rh\u00e5llande till f\u00f6retagets st\u00f6rre \u00e4gare:<\/strong> Nej<!-- \/wp:paragraph --><\/p>\n\n        <\/div>\n                                                    <a class=\"wp-block-list-image__link link--arrow link link--arrow\" href=\"https:\/\/www.careium.com\/se\/investerarrelationer\/styrelsens-och-ledningens-aktieinnehav\/\"\n                    target=\"_self\">Se Aktieinnehav (inkl. n\u00e4rst\u00e5endes aktieinnehav)<\/a>\n                        <\/div>\n<\/div>\n\n\n\n<div style=\"height:20px\" aria-hidden=\"true\" class=\"wp-block-spacer is-style-small\"><\/div>\n\n\n<div class=\"wp-block-list-image wp-block-list-image--image-right not-prose\" style=\"\">\n            <div class=\"wp-block-list-image__image\">\n            <picture>\n                                    <source media=\"(min-width: 700px)\" srcset=\"https:\/\/www.careium.com\/app\/uploads\/sites\/2\/2026\/02\/sara-780x780.png\" type=\"image\/png\"\n                    width=\"780\" height=\"780\">\n                                                <source media=\"(max-width: 699px)\" srcset=\"https:\/\/www.careium.com\/app\/uploads\/sites\/2\/2026\/02\/sara-700x700.png\" type=\"image\/png\"\n                    width=\"700\" height=\"700\">\n                                                <source media=\"(max-width: 500px)\" srcset=\"https:\/\/www.careium.com\/app\/uploads\/sites\/2\/2026\/02\/sara-520x520.png\" type=\"image\/png\"\n                    width=\"520\" height=\"520\">\n                    \n\n        <img decoding=\"async\" class=\"image-fit\" src=\"https:\/\/www.careium.com\/app\/uploads\/sites\/2\/2026\/02\/sara-780x780.png\" alt=\"Sara Lindell\" loading=\"lazy\"\n            width=\"780\" height=\"780\">\n    <\/picture>\n        <\/div>\n        <div class=\"wp-block-list-image__text\">\n                        <h2\n            class=\"wp-block-list-image__heading wp-block-list-image__heading--sm\">\n            Sara Lindell            <\/h2>\n                        <div\n            class=\"wp-block-list-image__preamble wp-block-list-image__preamble--sm\">\n            <p><!-- wp:paragraph --><\/p>\n<p><strong>Styrelseledamot sedan 2024<\/strong><\/p>\n<p><!-- \/wp:paragraph --> <!-- wp:paragraph --><\/p>\n<p><strong>F\u00f6dd:<\/strong> 1986<\/p>\n<p><!-- \/wp:paragraph --> <!-- wp:paragraph --><\/p>\n<p><strong>Utbildning:<\/strong> Civilingenj\u00f6r industriell ekonomi, Tekniska H\u00f6gskolan vid Link\u00f6pings universitet<\/p>\n<p><!-- \/wp:paragraph --> <!-- wp:paragraph --><\/p>\n<p><strong>Erfarenhet:<\/strong> Chief Commercial Officer Releasy Customer Management, Managementkonsult Centigo och i egen regi.<\/p>\n<p><!-- \/wp:paragraph --> <!-- wp:paragraph --><\/p>\n<p><strong>Andra p\u00e5g\u00e5ende uppdrag:<\/strong> Styrelseledamot i Elk Audio AB, Berno Invest AB och OrganoClick AB.<\/p>\n<p><!-- \/wp:paragraph --> <!-- wp:paragraph --><\/p>\n<p><strong>Oberoende i f\u00f6rh\u00e5llande till f\u00f6retaget och f\u00f6retagsledningen:<\/strong> Ja<\/p>\n<p><!-- \/wp:paragraph --> <!-- wp:paragraph --><\/p>\n<p><strong>Oberoende i f\u00f6rh\u00e5llande till f\u00f6retagets st\u00f6rre \u00e4gare:<\/strong> Nej<!-- \/wp:paragraph --><\/p>\n\n        <\/div>\n                                                    <a class=\"wp-block-list-image__link link--arrow link link--arrow\" href=\"https:\/\/www.careium.com\/se\/investerarrelationer\/styrelsens-och-ledningens-aktieinnehav\/\"\n                    target=\"_self\">Se Aktieinnehav (inkl. n\u00e4rst\u00e5endes aktieinnehav)<\/a>\n                        <\/div>\n<\/div>\n\n\n\n<div style=\"height:20px\" aria-hidden=\"true\" class=\"wp-block-spacer is-style-small\"><\/div>\n\n\n<div class=\"wp-block-list-image wp-block-list-image--image-left not-prose\" style=\"\">\n            <div class=\"wp-block-list-image__image\">\n            <picture>\n                                    <source media=\"(min-width: 700px)\" srcset=\"https:\/\/www.careium.com\/app\/uploads\/sites\/2\/2026\/02\/nils-780x780.png\" type=\"image\/png\"\n                    width=\"780\" height=\"780\">\n                                                <source media=\"(max-width: 699px)\" srcset=\"https:\/\/www.careium.com\/app\/uploads\/sites\/2\/2026\/02\/nils-700x700.png\" type=\"image\/png\"\n                    width=\"700\" height=\"700\">\n                                                <source media=\"(max-width: 500px)\" srcset=\"https:\/\/www.careium.com\/app\/uploads\/sites\/2\/2026\/02\/nils-520x520.png\" type=\"image\/png\"\n                    width=\"520\" height=\"520\">\n                    \n\n        <img decoding=\"async\" class=\"image-fit\" src=\"https:\/\/www.careium.com\/app\/uploads\/sites\/2\/2026\/02\/nils-780x780.png\" alt=\"\" loading=\"lazy\"\n            width=\"780\" height=\"780\">\n    <\/picture>\n        <\/div>\n        <div class=\"wp-block-list-image__text\">\n                        <h2\n            class=\"wp-block-list-image__heading wp-block-list-image__heading--sm\">\n            Nils Normell            <\/h2>\n                        <div\n            class=\"wp-block-list-image__preamble wp-block-list-image__preamble--sm\">\n            <p><!-- wp:paragraph --><\/p>\n<p><strong>Styrelseledamot sedan 2024.<\/strong><\/p>\n<p><!-- \/wp:paragraph --> <!-- wp:paragraph --><\/p>\n<p><strong>F\u00f6dd:<\/strong> 1964<\/p>\n<p><!-- \/wp:paragraph --> <!-- wp:paragraph --><\/p>\n<p><strong>Utbildning:<\/strong> M.Sc, Kungliga Tekniska H\u00f6gskolan och MBA, Handelsh\u00f6gskolan i Stockholm.<\/p>\n<p><!-- \/wp:paragraph --> <!-- wp:paragraph --><\/p>\n<p><strong>Erfarenhet:<\/strong> Ledande positioner p\u00e5 Microsoft, Apple, Nokia och Electrolux samt drivit start-up f\u00f6retag.<\/p>\n<p><!-- \/wp:paragraph --> <!-- wp:paragraph --><\/p>\n<p><strong>Andra p\u00e5g\u00e5ende uppdrag:<\/strong> President, Market Unit Europe and Rest of World p\u00e5 Tobii Dynavox AB (publ).<\/p>\n<p><!-- \/wp:paragraph --> <!-- wp:paragraph --><\/p>\n<p><strong>Oberoende i f\u00f6rh\u00e5llande till f\u00f6retaget och f\u00f6retagsledningen:<\/strong> Ja<\/p>\n<p><!-- \/wp:paragraph --> <!-- wp:paragraph --><\/p>\n<p><strong>Oberoende i f\u00f6rh\u00e5llande till f\u00f6retagets st\u00f6rre \u00e4gare:<\/strong> Ja<!-- \/wp:paragraph --><\/p>\n\n        <\/div>\n                                                    <a class=\"wp-block-list-image__link link--arrow link link--arrow\" href=\"https:\/\/www.careium.com\/se\/investerarrelationer\/styrelsens-och-ledningens-aktieinnehav\/\"\n                    target=\"_self\">Se Aktieinnehav (inkl. n\u00e4rst\u00e5endes aktieinnehav)<\/a>\n                        <\/div>\n<\/div>\n\n\n\n<div style=\"height:20px\" aria-hidden=\"true\" class=\"wp-block-spacer is-style-small\"><\/div>\n\n\n<div class=\"wp-block-list-image wp-block-list-image--image-right not-prose\" style=\"\">\n            <div class=\"wp-block-list-image__image\">\n            <picture>\n                                    <source media=\"(min-width: 700px)\" srcset=\"https:\/\/www.careium.com\/app\/uploads\/sites\/2\/2026\/02\/janne-780x780.png\" type=\"image\/png\"\n                    width=\"780\" height=\"780\">\n                                                <source media=\"(max-width: 699px)\" srcset=\"https:\/\/www.careium.com\/app\/uploads\/sites\/2\/2026\/02\/janne-700x700.png\" type=\"image\/png\"\n                    width=\"700\" height=\"700\">\n                                                <source media=\"(max-width: 500px)\" srcset=\"https:\/\/www.careium.com\/app\/uploads\/sites\/2\/2026\/02\/janne-520x520.png\" type=\"image\/png\"\n                    width=\"520\" height=\"520\">\n                    \n\n        <img decoding=\"async\" class=\"image-fit\" src=\"https:\/\/www.careium.com\/app\/uploads\/sites\/2\/2026\/02\/janne-780x780.png\" alt=\"Janne Holmia\" loading=\"lazy\"\n            width=\"780\" height=\"780\">\n    <\/picture>\n        <\/div>\n        <div class=\"wp-block-list-image__text\">\n                        <h2\n            class=\"wp-block-list-image__heading wp-block-list-image__heading--sm\">\n            Janne Holmia            <\/h2>\n                        <div\n            class=\"wp-block-list-image__preamble wp-block-list-image__preamble--sm\">\n            <p><!-- wp:paragraph --><\/p>\n<p><strong>Styrelseledamot sedan 202<\/strong>5<\/p>\n<p><!-- \/wp:paragraph --> <!-- wp:paragraph --><\/p>\n<p><strong>F\u00f6dd:<\/strong> 1982<\/p>\n<p><!-- \/wp:paragraph --> <!-- wp:paragraph --><\/p>\n<p><strong>Utbildning:<\/strong> MSc i finans och en BSc i f\u00f6retagsekonomi fr\u00e5n University of Florida (USA).<\/p>\n<p><!-- \/wp:paragraph --> <!-- wp:paragraph --><\/p>\n<p><strong>Erfarenhet:<\/strong> : Janne har erfarenhet av att vara en aktiv \u00e4gare och styrelseledamot i flera teknikf\u00f6retag och har haft olika seniora positioner p\u00e5 Verdane, d\u00e4r han b\u00f6rjade arbeta 2008.<\/p>\n<p><!-- \/wp:paragraph --> <!-- wp:paragraph --><\/p>\n<p><strong>Andra p\u00e5g\u00e5ende uppdrag:<\/strong> Senior Advisor p\u00e5 Verdane, ett specialistf\u00f6retag inom tillv\u00e4xtkapitalinvesteringar som samarbetar med teknikdrivna och h\u00e5llbara f\u00f6retag.<\/p>\n<p><!-- \/wp:paragraph --> <!-- wp:paragraph --><\/p>\n<p><strong>Oberoende i f\u00f6rh\u00e5llande till f\u00f6retaget och f\u00f6retagsledningen:<\/strong> Ja<\/p>\n<p><!-- \/wp:paragraph --> <!-- wp:paragraph --><\/p>\n<p><strong>Oberoende i f\u00f6rh\u00e5llande till f\u00f6retagets st\u00f6rre \u00e4gare:<\/strong> Ja<!-- \/wp:paragraph --><\/p>\n\n        <\/div>\n                                                    <a class=\"wp-block-list-image__link link--arrow link link--arrow\" href=\"https:\/\/www.careium.com\/se\/investerarrelationer\/styrelsens-och-ledningens-aktieinnehav\/\"\n                    target=\"_self\">Se Aktieinnehav (inkl. n\u00e4rst\u00e5endes aktieinnehav)<\/a>\n                        <\/div>\n<\/div>\n\n\n\n<div style=\"height:20px\" aria-hidden=\"true\" class=\"wp-block-spacer is-style-medium\"><\/div>\n\n\n<div class=\"wp-block-media-text acf-wp-block-media-text--image-right is-style-white_no_image acf-wp-block-media-text\"\n    style=\"\">\n    <div class=\"acf-wp-block-media-text__container\">\n        <div class=\"acf-wp-block-media-text__text\">\n                                                    <h2 class=\"acf-wp-block-media-text__heading\">Careiums Revisorer<\/h2>\n                            <div class=\"acf-wp-block-media-text__preamble\"><p>\u00d6hrlings PricewaterhouseCoopers AB, med adress Anna Lindhs Plats 4, 211 19 Malm\u00f6, \u00e4r Careiums revisor. Johan R\u00f6nnb\u00e4ck, auktoriserad revisor och medlem i FAR (branschorganisationen f\u00f6r auktoriserade revisorer), \u00e4r huvudansvarig revisor.<\/p>\n<\/div>\n                                                            <\/div>\n    <\/div>\n    <\/div>\n\n\n\n<div style=\"height:50px\" aria-hidden=\"true\" class=\"wp-block-spacer is-style-large\"><\/div>\n","protected":false},"excerpt":{"rendered":"<p>Styrelseledam\u00f6ter och revisorer<\/p>\n","protected":false},"author":5,"featured_media":0,"parent":1742,"menu_order":0,"comment_status":"closed","ping_status":"closed","template":"","meta":{"_acf_changed":false,"footnotes":""},"class_list":["post-1494","page","type-page","status-publish","hentry"],"acf":[],"_links":{"self":[{"href":"https:\/\/www.careium.com\/se\/wp-json\/wp\/v2\/pages\/1494","targetHints":{"allow":["GET"]}}],"collection":[{"href":"https:\/\/www.careium.com\/se\/wp-json\/wp\/v2\/pages"}],"about":[{"href":"https:\/\/www.careium.com\/se\/wp-json\/wp\/v2\/types\/page"}],"author":[{"embeddable":true,"href":"https:\/\/www.careium.com\/se\/wp-json\/wp\/v2\/users\/5"}],"replies":[{"embeddable":true,"href":"https:\/\/www.careium.com\/se\/wp-json\/wp\/v2\/comments?post=1494"}],"version-history":[{"count":5,"href":"https:\/\/www.careium.com\/se\/wp-json\/wp\/v2\/pages\/1494\/revisions"}],"predecessor-version":[{"id":5724,"href":"https:\/\/www.careium.com\/se\/wp-json\/wp\/v2\/pages\/1494\/revisions\/5724"}],"up":[{"embeddable":true,"href":"https:\/\/www.careium.com\/se\/wp-json\/wp\/v2\/pages\/1742"}],"wp:attachment":[{"href":"https:\/\/www.careium.com\/se\/wp-json\/wp\/v2\/media?parent=1494"}],"curies":[{"name":"wp","href":"https:\/\/api.w.org\/{rel}","templated":true}]}}