{"id":1511,"date":"2025-05-09T13:53:06","date_gmt":"2025-05-09T13:53:06","guid":{"rendered":"https:\/\/www.careium.com\/se\/?page_id=1511"},"modified":"2026-03-18T15:29:46","modified_gmt":"2026-03-18T14:29:46","slug":"ledningsgrupp","status":"publish","type":"page","link":"https:\/\/www.careium.com\/se\/investerarrelationer\/ledningsgrupp\/","title":{"rendered":"Ledningsgrupp"},"content":{"rendered":"<div class=\"wp-block-breadcrumbs\" style=\"\">\n    <div class=\"breadcrumbs  max-xl:lg:mt-4\">\n    <nav aria-label=\"breadcrumbs\">\n        <ul class=\"!ml-0 mb-4 mt-2 flex items-center gap-1 pl-0\">\n                            <li class=\"text-primary-100 my-0 flex list-none items-center pl-0 text-xs md:text-sm\">\n                    <a class=\"link link--breadcrumb\" href=\"https:\/\/www.careium.com\/se\/\">Hem<\/a>\n                                    <\/li>\n                    <\/ul>\n    <\/nav>\n<\/div>\n<\/div>\n\n\n\n<div style=\"height:20px\" aria-hidden=\"true\" class=\"wp-block-spacer is-style-medium\"><\/div>\n\n\n\n<h1 class=\"wp-block-heading has-text-align-center\">Ledningsgrupp<\/h1>\n\n\n\n<div style=\"height:40px\" aria-hidden=\"true\" class=\"wp-block-spacer is-style-small\"><\/div>\n\n\n<div class=\"wp-block-list-image wp-block-list-image--image-left not-prose\" style=\"\">\n            <div class=\"wp-block-list-image__image\">\n            <picture>\n                                    <source media=\"(min-width: 700px)\" srcset=\"https:\/\/www.careium.com\/app\/uploads\/sites\/2\/2026\/02\/row-32-Peter-H-1-780x780.png.webp\" type=\"image\/webp\"\n                    width=\"780\" height=\"780\">\n                            <source media=\"(min-width: 700px)\" srcset=\"https:\/\/www.careium.com\/app\/uploads\/sites\/2\/2026\/02\/row-32-Peter-H-1-780x780.png\" type=\"image\/png\"\n                    width=\"780\" height=\"780\">\n                                                <source media=\"(max-width: 699px)\" srcset=\"https:\/\/www.careium.com\/app\/uploads\/sites\/2\/2026\/02\/row-32-Peter-H-1-700x700.png.webp\" type=\"image\/webp\"\n                    width=\"700\" height=\"700\">\n                            <source media=\"(max-width: 699px)\" srcset=\"https:\/\/www.careium.com\/app\/uploads\/sites\/2\/2026\/02\/row-32-Peter-H-1-700x700.png\" type=\"image\/png\"\n                    width=\"700\" height=\"700\">\n                                                <source media=\"(max-width: 500px)\" srcset=\"https:\/\/www.careium.com\/app\/uploads\/sites\/2\/2026\/02\/row-32-Peter-H-1-520x520.png.webp\" type=\"image\/webp\"\n                    width=\"520\" height=\"520\">\n                            <source media=\"(max-width: 500px)\" srcset=\"https:\/\/www.careium.com\/app\/uploads\/sites\/2\/2026\/02\/row-32-Peter-H-1-520x520.png\" type=\"image\/png\"\n                    width=\"520\" height=\"520\">\n                    \n\n        <img decoding=\"async\" class=\"image-fit\" src=\"https:\/\/www.careium.com\/app\/uploads\/sites\/2\/2026\/02\/row-32-Peter-H-1-780x780.png\" alt=\"Peter Heuman-ceo\" loading=\"lazy\"\n            width=\"780\" height=\"780\">\n    <\/picture>\n        <\/div>\n        <div class=\"wp-block-list-image__text\">\n                        <h2\n            class=\"wp-block-list-image__heading wp-block-list-image__heading--sm\">\n            Peter Heuman            <\/h2>\n                        <div\n            class=\"wp-block-list-image__preamble wp-block-list-image__preamble--sm\">\n            <p><!-- wp:paragraph --><\/p>\n<p><strong>Interim VD sedan 2025<\/strong><\/p>\n<p><!-- \/wp:paragraph --> <!-- wp:paragraph --><\/p>\n<p><strong>F\u00f6dd:<\/strong> 1976<\/p>\n<p><!-- \/wp:paragraph --> <!-- wp:paragraph --><\/p>\n<p><strong>Utbildning:<\/strong> Civilingenj\u00f6rsexamen IT och management (Z) fr\u00e5n Chalmers tekniska h\u00f6gskola samt ledarskapsutbildning (executive education) fr\u00e5n Stanford University.<\/p>\n<p><!-- \/wp:paragraph --> <!-- wp:paragraph --><\/p>\n<p><strong>Erfarenhet:<\/strong> Peter har erfarenhet som VD f\u00f6r flera nordiska b\u00f6rsnoterade bolag samt bred internationell erfarenhet fr\u00e5n ledande befattningar inom Kinnevik, Ericsson och andra bolag, inklusive internationell styrelseerfarenhet.<\/p>\n<p><!-- \/wp:paragraph --> <!-- wp:paragraph --><\/p>\n<p><strong>Andra p\u00e5g\u00e5ende uppdrag: <\/strong>&#8211;<\/p>\n<p><!-- \/wp:paragraph --> <!-- wp:paragraph --><\/p>\n<p><strong>Personaloptioner:<\/strong> &#8211;<\/p>\n\n        <\/div>\n                                                    <a class=\"wp-block-list-image__link link--arrow link link--arrow\" href=\"https:\/\/www.careium.com\/se\/investerarrelationer\/styrelsens-och-ledningens-aktieinnehav\/\"\n                    target=\"_self\">Se Aktieinnehav (inkl. n\u00e4rst\u00e5endes aktieinnehav)<\/a>\n                        <\/div>\n<\/div>\n\n\n\n<div style=\"height:20px\" aria-hidden=\"true\" class=\"wp-block-spacer is-style-small\"><\/div>\n\n\n\n<div style=\"height:20px\" aria-hidden=\"true\" class=\"wp-block-spacer is-style-small\"><\/div>\n\n\n<div class=\"wp-block-list-image wp-block-list-image--image-right not-prose\" style=\"\">\n            <div class=\"wp-block-list-image__image\">\n            <picture>\n                                    <source media=\"(min-width: 700px)\" srcset=\"https:\/\/www.careium.com\/app\/uploads\/sites\/2\/2026\/01\/20241120-122700-5760-bw1-1-e1769495243468-780x676.jpg.webp\" type=\"image\/webp\"\n                    width=\"780\" height=\"676\">\n                            <source media=\"(min-width: 700px)\" srcset=\"https:\/\/www.careium.com\/app\/uploads\/sites\/2\/2026\/01\/20241120-122700-5760-bw1-1-e1769495243468-780x676.jpg\" type=\"image\/jpeg\"\n                    width=\"780\" height=\"676\">\n                                                <source media=\"(max-width: 699px)\" srcset=\"https:\/\/www.careium.com\/app\/uploads\/sites\/2\/2026\/01\/20241120-122700-5760-bw1-1-e1769495243468-700x607.jpg.webp\" type=\"image\/webp\"\n                    width=\"700\" height=\"607\">\n                            <source media=\"(max-width: 699px)\" srcset=\"https:\/\/www.careium.com\/app\/uploads\/sites\/2\/2026\/01\/20241120-122700-5760-bw1-1-e1769495243468-700x607.jpg\" type=\"image\/jpeg\"\n                    width=\"700\" height=\"607\">\n                                                <source media=\"(max-width: 500px)\" srcset=\"https:\/\/www.careium.com\/app\/uploads\/sites\/2\/2026\/01\/20241120-122700-5760-bw1-1-e1769495243468-520x451.jpg.webp\" type=\"image\/webp\"\n                    width=\"520\" height=\"451\">\n                            <source media=\"(max-width: 500px)\" srcset=\"https:\/\/www.careium.com\/app\/uploads\/sites\/2\/2026\/01\/20241120-122700-5760-bw1-1-e1769495243468-520x451.jpg\" type=\"image\/jpeg\"\n                    width=\"520\" height=\"451\">\n                    \n\n        <img decoding=\"async\" class=\"image-fit\" src=\"https:\/\/www.careium.com\/app\/uploads\/sites\/2\/2026\/01\/20241120-122700-5760-bw1-1-e1769495243468-780x676.jpg\" alt=\"\" loading=\"lazy\"\n            width=\"780\" height=\"676\">\n    <\/picture>\n        <\/div>\n        <div class=\"wp-block-list-image__text\">\n                        <h2\n            class=\"wp-block-list-image__heading wp-block-list-image__heading--sm\">\n            David Granath            <\/h2>\n                        <div\n            class=\"wp-block-list-image__preamble wp-block-list-image__preamble--sm\">\n            <p><!-- wp:paragraph --><\/p>\n<p><strong>CFO sedan 2024<\/strong><\/p>\n<p><!-- \/wp:paragraph --> <!-- wp:paragraph --><\/p>\n<p><strong>F\u00f6dd:<\/strong> 1981<\/p>\n<p><!-- \/wp:paragraph --> <!-- wp:paragraph --><\/p>\n<p><strong>Utbildning:<\/strong> Civilingenj\u00f6rsexamen Industriell ekonomi fr\u00e5n Link\u00f6pings Universitet<\/p>\n<p><!-- \/wp:paragraph --> <!-- wp:paragraph --><\/p>\n<p><strong>Erfarenhet:<\/strong> David har tidigare erfarenhet fr\u00e5n uppdrag som CFO f\u00f6r Polarium och Qliro Group, management konsult p\u00e5 Applied Value och business controller p\u00e5 Dustin.<\/p>\n<p><!-- \/wp:paragraph --> <!-- wp:paragraph --><\/p>\n<p><strong>Andra p\u00e5g\u00e5ende uppdrag:<\/strong> Styrelseledamot S\u00f6der Sportfiske.<\/p>\n<p><!-- \/wp:paragraph --> <!-- wp:paragraph --><\/p>\n<p><strong>Personaloptioner: <\/strong>60 000<\/p>\n\n        <\/div>\n                                                    <a class=\"wp-block-list-image__link link--arrow link link--arrow\" href=\"https:\/\/www.careium.com\/se\/investerarrelationer\/styrelsens-och-ledningens-aktieinnehav\/\"\n                    target=\"_self\">Se Aktieinnehav (inkl. n\u00e4rst\u00e5endes aktieinnehav)<\/a>\n                        <\/div>\n<\/div>\n\n\n\n<div style=\"height:20px\" aria-hidden=\"true\" class=\"wp-block-spacer is-style-small\"><\/div>\n\n\n<div class=\"wp-block-list-image wp-block-list-image--image-left not-prose\" style=\"\">\n            <div class=\"wp-block-list-image__image\">\n            <picture>\n                                    <source media=\"(min-width: 700px)\" srcset=\"https:\/\/www.careium.com\/app\/uploads\/sites\/2\/2026\/01\/20241120-120828-5285-bw1-e1769495264956-780x676.jpg.webp\" type=\"image\/webp\"\n                    width=\"780\" height=\"676\">\n                            <source media=\"(min-width: 700px)\" srcset=\"https:\/\/www.careium.com\/app\/uploads\/sites\/2\/2026\/01\/20241120-120828-5285-bw1-e1769495264956-780x676.jpg\" type=\"image\/jpeg\"\n                    width=\"780\" height=\"676\">\n                                                <source media=\"(max-width: 699px)\" srcset=\"https:\/\/www.careium.com\/app\/uploads\/sites\/2\/2026\/01\/20241120-120828-5285-bw1-e1769495264956-700x607.jpg.webp\" type=\"image\/webp\"\n                    width=\"700\" height=\"607\">\n                            <source media=\"(max-width: 699px)\" srcset=\"https:\/\/www.careium.com\/app\/uploads\/sites\/2\/2026\/01\/20241120-120828-5285-bw1-e1769495264956-700x607.jpg\" type=\"image\/jpeg\"\n                    width=\"700\" height=\"607\">\n                                                <source media=\"(max-width: 500px)\" srcset=\"https:\/\/www.careium.com\/app\/uploads\/sites\/2\/2026\/01\/20241120-120828-5285-bw1-e1769495264956-520x451.jpg.webp\" type=\"image\/webp\"\n                    width=\"520\" height=\"451\">\n                            <source media=\"(max-width: 500px)\" srcset=\"https:\/\/www.careium.com\/app\/uploads\/sites\/2\/2026\/01\/20241120-120828-5285-bw1-e1769495264956-520x451.jpg\" type=\"image\/jpeg\"\n                    width=\"520\" height=\"451\">\n                    \n\n        <img decoding=\"async\" class=\"image-fit\" src=\"https:\/\/www.careium.com\/app\/uploads\/sites\/2\/2026\/01\/20241120-120828-5285-bw1-e1769495264956-780x676.jpg\" alt=\"\" loading=\"lazy\"\n            width=\"780\" height=\"676\">\n    <\/picture>\n        <\/div>\n        <div class=\"wp-block-list-image__text\">\n                        <h2\n            class=\"wp-block-list-image__heading wp-block-list-image__heading--sm\">\n            Annika Ramsing            <\/h2>\n                        <div\n            class=\"wp-block-list-image__preamble wp-block-list-image__preamble--sm\">\n            <p><!-- wp:paragraph --><\/p>\n<p><!-- wp:paragraph --><\/p>\n<p><strong>CHRO sedan 2021<\/strong><\/p>\n<p><!-- \/wp:paragraph --> <!-- wp:paragraph --><\/p>\n<p><strong>F\u00f6dd:<\/strong> 1972<\/p>\n<p><!-- \/wp:paragraph --> <!-- wp:paragraph --><\/p>\n<p><strong>Utbildning:<\/strong> Kandidatexamen i beteendevetenskap vid Lunds universitet.<\/p>\n<p><!-- \/wp:paragraph --> <!-- wp:paragraph --><\/p>\n<p><strong>Erfarenhet:<\/strong> Annika har tidigare erfarenhet fr\u00e5n uppdrag som CHRO f\u00f6r DORO AB, Group HR Manager f\u00f6r TwentyFourSevenGroup AB, HR Manager f\u00f6r 3DK och HRBP f\u00f6r Grontmij AB.<\/p>\n<p><!-- \/wp:paragraph --> <!-- wp:paragraph --><\/p>\n<p><strong>Andra p\u00e5g\u00e5ende uppdrag:<\/strong> &#8211;<\/p>\n<p><!-- \/wp:paragraph --> <!-- wp:paragraph --><\/p>\n<p><strong>Personaloptioner:<\/strong> 20 000<!-- \/wp:paragraph --><\/p>\n\n        <\/div>\n                                                    <a class=\"wp-block-list-image__link link--arrow link link--arrow\" href=\"https:\/\/www.careium.com\/se\/investerarrelationer\/styrelsens-och-ledningens-aktieinnehav\/\"\n                    target=\"_self\">Se Aktieinnehav (inkl. n\u00e4rst\u00e5endes aktieinnehav)<\/a>\n                        <\/div>\n<\/div>\n\n\n\n<div style=\"height:20px\" aria-hidden=\"true\" class=\"wp-block-spacer is-style-small\"><\/div>\n\n\n<div class=\"wp-block-list-image wp-block-list-image--image-right not-prose\" style=\"\">\n            <div class=\"wp-block-list-image__image\">\n            <picture>\n                                    <source media=\"(min-width: 700px)\" srcset=\"https:\/\/www.careium.com\/app\/uploads\/sites\/2\/2026\/01\/20241120-122104-5597-bw1-1-e1769495292726-780x676.jpg.webp\" type=\"image\/webp\"\n                    width=\"780\" height=\"676\">\n                            <source media=\"(min-width: 700px)\" srcset=\"https:\/\/www.careium.com\/app\/uploads\/sites\/2\/2026\/01\/20241120-122104-5597-bw1-1-e1769495292726-780x676.jpg\" type=\"image\/jpeg\"\n                    width=\"780\" height=\"676\">\n                                                <source media=\"(max-width: 699px)\" srcset=\"https:\/\/www.careium.com\/app\/uploads\/sites\/2\/2026\/01\/20241120-122104-5597-bw1-1-e1769495292726-700x607.jpg.webp\" type=\"image\/webp\"\n                    width=\"700\" height=\"607\">\n                            <source media=\"(max-width: 699px)\" srcset=\"https:\/\/www.careium.com\/app\/uploads\/sites\/2\/2026\/01\/20241120-122104-5597-bw1-1-e1769495292726-700x607.jpg\" type=\"image\/jpeg\"\n                    width=\"700\" height=\"607\">\n                                                <source media=\"(max-width: 500px)\" srcset=\"https:\/\/www.careium.com\/app\/uploads\/sites\/2\/2026\/01\/20241120-122104-5597-bw1-1-e1769495292726-520x451.jpg.webp\" type=\"image\/webp\"\n                    width=\"520\" height=\"451\">\n                            <source media=\"(max-width: 500px)\" srcset=\"https:\/\/www.careium.com\/app\/uploads\/sites\/2\/2026\/01\/20241120-122104-5597-bw1-1-e1769495292726-520x451.jpg\" type=\"image\/jpeg\"\n                    width=\"520\" height=\"451\">\n                    \n\n        <img decoding=\"async\" class=\"\" src=\"https:\/\/www.careium.com\/app\/uploads\/sites\/2\/2026\/01\/20241120-122104-5597-bw1-1-e1769495292726-780x676.jpg\" alt=\"\" loading=\"lazy\"\n            width=\"780\" height=\"676\">\n    <\/picture>\n        <\/div>\n        <div class=\"wp-block-list-image__text\">\n                        <h2\n            class=\"wp-block-list-image__heading wp-block-list-image__heading--sm\">\n            Ulrik Nilsson            <\/h2>\n                        <div\n            class=\"wp-block-list-image__preamble wp-block-list-image__preamble--sm\">\n            <p><!-- wp:paragraph --><\/p>\n<p><strong>CSCO sedan 2023<\/strong><\/p>\n<p><!-- \/wp:paragraph --> <!-- wp:paragraph --><\/p>\n<p><strong>F\u00f6dd:<\/strong> 1971<\/p>\n<p><!-- \/wp:paragraph --> <!-- wp:paragraph --><\/p>\n<p><strong>Utbildning:<\/strong> El-teleteknisk gymnasieutbildning.<\/p>\n<p><!-- \/wp:paragraph --> <!-- wp:paragraph --><\/p>\n<p><strong>Erfarenhet:<\/strong> Ulrik har tidigare erfarenhet fr\u00e5n uppdrag som Operations Director, IT\/IS Director och VP Operations i DORO AB.<\/p>\n<p><!-- \/wp:paragraph --> <!-- wp:paragraph --><\/p>\n<p><strong>Andra p\u00e5g\u00e5ende uppdrag:<\/strong> &#8211;<\/p>\n<p><!-- \/wp:paragraph --> <!-- wp:paragraph --><\/p>\n<p><strong>Personaloptioner:<\/strong> 20 000<!-- \/wp:paragraph --><\/p>\n\n        <\/div>\n                                                    <a class=\"wp-block-list-image__link link--arrow link link--arrow\" href=\"https:\/\/www.careium.com\/se\/investerarrelationer\/styrelsens-och-ledningens-aktieinnehav\/\"\n                    target=\"_self\">Se Aktieinnehav (inkl. n\u00e4rst\u00e5endes aktieinnehav)<\/a>\n                        <\/div>\n<\/div>\n\n\n\n<div style=\"height:15px\" aria-hidden=\"true\" class=\"wp-block-spacer is-style-small\"><\/div>\n\n\n<div class=\"wp-block-list-image wp-block-list-image--image-left not-prose\" style=\"\">\n            <div class=\"wp-block-list-image__image\">\n            <picture>\n                                    <source media=\"(min-width: 700px)\" srcset=\"https:\/\/www.careium.com\/app\/uploads\/sites\/2\/2026\/02\/Oskar-2-780x780.png.webp\" type=\"image\/webp\"\n                    width=\"780\" height=\"780\">\n                            <source media=\"(min-width: 700px)\" srcset=\"https:\/\/www.careium.com\/app\/uploads\/sites\/2\/2026\/02\/Oskar-2-780x780.png\" type=\"image\/png\"\n                    width=\"780\" height=\"780\">\n                                                <source media=\"(max-width: 699px)\" srcset=\"https:\/\/www.careium.com\/app\/uploads\/sites\/2\/2026\/02\/Oskar-2-700x700.png.webp\" type=\"image\/webp\"\n                    width=\"700\" height=\"700\">\n                            <source media=\"(max-width: 699px)\" srcset=\"https:\/\/www.careium.com\/app\/uploads\/sites\/2\/2026\/02\/Oskar-2-700x700.png\" type=\"image\/png\"\n                    width=\"700\" height=\"700\">\n                                                <source media=\"(max-width: 500px)\" srcset=\"https:\/\/www.careium.com\/app\/uploads\/sites\/2\/2026\/02\/Oskar-2-520x520.png.webp\" type=\"image\/webp\"\n                    width=\"520\" height=\"520\">\n                            <source media=\"(max-width: 500px)\" srcset=\"https:\/\/www.careium.com\/app\/uploads\/sites\/2\/2026\/02\/Oskar-2-520x520.png\" type=\"image\/png\"\n                    width=\"520\" height=\"520\">\n                    \n\n        <img decoding=\"async\" class=\"image-fit\" src=\"https:\/\/www.careium.com\/app\/uploads\/sites\/2\/2026\/02\/Oskar-2-780x780.png\" alt=\"oskar-hagglund-cio-careium\" loading=\"lazy\"\n            width=\"780\" height=\"780\">\n    <\/picture>\n        <\/div>\n        <div class=\"wp-block-list-image__text\">\n                        <h2\n            class=\"wp-block-list-image__heading wp-block-list-image__heading--sm\">\n            Oskar H\u00e4gglund            <\/h2>\n                        <div\n            class=\"wp-block-list-image__preamble wp-block-list-image__preamble--sm\">\n            <p><!-- wp:paragraph --><\/p>\n<p><strong>CIO sedan 2023<\/strong><\/p>\n<p><!-- \/wp:paragraph --> <!-- wp:paragraph --><\/p>\n<p><strong>F\u00f6dd:<\/strong> 1976<\/p>\n<p><!-- \/wp:paragraph --> <!-- wp:paragraph --><\/p>\n<p><strong>Utbildning:<\/strong> Civilekonomexamen Handelsh\u00f6gskolan vid Ume\u00e5 Universitet<\/p>\n<p><!-- \/wp:paragraph --> <!-- wp:paragraph --><\/p>\n<p><strong>Erfarenhet:<\/strong> Oskars senaste erfarenhet \u00e4r som IT- chef p\u00e5 Attendo AB, d\u00e4r han hade ansvar f\u00f6r strategi, s\u00e4kerhet och arkitektur till 15 000 medarbetare. Han har ocks\u00e5 m\u00e5ng\u00e5rig erfarenhet fr\u00e5n seniora positioner inom IT hos Sj och Swedavia samt som IT managementkonsult hos bl.a. Connecta.<\/p>\n<p><!-- \/wp:paragraph --> <!-- wp:paragraph --><\/p>\n<p><strong>Andra p\u00e5g\u00e5ende uppdrag:<\/strong> &#8211;<\/p>\n<p><!-- \/wp:paragraph --> <!-- wp:paragraph --><\/p>\n<p><strong>Personaloptioner:<\/strong> 20 000<!-- \/wp:paragraph --><\/p>\n\n        <\/div>\n                                                    <a class=\"wp-block-list-image__link link--arrow link link--arrow\" href=\"https:\/\/www.careium.com\/se\/investerarrelationer\/styrelsens-och-ledningens-aktieinnehav\/\"\n                    target=\"_self\">Se Aktieinnehav (inkl. n\u00e4rst\u00e5endes aktieinnehav)<\/a>\n                        <\/div>\n<\/div>\n\n\n\n<div style=\"height:15px\" aria-hidden=\"true\" class=\"wp-block-spacer is-style-small\"><\/div>\n\n\n<div class=\"wp-block-list-image wp-block-list-image--image-right not-prose\" style=\"\">\n            <div class=\"wp-block-list-image__image\">\n            <picture>\n                                    <source media=\"(min-width: 700px)\" srcset=\"https:\/\/www.careium.com\/app\/uploads\/sites\/2\/2026\/01\/Alex-G-e1769666504226-780x696.png.webp\" type=\"image\/webp\"\n                    width=\"780\" height=\"696\">\n                            <source media=\"(min-width: 700px)\" srcset=\"https:\/\/www.careium.com\/app\/uploads\/sites\/2\/2026\/01\/Alex-G-e1769666504226-780x696.png\" type=\"image\/png\"\n                    width=\"780\" height=\"696\">\n                                                <source media=\"(max-width: 699px)\" srcset=\"https:\/\/www.careium.com\/app\/uploads\/sites\/2\/2026\/01\/Alex-G-e1769666504226-700x624.png.webp\" type=\"image\/webp\"\n                    width=\"700\" height=\"624\">\n                            <source media=\"(max-width: 699px)\" srcset=\"https:\/\/www.careium.com\/app\/uploads\/sites\/2\/2026\/01\/Alex-G-e1769666504226-700x624.png\" type=\"image\/png\"\n                    width=\"700\" height=\"624\">\n                                                <source media=\"(max-width: 500px)\" srcset=\"https:\/\/www.careium.com\/app\/uploads\/sites\/2\/2026\/01\/Alex-G-e1769666504226-520x464.png.webp\" type=\"image\/webp\"\n                    width=\"520\" height=\"464\">\n                            <source media=\"(max-width: 500px)\" srcset=\"https:\/\/www.careium.com\/app\/uploads\/sites\/2\/2026\/01\/Alex-G-e1769666504226-520x464.png\" type=\"image\/png\"\n                    width=\"520\" height=\"464\">\n                    \n\n        <img decoding=\"async\" class=\"\" src=\"https:\/\/www.careium.com\/app\/uploads\/sites\/2\/2026\/01\/Alex-G-e1769666504226-780x696.png\" alt=\"\" loading=\"lazy\"\n            width=\"780\" height=\"696\">\n    <\/picture>\n        <\/div>\n        <div class=\"wp-block-list-image__text\">\n                        <h2\n            class=\"wp-block-list-image__heading wp-block-list-image__heading--sm\">\n            Alexander Golubev            <\/h2>\n                        <div\n            class=\"wp-block-list-image__preamble wp-block-list-image__preamble--sm\">\n            <p><!-- wp:paragraph --><\/p>\n<p><strong>Interim CTO sedan 2026<\/strong><\/p>\n<p><!-- \/wp:paragraph --> <!-- wp:paragraph --><\/p>\n<p><strong>F\u00f6dd:<\/strong> 1988<\/p>\n<p><!-- \/wp:paragraph --> <!-- wp:paragraph --><\/p>\n<p><strong>Utbildning:<\/strong> Specialist inom matematik och datavetenskap fr\u00e5n Sankt Petersburgs statliga universitet.<\/p>\n<p><!-- \/wp:paragraph --> <!-- wp:paragraph --><\/p>\n<p><strong>Erfarenhet:<\/strong> Alexander \u00e4r konsult p\u00e5 Netlight med 15 \u00e5rs erfarenhet. Han har arbetat som teknisk ledare och arkitekt (technical leader and architect) p\u00e5 flera olika bolag inom Media-, E-handels- och FinTechbranschen.<\/p>\n<p><!-- \/wp:paragraph --> <!-- wp:paragraph --><\/p>\n<p><strong>Andra p\u00e5g\u00e5ende uppdrag:<\/strong> &#8211;<\/p>\n<p><!-- \/wp:paragraph --> <!-- wp:paragraph --><\/p>\n<p><strong>Personaloptioner:<\/strong> &#8211;<!-- \/wp:paragraph --><\/p>\n\n        <\/div>\n                                                    <a class=\"wp-block-list-image__link link--arrow link link--arrow\" href=\"https:\/\/www.careium.com\/se\/investerarrelationer\/styrelsens-och-ledningens-aktieinnehav\/\"\n                    target=\"_self\">Se Aktieinnehav (inkl. n\u00e4rst\u00e5endes aktieinnehav)<\/a>\n                        <\/div>\n<\/div>\n\n\n\n\n\n<div style=\"height:50px\" aria-hidden=\"true\" class=\"wp-block-spacer is-style-large\"><\/div>\n","protected":false},"excerpt":{"rendered":"<p>Ledningsgrupp<\/p>\n","protected":false},"author":5,"featured_media":0,"parent":1742,"menu_order":0,"comment_status":"closed","ping_status":"closed","template":"","meta":{"_acf_changed":false,"footnotes":""},"class_list":["post-1511","page","type-page","status-publish","hentry"],"acf":[],"_links":{"self":[{"href":"https:\/\/www.careium.com\/se\/wp-json\/wp\/v2\/pages\/1511","targetHints":{"allow":["GET"]}}],"collection":[{"href":"https:\/\/www.careium.com\/se\/wp-json\/wp\/v2\/pages"}],"about":[{"href":"https:\/\/www.careium.com\/se\/wp-json\/wp\/v2\/types\/page"}],"author":[{"embeddable":true,"href":"https:\/\/www.careium.com\/se\/wp-json\/wp\/v2\/users\/5"}],"replies":[{"embeddable":true,"href":"https:\/\/www.careium.com\/se\/wp-json\/wp\/v2\/comments?post=1511"}],"version-history":[{"count":5,"href":"https:\/\/www.careium.com\/se\/wp-json\/wp\/v2\/pages\/1511\/revisions"}],"predecessor-version":[{"id":5952,"href":"https:\/\/www.careium.com\/se\/wp-json\/wp\/v2\/pages\/1511\/revisions\/5952"}],"up":[{"embeddable":true,"href":"https:\/\/www.careium.com\/se\/wp-json\/wp\/v2\/pages\/1742"}],"wp:attachment":[{"href":"https:\/\/www.careium.com\/se\/wp-json\/wp\/v2\/media?parent=1511"}],"curies":[{"name":"wp","href":"https:\/\/api.w.org\/{rel}","templated":true}]}}