{"id":1534,"date":"2025-05-15T11:33:15","date_gmt":"2025-05-15T11:33:15","guid":{"rendered":"https:\/\/www.careium.com\/se\/?page_id=1534"},"modified":"2026-03-31T16:44:41","modified_gmt":"2026-03-31T14:44:41","slug":"media","status":"publish","type":"page","link":"https:\/\/www.careium.com\/se\/investerarrelationer\/media\/","title":{"rendered":"Media och pressbilder"},"content":{"rendered":"<div class=\"wp-block-breadcrumbs\" style=\"\">\n    <div class=\"breadcrumbs  max-xl:lg:mt-4\">\n    <nav aria-label=\"breadcrumbs\">\n        <ul class=\"!ml-0 mb-4 mt-2 flex items-center gap-1 pl-0\">\n                            <li class=\"text-primary-100 my-0 flex list-none items-center pl-0 text-xs md:text-sm\">\n                    <a class=\"link link--breadcrumb\" href=\"https:\/\/www.careium.com\/se\/\">Hem<\/a>\n                                    <\/li>\n                    <\/ul>\n    <\/nav>\n<\/div>\n<\/div>\n\n\n\n<div style=\"height:50px\" aria-hidden=\"true\" class=\"wp-block-spacer is-style-medium\"><\/div>\n\n\n\n<h1 class=\"wp-block-heading has-text-align-left\">V\u00e4lkommen till v\u00e5rt pressrum<\/h1>\n\n\n\n<div style=\"height:30px\" aria-hidden=\"true\" class=\"wp-block-spacer is-style-small\"><\/div>\n\n\n\n<div class=\"wp-block-columns is-layout-flex wp-container-core-columns-is-layout-9d6595d7 wp-block-columns-is-layout-flex\">\n<div class=\"wp-block-column is-vertically-aligned-stretch is-layout-flow wp-block-column-is-layout-flow\"><div class=\"wp-block-cards is-odd\"\n    style=\"\" data-columns=\"1\">\n    \n<div class=\"wp-block-card has-neutral-pure-background-color  \"\n    style=\"\">\n        <div class=\"wp-block-card__top\">\n                    <\/div>\n    <div class=\"wp-block-card__textarea\">\n                    <h2 class=\"wp-block-card__heading\">Huvudkontor<\/h2>\n                            <p class=\"wp-block-card__text\">Careium AB<br \/>\r\nJ\u00f6rgen Kocksgatan 1B<br \/>\r\n211 20 Malm\u00f6<br \/>\r\nSverige<br \/>\r\n<br \/>\r\nV\u00e4xel:<br \/>\r\n+46 (0)10 &#8211; 482 90 00<\/p>\n        \n            <\/div>\n    <\/div>\n\n\n<\/div>\n<\/div>\n\n\n\n<div class=\"wp-block-column is-layout-flow wp-block-column-is-layout-flow\"><div class=\"wp-block-cards is-even\"\n    style=\"\" data-columns=\"1\">\n    \n<div class=\"wp-block-card has-neutral-pure-background-color  \"\n    style=\"\">\n        <div class=\"wp-block-card__top\">\n                    <\/div>\n    <div class=\"wp-block-card__textarea\">\n                    <h2 class=\"wp-block-card__heading\">Logotyp<\/h2>\n                            <p class=\"wp-block-card__text\">Om du \u00f6nskar anv\u00e4nda v\u00e5r logotyp, v\u00e4nligen ladda ner f\u00f6ljande paket. H\u00e4r finns logotypen i f\u00f6ljande versioner och format: RGB, CMYK, svart och vit. Filerna finns i PNG och EPS.<\/p>\n        \n                    <div class=\"wp-block-card__button-wrapper\">\n                <a href=\"https:\/\/www.careium.com\/app\/uploads\/sites\/2\/2025\/05\/careium_logotype-4.zip\" target=\"\"\n                    class=\"wp-block-card__button link link--arrow \">\n                    Ladda ner Careiums logotyp\n                <\/a>\n            <\/div>\n            <\/div>\n    <\/div>\n\n\n<div class=\"wp-block-card has-neutral-pure-background-color  \"\n    style=\"\">\n        <div class=\"wp-block-card__top\">\n                    <\/div>\n    <div class=\"wp-block-card__textarea\">\n                    <h2 class=\"wp-block-card__heading\">Pressbilder<\/h2>\n                            <p class=\"wp-block-card__text\">Om du vill anv\u00e4nda n\u00e5gra av v\u00e5ra bilder i marknadsf\u00f6ringssyfte, v\u00e4nligen kontakta<br \/>\r\ncharlene.saunders (at) careium.com.<\/p>\n        \n            <\/div>\n    <\/div>\n\n\n<\/div>\n<\/div>\n<\/div>\n\n\n\n<div style=\"height:70px\" aria-hidden=\"true\" class=\"wp-block-spacer is-style-large\"><\/div>\n","protected":false},"excerpt":{"rendered":"<p>V\u00e4lkommen till v\u00e5rt pressrum<\/p>\n","protected":false},"author":5,"featured_media":0,"parent":1742,"menu_order":0,"comment_status":"closed","ping_status":"closed","template":"","meta":{"_acf_changed":false,"footnotes":""},"class_list":["post-1534","page","type-page","status-publish","hentry"],"acf":[],"_links":{"self":[{"href":"https:\/\/www.careium.com\/se\/wp-json\/wp\/v2\/pages\/1534","targetHints":{"allow":["GET"]}}],"collection":[{"href":"https:\/\/www.careium.com\/se\/wp-json\/wp\/v2\/pages"}],"about":[{"href":"https:\/\/www.careium.com\/se\/wp-json\/wp\/v2\/types\/page"}],"author":[{"embeddable":true,"href":"https:\/\/www.careium.com\/se\/wp-json\/wp\/v2\/users\/5"}],"replies":[{"embeddable":true,"href":"https:\/\/www.careium.com\/se\/wp-json\/wp\/v2\/comments?post=1534"}],"version-history":[{"count":4,"href":"https:\/\/www.careium.com\/se\/wp-json\/wp\/v2\/pages\/1534\/revisions"}],"predecessor-version":[{"id":6018,"href":"https:\/\/www.careium.com\/se\/wp-json\/wp\/v2\/pages\/1534\/revisions\/6018"}],"up":[{"embeddable":true,"href":"https:\/\/www.careium.com\/se\/wp-json\/wp\/v2\/pages\/1742"}],"wp:attachment":[{"href":"https:\/\/www.careium.com\/se\/wp-json\/wp\/v2\/media?parent=1534"}],"curies":[{"name":"wp","href":"https:\/\/api.w.org\/{rel}","templated":true}]}}