{"id":1643,"date":"2025-05-15T11:12:34","date_gmt":"2025-05-15T11:12:34","guid":{"rendered":"https:\/\/www.careium.com\/se\/?page_id=1643"},"modified":"2026-01-29T20:46:14","modified_gmt":"2026-01-29T19:46:14","slug":"investmentcase","status":"publish","type":"page","link":"https:\/\/www.careium.com\/se\/investerarrelationer\/investmentcase\/","title":{"rendered":"Investment Case"},"content":{"rendered":"<div class=\"wp-block-breadcrumbs\" style=\"\">\n    <div class=\"breadcrumbs  max-xl:lg:mt-4\">\n    <nav aria-label=\"breadcrumbs\">\n        <ul class=\"!ml-0 mb-4 mt-2 flex items-center gap-1 pl-0\">\n                            <li class=\"text-primary-100 my-0 flex list-none items-center pl-0 text-xs md:text-sm\">\n                    <a class=\"link link--breadcrumb\" href=\"https:\/\/www.careium.com\/se\/\">Hem<\/a>\n                                    <\/li>\n                    <\/ul>\n    <\/nav>\n<\/div>\n<\/div>\n\n\n\n<div style=\"height:50px\" aria-hidden=\"true\" class=\"wp-block-spacer\"><\/div>\n\n\n\n<div class=\"wp-block-columns is-layout-flex wp-container-core-columns-is-layout-9d6595d7 wp-block-columns-is-layout-flex\">\n<div class=\"wp-block-column is-layout-flow wp-block-column-is-layout-flow\" style=\"flex-basis:66.66%\">\n<h1 class=\"wp-block-heading has-text-align-left\">En investering i framtidens v\u00e4lf\u00e4rdsteknik<\/h1>\n\n\n\n<p class=\"has-text-align-left\">Careium \u00e4r sedan 2021 noterat p\u00e5 Nasdaq First North (kortnamn CARE). Vi \u00e4r norra Europas marknadsledare p\u00e5 v\u00e4lf\u00e4rdsteknik och ser fyra goda sk\u00e4l att investera i Careium och framtidens v\u00e4lf\u00e4rdsteknik.\u00a0<\/p>\n<\/div>\n\n\n\n<div class=\"wp-block-column is-layout-flow wp-block-column-is-layout-flow\" style=\"flex-basis:33.33%\"><\/div>\n<\/div>\n\n\n\n<div style=\"height:50px\" aria-hidden=\"true\" class=\"wp-block-spacer\"><\/div>\n\n\n<div class=\"wp-block-text-cards \"\n    style=\"\" data-columns=\"\">\n    \n<div class=\"wp-block-text-card\" style=\"\">\n    <h2 class=\"wp-block-heading has-h-3-font-size\">1. Careium transformerar \u00e4ldrev\u00e5rden med smart teknik<\/h2>\n<p>Careium transformerar \u00e4ldrev\u00e5rden med hj\u00e4lp av digital v\u00e4lf\u00e4rdsteknik. Dagens och n\u00e4sta generations v\u00e4lf\u00e4rdsteknik blir i \u00f6kande grad proaktiv, preventiv och prediktiv. Fler och nya tj\u00e4nster \u00f6kar den genomsnittliga int\u00e4kten per anv\u00e4ndare genom \u00f6kat v\u00e4rde f\u00f6r v\u00e5rdgivare och \u00e4ldre.<\/p>\n\n    <\/div>\n\n\n<div class=\"wp-block-text-card\" style=\"\">\n    <h2 class=\"wp-block-heading has-h-3-font-size\">2. Careium \u00e4r en aktiv akt\u00f6r p\u00e5 en starkt v\u00e4xande marknad<\/h2>\n<p>Careium \u00e4r en marknadsakt\u00f6r med en tydlig tillv\u00e4xtstrategi. Genom b\u00e5de organisk tillv\u00e4xt och strategiska f\u00f6rv\u00e4rv har verksamheten vuxit med i genomsnitt 13 procent per \u00e5r de senaste fem \u00e5ren. Den europeiska marknaden f\u00f6r v\u00e4lf\u00e4rdsteknik bed\u00f6ms ha en genomsnittlig \u00e5rlig tillv\u00e4xt p\u00e5 5-7 procent under de n\u00e4rmaste \u00e5ren, vilket motsvarar en marknad om 4,1 miljarder euro 2027.<\/p>\n\n    <\/div>\n\n\n<div class=\"wp-block-text-card\" style=\"\">\n    <h2 class=\"wp-block-heading has-h-3-font-size\">3. En aff\u00e4rsmodell baserad p\u00e5 \u00e5terkommande int\u00e4kter<\/h2>\n<p>Careiums verksamhet \u00e4r till stor del driven av offentlig upphandling. Kontraktsl\u00e4ngden ligger i genomsnitt p\u00e5 4\u20135 \u00e5r vilket ger<br \/>\nl\u00e5nga kundrelationer och begr\u00e4nsad konjunkturk\u00e4nslighet. Aff\u00e4rsmodellen bygger p\u00e5 att tj\u00e4nstedelen i erbjudandet (mjukvara, larmcentraler och f\u00e4ltpersonal), som utg\u00f6r cirka 75 procent av verksamheten, genererar betydande \u00e5terkommande int\u00e4kter \u00f6ver l\u00e5ng tid.<\/p>\n\n    <\/div>\n\n\n<div class=\"wp-block-text-card\" style=\"\">\n    <h2 class=\"wp-block-heading has-h-3-font-size\">4. Careium bidrar till en h\u00e5llbar samh\u00e4llsutveckling med v\u00e4lf\u00e4rdsteknik som l\u00f6ser demografiska utmaningar<\/h2>\n<p>En av v\u00e5r tids st\u00f6rsta utmaningar \u00e4r att ta hand om en v\u00e4xande \u00e4ldre befolkning. \u00c4ldres behov av en trygg, aktiv och meningsfull vardag beh\u00f6ver kombineras med att \u00f6verbrygga utmaningar som \u00f6kande kostnadstryck, brist p\u00e5 v\u00e5rdpersonal och s\u00e4ker \u00f6vervakning av kroniska sjukdomstillst\u00e5nd. Careiums digitala l\u00f6sningar \u00e4r en viktig pusselbit i att skapa ett mer h\u00e5llbart samh\u00e4lle med b\u00e5de inkluderande trygghet och r\u00e4tt resursutnyttjande genom effektivare f\u00f6rdelning av samh\u00e4llets resurser.<\/p>\n\n    <\/div>\n\n\n<\/div>\n\n\n\n<div style=\"height:70px\" aria-hidden=\"true\" class=\"wp-block-spacer is-style-large\"><\/div>\n","protected":false},"excerpt":{"rendered":"<p>En investering i framtidens v\u00e4lf\u00e4rdsteknik Careium \u00e4r sedan 2021 noterat p\u00e5 Nasdaq First North (kortnamn CARE). Vi \u00e4r norra Europas marknadsledare p\u00e5 v\u00e4lf\u00e4rdsteknik och ser fyra goda sk\u00e4l att investera i Careium och framtidens v\u00e4lf\u00e4rdsteknik.\u00a0<\/p>\n","protected":false},"author":5,"featured_media":0,"parent":1742,"menu_order":0,"comment_status":"closed","ping_status":"closed","template":"","meta":{"_acf_changed":false,"footnotes":""},"class_list":["post-1643","page","type-page","status-publish","hentry"],"acf":[],"_links":{"self":[{"href":"https:\/\/www.careium.com\/se\/wp-json\/wp\/v2\/pages\/1643","targetHints":{"allow":["GET"]}}],"collection":[{"href":"https:\/\/www.careium.com\/se\/wp-json\/wp\/v2\/pages"}],"about":[{"href":"https:\/\/www.careium.com\/se\/wp-json\/wp\/v2\/types\/page"}],"author":[{"embeddable":true,"href":"https:\/\/www.careium.com\/se\/wp-json\/wp\/v2\/users\/5"}],"replies":[{"embeddable":true,"href":"https:\/\/www.careium.com\/se\/wp-json\/wp\/v2\/comments?post=1643"}],"version-history":[{"count":4,"href":"https:\/\/www.careium.com\/se\/wp-json\/wp\/v2\/pages\/1643\/revisions"}],"predecessor-version":[{"id":5412,"href":"https:\/\/www.careium.com\/se\/wp-json\/wp\/v2\/pages\/1643\/revisions\/5412"}],"up":[{"embeddable":true,"href":"https:\/\/www.careium.com\/se\/wp-json\/wp\/v2\/pages\/1742"}],"wp:attachment":[{"href":"https:\/\/www.careium.com\/se\/wp-json\/wp\/v2\/media?parent=1643"}],"curies":[{"name":"wp","href":"https:\/\/api.w.org\/{rel}","templated":true}]}}