{"id":1724,"date":"2025-05-09T09:56:01","date_gmt":"2025-05-09T09:56:01","guid":{"rendered":"https:\/\/www.careium.com\/se\/?page_id=1724"},"modified":"2026-01-30T10:46:29","modified_gmt":"2026-01-30T09:46:29","slug":"dataskydd-i-vara-tjanster","status":"publish","type":"page","link":"https:\/\/www.careium.com\/se\/dataskydd-i-vara-tjanster\/","title":{"rendered":"Dataskydd i v\u00e5ra tj\u00e4nster"},"content":{"rendered":"\n<h1 class=\"wp-block-heading has-text-align-left has-text-align-center\">Information om dataskydd<\/h1>\n\n\n\n<div style=\"height:20px\" aria-hidden=\"true\" class=\"wp-block-spacer\"><\/div>\n\n\n\n<p>Fr\u00e5n och med den 25 maj 2018 g\u00e4ller den allm\u00e4nna dataskyddsf\u00f6rordningen (GDPR) s\u00e5som lag f\u00f6r samtliga medlemsl\u00e4nder i EU och EES. Det \u00e4r den st\u00f6rsta lagreformen r\u00f6rande personlig integritet de senaste 20 \u00e5ren och den medf\u00f6r en hel del f\u00f6r\u00e4ndringar. Bland annat kommer den att st\u00e4rka den personliga integriteten f\u00f6r enskilda personer och \u00f6ka ansvaret f\u00f6r personuppgiftsansvariga.<\/p>\n\n\n\n<p>Vi p\u00e5b\u00f6rjade tidigt v\u00e5rt arbete inom v\u00e5r organisation f\u00f6r att garantera att vi uppfyller GDPR. Vi s\u00e4tter mycket stor vikt vid v\u00e5ra kunders f\u00f6rtroende och f\u00f6r oss ska det vara en sj\u00e4lvklarhet n\u00e4r vi ansvarar \u00f6ver era personuppgifter att vi inte hanterar fler uppgifter \u00e4n n\u00f6dv\u00e4ndigt och att dessa hanteras p\u00e5 ett tryggt och s\u00e4kert s\u00e4tt.<\/p>\n\n\n\n<p>Vi har alltid lagt stor vikt vid personlig integritet och att skydda v\u00e5ra kunder. Vi vet att m\u00e5nga befinner sig i ett senare stadie i livet och ibland beh\u00f6ver extra hj\u00e4lp. VI har tillsatt Dataskyddsombud vars uppgift \u00e4r att granska hur vi arbetar med fr\u00e5gor r\u00f6rande GDPR och som ska f\u00f6ra v\u00e5rt arbete fram\u00e5t \u00e4ven nu efter att lagen har tr\u00e4tt i kraft.<\/p>\n\n\n\n<p>Vi har under v\u00e5ra f\u00f6rberedelser granskat v\u00e5r organisation och kartlagt alla personuppgifter vi hanterar. Vi har \u00e4ven arbetat med att aktivt utveckla v\u00e5ra rutiner, fortsatt granska v\u00e5r verksamhet och v\u00e5ra avtal, utbilda v\u00e5ra anst\u00e4llda och se \u00f6ver v\u00e5ra s\u00e4kerhetssystem. Den verksamhet som bedrivs under oss \u00e4r certifierad f\u00f6r ISO 27001 vilket har utgjort en bra grund i v\u00e5rt arbete. V\u00e5r ambition \u00e4r att dina uppgifter aldrig ska uts\u00e4ttas f\u00f6r risker och att de personer som arbetar med dina uppgifter \u00e4r medvetna om och arbetar utifr\u00e5n v\u00e5ra s\u00e4kerhets- samt sekretesskrav.<\/p>\n\n\n\n<h2 class=\"wp-block-heading\">Bearbetning av personuppgifter<\/h2>\n\n\n\n<p>Den data som anges i v\u00e5ra system av v\u00e5ra kunder, och i vissa fall deras anv\u00e4ndare, bearbetats endast efter kundens instruktioner samt villkoren i v\u00e5ra nuvarande och uppdaterade avtal eller allm\u00e4nna villkor. Vi kommer inte att dela dina uppgifter med mottagare i tredje land utan din vetskap och ditt samtycke.<\/p>\n\n\n\n<h2 class=\"wp-block-heading\">Anv\u00e4ndning av underleverant\u00f6rer<\/h2>\n\n\n\n<p>Vi utf\u00f6r huvudsakligen sj\u00e4lva alla behandlingar r\u00f6rande personuppgifter men vi anlitar \u00e4ven vissa tredjepartsleverant\u00f6rer som st\u00f6djer oss i v\u00e5rt arbete. Vi \u00e4r mycket noggranna i v\u00e5r urvalsprocess och ser till att v\u00e5ra leverant\u00f6rer har god kompetens och kan uppr\u00e4tth\u00e5lla r\u00e4tt sekretess- och s\u00e4kerhetsniv\u00e5. Vi kommer se till att du tillhandah\u00e5lls information om de av v\u00e5ra leverant\u00f6rer som mottar dina personuppgifter redan innan du b\u00f6rjar anv\u00e4nda en tj\u00e4nst vi erbjuder.<\/p>\n\n\n\n<h2 class=\"wp-block-heading\">S\u00e4kerhet och trygghet<\/h2>\n\n\n\n<p>Enligt GDPR ska vi arbeta utifr\u00e5n de l\u00e4mpliga tekniska och organisatoriska \u00e5tg\u00e4rder som kr\u00e4vs f\u00f6r att s\u00e4kerst\u00e4lla en l\u00e4mplig skyddsniv\u00e5 f\u00f6r dina personuppgifter. Vi str\u00e4var efter att alltid tillhandah\u00e5lla den senaste s\u00e4kerheten och bygga en trygg infrastruktur som garanterar s\u00e4ker drifts\u00e4ttning av v\u00e5ra tj\u00e4nster, s\u00e4ker datalagring, s\u00e4ker kommunikation samt en s\u00e4ker och privat kommunikation med v\u00e5ra kunder genom v\u00e5ra informationskanaler s\u00e5som internet, telefon och e-post.<\/p>\n\n\n\n<p>S\u00e4kerheten i v\u00e5r infrastruktur har konstruerats i lager som bygger p\u00e5 varandra. Vi anv\u00e4nder oss av, bland annat, kryptering, verifiering, s\u00e4kerhetsnycklar och anonymisering f\u00f6r att skydda dina uppgifter. Genom v\u00e5ra tj\u00e4nster och i v\u00e5ra larmcentraler behandlar vi vissa k\u00e4nsliga personuppgifter, dessa erh\u00e5ller d\u00e4rmed ett ytterligare starkare skydd.<\/p>\n\n\n\n<h2 class=\"wp-block-heading\">Hur p\u00e5verkar detta er som kund?<\/h2>\n\n\n\n<p>I f\u00f6rh\u00e5llande till de kommuner som anv\u00e4nder sig av v\u00e5ra produkter och tj\u00e4nster \u00e4r vi fr\u00e4mst personuppgiftsbitr\u00e4de. Detta inneb\u00e4r att personuppgifter som tillh\u00f6r en individ behandlar och lagrar vi \u00e5 kommunens v\u00e4gnar i v\u00e5ra system. Det \u00e4r kommunen som \u00e4r huvudansvarig f\u00f6r uppgifterna, men vi uppfyller de krav som st\u00e4lls p\u00e5 oss. Dessa krav har \u00f6kat i och med GDPR. Vi har d\u00e4rf\u00f6r granskat och uppdaterat v\u00e5ra personuppgiftsbitr\u00e4desavtal, leverant\u00f6rsavtal och v\u00e5ra lagringstider.<\/p>\n\n\n\n<p>Vi har g\u00e5tt igenom v\u00e5ra kundregister och granskat och s\u00e4kerst\u00e4llt att all information vi lagrar om dig \u00e4r n\u00f6dv\u00e4ndig f\u00f6r oss. Vi har utvecklat v\u00e5ra rutiner och har tagit fram nya system f\u00f6r att du p\u00e5 ett enkelt s\u00e4tt ska kunna komma i kontakt med oss och kunna ut\u00f6va dina r\u00e4ttigheter enligt GDPR. Detta kommer ge dig ett starkare skydd och g\u00f6ra det enklare f\u00f6r dig att h\u00e5lla dig informerad.<\/p>\n\n\n\n<p>Som kund hos oss kan det vara bra att titta runt p\u00e5 v\u00e5r hemsida och bekanta dig med vad vi g\u00f6r och hur vi behandlingar dina uppgifter. Du hittar v\u00e5r integritetspolicy h\u00e4r. D\u00e4r finns all information om hur vi handl\u00e4gger dina uppgifter.<\/p>\n\n\n\n<p>Gl\u00f6m inte heller att uppdatera dig r\u00f6rande andra f\u00f6retags arbete med GDPR s\u00e5som Google eller Facebook. Vi samarbetar med dessa f\u00f6retag men det \u00e4r inte vi som \u00e4r personuppgiftsansvariga f\u00f6r de uppgifter som du l\u00e4mnar till dem eftersom vi inte kan hantera eller best\u00e4mma hur uppgifterna ska behandlas.<\/p>\n\n\n\n<p>Vi kommer \u00e4ven kontinuerligt att arbeta med v\u00e5r behandling av personuppgifter och GDPR och kommer att om n\u00f6dv\u00e4ndigt uppdatera hemsidan och l\u00e4mna mer information om v\u00e5rt fortsatta arbete. \u00c5terkom d\u00e4rf\u00f6r g\u00e4rna till v\u00e5r hemsida f\u00f6r att h\u00e5lla dig uppdaterad.<\/p>\n\n\n\n<p>Du som v\u00e5r kund kan p\u00e5 ett enkelt s\u00e4tt kunna beg\u00e4ra och f\u00e5 ut information som ger dig information om all hantering vi genomf\u00f6r r\u00f6rande dina personuppgifter, inklusive vilka vi delar informationen med. Du kan \u00e4ven beg\u00e4ra att vi ska r\u00e4tta dina uppgifter, komplettera dem eller radera dem. Du kan \u00e4ven beg\u00e4ra att vi ska flytta \u00f6ver dem till n\u00e5gon annan (dataportabilitet). L\u00e4s g\u00e4rna v\u00e5r <strong><a href=\"https:\/\/www.careium.com\/se\/integritetspolicy\/\">integritetspolicy<\/a><\/strong> f\u00f6r mer information.<\/p>\n\n\n\n<p><\/p>\n","protected":false},"excerpt":{"rendered":"<p>Information om dataskydd Fr\u00e5n och med den 25 maj 2018 g\u00e4ller den allm\u00e4nna dataskyddsf\u00f6rordningen (GDPR) s\u00e5som lag f\u00f6r samtliga medlemsl\u00e4nder i EU och EES. Det \u00e4r den st\u00f6rsta lagreformen r\u00f6rande personlig integritet de senaste 20 \u00e5ren och den medf\u00f6r en hel del f\u00f6r\u00e4ndringar. Bland annat kommer den att st\u00e4rka den personliga integriteten f\u00f6r enskilda personer&#8230;<\/p>\n","protected":false},"author":5,"featured_media":0,"parent":0,"menu_order":0,"comment_status":"closed","ping_status":"closed","template":"template-text-page.blade.php","meta":{"_acf_changed":false,"footnotes":""},"class_list":["post-1724","page","type-page","status-publish","hentry"],"acf":[],"_links":{"self":[{"href":"https:\/\/www.careium.com\/se\/wp-json\/wp\/v2\/pages\/1724","targetHints":{"allow":["GET"]}}],"collection":[{"href":"https:\/\/www.careium.com\/se\/wp-json\/wp\/v2\/pages"}],"about":[{"href":"https:\/\/www.careium.com\/se\/wp-json\/wp\/v2\/types\/page"}],"author":[{"embeddable":true,"href":"https:\/\/www.careium.com\/se\/wp-json\/wp\/v2\/users\/5"}],"replies":[{"embeddable":true,"href":"https:\/\/www.careium.com\/se\/wp-json\/wp\/v2\/comments?post=1724"}],"version-history":[{"count":5,"href":"https:\/\/www.careium.com\/se\/wp-json\/wp\/v2\/pages\/1724\/revisions"}],"predecessor-version":[{"id":5453,"href":"https:\/\/www.careium.com\/se\/wp-json\/wp\/v2\/pages\/1724\/revisions\/5453"}],"wp:attachment":[{"href":"https:\/\/www.careium.com\/se\/wp-json\/wp\/v2\/media?parent=1724"}],"curies":[{"name":"wp","href":"https:\/\/api.w.org\/{rel}","templated":true}]}}