{"id":1742,"date":"2025-05-12T14:26:48","date_gmt":"2025-05-12T14:26:48","guid":{"rendered":"https:\/\/www.careium.com\/se\/?page_id=1742"},"modified":"2026-02-11T11:56:42","modified_gmt":"2026-02-11T10:56:42","slug":"investerarrelationer","status":"publish","type":"page","link":"https:\/\/www.careium.com\/se\/investerarrelationer\/","title":{"rendered":"Investerarrelationer"},"content":{"rendered":"<div class=\"wp-block-breadcrumbs\" style=\"\">\n    <div class=\"breadcrumbs  max-xl:lg:mt-4\">\n    <nav aria-label=\"breadcrumbs\">\n        <ul class=\"!ml-0 mb-4 mt-2 flex items-center gap-1 pl-0\">\n                            <li class=\"text-primary-100 my-0 flex list-none items-center pl-0 text-xs md:text-sm\">\n                    <a class=\"link link--breadcrumb\" href=\"https:\/\/www.careium.com\/se\/\">Hem<\/a>\n                                    <\/li>\n                    <\/ul>\n    <\/nav>\n<\/div>\n<\/div>\n\n\n<div class=\"wp-block-hero alignfull   \"\n    style=\"\">\n    <div class=\"wp-block-hero__container container\">\n                    <div class=\"wp-block-hero__text\">\n                <h1 class=\"wp-block-hero__heading\">Investerarrelationer<\/h1>\n                                    <p class=\"wp-block-hero__preamble\">Careium \u00e4r en av de ledande akt\u00f6rerna inom v\u00e4lf\u00e4rdsteknik i Europa. Careiums innovativa l\u00f6sningar f\u00f6rb\u00e4ttrar s\u00e4kerheten, livskvaliteten och sj\u00e4lvst\u00e4ndigheten f\u00f6r seniorer. Careium tillhandah\u00e5ller sina tj\u00e4nster till ca 500 000 seniorer.<\/p>\n                \n                                    <div class=\"wp-block-hero__buttons\">\n                                                    <a href=\"https:\/\/www.careium.com\/se\/investerarrelationer\/finansiella-nyckeltal\/\" target=\"\"\n                                class=\"wp-block-hero__button button button--yellow\">\n                                Finansiell information\n                            <\/a>\n                                                                    <\/div>\n                                            <\/div>\n                            <picture>\n                                    <source media=\"(min-width: 600px and max-width: 1023px)\" srcset=\"https:\/\/www.careium.com\/app\/uploads\/sites\/2\/2026\/02\/row-29-scaled.jpeg.webp\" type=\"image\/webp\"\n                    width=\"2560\" height=\"1707\">\n                            <source media=\"(min-width: 600px and max-width: 1023px)\" srcset=\"https:\/\/www.careium.com\/app\/uploads\/sites\/2\/2026\/02\/row-29-scaled.jpeg\" type=\"image\/jpeg\"\n                    width=\"2560\" height=\"1707\">\n                                                <source media=\"((min-width: 1px and max-width: 599px) or (min-width: 1024px))\" srcset=\"https:\/\/www.careium.com\/app\/uploads\/sites\/2\/2026\/02\/row-29-scaled.jpeg.webp\" type=\"image\/webp\"\n                    width=\"2560\" height=\"1707\">\n                            <source media=\"((min-width: 1px and max-width: 599px) or (min-width: 1024px))\" srcset=\"https:\/\/www.careium.com\/app\/uploads\/sites\/2\/2026\/02\/row-29-scaled.jpeg\" type=\"image\/jpeg\"\n                    width=\"2560\" height=\"1707\">\n                    \n\n        <img fetchpriority=\"high\" decoding=\"async\"  src=\"https:\/\/www.careium.com\/app\/uploads\/sites\/2\/2026\/02\/row-29-scaled.jpeg\" alt=\"woman-standing-water\" loading=\"eager\"\n            width=\"2560\" height=\"1707\">\n    <\/picture>\n            <\/div>\n<\/div>\n\n\n\n<div style=\"height:50px\" aria-hidden=\"true\" class=\"wp-block-spacer is-style-medium\"><\/div>\n\n\n<div class=\"wp-block-cards is-odd\"\n    style=\"\" data-columns=\"3\">\n    \n<div class=\"wp-block-card has-neutral-pure-background-color has-solid-color \"\n    style=\"\">\n        <div class=\"wp-block-card__top\">\n                    <\/div>\n    <div class=\"wp-block-card__textarea\">\n                    <h2 class=\"wp-block-card__heading\">IR-kontakt<\/h2>\n                \n                    <div class=\"wp-block-card__button-wrapper\">\n                <a href=\"https:\/\/www.careium.com\/se\/investerarrelationer\/ir-kontakt\/\" target=\"\"\n                    class=\"wp-block-card__button link link--arrow \">\n                    L\u00e4s mer\n                <\/a>\n            <\/div>\n            <\/div>\n    <\/div>\n\n\n<div class=\"wp-block-card has-neutral-pure-background-color has-solid-color \"\n    style=\"\">\n        <div class=\"wp-block-card__top\">\n                    <\/div>\n    <div class=\"wp-block-card__textarea\">\n                    <h2 class=\"wp-block-card__heading\">Styrelse<\/h2>\n                \n                    <div class=\"wp-block-card__button-wrapper\">\n                <a href=\"https:\/\/www.careium.com\/se\/investerarrelationer\/styrelseledamoter-och-revisorer\/\" target=\"\"\n                    class=\"wp-block-card__button link link--arrow \">\n                    L\u00e4s mer\n                <\/a>\n            <\/div>\n            <\/div>\n    <\/div>\n\n\n<div class=\"wp-block-card has-neutral-pure-background-color has-solid-color \"\n    style=\"\">\n        <div class=\"wp-block-card__top\">\n                    <\/div>\n    <div class=\"wp-block-card__textarea\">\n                    <h2 class=\"wp-block-card__heading\">Pressmeddelanden<\/h2>\n                \n                    <div class=\"wp-block-card__button-wrapper\">\n                <a href=\"https:\/\/www.careium.com\/se\/investerarrelationer\/pressmeddelanden\/\" target=\"\"\n                    class=\"wp-block-card__button link link--arrow \">\n                    L\u00e4s mer\n                <\/a>\n            <\/div>\n            <\/div>\n    <\/div>\n\n\n<\/div>\n\n\n\n<div style=\"height:50px\" aria-hidden=\"true\" class=\"wp-block-spacer is-style-medium\"><\/div>\n\n\n<div class=\"wp-block-list-image wp-block-list-image--image-left not-prose\" style=\"\">\n            <div class=\"wp-block-list-image__image\">\n            <picture>\n                                    <source media=\"(min-width: 700px)\" srcset=\"https:\/\/www.careium.com\/app\/uploads\/sites\/2\/2025\/05\/woman-sitting-by-a-lake-wearing-mobile-social-alarm-scaled-4-780x520.jpg\" type=\"image\/jpeg\"\n                    width=\"780\" height=\"520\">\n                                                <source media=\"(max-width: 699px)\" srcset=\"https:\/\/www.careium.com\/app\/uploads\/sites\/2\/2025\/05\/woman-sitting-by-a-lake-wearing-mobile-social-alarm-scaled-4-700x467.jpg\" type=\"image\/jpeg\"\n                    width=\"700\" height=\"467\">\n                                                <source media=\"(max-width: 500px)\" srcset=\"https:\/\/www.careium.com\/app\/uploads\/sites\/2\/2025\/05\/woman-sitting-by-a-lake-wearing-mobile-social-alarm-scaled-4-520x347.jpg\" type=\"image\/jpeg\"\n                    width=\"520\" height=\"347\">\n                    \n\n        <img decoding=\"async\" class=\"\" src=\"https:\/\/www.careium.com\/app\/uploads\/sites\/2\/2025\/05\/woman-sitting-by-a-lake-wearing-mobile-social-alarm-scaled-4-780x520.jpg\" alt=\"\" loading=\"lazy\"\n            width=\"780\" height=\"520\">\n    <\/picture>\n        <\/div>\n        <div class=\"wp-block-list-image__text\">\n                        <h2\n            class=\"wp-block-list-image__heading wp-block-list-image__heading--sm\">\n            Finansiell information            <\/h2>\n                                            <ul class=\"wp-block-list-image__more-links\">\n                                                            <li class=\"wp-block-list-image__more-links-item\">\n                            <a class=\"wp-block-list-image__link link link--arrow\" href=\"https:\/\/www.careium.com\/se\/investerarrelationer\/finansiella-nyckeltal\/\"\n                                target=\"_self\">\n                                Finansiella Nyckeltal\n                            <\/a>\n                        <\/li>\n                                                                                <li class=\"wp-block-list-image__more-links-item\">\n                            <a class=\"wp-block-list-image__link link link--arrow\" href=\"https:\/\/www.careium.com\/se\/investerarrelationer\/finansiella-rapporter-och-presentationer\/\"\n                                target=\"_self\">\n                                Finansiella rapporter och presentationer\n                            <\/a>\n                        <\/li>\n                                                                                <li class=\"wp-block-list-image__more-links-item\">\n                            <a class=\"wp-block-list-image__link link link--arrow\" href=\"https:\/\/www.careium.com\/se\/investerarrelationer\/notering-och-aktien\/\"\n                                target=\"_self\">\n                                Notering och aktien\n                            <\/a>\n                        <\/li>\n                                                                                <li class=\"wp-block-list-image__more-links-item\">\n                            <a class=\"wp-block-list-image__link link link--arrow\" href=\"https:\/\/www.careium.com\/se\/investerarrelationer\/forvarv\/\"\n                                target=\"_self\">\n                                V\u00e5ra f\u00f6rv\u00e4rv\n                            <\/a>\n                        <\/li>\n                                                                                <li class=\"wp-block-list-image__more-links-item\">\n                            <a class=\"wp-block-list-image__link link link--arrow\" href=\"https:\/\/www.careium.com\/se\/investerarrelationer\/finansiell-kalender\/\"\n                                target=\"_self\">\n                                Finansiell kalender\n                            <\/a>\n                        <\/li>\n                                                                                <li class=\"wp-block-list-image__more-links-item\">\n                            <a class=\"wp-block-list-image__link link link--arrow\" href=\"https:\/\/www.careium.com\/se\/investerarrelationer\/investmentcase\/\"\n                                target=\"_self\">\n                                Varf\u00f6r investera i Careium?\n                            <\/a>\n                        <\/li>\n                                                <\/ul>\n            <\/div>\n<\/div>\n\n\n\n<div style=\"height:16px\" aria-hidden=\"true\" class=\"wp-block-spacer is-style-small\"><\/div>\n\n\n<div class=\"wp-block-list-image wp-block-list-image--image-right not-prose\" style=\"\">\n            <div class=\"wp-block-list-image__image\">\n            <picture>\n                                    <source media=\"(min-width: 700px)\" srcset=\"https:\/\/www.careium.com\/app\/uploads\/sites\/2\/2025\/05\/isabelle-sjoberg-teamleder-monitoring-centre-careium-scaled-1-780x585.jpg\" type=\"image\/jpeg\"\n                    width=\"780\" height=\"585\">\n                                                <source media=\"(max-width: 699px)\" srcset=\"https:\/\/www.careium.com\/app\/uploads\/sites\/2\/2025\/05\/isabelle-sjoberg-teamleder-monitoring-centre-careium-scaled-1-700x525.jpg\" type=\"image\/jpeg\"\n                    width=\"700\" height=\"525\">\n                                                <source media=\"(max-width: 500px)\" srcset=\"https:\/\/www.careium.com\/app\/uploads\/sites\/2\/2025\/05\/isabelle-sjoberg-teamleder-monitoring-centre-careium-scaled-1-520x390.jpg\" type=\"image\/jpeg\"\n                    width=\"520\" height=\"390\">\n                    \n\n        <img decoding=\"async\" class=\"\" src=\"https:\/\/www.careium.com\/app\/uploads\/sites\/2\/2025\/05\/isabelle-sjoberg-teamleder-monitoring-centre-careium-scaled-1-780x585.jpg\" alt=\"\" loading=\"lazy\"\n            width=\"780\" height=\"585\">\n    <\/picture>\n        <\/div>\n        <div class=\"wp-block-list-image__text\">\n                        <h2\n            class=\"wp-block-list-image__heading wp-block-list-image__heading--sm\">\n            Bolagsstyrning            <\/h2>\n                                            <ul class=\"wp-block-list-image__more-links\">\n                                                            <li class=\"wp-block-list-image__more-links-item\">\n                            <a class=\"wp-block-list-image__link link link--arrow\" href=\"https:\/\/www.careium.com\/se\/investerarrelationer\/styrelseledamoter-och-revisorer\/\"\n                                target=\"_self\">\n                                Styrelse\n                            <\/a>\n                        <\/li>\n                                                                                <li class=\"wp-block-list-image__more-links-item\">\n                            <a class=\"wp-block-list-image__link link link--arrow\" href=\"https:\/\/www.careium.com\/se\/investerarrelationer\/ledningsgrupp\/\"\n                                target=\"_self\">\n                                Ledningsgrupp\n                            <\/a>\n                        <\/li>\n                                                                                <li class=\"wp-block-list-image__more-links-item\">\n                            <a class=\"wp-block-list-image__link link link--arrow\" href=\"https:\/\/www.careium.com\/se\/investerarrelationer\/styrelsens-och-ledningens-aktieinnehav\/\"\n                                target=\"_self\">\n                                Styrelsens och ledningens aktieinnehav\n                            <\/a>\n                        <\/li>\n                                                                                <li class=\"wp-block-list-image__more-links-item\">\n                            <a class=\"wp-block-list-image__link link link--arrow\" href=\"https:\/\/www.careium.com\/se\/investerarrelationer\/agarstruktur\/\"\n                                target=\"_self\">\n                                \u00c4garstruktur\n                            <\/a>\n                        <\/li>\n                                                                                <li class=\"wp-block-list-image__more-links-item\">\n                            <a class=\"wp-block-list-image__link link link--arrow\" href=\"https:\/\/www.careium.com\/se\/investerarrelationer\/valberedning\/\"\n                                target=\"_self\">\n                                Valberedning\n                            <\/a>\n                        <\/li>\n                                                                                <li class=\"wp-block-list-image__more-links-item\">\n                            <a class=\"wp-block-list-image__link link link--arrow\" href=\"https:\/\/www.careium.com\/se\/investerarrelationer\/bolagsstamma\/\"\n                                target=\"_self\">\n                                Bolagsst\u00e4mma\n                            <\/a>\n                        <\/li>\n                                                <\/ul>\n            <\/div>\n<\/div>\n\n\n\n<div style=\"height:50px\" aria-hidden=\"true\" class=\"wp-block-spacer is-style-small\"><\/div>\n\n\n<div class=\"wp-block-list-image wp-block-list-image--image-left not-prose\" style=\"\">\n            <div class=\"wp-block-list-image__image\">\n            <picture>\n                                    <source media=\"(min-width: 700px)\" srcset=\"https:\/\/www.careium.com\/app\/uploads\/sites\/2\/2026\/02\/13-780x780.png.webp\" type=\"image\/webp\"\n                    width=\"780\" height=\"780\">\n                            <source media=\"(min-width: 700px)\" srcset=\"https:\/\/www.careium.com\/app\/uploads\/sites\/2\/2026\/02\/13-780x780.png\" type=\"image\/png\"\n                    width=\"780\" height=\"780\">\n                                                <source media=\"(max-width: 699px)\" srcset=\"https:\/\/www.careium.com\/app\/uploads\/sites\/2\/2026\/02\/13-700x700.png.webp\" type=\"image\/webp\"\n                    width=\"700\" height=\"700\">\n                            <source media=\"(max-width: 699px)\" srcset=\"https:\/\/www.careium.com\/app\/uploads\/sites\/2\/2026\/02\/13-700x700.png\" type=\"image\/png\"\n                    width=\"700\" height=\"700\">\n                                                <source media=\"(max-width: 500px)\" srcset=\"https:\/\/www.careium.com\/app\/uploads\/sites\/2\/2026\/02\/13-520x520.png.webp\" type=\"image\/webp\"\n                    width=\"520\" height=\"520\">\n                            <source media=\"(max-width: 500px)\" srcset=\"https:\/\/www.careium.com\/app\/uploads\/sites\/2\/2026\/02\/13-520x520.png\" type=\"image\/png\"\n                    width=\"520\" height=\"520\">\n                    \n\n        <img decoding=\"async\" class=\"\" src=\"https:\/\/www.careium.com\/app\/uploads\/sites\/2\/2026\/02\/13-780x780.png\" alt=\"\" loading=\"lazy\"\n            width=\"780\" height=\"780\">\n    <\/picture>\n        <\/div>\n        <div class=\"wp-block-list-image__text\">\n                        <h2\n            class=\"wp-block-list-image__heading wp-block-list-image__heading--sm\">\n            Pressmeddelanden och media            <\/h2>\n                                            <ul class=\"wp-block-list-image__more-links\">\n                                                            <li class=\"wp-block-list-image__more-links-item\">\n                            <a class=\"wp-block-list-image__link link link--arrow\" href=\"https:\/\/www.careium.com\/se\/investerarrelationer\/pressmeddelanden\/\"\n                                target=\"_self\">\n                                Pressmeddelanden\n                            <\/a>\n                        <\/li>\n                                                                                <li class=\"wp-block-list-image__more-links-item\">\n                            <a class=\"wp-block-list-image__link link link--arrow\" href=\"https:\/\/www.careium.com\/se\/investerarrelationer\/media\/\"\n                                target=\"_self\">\n                                Media och pressbilder\n                            <\/a>\n                        <\/li>\n                                                <\/ul>\n            <\/div>\n<\/div>\n\n\n\n<div style=\"height:20px\" aria-hidden=\"true\" class=\"wp-block-spacer is-style-large\"><\/div>\n\n\n\n<div class=\"wp-block-cover alignfull has-solid-color has-text-color has-link-color wp-elements-63ea8a46277629303919a0776a0edaa2\"><span aria-hidden=\"true\" class=\"wp-block-cover__background has-primary-background-color has-background-dim-100 has-background-dim\"><\/span><div class=\"wp-block-cover__inner-container is-layout-constrained wp-block-cover-is-layout-constrained\">\n<div style=\"height:30px\" aria-hidden=\"true\" class=\"wp-block-spacer is-style-large\"><\/div>\n\n\n<div class=\"wp-block-mfn-subscribe\" style=\"\">\n                <div class=\"wp-block-mfn-subscribe__image\">\n            <picture>\n                                    <source media=\"(min-width: 1000px)\" srcset=\"https:\/\/www.careium.com\/app\/uploads\/sites\/2\/2025\/06\/man-looking-at-a-Careium-watch-1024x1024.png\" type=\"image\/png\"\n                    width=\"1024\" height=\"1024\">\n                                                <source media=\"(max-width: 999px)\" srcset=\"https:\/\/www.careium.com\/app\/uploads\/sites\/2\/2025\/06\/man-looking-at-a-Careium-watch-768x768.png\" type=\"image\/png\"\n                    width=\"768\" height=\"768\">\n                    \n\n        <img decoding=\"async\"  src=\"https:\/\/www.careium.com\/app\/uploads\/sites\/2\/2025\/06\/man-looking-at-a-Careium-watch-1024x1024.png\" alt=\"man looking at a Careium watch\" loading=\"lazy\"\n            width=\"1024\" height=\"1024\">\n    <\/picture>\n        <\/div>\n        <div class=\"wp-block-mfn-subscribe__content col-span-5 md:col-span-3\">\n        <div id=\"mfn_subscribe\"><\/div>\n    <\/div>\n    <\/div>\n\n\n\n<div style=\"height:30px\" aria-hidden=\"true\" class=\"wp-block-spacer is-style-large\"><\/div>\n<\/div><\/div>\n","protected":false},"excerpt":{"rendered":"","protected":false},"author":5,"featured_media":0,"parent":0,"menu_order":0,"comment_status":"closed","ping_status":"closed","template":"","meta":{"_acf_changed":false,"footnotes":""},"class_list":["post-1742","page","type-page","status-publish","hentry"],"acf":[],"_links":{"self":[{"href":"https:\/\/www.careium.com\/se\/wp-json\/wp\/v2\/pages\/1742","targetHints":{"allow":["GET"]}}],"collection":[{"href":"https:\/\/www.careium.com\/se\/wp-json\/wp\/v2\/pages"}],"about":[{"href":"https:\/\/www.careium.com\/se\/wp-json\/wp\/v2\/types\/page"}],"author":[{"embeddable":true,"href":"https:\/\/www.careium.com\/se\/wp-json\/wp\/v2\/users\/5"}],"replies":[{"embeddable":true,"href":"https:\/\/www.careium.com\/se\/wp-json\/wp\/v2\/comments?post=1742"}],"version-history":[{"count":4,"href":"https:\/\/www.careium.com\/se\/wp-json\/wp\/v2\/pages\/1742\/revisions"}],"predecessor-version":[{"id":5773,"href":"https:\/\/www.careium.com\/se\/wp-json\/wp\/v2\/pages\/1742\/revisions\/5773"}],"wp:attachment":[{"href":"https:\/\/www.careium.com\/se\/wp-json\/wp\/v2\/media?parent=1742"}],"curies":[{"name":"wp","href":"https:\/\/api.w.org\/{rel}","templated":true}]}}