{"id":1751,"date":"2025-05-14T09:30:33","date_gmt":"2025-05-14T09:30:33","guid":{"rendered":"https:\/\/www.careium.com\/se\/?page_id=1751"},"modified":"2026-01-30T11:13:26","modified_gmt":"2026-01-30T10:13:26","slug":"finansiella-nyckeltal","status":"publish","type":"page","link":"https:\/\/www.careium.com\/se\/investerarrelationer\/finansiella-nyckeltal\/","title":{"rendered":"Finansiella Nyckeltal"},"content":{"rendered":"\n<h1 class=\"wp-block-heading has-text-align-left has-text-align-center\">Finansiella Nyckeltal<\/h1>\n\n\n\n<p class=\"has-text-align-left\">\u00c5rsj\u00e4mf\u00f6relse nyckeltal<\/p>\n\n\n<div class=\"wp-block-mfn-key-figures\" style=\"\">\n    <div id=\"mfn_key_figures\"><\/div>\n    <\/div>\n","protected":false},"excerpt":{"rendered":"<p>Finansiella Nyckeltal \u00c5rsj\u00e4mf\u00f6relse nyckeltal<\/p>\n","protected":false},"author":5,"featured_media":0,"parent":1742,"menu_order":0,"comment_status":"closed","ping_status":"closed","template":"template-text-page.blade.php","meta":{"_acf_changed":false,"footnotes":""},"class_list":["post-1751","page","type-page","status-publish","hentry"],"acf":[],"_links":{"self":[{"href":"https:\/\/www.careium.com\/se\/wp-json\/wp\/v2\/pages\/1751","targetHints":{"allow":["GET"]}}],"collection":[{"href":"https:\/\/www.careium.com\/se\/wp-json\/wp\/v2\/pages"}],"about":[{"href":"https:\/\/www.careium.com\/se\/wp-json\/wp\/v2\/types\/page"}],"author":[{"embeddable":true,"href":"https:\/\/www.careium.com\/se\/wp-json\/wp\/v2\/users\/5"}],"replies":[{"embeddable":true,"href":"https:\/\/www.careium.com\/se\/wp-json\/wp\/v2\/comments?post=1751"}],"version-history":[{"count":5,"href":"https:\/\/www.careium.com\/se\/wp-json\/wp\/v2\/pages\/1751\/revisions"}],"predecessor-version":[{"id":5461,"href":"https:\/\/www.careium.com\/se\/wp-json\/wp\/v2\/pages\/1751\/revisions\/5461"}],"up":[{"embeddable":true,"href":"https:\/\/www.careium.com\/se\/wp-json\/wp\/v2\/pages\/1742"}],"wp:attachment":[{"href":"https:\/\/www.careium.com\/se\/wp-json\/wp\/v2\/media?parent=1751"}],"curies":[{"name":"wp","href":"https:\/\/api.w.org\/{rel}","templated":true}]}}