{"id":1907,"date":"2025-05-12T14:20:22","date_gmt":"2025-05-12T14:20:22","guid":{"rendered":"https:\/\/www.careium.com\/se\/?page_id=1907"},"modified":"2026-03-05T13:45:27","modified_gmt":"2026-03-05T12:45:27","slug":"juridisk-information","status":"publish","type":"page","link":"https:\/\/www.careium.com\/se\/juridisk-information\/","title":{"rendered":"Juridisk information"},"content":{"rendered":"\n<h1 class=\"wp-block-heading has-text-align-left has-text-align-center\">Webbplatsens villkor och juridisk information&nbsp;<\/h1>\n\n\n\n<p class=\"has-text-align-left\"><strong>Den h\u00e4r webbplatsen drivs av Careium AB, ett bolag som bildats enligt den g\u00e4llande svenska bolagslagstiftningen.<\/strong><\/p>\n\n\n\n<p>Den h\u00e4r webbplatsen drivs av Careium AB, ett bolag som bildats enligt den g\u00e4llande svenska bolagslagstiftningen. Careium AB \u00e4r ett aktiebolag och \u00e4r registrerat hos Bolagsverket med registreringsnummer 559121-5875. Careium AB:s s\u00e4te finns p\u00e5 J\u00f6rgen Kocksgatan 1B, 211 20 Malm\u00f6.<\/p>\n\n\n\n<p><strong>Momsregistreringsnummer:<\/strong> SE559121587501<br><strong>Telefonnummer:<\/strong> 010-482 90 00<br><strong>E-postadress:<\/strong> legal(at)careium.com<br><strong>Publiceringsdirekt\u00f6r:<\/strong> Verkst\u00e4llande direkt\u00f6r Careium AB Peter Heuman<\/p>\n\n\n\n<h2 class=\"wp-block-heading\">Introduktion<\/h2>\n\n\n\n<p>Genom din anv\u00e4ndning av Careium AB:s (h\u00e4danefter \u201dCareium\u201d) webbplatser godk\u00e4nner du att f\u00f6lja nedanst\u00e5ende anv\u00e4ndningsvillkor anv\u00e4ndarvillkor samt att information kan samlas in om dig och behandlas i enlighet med Careiums integritetspolicy som finns <a href=\"https:\/\/www.careium.com\/se\/integritetspolicy\/\" data-type=\"page\" data-id=\"3812\">h\u00e4r<\/a>. Genom denna referens g\u00f6rs integritetspolicyn till en del av webbplatsens villkor och juridisk information.<\/p>\n\n\n\n<p><strong>OM DU INTE ACCEPTERAR ATT GODK\u00c4NNA OCH F\u00d6LJA DESSA ANV\u00c4NDARVILLKOR TILL\u00c5TS DU INTE ATT ANV\u00c4NDA WEBBPLATSEN OCH UPPMANAS ATT L\u00c4MNA DENNA.<\/strong><\/p>\n\n\n\n<p>Alla r\u00e4ttigheter som inte uttryckligen beviljas i detta dokument f\u00f6rbeh\u00e5lles.<\/p>\n\n\n\n<h2 class=\"wp-block-heading\">Copyright<\/h2>\n\n\n\n<p>Anv\u00e4ndningen av denna webbplats och inneh\u00e5llet p\u00e5 den till\u00e5ts f\u00f6r privat, icke-kommersiellt bruk. Inneh\u00e5llet p\u00e5 Careiums webbsidor f\u00e5r anv\u00e4ndas endast i informationssyfte och p\u00e5 ett s\u00e5dant s\u00e4tt som inte skadar Careiums anseende.<\/p>\n\n\n\n<p>Upphovsr\u00e4tten f\u00f6r s\u00e5v\u00e4l utseendet p\u00e5 Careiums webbplats som allt dess inneh\u00e5ll (inklusive men inte begr\u00e4nsat till text, bilder och audiovisuella inslag) innehas av Careium (eller dess dotterbolag och\/eller dess licensgivare) med ensamr\u00e4tt enligt svensk och utl\u00e4ndsk upphovsr\u00e4ttslagstiftning.<\/p>\n\n\n\n<p>Inneh\u00e5llet p\u00e5 webbplatsen f\u00e5r inte reproduceras, \u00f6verf\u00f6ras, distribueras eller lagras utan f\u00f6reg\u00e5ende skriftligt tillst\u00e5nd fr\u00e5n Careium med nedanst\u00e5ende undantag. Careium ger dig tillst\u00e5nd att spara material p\u00e5 din dator eller skriva ut kopior av utdrag fr\u00e5n dessa sidor f\u00f6r personligt bruk. S\u00e5dant material eller kopior f\u00e5r allts\u00e5 inte spridas utan skriftligt godk\u00e4nnande fr\u00e5n Careium.<\/p>\n\n\n\n<p>Anv\u00e4ndning av pressmeddelanden och\/eller andra dokument som klassificerats som offentliga \u00e4r till\u00e5tna att anv\u00e4nda i offentlig kommunikation under f\u00f6ruts\u00e4ttning att korrekta k\u00e4llh\u00e4nvisningar g\u00f6rs.<\/p>\n\n\n\n<p>Webbplatsen, dess utseende, och allt inneh\u00e5ll och all information som ges p\u00e5 denna webbplats (inklusive men inte begr\u00e4nsat till text, bilder och\/eller anm\u00e4rkningar som informerar upphovsr\u00e4tt eller immateriella r\u00e4ttigheter) f\u00e5r inte \u00e4ndras p\u00e5 n\u00e5got s\u00e4tt utan skriftligt tillst\u00e5nd fr\u00e5n Careium. Det \u00e4r dessutom f\u00f6rbjudet att distribuera s\u00e5dant inneh\u00e5ll utan skriftligt tillst\u00e5nd fr\u00e5n Careium.<\/p>\n\n\n\n<p>Vissa delar av webbplatsen har inneh\u00e5ll (inkluderat men inte begr\u00e4nsat till dokument, bilder och\/eller audiovisuella inslag) som kan vara f\u00f6rem\u00e5l f\u00f6r s\u00e4rskilda ytterligare villkor, som anges i eller i anslutning till inneh\u00e5llet. Vissa delar av webbplatsen har inneh\u00e5ll som anv\u00e4nds av Careium med tredje parts (inkluderat men inte begr\u00e4nsat till leverant\u00f6rer) tillst\u00e5nd och som kan omfattas av upphovsr\u00e4tten f\u00f6r tredje part. Om du anv\u00e4nder s\u00e5dant inneh\u00e5ll p\u00e5 ett annat s\u00e4tt \u00e4n i enlighet med dessa villkor kan det g\u00f6ra intr\u00e5ng p\u00e5 r\u00e4ttigheterna som innehas av tredje part.<\/p>\n\n\n\n<h2 class=\"wp-block-heading\">Ansvar, garantier m.m.<\/h2>\n\n\n\n<p>Allt inneh\u00e5ll p\u00e5 Careiums webbplatser tillhandah\u00e5lls i befintligt skick och som tillg\u00e4ngligt. Careium kan inte garantera att webbplatsen, sidorna p\u00e5 denna eller dess inneh\u00e5ll \u00e4r felfritt, fria fr\u00e5n virus eller andra skadliga komponenter eller kan tillhandah\u00e5llas utan avbrott. Dokumentation fr\u00e5n Careium kan inneh\u00e5lla tekniska felaktigheter eller tryckfel. Careium f\u00f6rbeh\u00e5ller sig r\u00e4tten att n\u00e4r som helst, och utan f\u00f6rvarning, revidera sidorna, blockera dem eller ta bort dem i sin helhet.<\/p>\n\n\n\n<p>F\u00f6rutom vad som kr\u00e4vs enligt, f\u00f6r dig, till\u00e4mplig lag ges inga garantier av n\u00e5got slag, vare sig uttryckliga eller underf\u00f6rst\u00e5dda (inklusive, men inte begr\u00e4nsat till, garantier betr\u00e4ffande \u00e4gander\u00e4tt eller icke-intr\u00e5ng, garantier f\u00f6r s\u00e4ljbarhet eller l\u00e4mplighet f\u00f6r ett s\u00e4rskilt \u00e4ndam\u00e5l) g\u00e4llande korrekthet, noggrannhet, tillf\u00f6rlitlighet eller n\u00e5got annat i inneh\u00e5llet p\u00e5 dessa sidor.<\/p>\n\n\n\n<p>Careium kommer inte att p\u00e5 n\u00e5got s\u00e4tt kunna h\u00e5llas ansvarigt f\u00f6r eventuella skador (inklusive, men inte begr\u00e4nsat till, direkta, of\u00f6rutsedda, indirekta, sekund\u00e4ra eller s\u00e4rskilda skador eller skadest\u00e5nd i avskr\u00e4ckande syfte), f\u00f6rluster eller kostnader eller uteblivna vinster relaterade till din anv\u00e4ndning av Careiums webbsidor eller n\u00e5gon annan l\u00e4nkad webbplats, eller n\u00e5gon of\u00f6rm\u00e5ga att anv\u00e4nda inneh\u00e5llet p\u00e5 dessa sidor, eller anv\u00e4ndning eller f\u00f6rs\u00f6k till anv\u00e4ndning av informationen p\u00e5 dessa sidor eller i samband med n\u00e5got fel, utel\u00e4mnande eller avbrott eller n\u00e5gon defekt, f\u00f6rdr\u00f6jning i anv\u00e4ndning eller \u00f6verf\u00f6ring, n\u00e5got datorvirus eller linjebrott eller systemfel, \u00e4ven om Careium eller dess representanter har informerats om f\u00f6rekomsten eller risken f\u00f6r f\u00f6rekomst av s\u00e5dana skador, f\u00f6rluster eller utgifter. Under inga omst\u00e4ndigheter kommer Careiums skadest\u00e5nd att \u00f6verstiga kostnaden, om n\u00e5gon, som du betalat f\u00f6r att f\u00e5 tillg\u00e5ng till denna webbplats. F\u00f6r det fall i ditt land till\u00e4mplig (tvingande) lagstiftning inte till\u00e5ter undantag eller ansvarsbegr\u00e4nsningar s\u00e5som den ovanst\u00e5ende ska Careiums ansvar vara begr\u00e4nsat till den st\u00f6rsta omfattningen som den ifr\u00e5gavarande lagstiftningen till\u00e5ter.<\/p>\n\n\n\n<p>Careium tar inget ansvar f\u00f6r material som \u00e4gs, skapats eller publicerats av n\u00e5gon tredje part som Careiums webbsidor l\u00e4nkar till. N\u00e4r du anv\u00e4nder l\u00e4nkar som leder till n\u00e5gon tredjepartswebbplats ska du l\u00e4sa och godk\u00e4nna den webbplatsens anv\u00e4ndningsregler innan du anv\u00e4nder den webbplatsen. En l\u00e4nk till en webbplats som inte tillh\u00f6r Careium inneb\u00e4r inte att Careium st\u00f6djer den webbplatsen och produkterna eller tj\u00e4nsterna som tillhandah\u00e5lls d\u00e4r. Genom att anv\u00e4nda en l\u00e4nkad webbplats tillh\u00f6rande tredje part godk\u00e4nner du att Careium inte har n\u00e5gon kontroll \u00f6ver, och inte heller kan ta ansvar f\u00f6r, inneh\u00e5llet som finns publicerat p\u00e5 den l\u00e4nkade webbplatsen.<\/p>\n\n\n\n<h2 class=\"wp-block-heading\">Inskickande av material och kommentarer<\/h2>\n\n\n\n<p>Careium vill g\u00e4rna att du skickar alla eventuella icke-konfidentiella kommentarer om Careiums produkter till denna webbplats. Om du har n\u00e5gon id\u00e9 som du vill att Careium ska \u00f6verv\u00e4ga att anv\u00e4nda i utbyte mot n\u00e5gon ers\u00e4ttning till dig ska du emellertid inte dela med dig av den till denna webbplats eller p\u00e5 annat s\u00e4tt via internet.<\/p>\n\n\n\n<p>Genom att skicka material eller kommentarer till Careium, till exempel per e-post eller via n\u00e5gon av v\u00e5ra webbsidor, accepterar du f\u00f6ljande villkor:<\/p>\n\n\n\n<p>[1] du g\u00f6r materialet tillg\u00e4ngligt v\u00e4l medveten om att Careium kan publicera det.<\/p>\n\n\n\n<p>[2] du garanterar att materialet inte kommer att inneh\u00e5lla n\u00e5got som \u00e4r olagligt eller p\u00e5 annat s\u00e4tt ol\u00e4mpligt f\u00f6r publicering.<\/p>\n\n\n\n<p>[3] du garanterar att du inom rimliga gr\u00e4nser kommer att vidta \u00e5tg\u00e4rder f\u00f6r att uppt\u00e4cka och avl\u00e4gsna eventuella virus eller andra smittsamma eller destruktiva sp\u00e5r innan du skickar n\u00e5got material.<\/p>\n\n\n\n<p>[4] du samtycker till att befria Careium fr\u00e5n ansvar om n\u00e5gon tredje part vidtar r\u00e4ttsliga \u00e5tg\u00e4rder mot Careium avseende det material som du skickar samt gottg\u00f6ra Careium om tredje part vidtar \u00e5tg\u00e4rder mot Careium till f\u00f6ljd av det skickade materialet.<\/p>\n\n\n\n<p>[5] du accepterar att du inte kommer att vidta r\u00e4ttsliga \u00e5tg\u00e4rder mot Careium i fr\u00e5ga om materialet.<\/p>\n\n\n\n<p>[6] du \u00e4ger materialet eller har fulla r\u00e4ttigheter att skicka det till Careium och att Careium kan publicera materialet och\/eller inf\u00f6rliva det, eller koncept som beskrivs i det, i Careiums produkter utan n\u00e5gon ansvarsskyldighet eller skadest\u00e5ndsskyldighet. Inneh\u00e5ller materialet personuppgifter kommer dessa att behandlas i enlighet med v\u00e5r integritetspolicy.<\/p>\n\n\n\n<p>Careium f\u00f6rbeh\u00e5ller sig r\u00e4tten att vidta r\u00e4ttsliga \u00e5tg\u00e4rder i h\u00e4ndelse av att de g\u00e4llande anv\u00e4ndningsvillkoren \u00f6vertr\u00e4ds eller i h\u00e4ndelse av att du beg\u00e5r olagliga handlingar. Careium f\u00f6rbeh\u00e5ller sig r\u00e4tten att, utan f\u00f6rvarning, vidta tillr\u00e4ttavisande \u00e5tg\u00e4rder, bland annat nekad \u00e5tkomst till webbplatsen och dess tj\u00e4nster samt borttagning av inskickade material eller kommentarer.<\/p>\n\n\n\n<p>Careium f\u00f6rbeh\u00e5ller sig r\u00e4tten att, utan f\u00f6rvarning, \u00e4ndra dessa villkor n\u00e4r som helst genom att uppdatera denna text. Careium \u00e4r genom din anv\u00e4ndning bunden av s\u00e5dana \u00e4ndringar och b\u00f6r d\u00e4rf\u00f6r l\u00e4sa igenom dessa villkor med j\u00e4mna mellanrum.<\/p>\n\n\n\n<h2 class=\"wp-block-heading\">Varum\u00e4rkesr\u00e4ttigheter osv.<\/h2>\n\n\n\n<p>Namnet Careium Company och koncernens namn och logotyp (och namn och logotyper f\u00f6r Careiums dotterbolag och filialer) samt alla varum\u00e4rken och produktnamn f\u00f6r Careium, dess dotterbolag och filialer tillh\u00f6r Careium och\/eller dess dotterbolag och filialer. Din tillg\u00e5ng till webbplatsen ska inte p\u00e5 n\u00e5got s\u00e4tt tolkas som ett beviljande av n\u00e5gon r\u00e4tt att anv\u00e4nda varum\u00e4rken som visas p\u00e5 webbplatsen utan f\u00f6reg\u00e5ende skriftligt medgivande fr\u00e5n Careium eller tredje part som innehar dessa.<\/p>\n","protected":false},"excerpt":{"rendered":"<p>Webbplatsens villkor och juridisk information&nbsp; Den h\u00e4r webbplatsen drivs av Careium AB, ett bolag som bildats enligt den g\u00e4llande svenska bolagslagstiftningen. Den h\u00e4r webbplatsen drivs av Careium AB, ett bolag som bildats enligt den g\u00e4llande svenska bolagslagstiftningen. Careium AB \u00e4r ett aktiebolag och \u00e4r registrerat hos Bolagsverket med registreringsnummer 559121-5875. Careium AB:s s\u00e4te finns p\u00e5&#8230;<\/p>\n","protected":false},"author":5,"featured_media":0,"parent":0,"menu_order":0,"comment_status":"closed","ping_status":"closed","template":"template-text-page.blade.php","meta":{"_acf_changed":false,"footnotes":""},"class_list":["post-1907","page","type-page","status-publish","hentry"],"acf":[],"_links":{"self":[{"href":"https:\/\/www.careium.com\/se\/wp-json\/wp\/v2\/pages\/1907","targetHints":{"allow":["GET"]}}],"collection":[{"href":"https:\/\/www.careium.com\/se\/wp-json\/wp\/v2\/pages"}],"about":[{"href":"https:\/\/www.careium.com\/se\/wp-json\/wp\/v2\/types\/page"}],"author":[{"embeddable":true,"href":"https:\/\/www.careium.com\/se\/wp-json\/wp\/v2\/users\/5"}],"replies":[{"embeddable":true,"href":"https:\/\/www.careium.com\/se\/wp-json\/wp\/v2\/comments?post=1907"}],"version-history":[{"count":5,"href":"https:\/\/www.careium.com\/se\/wp-json\/wp\/v2\/pages\/1907\/revisions"}],"predecessor-version":[{"id":5914,"href":"https:\/\/www.careium.com\/se\/wp-json\/wp\/v2\/pages\/1907\/revisions\/5914"}],"wp:attachment":[{"href":"https:\/\/www.careium.com\/se\/wp-json\/wp\/v2\/media?parent=1907"}],"curies":[{"name":"wp","href":"https:\/\/api.w.org\/{rel}","templated":true}]}}