{"id":3178,"date":"2025-05-16T09:03:23","date_gmt":"2025-05-16T09:03:23","guid":{"rendered":"https:\/\/www.careium.com\/se\/?page_id=3178"},"modified":"2026-01-30T12:52:18","modified_gmt":"2026-01-30T11:52:18","slug":"forpackning","status":"publish","type":"page","link":"https:\/\/www.careium.com\/se\/om-oss\/hallbarhet\/hallbar-valfardsteknik-miljoinformation\/forpackning\/","title":{"rendered":"F\u00f6rpackning"},"content":{"rendered":"\n<h1 class=\"wp-block-heading\">F\u00f6rpackning<\/h1>\n\n\n\n<p class=\"has-text-align-left\">V\u00e5rt engagemang f\u00f6r milj\u00f6n genomsyrar varje steg av v\u00e5ra produkters livscykel.<\/p>\n\n\n\n<p class=\"has-text-align-left\">Vi st\u00e4ller strikta krav p\u00e5 milj\u00f6medveten design och produktion, och v\u00e5ra produkter ska vara b\u00e5de s\u00e4kra och h\u00e5llbara, med en h\u00e5llbar avfallshantering som en grundl\u00e4ggande aspekt.<\/p>\n\n\n\n<h2 class=\"wp-block-heading\">Hantering av f\u00f6rpackningsmaterial<\/h2>\n\n\n\n<ul class=\"wp-block-list\">\n<li>Som kund kan du spela en avg\u00f6rande roll f\u00f6r att fr\u00e4mja en b\u00e4ttre milj\u00f6 och spara resurser genom att sortera f\u00f6rpackningsmaterial. P\u00e5 s\u00e5 s\u00e4tt s\u00e4kerst\u00e4ller du att f\u00f6rpackningarna \u00e5tervinns p\u00e5 ett h\u00e5llbart s\u00e4tt. Kontrollera \u00e5tervinningsm\u00e4rkningen, anv\u00e4nd l\u00e4mpliga metoder f\u00f6r avfallshantering och f\u00f6lj lokala riktlinjer fr\u00e5n din kommun.<\/li>\n\n\n\n<li>Vi begr\u00e4nsar volymen och vikten av v\u00e5ra f\u00f6rpackningar till den minsta m\u00f6jliga niv\u00e5n utan att tumma p\u00e5 s\u00e4kerhet, hygien och acceptans f\u00f6r varken f\u00f6rpackad produkt och konsument.<\/li>\n\n\n\n<li>F\u00f6rpackningarna f\u00f6ljer nationella krav och f\u00f6rordningar samt b\u00e5de EU:s och Storbritanniens regelverk g\u00e4llande f\u00f6rekomsten av farliga \u00e4mnen, \u00e5tervinning och \u00e5teranv\u00e4ndning.<\/li>\n\n\n\n<li>Vi uppfyller det ut\u00f6kade producentansvaret (EPR) genom att finansiera insamling av avfall och rapportering till milj\u00f6skyddsmyndigheterna. Vi driver sj\u00e4lva, eller genom samarbetspartners, \u00e5tertagningssystem och anslutningar till producentansvarsorganisationer (PRO) som \u00e4r utformade f\u00f6r att uppfylla relevanta landsspecifika krav och lagstiftning.<\/li>\n<\/ul>\n\n\n\n<h2 class=\"wp-block-heading\">Generiska exempel<\/h2>\n\n\n\n<p>Anpassa avfallshanteringen till din produkt genom att identifiera koden p\u00e5 de enskilda komponenterna och f\u00f6lj proceduren som visas i tabellen nedan:<\/p>\n\n\n\n<figure class=\"wp-block-table\"><table class=\"has-fixed-layout\"><thead><tr><th class=\"has-text-align-center\" data-align=\"center\">Exempel p\u00e5 f\u00f6rpackning<\/th><th class=\"has-text-align-center\" data-align=\"center\">Material<\/th><th class=\"has-text-align-center\" data-align=\"center\">EU, 97\/129\/EG<\/th><th class=\"has-text-align-center\" data-align=\"center\">Nationella och\/eller lokala m\u00e4rkningar och riktlinjer f\u00f6r \u00e5tervinning<\/th><th class=\"has-text-align-center\" data-align=\"center\">Korrekt avfallshantering<\/th><\/tr><\/thead><tbody><tr><td class=\"has-text-align-center\" data-align=\"center\"><img decoding=\"async\" class=\"wp-image-2506\" style=\"width: 125px;\" src=\"https:\/\/www.careium.com\/app\/uploads\/sites\/8\/2025\/05\/packaging.jpg\" alt=\"\"><\/td><td class=\"has-text-align-center\" data-align=\"center\">Korrugerad fiberboard<\/td><td class=\"has-text-align-center\" data-align=\"center\"><img decoding=\"async\" class=\"wp-image-3133\" style=\"width: 160px;\" src=\"https:\/\/www.careium.com\/app\/uploads\/sites\/8\/2025\/05\/recycling-codes-paper-cardboard-20-pap.svg\" alt=\"\"><\/td><td class=\"has-text-align-center\" data-align=\"center\"><img decoding=\"async\" class=\"wp-image-3135\" style=\"width: 217px;\" src=\"https:\/\/www.careium.com\/app\/uploads\/sites\/8\/2025\/05\/cardboard-recycle-icon-1.png\" alt=\"\"><\/td><td class=\"has-text-align-center\" data-align=\"center\"><strong>Pappersinsamling<\/strong><br>Kontrollera din lokala kommuns riktlinjer<\/td><\/tr><tr><td class=\"has-text-align-center\" data-align=\"center\"><img decoding=\"async\" class=\"wp-image-2507\" style=\"width: 125px;\" src=\"https:\/\/www.careium.com\/app\/uploads\/sites\/8\/2025\/05\/polyethene.png\" alt=\"\"><\/td><td class=\"has-text-align-center\" data-align=\"center\">Polyeten med l\u00e5g densitet<\/td><td class=\"has-text-align-center\" data-align=\"center\"><img decoding=\"async\" class=\"wp-image-2515\" style=\"width: 120px;\" src=\"https:\/\/www.careium.com\/app\/uploads\/sites\/8\/2025\/05\/pe-ld-04.png\" alt=\"\"><\/td><td class=\"has-text-align-center\" data-align=\"center\"><img decoding=\"async\" class=\"wp-image-3168\" style=\"width: 217px;\" src=\"https:\/\/www.careium.com\/app\/uploads\/sites\/8\/2025\/05\/polyethene-recycle.png\" alt=\"\"><\/td><td class=\"has-text-align-center\" data-align=\"center\"><strong>Plastinsamling<br><\/strong>Kontrollera din lokala kommuns riktlinjer<\/td><\/tr><tr><td class=\"has-text-align-center\" data-align=\"center\"><img decoding=\"async\" class=\"wp-image-2508\" style=\"width: 125px;\" src=\"https:\/\/www.careium.com\/app\/uploads\/sites\/8\/2025\/05\/non-corrugated-fibreboard.png\" alt=\"\"><\/td><td class=\"has-text-align-center\" data-align=\"center\">Icke-korrugerad fiberboard<\/td><td class=\"has-text-align-center\" data-align=\"center\"><img decoding=\"async\" class=\"wp-image-3141\" style=\"width: 160px;\" src=\"https:\/\/www.careium.com\/app\/uploads\/sites\/8\/2025\/05\/recycling_codes_paper_21_pap.svg\" alt=\"\"><\/td><td class=\"has-text-align-center\" data-align=\"center\"><img decoding=\"async\" class=\"wp-image-3170\" style=\"width: 217px;\" src=\"https:\/\/www.careium.com\/app\/uploads\/sites\/8\/2025\/05\/cardboard-recycle-icon-paper.png\" alt=\"\"><\/td><td class=\"has-text-align-center\" data-align=\"center\"><strong>Pappersinsamling<\/strong><br>Kontrollera din lokala kommuns riktlinjer<\/td><\/tr><tr><td class=\"has-text-align-center\" data-align=\"center\"><img decoding=\"async\" class=\"wp-image-2509\" style=\"width: 125px;\" src=\"https:\/\/www.careium.com\/app\/uploads\/sites\/8\/2025\/05\/paper.png\" alt=\"\"><\/td><td class=\"has-text-align-center\" data-align=\"center\">Papper<\/td><td class=\"has-text-align-center\" data-align=\"center\"><img decoding=\"async\" class=\"wp-image-3143\" style=\"width: 160px;\" src=\"https:\/\/www.careium.com\/app\/uploads\/sites\/8\/2025\/05\/recycling_codes_paper_22_pap-1.svg\" alt=\"\"><\/td><td class=\"has-text-align-center\" data-align=\"center\"><img decoding=\"async\" class=\"wp-image-3171\" style=\"width: 217px;\" src=\"https:\/\/www.careium.com\/app\/uploads\/sites\/8\/2025\/05\/recycle.png\" alt=\"\"><\/td><td class=\"has-text-align-center\" data-align=\"center\"><strong>Pappersinsamling<\/strong><br>Kontrollera din lokala kommuns riktlinjer<\/td><\/tr><\/tbody><\/table><\/figure>\n\n\n\n<p><\/p>\n","protected":false},"excerpt":{"rendered":"<p>F\u00f6rpackning V\u00e5rt engagemang f\u00f6r milj\u00f6n genomsyrar varje steg av v\u00e5ra produkters livscykel. Vi st\u00e4ller strikta krav p\u00e5 milj\u00f6medveten design och produktion, och v\u00e5ra produkter ska vara b\u00e5de s\u00e4kra och h\u00e5llbara, med en h\u00e5llbar avfallshantering som en grundl\u00e4ggande aspekt. Hantering av f\u00f6rpackningsmaterial Generiska exempel Anpassa avfallshanteringen till din produkt genom att identifiera koden p\u00e5 de enskilda&#8230;<\/p>\n","protected":false},"author":1,"featured_media":0,"parent":3956,"menu_order":0,"comment_status":"closed","ping_status":"closed","template":"template-text-page.blade.php","meta":{"_acf_changed":false,"footnotes":""},"class_list":["post-3178","page","type-page","status-publish","hentry"],"acf":[],"_links":{"self":[{"href":"https:\/\/www.careium.com\/se\/wp-json\/wp\/v2\/pages\/3178","targetHints":{"allow":["GET"]}}],"collection":[{"href":"https:\/\/www.careium.com\/se\/wp-json\/wp\/v2\/pages"}],"about":[{"href":"https:\/\/www.careium.com\/se\/wp-json\/wp\/v2\/types\/page"}],"author":[{"embeddable":true,"href":"https:\/\/www.careium.com\/se\/wp-json\/wp\/v2\/users\/1"}],"replies":[{"embeddable":true,"href":"https:\/\/www.careium.com\/se\/wp-json\/wp\/v2\/comments?post=3178"}],"version-history":[{"count":4,"href":"https:\/\/www.careium.com\/se\/wp-json\/wp\/v2\/pages\/3178\/revisions"}],"predecessor-version":[{"id":5486,"href":"https:\/\/www.careium.com\/se\/wp-json\/wp\/v2\/pages\/3178\/revisions\/5486"}],"up":[{"embeddable":true,"href":"https:\/\/www.careium.com\/se\/wp-json\/wp\/v2\/pages\/3956"}],"wp:attachment":[{"href":"https:\/\/www.careium.com\/se\/wp-json\/wp\/v2\/media?parent=3178"}],"curies":[{"name":"wp","href":"https:\/\/api.w.org\/{rel}","templated":true}]}}