{"id":3689,"date":"2025-05-26T10:30:23","date_gmt":"2025-05-26T10:30:23","guid":{"rendered":"https:\/\/www.careium.com\/se\/?page_id=3689"},"modified":"2026-03-05T13:48:06","modified_gmt":"2026-03-05T12:48:06","slug":"bolagsstamma-2025","status":"publish","type":"page","link":"https:\/\/www.careium.com\/se\/investerarrelationer\/bolagsstamma\/bolagsstamma-2025\/","title":{"rendered":"Bolagsst\u00e4mma 2025"},"content":{"rendered":"\n<h1 class=\"wp-block-heading has-text-align-left has-text-align-center\">Bolagsst\u00e4mma 2025<\/h1>\n\n\n\n<p class=\"has-text-align-left\"><strong>Bolagsst\u00e4mman \u00e4r bolagets h\u00f6gsta beslutsfattande organ. Vid bolagsst\u00e4mman v\u00e4ljs Careium AB:s styrelse och styrelseordf\u00f6rande. Vidare utses bolagets revisorer.<\/strong><\/p>\n\n\n\n<div style=\"height:50px\" aria-hidden=\"true\" class=\"wp-block-spacer\"><\/div>\n\n\n\n<h2 class=\"wp-block-heading\">Careiums bolagsst\u00e4mma 2025<\/h2>\n\n\n\n<p>Datum: Torsdagen den 24 april<\/p>\n\n\n\n<h3 class=\"wp-block-heading\">Kallelse<\/h3>\n\n\n\n<p>Aktie\u00e4garna i Careium AB (publ) org. nr. 559121\u20135875 (\u201dCareium\u201d eller \u201dBolaget\u201d) kallas h\u00e4rmed till \u00e5rsst\u00e4mma torsdagen den 24 april 2025 kl. 13:00 p\u00e5 Sankt Gertrud Konferens, \u00d6stergatan 7B, 211 25 Malm\u00f6<\/p>\n\n\n\n<p>Inregistrering sker fr\u00e5n kl. 12:00. F\u00f6re \u00e5rsst\u00e4mman serveras l\u00e4ttare f\u00f6rt\u00e4ring och dryck. Ledam\u00f6ter fr\u00e5n styrelsen och den verkst\u00e4llande ledningen finns p\u00e5 plats f\u00f6r att svara p\u00e5 fr\u00e5gor fr\u00e5n aktie\u00e4garna<\/p>\n\n\n\n<p><a href=\"https:\/\/computershare.sweetsystems.se\/web\/Survey\/CreateAnswerSet\/f7c4af0e-5cd6-45ea-8684-3597a14da514?lcid=1053\" rel=\"nofollow noopener\" target=\"_blank\">Webbanm\u00e4lan<\/a><\/p>\n\n\n\n<h3 class=\"wp-block-heading\">R\u00c4TT TILL DELTAGANDE OCH ANM\u00c4LAN<\/h3>\n\n\n\n<p>R\u00e4tt att delta i \u00e5rsst\u00e4mman har den som <\/p>\n\n\n\n<ul class=\"wp-block-list\">\n<li>dels \u00e4r inf\u00f6rd som aktie\u00e4gare i den av Euroclear Sweden AB f\u00f6rda aktieboken per m\u00e5ndagen den 14 april 2025, samt<\/li>\n\n\n\n<li>dels senast onsdagen den 16 april 2025 anm\u00e4ler sin avsikt att delta vid \u00e5rsst\u00e4mman enligt nedan.<\/li>\n<\/ul>\n\n\n\n<p>Anm\u00e4lan om deltagande vid \u00e5rsst\u00e4mman g\u00f6rs p\u00e5 Bolagets webbplats www.careium.com eller p\u00e5 telefon nr <a href=\"tel:46 (0) 771 24 64 00\">+46 (0) 771 24 64 00<\/a> vardagar mellan kl. 09.00 &#8211; 16.30 eller skriftligen till adress, Computershare AB, \u201dCareium AB:s \u00c5rsst\u00e4mma\u201d, Gustav III:s Boulevard 34, 169 73 Solna eller via e-mail proxy(at)computershare.se.  <\/p>\n\n\n\n<p>Vid anm\u00e4lan b\u00f6r aktie\u00e4garen uppge namn, adress, person- eller organisationsnummer, telefonnummer och antal eventuella bitr\u00e4den (h\u00f6gst tv\u00e5).<\/p>\n\n\n\n<h3 class=\"wp-block-heading\">F\u00f6rvaltarregistrerade aktier<\/h3>\n\n\n\n<p>Aktie\u00e4gare som har l\u00e5tit f\u00f6rvaltarregistrera sina aktier m\u00e5ste tillf\u00e4lligt registrera aktierna i eget namn s\u00e5 att vederb\u00f6rande \u00e4r registrerad i den av Euroclear Sweden AB f\u00f6rda aktieboken per avst\u00e4mningsdagen den 14 april 2025 f\u00f6r att \u00e4ga r\u00e4tt att delta i \u00e5rsst\u00e4mman. S\u00e5dan registrering kan vara tillf\u00e4llig (s.k. r\u00f6str\u00e4ttsregistrering) och beg\u00e4rs hos f\u00f6rvaltaren enligt f\u00f6rvaltaren i s\u00e5dan tid i f\u00f6rv\u00e4g som f\u00f6rvaltaren best\u00e4mmer.<\/p>\n\n\n\n<p>R\u00f6str\u00e4ttsregistreringar som gjort senast den andra bankdagen efter den 14 april 2025 beaktas vid framst\u00e4llningen av aktieboken.<\/p>\n\n\n\n<h3 class=\"wp-block-heading\">Ombud m.m:<\/h3>\n\n\n\n<p>Aktie\u00e4gare som avser att l\u00e5ta sig f\u00f6retr\u00e4das genom ombud ska utf\u00e4rda dagtecknad fullmakt f\u00f6r ombudet. Om fullmakten utf\u00e4rdas av juridisk person ska registreringsbevis eller motsvarande beh\u00f6righetshandling f\u00f6r den juridiska personen bifogas. Fullmakten f\u00e5r inte vara \u00e4ldre \u00e4n 1 \u00e5r, om det inte anges l\u00e4ngre tid i fullmakten (h\u00f6gst 5 \u00e5r).<\/p>\n\n\n\n<p>Fullmakten i original samt eventuellt registreringsbevis b\u00f6r i god tid f\u00f6re \u00e5rsst\u00e4mman ins\u00e4ndas per brev Computershare AB, \u201dCareium AB:s \u00e5rsst\u00e4mma\u201d, Gustav III:s Boulevard 34, 169 73 Solna eller via e-mail: proxy(at)computershare.se.  <\/p>\n\n\n\n<p>Fullmaktsformul\u00e4r tillhandah\u00e5lls finns tillg\u00e4ngligt p\u00e5 Bolagets webbplats. <a href=\"https:\/\/www.careium.com\" data-type=\"link\" data-id=\"https:\/\/www.careium.com\">www.careium.com<\/a>.<\/p>\n\n\n\n<h3 class=\"wp-block-heading\">Aktie\u00e4gares r\u00e4tt att beg\u00e4ra upplysningar<\/h3>\n\n\n\n<p>Aktie\u00e4garna erinras om sin r\u00e4tt att beg\u00e4ra upplysningar enligt 7 kap. 32 \u00a7 aktiebolagslagen (2005:551). Styrelsen och verkst\u00e4llande direkt\u00f6ren ska, om n\u00e5gon aktie\u00e4gare beg\u00e4r det, och styrelsen anser att det kan ske utan v\u00e4sentlig skada f\u00f6r Bolaget, l\u00e4mna upplysningar om, dels f\u00f6rh\u00e5llanden som kan inverka p\u00e5 bed\u00f6mningen av ett \u00e4rende p\u00e5 dagordningen, dels f\u00f6rh\u00e5llanden som kan inverka p\u00e5 bed\u00f6mningen av Bolagets eller dotterf\u00f6retags ekonomiska situation, dels Bolagets f\u00f6rh\u00e5llande till annat koncernf\u00f6retag.<\/p>\n\n\n\n<h3 class=\"wp-block-heading has-text-align-left has-large-font-size has-stor-font-size\">Dokument fr\u00e5n \u00e5rsst\u00e4mman 2025<\/h3>\n\n\n\n<figure class=\"wp-block-table is-style-regular\"><table><tbody><tr><td>Protokoll fr\u00e5n \u00e5rsst\u00e4mma 2025 <\/td><td><a href=\"https:\/\/www.careium.com\/app\/uploads\/sites\/2\/2025\/05\/protokoll-arsstamma-signerad-2025-v2-careium-sv.pdf\" target=\"_blank\" rel=\"noreferrer noopener\">Ladda ner<\/a><\/td><\/tr><tr><td>Kallelse till Careiums \u00e5rsst\u00e4mma 2025&nbsp;<\/td><td><a href=\"https:\/\/www.careium.com\/app\/uploads\/sites\/8\/2025\/04\/kallelse-till-arsstamma-2025-careium-sv.pdf\" target=\"_blank\" rel=\"noreferrer noopener\">Ladda ner<\/a><\/td><\/tr><tr><td>Punkt 16 &#8211; Valberedningens f\u00f6rslag 2025<\/td><td><a href=\"https:\/\/www.careium.com\/app\/uploads\/sites\/8\/2025\/04\/punkt-16-forslag-om-principer-for-utseendet-av-valberedning-2025-careium-sv.pdf\" target=\"_blank\" rel=\"noreferrer noopener\">Ladda ner<\/a><\/td><\/tr><tr><td>Punkt 17 &#8211; Styrelsens f\u00f6rslag 2025<\/td><td><a href=\"https:\/\/www.careium.com\/app\/uploads\/sites\/8\/2025\/04\/punkt-17-forslag-om-inforandet-av-personoptionsprogram-emission-av-teckningsoptioner-overlatelse-av-teckningsoptioner-2025-careium-sv.pdf\" target=\"_blank\" rel=\"noreferrer noopener\">Ladda ner<\/a><\/td><\/tr><tr><td>Punkt 18 &#8211; F\u00f6rslag till nyemission av aktier 2025&nbsp;<\/td><td><a href=\"https:\/\/www.careium.com\/app\/uploads\/sites\/8\/2025\/04\/punkt-18-forslag-till-nyemission-av-aktier-2025-careium-sv.pdf\" target=\"_blank\" rel=\"noreferrer noopener\">Ladda ner<\/a><\/td><\/tr><tr><td>Villkor f\u00f6r teckningsoptioner av serie 2025 i Careium AB<\/td><td><a href=\"https:\/\/www.careium.com\/app\/uploads\/sites\/8\/2025\/04\/villkor-for-teckningsoptioner-av-serie-2025-i-careium-ab-sv.pdf\" target=\"_blank\" rel=\"noreferrer noopener\">Ladda ner<\/a><\/td><\/tr><tr><td>Fullmaktsformul\u00e4r 2025<\/td><td><a href=\"https:\/\/www.careium.com\/app\/uploads\/sites\/2\/2025\/05\/fullmaktsformular-2025-careium-sv.pdf\" target=\"_blank\" data-type=\"attachment\" data-id=\"2103\" rel=\"noreferrer noopener\">Ladda ner<\/a><\/td><\/tr><tr><td>\u00c5rsredovisning med h\u00e5llbarhetsrapport&nbsp;2024<\/td><td><a href=\"https:\/\/www.careium.com\/app\/uploads\/sites\/8\/2025\/04\/arsredovisning-med-hallbarhetsrapport-2024-careium-sv.pdf\" target=\"_blank\" rel=\"noreferrer noopener\">Ladda ner<\/a><\/td><\/tr><\/tbody><\/table><\/figure>\n\n\n\n<div style=\"height:30px\" aria-hidden=\"true\" class=\"wp-block-spacer\"><\/div>\n\n\n\n<p><a href=\"https:\/\/www.careium.com\/se\/investerarrelationer\/bolagsstamma\/bolagsstamma-2024\/\" data-type=\"page\" data-id=\"1454\">\u00c5rsst\u00e4mma 2024<\/a><\/p>\n\n\n\n<p><a href=\"https:\/\/www.careium.com\/se\/investerarrelationer\/bolagsstamma\/bolagsstamma-2023\/\" data-type=\"page\" data-id=\"1466\">\u00c5rsst\u00e4mma 2023<\/a><\/p>\n\n\n\n<p><a href=\"https:\/\/www.careium.com\/se\/investerarrelationer\/bolagsstamma\/bolagsstamma-2022\/\" data-type=\"page\" data-id=\"1474\">\u00c5rsst\u00e4mma 2022<\/a><\/p>\n\n\n\n<p><\/p>\n","protected":false},"excerpt":{"rendered":"<p>Bolagsst\u00e4mma 2025 Bolagsst\u00e4mman \u00e4r bolagets h\u00f6gsta beslutsfattande organ. Vid bolagsst\u00e4mman v\u00e4ljs Careium AB:s styrelse och styrelseordf\u00f6rande. Vidare utses bolagets revisorer. Careiums bolagsst\u00e4mma 2025 Datum: Torsdagen den 24 april Kallelse Aktie\u00e4garna i Careium AB (publ) org. nr. 559121\u20135875 (\u201dCareium\u201d eller \u201dBolaget\u201d) kallas h\u00e4rmed till \u00e5rsst\u00e4mma torsdagen den 24 april 2025 kl. 13:00 p\u00e5 Sankt Gertrud Konferens,&#8230;<\/p>\n","protected":false},"author":4,"featured_media":0,"parent":1434,"menu_order":0,"comment_status":"closed","ping_status":"closed","template":"template-text-page.blade.php","meta":{"_acf_changed":false,"footnotes":""},"class_list":["post-3689","page","type-page","status-publish","hentry"],"acf":[],"_links":{"self":[{"href":"https:\/\/www.careium.com\/se\/wp-json\/wp\/v2\/pages\/3689","targetHints":{"allow":["GET"]}}],"collection":[{"href":"https:\/\/www.careium.com\/se\/wp-json\/wp\/v2\/pages"}],"about":[{"href":"https:\/\/www.careium.com\/se\/wp-json\/wp\/v2\/types\/page"}],"author":[{"embeddable":true,"href":"https:\/\/www.careium.com\/se\/wp-json\/wp\/v2\/users\/4"}],"replies":[{"embeddable":true,"href":"https:\/\/www.careium.com\/se\/wp-json\/wp\/v2\/comments?post=3689"}],"version-history":[{"count":5,"href":"https:\/\/www.careium.com\/se\/wp-json\/wp\/v2\/pages\/3689\/revisions"}],"predecessor-version":[{"id":5916,"href":"https:\/\/www.careium.com\/se\/wp-json\/wp\/v2\/pages\/3689\/revisions\/5916"}],"up":[{"embeddable":true,"href":"https:\/\/www.careium.com\/se\/wp-json\/wp\/v2\/pages\/1434"}],"wp:attachment":[{"href":"https:\/\/www.careium.com\/se\/wp-json\/wp\/v2\/media?parent=3689"}],"curies":[{"name":"wp","href":"https:\/\/api.w.org\/{rel}","templated":true}]}}