{"id":3875,"date":"2025-06-03T09:44:29","date_gmt":"2025-06-03T09:44:29","guid":{"rendered":"https:\/\/www.careium.com\/se\/?page_id=3875"},"modified":"2026-03-05T15:12:29","modified_gmt":"2026-03-05T14:12:29","slug":"policy-for-cookies","status":"publish","type":"page","link":"https:\/\/www.careium.com\/se\/policy-for-cookies\/","title":{"rendered":"Cookie Policy"},"content":{"rendered":"\n<h1 class=\"wp-block-heading has-text-align-left\">Cookiepolicy<\/h1>\n\n\n\n<div style=\"height:20px\" aria-hidden=\"true\" class=\"wp-block-spacer\"><\/div>\n\n\n\n<p>Careium Sweden AB anv\u00e4nder cookies p\u00e5 webbplatserna <a href=\"https:\/\/www.careium.com\/se\/\" target=\"_blank\" rel=\"noreferrer noopener\">www.careium.com<\/a><\/p>\n\n\n\n<p>Careium Sweden AB \u00e4r personuppgiftsansvarig f\u00f6r personuppgiftsbehandlingen.<\/p>\n\n\n\n<p>P\u00e5 Careium respekterar vi din integritet. I denna cookiepolicy (\u201dCookiepolicy\u201d) f\u00f6rklarar vi hur vi anv\u00e4nder cookies och annan liknande teknik f\u00f6r att k\u00e4nna igen dig n\u00e4r du bes\u00f6ker v\u00e5ra webbplatser. I policyn f\u00f6rklarar vi dessa tekniker, \u00e4ndam\u00e5let med behandlingarna och dina r\u00e4ttigheter som bes\u00f6kare.<\/p>\n\n\n\n<h2 class=\"wp-block-heading\">Vad \u00e4r en cookie?<\/h2>\n\n\n\n<p>Cookies \u00e4r sm\u00e5 textfiler som sparas av webbl\u00e4saren och lagras p\u00e5 den enhet du anv\u00e4nder f\u00f6r att surfa p\u00e5 internet. N\u00e4r du bes\u00f6ker v\u00e5ra webbplatser kan viss information komma att lagras med hj\u00e4lp av cookies. N\u00e4r vi h\u00e4nvisar till cookies menar vi f\u00f6rsta- och tredjepartscookies, sp\u00e5rpixlar och plug-in program samt annan sp\u00e5rningsteknik. F\u00f6r mer information om cookies, g\u00e5 till <a href=\"http:\/\/www.allaboutcookies.org\" target=\"_blank\" data-type=\"link\" data-id=\"www.allaboutcookies.org\" rel=\"noreferrer noopener nofollow\">www.allaboutcookies.org<\/a>.<\/p>\n\n\n\n<h2 class=\"wp-block-heading\">Kategorier av information och \u00e4ndam\u00e5l<\/h2>\n\n\n\n<p>Cookies hj\u00e4lper oss att b\u00e4ttre f\u00f6rst\u00e5 din anv\u00e4ndning av Webbplatsen och inneb\u00e4r att vi bland annat kan erbjuda dig som bes\u00f6ker den en mer personlig och f\u00f6rb\u00e4ttrad upplevelse. H\u00e4r \u00e4r exempel p\u00e5 den information som vi samlar in via cookies:<\/p>\n\n\n\n<ul class=\"wp-block-list\">\n<li>Antalet anv\u00e4ndare som bes\u00f6ker Webbplatsen, vilka sidor som visas, klick som gjorts p\u00e5 Webbplatsen och hur l\u00e4nge bes\u00f6karen navigerar p\u00e5 Webbplatsen<\/li>\n\n\n\n<li>Om du bes\u00f6ker Webbplatsen f\u00f6r f\u00f6rsta g\u00e5ngen eller inte<\/li>\n\n\n\n<li>Dina visningsinst\u00e4llningar (t.ex. marknad, spr\u00e5k osv.)<\/li>\n<\/ul>\n\n\n\n<p>Observera att vi inte samlar in ditt namn eller din e-postadress via cookies.<\/p>\n\n\n\n<p>Dessutom g\u00f6r cookies det m\u00f6jligt f\u00f6r oss att g\u00f6ra f\u00f6ljande:<\/p>\n\n\n\n<ul class=\"wp-block-list\">\n<li>Anpassa ditt bes\u00f6k \u2013 Vi kan anv\u00e4nda information som samlats in under ditt bes\u00f6k f\u00f6r att underl\u00e4tta ditt n\u00e4sta bes\u00f6k p\u00e5 Webbplatsen<\/li>\n\n\n\n<li>Utv\u00e4rdera och f\u00f6rb\u00e4ttra eventuell annonsering<\/li>\n<\/ul>\n\n\n\n<h2 class=\"wp-block-heading\">Typer av cookies<\/h2>\n\n\n\n<p>P\u00e5 Webbplatsen anv\u00e4nds b\u00e5de f\u00f6rstaparts- och tredjepartscookies. Alla cookies har en utgivare, vilket visar vem cookien tillh\u00f6r. Utgivaren \u00e4r \u00e4garen av den dom\u00e4n som anges i cookien. N\u00e4r du bes\u00f6ker v\u00e5r webbplats placerar vi ut cookies p\u00e5 din enhet av olika sk\u00e4l. S\u00e5dana cookies kallas f\u00f6rstapartscookies.<\/p>\n\n\n\n<p>Cookies som placeras ut av ett tredjepartsf\u00f6retag, till exempel sociala medieplattformar eller leverant\u00f6rer av annonsn\u00e4tverk eller annonsteknik, kallas tredjepartcookies.<\/p>\n\n\n\n<p>Vissa cookies \u00e4r n\u00f6dv\u00e4ndiga f\u00f6r att Webbplatsen ska kunna fungera, detta \u00e4r s\u00e5 kallade \u201cn\u00f6dv\u00e4ndiga\u201d cookies.<\/p>\n\n\n\n<p>Vi anv\u00e4nder \u00e4ven funktionella kakor f\u00f6r att f\u00f6rb\u00e4ttra din upplevelse p\u00e5 webbplatsen. Detta kan till exempel handla om spr\u00e5kval eller andra preferenser som sparas f\u00f6r att underl\u00e4tta f\u00f6r webbplatsbes\u00f6karen vid n\u00e4sta bes\u00f6k. I din webbl\u00e4sare kan du g\u00f6ra inst\u00e4llningar hur s\u00e5dana kakor f\u00e5r s\u00e4ttas. Om du v\u00e4ljer att inte till\u00e5ta s\u00e5dana kakor kan det p\u00e5verka din upplevelse av funktionaliteten av webbplatsen. Dessa cookies skapas av Careium och anv\u00e4nds fr\u00e4mst f\u00f6r att du ska kunna r\u00f6ra dig fritt och enkelt p\u00e5 Webbplatsen och anv\u00e4nda dess funktioner.<\/p>\n\n\n\n<p>Tredjepartscookies tillhandah\u00e5lls av tredje parter via hemsidan f\u00f6r riktad marknadsf\u00f6ring p\u00e5 andra webbplatser och analytiska \u00e4ndam\u00e5l. Marknadsf\u00f6ringscookies anv\u00e4nds bland annat f\u00f6r att visa annonser som \u00e4r relevanta och engagerande f\u00f6r enskilda anv\u00e4ndare, vilket \u00e4r v\u00e4rdefullt f\u00f6r utgivare och tredjepartsannons\u00f6rer.<\/p>\n\n\n\n<p>Analytiska cookies anv\u00e4nds bland annat f\u00f6r att f\u00e5 fram statistik och bes\u00f6ksm\u00f6nster vilket hj\u00e4lper oss att f\u00f6rst\u00e5 hur Webbplatsen anv\u00e4nds s\u00e5 att vi kan f\u00f6rb\u00e4ttra din upplevelse som bes\u00f6kare. Informationen som samlas in genom cookies inneh\u00e5ller ut\u00f6ver IP-numret p\u00e5 din dator ingen personlig information.<\/p>\n\n\n\n<p>Lagringstiden av cookies p\u00e5 din enhet kan variera beroende p\u00e5 vilken kategori de tillh\u00f6r, tillf\u00e4lliga eller permanenta.<\/p>\n\n\n\n<h2 class=\"wp-block-heading\">R\u00e4ttslig grund<\/h2>\n\n\n\n<h3 class=\"wp-block-heading\">Ber\u00e4ttigat intresse<\/h3>\n\n\n\n<p>Webbplatsens funktion \u00e4r beroende av v\u00e5ra n\u00f6dv\u00e4ndiga cookies och d\u00e4rf\u00f6r \u00e4r den kategorin cookies alltid till\u00e5ten n\u00e4r du bes\u00f6ker Webbplatsen. Vi baserar den behandlingen g\u00e4llande dessa strikt n\u00f6dv\u00e4ndiga cookies p\u00e5 v\u00e5rt ber\u00e4ttigade intresse av att f\u00f6rse dig med en fungerande webbplats f\u00f6r de fall du v\u00e4ljer att bes\u00f6ka v\u00e5r Webbplats. Detta har v\u00e4gts emot dina intressen och grundl\u00e4ggande r\u00e4ttigheter och friheter.<\/p>\n\n\n\n<h3 class=\"wp-block-heading\">Samtycke<\/h3>\n\n\n\n<p>G\u00e4llande andra funktionella, statistik- och marknadsf\u00f6ringscookies baserar vi den behandlingen p\u00e5 ditt samtycke. N\u00e4r du bes\u00f6ker Webbplatsen f\u00f6rsta g\u00e5ngen f\u00e5r du information om v\u00e5r cookieanv\u00e4ndning och f\u00e5r m\u00f6jlighet att godk\u00e4nna anv\u00e4ndningen av cookies eller g\u00f6ra dina egna inst\u00e4llningar. Det \u00e4r frivilligt att samtycka till dessa cookies f\u00f6r att kunna anv\u00e4nda Webbplatsen, men f\u00f6r vissa tj\u00e4nster och funktioner kr\u00e4vs anv\u00e4ndning av cookies och de kan vara begr\u00e4nsade eller o\u00e5tkomliga utan ditt samtycke. Du kan n\u00e4r som helst \u00e5terkalla ditt samtycke genom att g\u00e5 till Cookieinst\u00e4llningar i sidfoten.<\/p>\n\n\n\n<p>Kom ih\u00e5g: Om du anv\u00e4nder fler \u00e4n en webbl\u00e4sare m\u00e5ste du radera cookies i samtliga.<\/p>\n\n\n\n<p>Ditt samtycke g\u00e4ller f\u00f6r webbplatsen careium.com.<\/p>\n\n\n\n<h2 class=\"wp-block-heading\">Cookie deklaration<\/h2>\n\n\n\n<div class=\"uc-embed\" uc-embed-type=\"category\"><\/div>\n\n\n\n<div style=\"height:20px\" aria-hidden=\"true\" class=\"wp-block-spacer\"><\/div>\n\n\n\n<h2 class=\"wp-block-heading\">\u00d6verf\u00f6ring av personuppgifter utanf\u00f6r EU\/EES<\/h2>\n\n\n\n<p>Vi anv\u00e4nder tredjepartscookies p\u00e5 v\u00e5r webbplats. Anv\u00e4ndandet av tredjepartcookies inneb\u00e4r att dina personuppgifter kan \u00f6verf\u00f6ras till tredje part som befinner sig i ett tredje land, till exempel USA. \u00d6verf\u00f6rs personuppgifter till tredje land s\u00e5 vidtar vi alltid l\u00e4mpliga skydds\u00e5tg\u00e4rder f\u00f6r att p\u00e5 b\u00e4sta s\u00e4tt skydda dina personuppgifter. S\u00e5dana l\u00e4mpliga skydds\u00e5tg\u00e4rder kan bland annat vara:<\/p>\n\n\n\n<ul class=\"wp-block-list\">\n<li>att vi s\u00e4kerst\u00e4ller att EU-kommissionen har beslutat att landet som personuppgifterna \u00f6verf\u00f6rs till uppn\u00e5r en \u201cadekvat\u201d skyddsniv\u00e5 som motsvarar den skyddsniv\u00e5 som dataskyddsf\u00f6rordningen s\u00e4kerst\u00e4ller.<\/li>\n\n\n\n<li>att vi ing\u00e5r EU-kommissionens standardklausuler med mottagaren av personuppgifterna i tredje land. N\u00e4r personuppgifter \u00f6verf\u00f6rs till tredje land med st\u00f6d av EU-kommissionens standardavtalsklausuler bed\u00f6mer vi om det finns lagstiftning i mottagarlandet som p\u00e5verkar skyddet f\u00f6r dina personuppgifter. Om det kr\u00e4vs vidtar vi s\u00e4rskilda tekniska och organisatoriska \u00e5tg\u00e4rder s\u00e5 att skyddet f\u00f6r dina uppgifter kvarst\u00e5r vid \u00f6verf\u00f6ringen av dessa till aktuellt land utanf\u00f6r EU\/EES. Med anledning av amerikansk s\u00e4kerhetslagstiftning finns dock en viss risk att amerikanska myndigheter, i syfte att bek\u00e4mpa brottslighet eller f\u00f6rsvara nationell s\u00e4kerhet, kan bereda sig tillg\u00e5ng till personuppgifter som \u00f6verf\u00f6rs till USA trots att vi vidtar tekniska och organisatoriska s\u00e4kerhets\u00e5tg\u00e4rder.<\/li>\n<\/ul>\n\n\n\n<p>Du kan kontakta oss via gdpr(at)careium.com och beg\u00e4ra att f\u00e5 en kopia p\u00e5 skydds\u00e5tg\u00e4rderna.<\/p>\n\n\n\n<h2 class=\"wp-block-heading\">Cookieinst\u00e4llningar<\/h2>\n\n\n\n<p>N\u00e4r du g\u00e5r in p\u00e5 Webbplatsen f\u00f6rsta g\u00e5ngen f\u00e5r du g\u00f6ra dina inst\u00e4llningar i Cookie-panelen. Du kan anv\u00e4nda Cookie-panelen f\u00f6r att \u00e5terkalla eller annars \u00e4ndra ditt medgivande f\u00f6r respektive cookie-kategori, med undantag f\u00f6r strikt n\u00f6dv\u00e4ndiga cookies. Du bekr\u00e4ftar dina val genom att klicka p\u00e5 \u201d<strong>avvisa<\/strong>\u201d, \u201d<strong>till\u00e5t urval<\/strong>\u201d eller \u201d<strong>till\u00e5t alla<\/strong>\u201d. Du kan alltid \u00f6ppna upp Cookie-panelen igen genom att klicka p\u00e5 symbolen f\u00f6r cookie-inst\u00e4llningarna I h\u00f6gra h\u00f6rnet av sidan p\u00e5 Webbplatsen.<\/p>\n\n\n\n<p>Panelen visar information om de kategorier av cookies som g\u00e4ller f\u00f6r varje webbplats. N\u00e4r du g\u00f6r dina val beh\u00f6ver du vara medveten om att om du avst\u00e5r fr\u00e5n vissa cookies kan detta p\u00e5verka Webbplatsens funktionalitet.<\/p>\n\n\n\n<h2 class=\"wp-block-heading\">\u00c4ndra ditt samtycke<\/h2>\n\n\n\n<p>Du kan \u00e4ndra ditt samtycke genom att antingen radera cookies i din webbl\u00e4sare eller \u00e4ndra ditt ursprungliga val via l\u00e4nken nedan:<\/p>\n\n\n\n<p>F\u00f6r att uppdatera dina tidigare cookieval (cookieinst\u00e4llningar), v\u00e4nligen klicka p\u00e5 l\u00e4nken h\u00e4r.<\/p>\n\n\n\n<button onClick=\"UC_UI.showSecondLayer();\" class=\"link link--button\">Cookieinst\u00e4llningar<\/button>\n\n\n\n<p>Kom ih\u00e5g: Om du anv\u00e4nder fler \u00e4n en webbl\u00e4sare m\u00e5ste du radera cookies i samtliga.<\/p>\n\n\n\n<h2 class=\"wp-block-heading\">Inst\u00e4llningar i webbl\u00e4saren<\/h2>\n\n\n\n<p>Du kan f\u00f6r de flesta webbl\u00e4sare st\u00e4lla in hur webbl\u00e4saren ska hantera kakor. Nedan finner du l\u00e4nkar till inst\u00e4llningarna f\u00f6r n\u00e5gra vanliga webbl\u00e4sare. Mer information om kakor finner du p\u00e5 Post- och telestyrelsens webbplats, <a href=\"https:\/\/www.pts.se\" target=\"_blank\" rel=\"noreferrer noopener nofollow\">www.pts.se<\/a>.<\/p>\n\n\n\n<p><a href=\"https:\/\/support.google.com\/accounts\/answer\/61416?co=GENIE.Platform%3DDesktop&amp;hl=en\" target=\"_blank\" rel=\"noreferrer noopener nofollow\">Google Chrome<\/a><\/p>\n\n\n\n<p><a href=\"https:\/\/support.microsoft.com\/en-gb\/microsoft-edge\/microsoft-edge-browsing-data-and-privacy-bb8174ba-9d73-dcf2-9b4a-c582b4e640dd\" target=\"_blank\" rel=\"noreferrer noopener nofollow\">Microsoft Edge<\/a><\/p>\n\n\n\n<p><a href=\"https:\/\/support.mozilla.org\/en-US\/kb\/enhanced-tracking-protection-firefox-desktop?redirectslug=enable-and-disable-cookies-website-preferences&amp;redirectlocale=en-US\" target=\"_blank\" rel=\"noreferrer noopener nofollow\">Mozilla Firefox<\/a><\/p>\n\n\n\n<p><a href=\"https:\/\/support.microsoft.com\/en-gb\/help\/17442\/windows-internet-explorer-delete-manage-cookies\" target=\"_blank\" rel=\"noreferrer noopener nofollow\">Microsoft Internet Explorer<\/a><\/p>\n\n\n\n<p><a href=\"https:\/\/help.opera.com\/en\/latest\/web-preferences\/\" target=\"_blank\" rel=\"noreferrer noopener nofollow\">Opera<\/a><\/p>\n\n\n\n<p><a href=\"https:\/\/support.apple.com\/en-gb\/safari\" target=\"_blank\" rel=\"noreferrer noopener nofollow\">Apple Safari<\/a><\/p>\n\n\n\n<p>F\u00f6r motsvarande information om andra webbl\u00e4sare g\u00e5 till dess utvecklares webbplats. F\u00f6r att avregistrera dig fr\u00e5n att bli sp\u00e5rad av Google Analytics p\u00e5 alla webbsidor, g\u00e5 till <a href=\"http:\/\/tools.google.com\/dlpage\/gaoptout\" target=\"_blank\" rel=\"noopener\">http:\/\/tools.google.com\/dlpage\/gaoptout<\/a>.<\/p>\n\n\n\n<h2 class=\"wp-block-heading\">Uppdatering av Cookiepolicy<\/h2>\n\n\n\n<p>Cookiepolicyn ses l\u00f6pande \u00f6ver och kan komma att uppdateras. De \u00e4ndringar som sker framg\u00e5r av var tid g\u00e4llande Cookiepolicy som ligger p\u00e5 Webbplatsen. Du uppmanas d\u00e4rf\u00f6r att h\u00e5lla dig uppdaterad genom att bes\u00f6ka v\u00e5r Cookiepolicy.<\/p>\n\n\n\n<h2 class=\"wp-block-heading\">Kontakt<\/h2>\n\n\n\n<p>Vid eventuella fr\u00e5gor v\u00e5r anv\u00e4ndning av Cookies, v\u00e4nligen kontakta oss via: gdpr(at)careium.com<\/p>\n\n\n\n<p>F\u00f6r mer information om v\u00e5ra personuppgiftsbehandlingar och hur du kan ut\u00f6va dina r\u00e4ttigheter som registrerad, v\u00e4nligen se v\u00e5r <a href=\"https:\/\/www.careium.com\/se\/integritetspolicy\/\" data-type=\"page\" data-id=\"3812\">Integritetspolicy<\/a>.<\/p>\n\n\n\n<p><br>Senast uppdaterad: 30 maj 2025.<\/p>\n\n\n\n<p><\/p>\n","protected":false},"excerpt":{"rendered":"<p>Cookiepolicy Careium Sweden AB anv\u00e4nder cookies p\u00e5 webbplatserna www.careium.com Careium Sweden AB \u00e4r personuppgiftsansvarig f\u00f6r personuppgiftsbehandlingen. P\u00e5 Careium respekterar vi din integritet. I denna cookiepolicy (\u201dCookiepolicy\u201d) f\u00f6rklarar vi hur vi anv\u00e4nder cookies och annan liknande teknik f\u00f6r att k\u00e4nna igen dig n\u00e4r du bes\u00f6ker v\u00e5ra webbplatser. I policyn f\u00f6rklarar vi dessa tekniker, \u00e4ndam\u00e5let med behandlingarna&#8230;<\/p>\n","protected":false},"author":4,"featured_media":0,"parent":0,"menu_order":0,"comment_status":"closed","ping_status":"closed","template":"template-text-page.blade.php","meta":{"_acf_changed":false,"footnotes":""},"class_list":["post-3875","page","type-page","status-publish","hentry"],"acf":[],"_links":{"self":[{"href":"https:\/\/www.careium.com\/se\/wp-json\/wp\/v2\/pages\/3875","targetHints":{"allow":["GET"]}}],"collection":[{"href":"https:\/\/www.careium.com\/se\/wp-json\/wp\/v2\/pages"}],"about":[{"href":"https:\/\/www.careium.com\/se\/wp-json\/wp\/v2\/types\/page"}],"author":[{"embeddable":true,"href":"https:\/\/www.careium.com\/se\/wp-json\/wp\/v2\/users\/4"}],"replies":[{"embeddable":true,"href":"https:\/\/www.careium.com\/se\/wp-json\/wp\/v2\/comments?post=3875"}],"version-history":[{"count":5,"href":"https:\/\/www.careium.com\/se\/wp-json\/wp\/v2\/pages\/3875\/revisions"}],"predecessor-version":[{"id":5920,"href":"https:\/\/www.careium.com\/se\/wp-json\/wp\/v2\/pages\/3875\/revisions\/5920"}],"wp:attachment":[{"href":"https:\/\/www.careium.com\/se\/wp-json\/wp\/v2\/media?parent=3875"}],"curies":[{"name":"wp","href":"https:\/\/api.w.org\/{rel}","templated":true}]}}