{"id":3956,"date":"2025-06-07T10:19:08","date_gmt":"2025-06-07T10:19:08","guid":{"rendered":"https:\/\/www.careium.com\/se\/?page_id=3956"},"modified":"2026-02-04T15:14:00","modified_gmt":"2026-02-04T14:14:00","slug":"hallbar-valfardsteknik-miljoinformation","status":"publish","type":"page","link":"https:\/\/www.careium.com\/se\/om-oss\/hallbarhet\/hallbar-valfardsteknik-miljoinformation\/","title":{"rendered":"Eko-information"},"content":{"rendered":"\n<h1 class=\"wp-block-heading\">H\u00e5llbar v\u00e4lf\u00e4rdsteknik med fokus p\u00e5 milj\u00f6<\/h1>\n\n\n\n<p class=\"has-text-align-left\"><strong>Beh\u00f6ver du v\u00e4gledning f\u00f6r hur du ska \u00e5tervinna en enhet eller vill du veta mer om v\u00e5ra produkters milj\u00f6egenskaper?<\/strong><\/p>\n\n\n\n<div style=\"height:10px\" aria-hidden=\"true\" class=\"wp-block-spacer\"><\/div>\n\n\n\n<h3 class=\"wp-block-heading\">Med fokus p\u00e5 milj\u00f6 och h\u00e5llbar v\u00e4lf\u00e4rdsteknik<\/h3>\n\n\n\n<p>V\u00e5ra v\u00e4lf\u00e4rdsprodukter och tj\u00e4nster g\u00f6r vardagen enklare f\u00f6r \u00e4ldre m\u00e4nniskor, och bidrar till att de kan leva ett rikare och mer sj\u00e4lvst\u00e4ndigt liv. <\/p>\n\n\n\n<p>Tack vare v\u00e5rt ramverk f\u00f6r h\u00e5llbarhet bidrar vi till en h\u00e5llbar samh\u00e4llsutveckling d\u00e4r v\u00e5ra kunder kan omf\u00f6rdela resurser och effektivisera sin verksamhet, samtidigt som vi st\u00f6ttar omsorgstagare att forts\u00e4tta leva ett tryggt och sj\u00e4lvst\u00e4ndigt liv, oavsett f\u00f6ruts\u00e4ttningar.<\/p>\n\n\n\n<p>Vi \u00e4r certifierade enligt de internationella standarderna f\u00f6r kvalitet (ISO 9001), milj\u00f6 (ISO 14001) och informationss\u00e4kerhet (ISO 27001). Vi st\u00f6djer \u00e4ven Agenda 2030 och FN:s 17 globala m\u00e5l f\u00f6r h\u00e5llbar utveckling.<\/p>\n\n\n\n<h3 class=\"wp-block-heading\">M\u00e5l 12: H\u00e5llbar konsumtion och produktion<\/h3>\n\n\n\n<p>Vi str\u00e4var efter att v\u00e4lja material till v\u00e5ra produkter som har en stark milj\u00f6prestanda under hela sin livscykel &#8211; fr\u00e5n r\u00e5varuink\u00f6p till \u00e5tervinning. V\u00e5rt fokus ligger p\u00e5 att fr\u00e4mja cirkul\u00e4r produktanv\u00e4ndning, med fokus p\u00e5 en h\u00f6g grad av \u00e5teranv\u00e4ndning och \u00e5tervinning. Dessutom prioriterar vi produkter som \u00e4r l\u00e4tta att reparera och med utbytbara delar.<\/p>\n\n\n\n<p>V\u00e4lj en kategori nedan f\u00f6r mer information samt v\u00e4gledning kring hur vi tillsammans kan bidra till en mer milj\u00f6v\u00e4nlig och h\u00e5llbar utveckling av v\u00e5rt samh\u00e4lle.<\/p>\n\n\n\n<div style=\"height:20px\" aria-hidden=\"true\" class=\"wp-block-spacer\"><\/div>\n\n\n<div class=\"wp-block-cards is-even\"\n    style=\"\" data-columns=\"\">\n    \n<div class=\"wp-block-card has-neutral-pure-background-color  \"\n    style=\"\">\n        <div class=\"wp-block-card__top\">\n                    <\/div>\n    <div class=\"wp-block-card__textarea\">\n                    <h2 class=\"wp-block-card__heading\">Ekodesign<\/h2>\n                            <p class=\"wp-block-card__text\">Information g\u00e4llande ekologisk design av v\u00e5ra produkter<\/p>\n        \n                    <div class=\"wp-block-card__button-wrapper\">\n                <a href=\"https:\/\/www.careium.com\/se\/om-oss\/hallbarhet\/hallbar-valfardsteknik-miljoinformation\/ekodesign\/\" target=\"\"\n                    class=\"wp-block-card__button link link--arrow \">\n                    Ekodesignsdeklaration\n                <\/a>\n            <\/div>\n            <\/div>\n    <\/div>\n\n\n<div class=\"wp-block-card has-neutral-pure-background-color  \"\n    style=\"\">\n        <div class=\"wp-block-card__top\">\n                    <\/div>\n    <div class=\"wp-block-card__textarea\">\n                    <h2 class=\"wp-block-card__heading\">F\u00f6rpackningar<\/h2>\n                            <p class=\"wp-block-card__text\">Hantering av avfall fr\u00e5n f\u00f6rpackningsmaterial<\/p>\n        \n                    <div class=\"wp-block-card__button-wrapper\">\n                <a href=\"https:\/\/www.careium.com\/se\/om-oss\/hallbarhet\/hallbar-valfardsteknik-miljoinformation\/forpackning\/\" target=\"\"\n                    class=\"wp-block-card__button link link--arrow \">\n                    Sortering av f\u00f6rpackningsmaterial\n                <\/a>\n            <\/div>\n            <\/div>\n    <\/div>\n\n\n<div class=\"wp-block-card has-neutral-pure-background-color  \"\n    style=\"\">\n        <div class=\"wp-block-card__top\">\n                    <\/div>\n    <div class=\"wp-block-card__textarea\">\n                    <h2 class=\"wp-block-card__heading\">Batterier<\/h2>\n                            <p class=\"wp-block-card__text\">Utbyte samt h\u00e5llbar avfallshantering av v\u00e5ra batterier<\/p>\n        \n                    <div class=\"wp-block-card__button-wrapper\">\n                <a href=\"https:\/\/www.careium.com\/se\/om-oss\/hallbarhet\/hallbar-valfardsteknik-miljoinformation\/batterier\/\" target=\"\"\n                    class=\"wp-block-card__button link link--arrow \">\n                    \u00c5tervinning av batterier\n                <\/a>\n            <\/div>\n            <\/div>\n    <\/div>\n\n\n<div class=\"wp-block-card has-neutral-pure-background-color  \"\n    style=\"\">\n        <div class=\"wp-block-card__top\">\n                    <\/div>\n    <div class=\"wp-block-card__textarea\">\n                    <h2 class=\"wp-block-card__heading\">Elektronik<\/h2>\n                            <p class=\"wp-block-card__text\">Hantering och f\u00f6rebyggande av elektronikavfall<\/p>\n        \n                    <div class=\"wp-block-card__button-wrapper\">\n                <a href=\"https:\/\/www.careium.com\/se\/om-oss\/hallbarhet\/hallbar-valfardsteknik-miljoinformation\/elektronikavfall\/\" target=\"\"\n                    class=\"wp-block-card__button link link--arrow \">\n                    Hantering av elektronikavfall\n                <\/a>\n            <\/div>\n            <\/div>\n    <\/div>\n\n\n<\/div>\n\n\n\n<div style=\"height:50px\" aria-hidden=\"true\" class=\"wp-block-spacer\"><\/div>\n","protected":false},"excerpt":{"rendered":"<p>H\u00e5llbar v\u00e4lf\u00e4rdsteknik med fokus p\u00e5 milj\u00f6 Beh\u00f6ver du v\u00e4gledning f\u00f6r hur du ska \u00e5tervinna en enhet eller vill du veta mer om v\u00e5ra produkters milj\u00f6egenskaper? Med fokus p\u00e5 milj\u00f6 och h\u00e5llbar v\u00e4lf\u00e4rdsteknik V\u00e5ra v\u00e4lf\u00e4rdsprodukter och tj\u00e4nster g\u00f6r vardagen enklare f\u00f6r \u00e4ldre m\u00e4nniskor, och bidrar till att de kan leva ett rikare och mer sj\u00e4lvst\u00e4ndigt liv&#8230;.<\/p>\n","protected":false},"author":4,"featured_media":0,"parent":1307,"menu_order":0,"comment_status":"closed","ping_status":"closed","template":"template-text-page.blade.php","meta":{"_acf_changed":false,"footnotes":""},"class_list":["post-3956","page","type-page","status-publish","hentry"],"acf":[],"_links":{"self":[{"href":"https:\/\/www.careium.com\/se\/wp-json\/wp\/v2\/pages\/3956","targetHints":{"allow":["GET"]}}],"collection":[{"href":"https:\/\/www.careium.com\/se\/wp-json\/wp\/v2\/pages"}],"about":[{"href":"https:\/\/www.careium.com\/se\/wp-json\/wp\/v2\/types\/page"}],"author":[{"embeddable":true,"href":"https:\/\/www.careium.com\/se\/wp-json\/wp\/v2\/users\/4"}],"replies":[{"embeddable":true,"href":"https:\/\/www.careium.com\/se\/wp-json\/wp\/v2\/comments?post=3956"}],"version-history":[{"count":5,"href":"https:\/\/www.careium.com\/se\/wp-json\/wp\/v2\/pages\/3956\/revisions"}],"predecessor-version":[{"id":5635,"href":"https:\/\/www.careium.com\/se\/wp-json\/wp\/v2\/pages\/3956\/revisions\/5635"}],"up":[{"embeddable":true,"href":"https:\/\/www.careium.com\/se\/wp-json\/wp\/v2\/pages\/1307"}],"wp:attachment":[{"href":"https:\/\/www.careium.com\/se\/wp-json\/wp\/v2\/media?parent=3956"}],"curies":[{"name":"wp","href":"https:\/\/api.w.org\/{rel}","templated":true}]}}