{"id":3957,"date":"2025-06-07T10:25:04","date_gmt":"2025-06-07T10:25:04","guid":{"rendered":"https:\/\/www.careium.com\/se\/?page_id=3957"},"modified":"2026-01-30T12:47:54","modified_gmt":"2026-01-30T11:47:54","slug":"ekodesign","status":"publish","type":"page","link":"https:\/\/www.careium.com\/se\/om-oss\/hallbarhet\/hallbar-valfardsteknik-miljoinformation\/ekodesign\/","title":{"rendered":"Ekodesign"},"content":{"rendered":"\n<h1 class=\"wp-block-heading\">Deklaration av ekodesign<\/h1>\n\n\n<div class=\"wp-block-image\">\n<figure class=\"alignright size-large is-resized\"><img decoding=\"async\" src=\"https:\/\/www.careium.com\/app\/uploads\/sites\/8\/2025\/04\/www.careium.jpg\" alt=\"\" style=\"width:136px;height:auto\"\/><\/figure>\n<\/div>\n\n\n<p>Vi f\u00f6rs\u00e4krar att din enhet uppfyller till\u00e4mpliga krav i f\u00f6rordning (EU) 2019\/1782 g\u00e4llande krav p\u00e5 ekodesign f\u00f6r externa n\u00e4taggregat. Vi f\u00f6rs\u00e4krar \u00e4ven att den uppfyller kommissionens f\u00f6rordning (EG) nr 1275\/2008 \/ (EU) 2023\/826 g\u00e4llande krav p\u00e5 ekodesign f\u00f6r standby- och fr\u00e5nl\u00e4ge, enligt direktiv 2009\/125\/EG och\/eller f\u00f6rordning (EU) 2024\/1781 samt motsvarande brittisk lagstiftning om energirelaterade produkter.<\/p>\n\n\n\n<p>Fullst\u00e4ndig information och data om ekodesign finns nedan, baserat p\u00e5 modellbeteckninn f\u00f6r den externa n\u00e4taggregatet och\/eller produktens modellnamn (tillg\u00e4ngligt p\u00e5 m\u00e4rkpl\u00e5ten p\u00e5 produkten).<\/p>\n\n\n\n<div style=\"height:50px\" aria-hidden=\"true\" class=\"wp-block-spacer\"><\/div>\n\n\n<div class=\"wp-block-accordion\" style=\"\">\n    <details class=\"border-primary-80 group mb-4 rounded-xl border bg-white\">\n    <summary\n        class=\"flex cursor-pointer list-none items-center justify-between px-4 py-4 text-black lg:px-8 [&#038;::-webkit-details-marker]:hidden\">\n        <p class=\"group-open:text-primary-60 my-0 transition-colors\">S018BAM0900200 &#8211; Externt n\u00e4taggregat<\/p>\n        <i class=\"fa-solid fa-plus group-open:text-primary-60 transition-all duration-300 group-open:rotate-45\"><\/i>\n    <\/summary>\n    <div class=\"px-4 py-4 text-black lg:px-8 [&#038;_:first-child]:mt-0 [&#038;_:last-child]:mb-0\">\n        <p><strong>Tillverkarens namn eller varum\u00e4rke, registreringsnummer och adress: <\/strong> Tenpao International. Room 10-11,6\/F., Kwong Sang Hong Centre, 151-153 Hoi Bun Road, Kwun Tong, Kowloon, HongKong.<\/p>\n<p><strong>Modellbeteckning:<\/strong> S018BAM0900200<br \/>\n<strong>Input (VAC):<\/strong> 100-240<br \/>\n<strong>Ing\u00e5ngsfrekvens (Hz):<\/strong> 50-60<br \/>\n<strong>Output (VDC):<\/strong> 9,0<br \/>\n<strong>Str\u00f6m ut (A):<\/strong> 2,0<br \/>\n<strong>Utmatad effekt (W):<\/strong> 18,0<br \/>\n<strong>Genomsnittlig aktiv verkningsgrad (%):<\/strong> 86,64<br \/>\n<strong>Verkningsgrad vid l\u00e5g belastning (10 %) (%):<\/strong> 84,12<br \/>\n<strong>Str\u00f6mf\u00f6rbrukning utan belastning (W):<\/strong> 0,057<!-- wp:spacer {\"height\":\"50px\"} --><\/p>\n<div class=\"wp-block-spacer\" aria-hidden=\"true\"><\/div>\n<p><!-- \/wp:spacer --><\/p>\n    <\/div>\n<\/details>\n<\/div>\n\n\n<div class=\"wp-block-accordion\" style=\"\">\n    <details class=\"border-primary-80 group mb-4 rounded-xl border bg-white\">\n    <summary\n        class=\"flex cursor-pointer list-none items-center justify-between px-4 py-4 text-black lg:px-8 [&#038;::-webkit-details-marker]:hidden\">\n        <p class=\"group-open:text-primary-60 my-0 transition-colors\">S008ACM0500100 &#8211; Externt n\u00e4taggregat<\/p>\n        <i class=\"fa-solid fa-plus group-open:text-primary-60 transition-all duration-300 group-open:rotate-45\"><\/i>\n    <\/summary>\n    <div class=\"px-4 py-4 text-black lg:px-8 [&#038;_:first-child]:mt-0 [&#038;_:last-child]:mb-0\">\n        <p><strong>Tillverkarens namn eller varum\u00e4rke, registreringsnummer och adress:<\/strong> Tenpao International. Room 10-11,6\/F., Kwong Sang Hong Centre, 151-153 Hoi Bun Road, Kwun Tong, Kowloon, HongKong.<\/p>\n<p><strong>Modellbeteckning:<\/strong> S018BAM0900200<br \/>\n<strong>Input (VAC):<\/strong> 100-240<br \/>\n<strong>Ing\u00e5ngsfrekvens AC (Hz):<\/strong> 50-60<br \/>\n<strong>Output (VDC):<\/strong> 5,0<br \/>\n<strong>Str\u00f6m ut (A):<\/strong> 1,0<br \/>\n<strong>Utmatad effekt (W):<\/strong> 5,0<br \/>\n<strong>Genomsnittlig aktiv verkninsgrad (%):<\/strong> 73,62<br \/>\n<strong>Verkningsgrad vid l\u00e5g belastning (10%) (%):<\/strong> N\/A<br \/>\n<strong>Str\u00f6mf\u00f6rbrukning utan belastning (W):<\/strong> 0,10<\/p>\n    <\/div>\n<\/details>\n<\/div>\n\n\n<div class=\"wp-block-accordion\" style=\"\">\n    <details class=\"border-primary-80 group mb-4 rounded-xl border bg-white\">\n    <summary\n        class=\"flex cursor-pointer list-none items-center justify-between px-4 py-4 text-black lg:px-8 [&#038;::-webkit-details-marker]:hidden\">\n        <p class=\"group-open:text-primary-60 my-0 transition-colors\">A150 &#8211; Eliza produktfamilj<\/p>\n        <i class=\"fa-solid fa-plus group-open:text-primary-60 transition-all duration-300 group-open:rotate-45\"><\/i>\n    <\/summary>\n    <div class=\"px-4 py-4 text-black lg:px-8 [&#038;_:first-child]:mt-0 [&#038;_:last-child]:mb-0\">\n        <p>Produktfamiljen Eliza har n\u00e4tverksansluten utrustning med h\u00f6g n\u00e4tverkstillg\u00e4nglighet (HiNA). F\u00f6ljande data g\u00e4ller beroende p\u00e5 vilka n\u00e4tverksgr\u00e4nssnitt som finns tillg\u00e4ngliga i den specifika modellen<\/p>\n<p>&#8211; Str\u00f6mf\u00f6rbrukning i n\u00e4tverks-standby n\u00e4r alla tr\u00e5dbundna n\u00e4tverksportar \u00e4r anslutna och alla tr\u00e5dl\u00f6sa n\u00e4tverksportar \u00e4r aktiverade: 2,10 W<\/p>\n<p>&#8211; Str\u00f6mf\u00f6rbrukning vid aktivering av mobiln\u00e4t (2G, 3G, 4G) och Wi-Fi: Avst\u00e4ngt l\u00e4ge 0,03 W, n\u00e4tverks-standby 2,10 W<\/p>\n<p>&#8211; Str\u00f6mf\u00f6rbrukning n\u00e4r Wi-Fi \u00e4r aktiverat: Avst\u00e4ngt l\u00e4ge 0,03 W, n\u00e4tverks-standby 1,87 W<\/p>\n<p>&#8211; Tr\u00e5dl\u00f6sa n\u00e4tverksportar kan avaktiveras genom programvarukonfiguration.<\/p>\n    <\/div>\n<\/details>\n<\/div>\n","protected":false},"excerpt":{"rendered":"<p>Deklaration av ekodesign Vi f\u00f6rs\u00e4krar att din enhet uppfyller till\u00e4mpliga krav i f\u00f6rordning (EU) 2019\/1782 g\u00e4llande krav p\u00e5 ekodesign f\u00f6r externa n\u00e4taggregat. Vi f\u00f6rs\u00e4krar \u00e4ven att den uppfyller kommissionens f\u00f6rordning (EG) nr 1275\/2008 \/ (EU) 2023\/826 g\u00e4llande krav p\u00e5 ekodesign f\u00f6r standby- och fr\u00e5nl\u00e4ge, enligt direktiv 2009\/125\/EG och\/eller f\u00f6rordning (EU) 2024\/1781 samt motsvarande brittisk lagstiftning&#8230;<\/p>\n","protected":false},"author":4,"featured_media":0,"parent":3956,"menu_order":0,"comment_status":"closed","ping_status":"closed","template":"template-text-page.blade.php","meta":{"_acf_changed":false,"footnotes":""},"class_list":["post-3957","page","type-page","status-publish","hentry"],"acf":[],"_links":{"self":[{"href":"https:\/\/www.careium.com\/se\/wp-json\/wp\/v2\/pages\/3957","targetHints":{"allow":["GET"]}}],"collection":[{"href":"https:\/\/www.careium.com\/se\/wp-json\/wp\/v2\/pages"}],"about":[{"href":"https:\/\/www.careium.com\/se\/wp-json\/wp\/v2\/types\/page"}],"author":[{"embeddable":true,"href":"https:\/\/www.careium.com\/se\/wp-json\/wp\/v2\/users\/4"}],"replies":[{"embeddable":true,"href":"https:\/\/www.careium.com\/se\/wp-json\/wp\/v2\/comments?post=3957"}],"version-history":[{"count":5,"href":"https:\/\/www.careium.com\/se\/wp-json\/wp\/v2\/pages\/3957\/revisions"}],"predecessor-version":[{"id":5480,"href":"https:\/\/www.careium.com\/se\/wp-json\/wp\/v2\/pages\/3957\/revisions\/5480"}],"up":[{"embeddable":true,"href":"https:\/\/www.careium.com\/se\/wp-json\/wp\/v2\/pages\/3956"}],"wp:attachment":[{"href":"https:\/\/www.careium.com\/se\/wp-json\/wp\/v2\/media?parent=3957"}],"curies":[{"name":"wp","href":"https:\/\/api.w.org\/{rel}","templated":true}]}}