{"id":3959,"date":"2025-08-25T16:37:45","date_gmt":"2025-08-25T14:37:45","guid":{"rendered":"https:\/\/www.careium.com\/se\/?page_id=3959"},"modified":"2026-02-10T12:20:02","modified_gmt":"2026-02-10T11:20:02","slug":"elektronikavfall","status":"publish","type":"page","link":"https:\/\/www.careium.com\/se\/om-oss\/hallbarhet\/hallbar-valfardsteknik-miljoinformation\/elektronikavfall\/","title":{"rendered":"Elektronik"},"content":{"rendered":"\n<h1 class=\"wp-block-heading\">Elektronik<\/h1>\n\n\n\n<p class=\"has-text-align-left\">V\u00e5rt engagemang f\u00f6r milj\u00f6n genomsyrar varje steg av v\u00e5ra produkters livscykel.<\/p>\n\n\n\n<p>Vi f\u00f6ljer strikta standarder och riktlinjer f\u00f6r milj\u00f6v\u00e4nlig utveckling och tillverkning samt st\u00e4ller krav p\u00e5 att v\u00e5ra produkter ska vara s\u00e4kra och ha en l\u00e5ng livsl\u00e4ngd, d\u00e4r h\u00e5llbar avfallshantering \u00e4r en central aspekt.<\/p>\n\n\n\n<p>V\u00e5ra produkter \u00e4r m\u00e4rkta med en \u00f6verkryssad soptunnan p\u00e5 hjul (WEEE-m\u00e4rkning), vilket inneb\u00e4r att de inte f\u00e5r kastas som osorterat avfall utan ska l\u00e4mnas till s\u00e4rskilda \u00e5tervinningscentraler. V\u00e4nligen f\u00f6lj lokala riktlinjer f\u00f6r att s\u00e4kerst\u00e4lla en h\u00e5llbar avfallshantering och bidra till resursbesparing genom \u00e5tervinning.<\/p>\n\n\n\n<h3 class=\"wp-block-heading\">Hantering och f\u00f6rebyggande av elektronikavfall<\/h3>\n\n\n\n<p>Innan du best\u00e4mmer dig f\u00f6r att kassera enheten kan du \u00f6verv\u00e4ga reparation eller rekonditionering som alternativ. Vi tillhandah\u00e5ller reparationstj\u00e4nster, rekonditioneringskit och programvaruuppdateringar f\u00f6r att f\u00f6rl\u00e4nga produktens livsl\u00e4ngd. Att f\u00f6rl\u00e4nga livsl\u00e4ngden minskar milj\u00f6p\u00e5verkan avsev\u00e4rt och ger ekonomiska f\u00f6rdelar f\u00f6r konsumenterna.<\/p>\n\n\n\n<p><\/p>\n\n\n\n<p>Elektronikavfall inneh\u00e5ller en komplex blandning av material, varav vissa \u00e4r farliga. Om kasserade enheter inte hanteras p\u00e5 r\u00e4tt s\u00e4tt kan de orsaka betydande milj\u00f6- och h\u00e4lsoproblem. Dessutom inneh\u00e5ller modern elektronik s\u00e4llsynta och v\u00e4rdefulla resurser, inklusive viktigt r\u00e5material, som kan \u00e5tervinnas och \u00e5teranv\u00e4ndas med effektiv avfallshantering.<\/p>\n\n\n\n<p><\/p>\n\n\n\n<p>F\u00f6rb\u00e4ttrad insamling, behandling och \u00e5tervinning av elektroniska produkter i slutet av deras livscykel kan \u00f6ka resurseffektiviteten och fr\u00e4mja \u00f6verg\u00e5ngen till en mer cirkul\u00e4r ekonomi. Dessutom kan det st\u00e4rka tillg\u00e5ngen till viktiga r\u00e5varor och d\u00e4rigenom st\u00e4rka EU:s strategiska oberoende.<\/p>\n\n\n\n<p><\/p>\n\n\n\n<p>Vi uppfyller v\u00e5rt ut\u00f6kade producentansvar (EPR) genom att finansiera insamling av avfall och rapportera till milj\u00f6skyddsmyndigheter. Vi driver sj\u00e4lva, eller genom samarbetspartners, \u00e5tertagningssystem och anslutningar till producentansvarsorganisationer (PRO) som \u00e4r utformade f\u00f6r att uppfylla relevanta landsspecifika krav och lagstiftning.<\/p>\n\n\n\n<figure class=\"wp-block-table\"><table class=\"has-fixed-layout\"><thead><tr><th class=\"has-text-align-center\" data-align=\"center\">Exempel<\/th><th class=\"has-text-align-center\" data-align=\"center\">Typ<\/th><th class=\"has-text-align-center\" data-align=\"center\">M\u00e4rkning<\/th><th class=\"has-text-align-center\" data-align=\"center\">Korrekt avfallshantering<\/th><\/tr><\/thead><tbody><tr><td class=\"has-text-align-center\" data-align=\"center\"><img loading=\"lazy\" decoding=\"async\" width=\"150\" height=\"150\" class=\"wp-image-5759\" style=\"width: 150px;\" src=\"https:\/\/www.careium.com\/app\/uploads\/sites\/2\/2026\/02\/Electronic-Product_device.png\" alt=\"Electronic Product_device\" srcset=\"https:\/\/www.careium.com\/app\/uploads\/sites\/2\/2026\/02\/Electronic-Product_device.png 1000w, https:\/\/www.careium.com\/app\/uploads\/sites\/2\/2026\/02\/Electronic-Product_device-300x300.png 300w, https:\/\/www.careium.com\/app\/uploads\/sites\/2\/2026\/02\/Electronic-Product_device-150x150.png 150w, https:\/\/www.careium.com\/app\/uploads\/sites\/2\/2026\/02\/Electronic-Product_device-768x768.png 768w, https:\/\/www.careium.com\/app\/uploads\/sites\/2\/2026\/02\/Electronic-Product_device-120x120.png 120w, https:\/\/www.careium.com\/app\/uploads\/sites\/2\/2026\/02\/Electronic-Product_device-250x250.png 250w, https:\/\/www.careium.com\/app\/uploads\/sites\/2\/2026\/02\/Electronic-Product_device-360x360.png 360w, https:\/\/www.careium.com\/app\/uploads\/sites\/2\/2026\/02\/Electronic-Product_device-520x520.png 520w, https:\/\/www.careium.com\/app\/uploads\/sites\/2\/2026\/02\/Electronic-Product_device-700x700.png 700w, https:\/\/www.careium.com\/app\/uploads\/sites\/2\/2026\/02\/Electronic-Product_device-780x780.png 780w, https:\/\/www.careium.com\/app\/uploads\/sites\/2\/2026\/02\/Electronic-Product_device-600x600.png 600w, https:\/\/www.careium.com\/app\/uploads\/sites\/2\/2026\/02\/Electronic-Product_device-100x100.png 100w\" sizes=\"auto, (max-width: 150px) 100vw, 150px\" \/><\/td><td class=\"has-text-align-center\" data-align=\"center\">Elektronisk produkt\/enhet<\/td><td class=\"has-text-align-center\" data-align=\"center\"><img loading=\"lazy\" decoding=\"async\" width=\"150\" height=\"150\" class=\"wp-image-5750\" style=\"width: 150px;\" src=\"https:\/\/www.careium.com\/app\/uploads\/sites\/2\/2026\/02\/Lithium-Button-Cell-marking.png\" alt=\"\" srcset=\"https:\/\/www.careium.com\/app\/uploads\/sites\/2\/2026\/02\/Lithium-Button-Cell-marking.png 1000w, https:\/\/www.careium.com\/app\/uploads\/sites\/2\/2026\/02\/Lithium-Button-Cell-marking-300x300.png 300w, https:\/\/www.careium.com\/app\/uploads\/sites\/2\/2026\/02\/Lithium-Button-Cell-marking-150x150.png 150w, https:\/\/www.careium.com\/app\/uploads\/sites\/2\/2026\/02\/Lithium-Button-Cell-marking-768x768.png 768w, https:\/\/www.careium.com\/app\/uploads\/sites\/2\/2026\/02\/Lithium-Button-Cell-marking-120x120.png 120w, https:\/\/www.careium.com\/app\/uploads\/sites\/2\/2026\/02\/Lithium-Button-Cell-marking-250x250.png 250w, https:\/\/www.careium.com\/app\/uploads\/sites\/2\/2026\/02\/Lithium-Button-Cell-marking-360x360.png 360w, https:\/\/www.careium.com\/app\/uploads\/sites\/2\/2026\/02\/Lithium-Button-Cell-marking-520x520.png 520w, https:\/\/www.careium.com\/app\/uploads\/sites\/2\/2026\/02\/Lithium-Button-Cell-marking-700x700.png 700w, https:\/\/www.careium.com\/app\/uploads\/sites\/2\/2026\/02\/Lithium-Button-Cell-marking-780x780.png 780w, https:\/\/www.careium.com\/app\/uploads\/sites\/2\/2026\/02\/Lithium-Button-Cell-marking-600x600.png 600w, https:\/\/www.careium.com\/app\/uploads\/sites\/2\/2026\/02\/Lithium-Button-Cell-marking-100x100.png 100w\" sizes=\"auto, (max-width: 150px) 100vw, 150px\" \/><img decoding=\"async\" class=\"wp-image-2510\" style=\"width: 250px;\" src=\"https:\/\/www.careium.com\/app\/uploads\/sites\/8\/2025\/05\/cardboard-recycle-icon.png\" alt=\"\"><\/td><td class=\"has-text-align-center\" data-align=\"center\"><strong>S\u00e4rskild avfallshantering<\/strong><br>Skickas till s\u00e4rskilda avfallscentraler f\u00f6r \u00e5tervinning och \u00e5teranv\u00e4ndning. F\u00e5r inte kasseras som osorterat avfall.<br>Kontrollera din lokala kommuns riktlinjer<br><img decoding=\"async\" class=\"wp-image-2519\" style=\"width: 250px;\" src=\"https:\/\/www.careium.com\/app\/uploads\/sites\/8\/2025\/05\/polyethene-recycle.png\" alt=\"\"><\/td><\/tr><tr><td class=\"has-text-align-center\" data-align=\"center\"><img loading=\"lazy\" decoding=\"async\" width=\"150\" height=\"150\" class=\"wp-image-5763\" style=\"width: 150px;\" src=\"https:\/\/www.careium.com\/app\/uploads\/sites\/2\/2026\/02\/External-Power-Supply-EPS.png\" alt=\"External Power Supply (EPS)\" srcset=\"https:\/\/www.careium.com\/app\/uploads\/sites\/2\/2026\/02\/External-Power-Supply-EPS.png 1000w, https:\/\/www.careium.com\/app\/uploads\/sites\/2\/2026\/02\/External-Power-Supply-EPS-300x300.png 300w, https:\/\/www.careium.com\/app\/uploads\/sites\/2\/2026\/02\/External-Power-Supply-EPS-150x150.png 150w, https:\/\/www.careium.com\/app\/uploads\/sites\/2\/2026\/02\/External-Power-Supply-EPS-768x768.png 768w, https:\/\/www.careium.com\/app\/uploads\/sites\/2\/2026\/02\/External-Power-Supply-EPS-120x120.png 120w, https:\/\/www.careium.com\/app\/uploads\/sites\/2\/2026\/02\/External-Power-Supply-EPS-250x250.png 250w, https:\/\/www.careium.com\/app\/uploads\/sites\/2\/2026\/02\/External-Power-Supply-EPS-360x360.png 360w, https:\/\/www.careium.com\/app\/uploads\/sites\/2\/2026\/02\/External-Power-Supply-EPS-520x520.png 520w, https:\/\/www.careium.com\/app\/uploads\/sites\/2\/2026\/02\/External-Power-Supply-EPS-700x700.png 700w, https:\/\/www.careium.com\/app\/uploads\/sites\/2\/2026\/02\/External-Power-Supply-EPS-780x780.png 780w, https:\/\/www.careium.com\/app\/uploads\/sites\/2\/2026\/02\/External-Power-Supply-EPS-600x600.png 600w, https:\/\/www.careium.com\/app\/uploads\/sites\/2\/2026\/02\/External-Power-Supply-EPS-100x100.png 100w\" sizes=\"auto, (max-width: 150px) 100vw, 150px\" \/><\/td><td class=\"has-text-align-center\" data-align=\"center\">Extern str\u00f6madapter (EPS)<\/td><td class=\"has-text-align-center\" data-align=\"center\"><img loading=\"lazy\" decoding=\"async\" width=\"150\" height=\"150\" class=\"wp-image-5750\" style=\"width: 150px;\" src=\"https:\/\/www.careium.com\/app\/uploads\/sites\/2\/2026\/02\/Lithium-Button-Cell-marking.png\" alt=\"\" srcset=\"https:\/\/www.careium.com\/app\/uploads\/sites\/2\/2026\/02\/Lithium-Button-Cell-marking.png 1000w, https:\/\/www.careium.com\/app\/uploads\/sites\/2\/2026\/02\/Lithium-Button-Cell-marking-300x300.png 300w, https:\/\/www.careium.com\/app\/uploads\/sites\/2\/2026\/02\/Lithium-Button-Cell-marking-150x150.png 150w, https:\/\/www.careium.com\/app\/uploads\/sites\/2\/2026\/02\/Lithium-Button-Cell-marking-768x768.png 768w, https:\/\/www.careium.com\/app\/uploads\/sites\/2\/2026\/02\/Lithium-Button-Cell-marking-120x120.png 120w, https:\/\/www.careium.com\/app\/uploads\/sites\/2\/2026\/02\/Lithium-Button-Cell-marking-250x250.png 250w, https:\/\/www.careium.com\/app\/uploads\/sites\/2\/2026\/02\/Lithium-Button-Cell-marking-360x360.png 360w, https:\/\/www.careium.com\/app\/uploads\/sites\/2\/2026\/02\/Lithium-Button-Cell-marking-520x520.png 520w, https:\/\/www.careium.com\/app\/uploads\/sites\/2\/2026\/02\/Lithium-Button-Cell-marking-700x700.png 700w, https:\/\/www.careium.com\/app\/uploads\/sites\/2\/2026\/02\/Lithium-Button-Cell-marking-780x780.png 780w, https:\/\/www.careium.com\/app\/uploads\/sites\/2\/2026\/02\/Lithium-Button-Cell-marking-600x600.png 600w, https:\/\/www.careium.com\/app\/uploads\/sites\/2\/2026\/02\/Lithium-Button-Cell-marking-100x100.png 100w\" sizes=\"auto, (max-width: 150px) 100vw, 150px\" \/><\/td><td class=\"has-text-align-center\" data-align=\"center\"><strong>S\u00e4rskild avfallshantering<\/strong><br>Skickas till s\u00e4rskilda avfallscentraler f\u00f6r \u00e5tervinning och \u00e5teranv\u00e4ndning. F\u00e5r inte kasseras som osorterat avfall.<br>Kontrollera din lokala kommuns riktlinjer<br><img decoding=\"async\" class=\"wp-image-2520\" style=\"width: 250px;\" src=\"https:\/\/www.careium.com\/app\/uploads\/sites\/8\/2025\/05\/cardboard-recycle-icon.png\" alt=\"\"><\/td><\/tr><tr><td class=\"has-text-align-center\" data-align=\"center\"><img loading=\"lazy\" decoding=\"async\" width=\"150\" height=\"150\" class=\"wp-image-5760\" style=\"width: 150px;\" src=\"https:\/\/www.careium.com\/app\/uploads\/sites\/2\/2026\/02\/Cable.png\" alt=\"\" srcset=\"https:\/\/www.careium.com\/app\/uploads\/sites\/2\/2026\/02\/Cable.png 1000w, https:\/\/www.careium.com\/app\/uploads\/sites\/2\/2026\/02\/Cable-300x300.png 300w, https:\/\/www.careium.com\/app\/uploads\/sites\/2\/2026\/02\/Cable-150x150.png 150w, https:\/\/www.careium.com\/app\/uploads\/sites\/2\/2026\/02\/Cable-768x768.png 768w, https:\/\/www.careium.com\/app\/uploads\/sites\/2\/2026\/02\/Cable-120x120.png 120w, https:\/\/www.careium.com\/app\/uploads\/sites\/2\/2026\/02\/Cable-250x250.png 250w, https:\/\/www.careium.com\/app\/uploads\/sites\/2\/2026\/02\/Cable-360x360.png 360w, https:\/\/www.careium.com\/app\/uploads\/sites\/2\/2026\/02\/Cable-520x520.png 520w, https:\/\/www.careium.com\/app\/uploads\/sites\/2\/2026\/02\/Cable-700x700.png 700w, https:\/\/www.careium.com\/app\/uploads\/sites\/2\/2026\/02\/Cable-780x780.png 780w, https:\/\/www.careium.com\/app\/uploads\/sites\/2\/2026\/02\/Cable-600x600.png 600w, https:\/\/www.careium.com\/app\/uploads\/sites\/2\/2026\/02\/Cable-100x100.png 100w\" sizes=\"auto, (max-width: 150px) 100vw, 150px\" \/><\/td><td class=\"has-text-align-center\" data-align=\"center\">Kabel<\/td><td class=\"has-text-align-center\" data-align=\"center\"><img loading=\"lazy\" decoding=\"async\" width=\"150\" height=\"150\" class=\"wp-image-5750\" style=\"width: 150px;\" src=\"https:\/\/www.careium.com\/app\/uploads\/sites\/2\/2026\/02\/Lithium-Button-Cell-marking.png\" alt=\"\" srcset=\"https:\/\/www.careium.com\/app\/uploads\/sites\/2\/2026\/02\/Lithium-Button-Cell-marking.png 1000w, https:\/\/www.careium.com\/app\/uploads\/sites\/2\/2026\/02\/Lithium-Button-Cell-marking-300x300.png 300w, https:\/\/www.careium.com\/app\/uploads\/sites\/2\/2026\/02\/Lithium-Button-Cell-marking-150x150.png 150w, https:\/\/www.careium.com\/app\/uploads\/sites\/2\/2026\/02\/Lithium-Button-Cell-marking-768x768.png 768w, https:\/\/www.careium.com\/app\/uploads\/sites\/2\/2026\/02\/Lithium-Button-Cell-marking-120x120.png 120w, https:\/\/www.careium.com\/app\/uploads\/sites\/2\/2026\/02\/Lithium-Button-Cell-marking-250x250.png 250w, https:\/\/www.careium.com\/app\/uploads\/sites\/2\/2026\/02\/Lithium-Button-Cell-marking-360x360.png 360w, https:\/\/www.careium.com\/app\/uploads\/sites\/2\/2026\/02\/Lithium-Button-Cell-marking-520x520.png 520w, https:\/\/www.careium.com\/app\/uploads\/sites\/2\/2026\/02\/Lithium-Button-Cell-marking-700x700.png 700w, https:\/\/www.careium.com\/app\/uploads\/sites\/2\/2026\/02\/Lithium-Button-Cell-marking-780x780.png 780w, https:\/\/www.careium.com\/app\/uploads\/sites\/2\/2026\/02\/Lithium-Button-Cell-marking-600x600.png 600w, https:\/\/www.careium.com\/app\/uploads\/sites\/2\/2026\/02\/Lithium-Button-Cell-marking-100x100.png 100w\" sizes=\"auto, (max-width: 150px) 100vw, 150px\" \/><\/td><td class=\"has-text-align-center\" data-align=\"center\"><strong>S\u00e4rskild avfallshantering<\/strong><br>Skickas till s\u00e4rskilda avfallscentraler f\u00f6r \u00e5tervinning och \u00e5teranv\u00e4ndning. F\u00e5r inte kasseras som osorterat avfall.<br>Kontrollera din lokala kommuns riktlinjer<br><img decoding=\"async\" class=\"wp-image-2524\" style=\"width: 250px;\" src=\"https:\/\/www.careium.com\/app\/uploads\/sites\/8\/2025\/05\/recycle.png\" alt=\"\"><\/td><\/tr><\/tbody><\/table><\/figure>\n\n\n\n<p><\/p>\n","protected":false},"excerpt":{"rendered":"<p>Elektronik V\u00e5rt engagemang f\u00f6r milj\u00f6n genomsyrar varje steg av v\u00e5ra produkters livscykel. Vi f\u00f6ljer strikta standarder och riktlinjer f\u00f6r milj\u00f6v\u00e4nlig utveckling och tillverkning samt st\u00e4ller krav p\u00e5 att v\u00e5ra produkter ska vara s\u00e4kra och ha en l\u00e5ng livsl\u00e4ngd, d\u00e4r h\u00e5llbar avfallshantering \u00e4r en central aspekt. V\u00e5ra produkter \u00e4r m\u00e4rkta med en \u00f6verkryssad soptunnan p\u00e5 hjul&#8230;<\/p>\n","protected":false},"author":4,"featured_media":0,"parent":3956,"menu_order":0,"comment_status":"closed","ping_status":"closed","template":"template-text-page.blade.php","meta":{"_acf_changed":false,"footnotes":""},"class_list":["post-3959","page","type-page","status-publish","hentry"],"acf":[],"_links":{"self":[{"href":"https:\/\/www.careium.com\/se\/wp-json\/wp\/v2\/pages\/3959","targetHints":{"allow":["GET"]}}],"collection":[{"href":"https:\/\/www.careium.com\/se\/wp-json\/wp\/v2\/pages"}],"about":[{"href":"https:\/\/www.careium.com\/se\/wp-json\/wp\/v2\/types\/page"}],"author":[{"embeddable":true,"href":"https:\/\/www.careium.com\/se\/wp-json\/wp\/v2\/users\/4"}],"replies":[{"embeddable":true,"href":"https:\/\/www.careium.com\/se\/wp-json\/wp\/v2\/comments?post=3959"}],"version-history":[{"count":4,"href":"https:\/\/www.careium.com\/se\/wp-json\/wp\/v2\/pages\/3959\/revisions"}],"predecessor-version":[{"id":5765,"href":"https:\/\/www.careium.com\/se\/wp-json\/wp\/v2\/pages\/3959\/revisions\/5765"}],"up":[{"embeddable":true,"href":"https:\/\/www.careium.com\/se\/wp-json\/wp\/v2\/pages\/3956"}],"wp:attachment":[{"href":"https:\/\/www.careium.com\/se\/wp-json\/wp\/v2\/media?parent=3959"}],"curies":[{"name":"wp","href":"https:\/\/api.w.org\/{rel}","templated":true}]}}