{"id":5965,"date":"2026-03-20T12:15:56","date_gmt":"2026-03-20T11:15:56","guid":{"rendered":"https:\/\/www.careium.com\/se\/?page_id=5965"},"modified":"2026-03-20T12:15:57","modified_gmt":"2026-03-20T11:15:57","slug":"careiums-extra-bolagsstamma-2025","status":"publish","type":"page","link":"https:\/\/www.careium.com\/se\/investerarrelationer\/careiums-extra-bolagsstamma-2025\/","title":{"rendered":"Careiums Extra bolagsst\u00e4mma 2025"},"content":{"rendered":"\n<h1 class=\"wp-block-heading has-text-align-left has-text-align-center\">Bolagsst\u00e4mma<\/h1>\n\n\n\n<p class=\"has-text-align-left\"><strong>Bolagsst\u00e4mman \u00e4r bolagets h\u00f6gsta beslutsfattande organ. Vid bolagsst\u00e4mman v\u00e4ljs Careium AB:s styrelse och styrelseordf\u00f6rande. Vidare utses bolagets revisorer.<\/strong><\/p>\n\n\n\n<div style=\"height:50px\" aria-hidden=\"true\" class=\"wp-block-spacer\"><\/div>\n\n\n\n<h2 class=\"wp-block-heading\">Careiums Extra bolagsst\u00e4mma 2025<\/h2>\n\n\n\n<p>Datum: Fredag den 13 juni<\/p>\n\n\n\n<h3 class=\"wp-block-heading\">Kallelse<\/h3>\n\n\n\n<p>Aktie\u00e4garna i Careium AB (publ) org. nr. 559121\u20135875 (\u201dCareium\u201d eller \u201dBolaget\u201d) kallas h\u00e4rmed till extra bolagsst\u00e4mma fredagen den 13 juni 2025 kl. 10:00 i KANTER Advokatbyr\u00e5s lokaler p\u00e5 Engelbrektsgatan 3, 114 32 Stockholm. Inregistrering sker fr\u00e5n kl. 09:30.<\/p>\n\n\n\n<h3 class=\"wp-block-heading\">R\u00c4TT TILL DELTAGANDE OCH ANM\u00c4LAN<\/h3>\n\n\n\n<p>R\u00e4tt att delta i den extra bolagsst\u00e4mman har den som<\/p>\n\n\n\n<p><\/p>\n\n\n\n<ul class=\"wp-block-list\">\n<li>dels \u00e4r inf\u00f6rd som aktie\u00e4gare i den av Euroclear Sweden AB f\u00f6rda aktieboken per onsdagen den 4 juni 2025, samt<\/li>\n\n\n\n<li>dels senast m\u00e5ndagen den 9 juni 2025 anm\u00e4ler sin avsikt att delta vid st\u00e4mman enligt nedan.<\/li>\n<\/ul>\n\n\n\n<p>Anm\u00e4lan om deltagande kan g\u00f6ras genom e-post till moller(at)kntr.se eller genom post till KANTER Advokatbyr\u00e5, Att. Emelie M\u00f6ller, Box 1435, 111 84 Stockholm. Vid anm\u00e4lan b\u00f6r aktie\u00e4garen uppge namn, adress, person- eller organisationsnummer, telefonnummer och antal eventuella bitr\u00e4den (h\u00f6gst tv\u00e5).<\/p>\n\n\n\n<h3 class=\"wp-block-heading\">F\u00f6rvaltarregistrerade aktier<\/h3>\n\n\n\n<p>Aktie\u00e4gare som har l\u00e5tit f\u00f6rvaltarregistrera sina aktier m\u00e5ste tillf\u00e4lligt registrera aktierna i eget namn s\u00e5 att vederb\u00f6rande \u00e4r registrerad i den av Euroclear Sweden AB f\u00f6rda aktieboken per avst\u00e4mningsdagen den 4 juni 2025 f\u00f6r att \u00e4ga r\u00e4tt att delta i den extra bolagsst\u00e4mman. S\u00e5dan registrering kan vara tillf\u00e4llig (s\u00e5 kallad r\u00f6str\u00e4ttsregistrering) och beg\u00e4rs hos f\u00f6rvaltaren enligt f\u00f6rvaltaren i s\u00e5dan tid i f\u00f6rv\u00e4g som f\u00f6rvaltaren best\u00e4mmer. R\u00f6str\u00e4ttsregistreringar som gjort senast den 9 juni 2025 beaktas vid framst\u00e4llningen av aktieboken.<\/p>\n\n\n\n<h3 class=\"wp-block-heading\">Ombud m.m:<\/h3>\n\n\n\n<p>Aktie\u00e4gare som avser att l\u00e5ta sig f\u00f6retr\u00e4das genom ombud ska utf\u00e4rda dagtecknad fullmakt f\u00f6r ombudet. Om fullmakten utf\u00e4rdas av juridisk person ska registreringsbevis eller motsvarande beh\u00f6righetshandling f\u00f6r den juridiska personen bifogas. Fullmakt f\u00e5r inte vara \u00e4ldre \u00e4n 1 \u00e5r, om det inte anges l\u00e4ngre tid i fullmakten (h\u00f6gst 5 \u00e5r).<\/p>\n\n\n\n<p>Fullmakten i original samt eventuellt registreringsbevis b\u00f6r i god tid f\u00f6re st\u00e4mman ins\u00e4ndas till KANTER Advokatbyr\u00e5 p\u00e5 adress enligt ovan. Fullmaktsformul\u00e4r tillhandah\u00e5lls finns tillg\u00e4ngligt p\u00e5 Bolagets webbplats <a href=\"https:\/\/www.careium.com\/se\/\">www.careium.com<\/a>.<\/p>\n\n\n\n<h3 class=\"wp-block-heading\">Behandling av personuppgifter<\/h3>\n\n\n\n<p>Careium \u00e4r personuppgiftsansvarig f\u00f6r den behandling av personuppgifter som utf\u00f6rs av Bolaget eller dess tj\u00e4nsteleverant\u00f6rer i samband med st\u00e4mman. F\u00f6r information om hur personuppgifter behandlas se de integritetsmeddelanden som finns tillg\u00e4ngliga p\u00e5 Computershare AB:s och Euroclears webbplatser.<br>(<a href=\"http:\/\/www.computershare.com\/se\/gm-gdpr\" target=\"_blank\" rel=\"noopener\">http:\/\/www.computershare.com\/se\/gm-gdpr<\/a> och <a href=\"http:\/\/www.euroclear.com\/dam\/ESw\/Legal\/Integritetspolicy-bolagsstammor-svenska.pdf\" target=\"_blank\" rel=\"noopener\">http:\/\/www.euroclear.com\/dam\/ESw\/Legal\/Integritetspolicy-bolagsstammor-svenska.pdf<\/a>).<\/p>\n\n\n\n<h3 class=\"wp-block-heading\">F\u00f6rslag till dagordning<\/h3>\n\n\n\n<ol start=\"1\" class=\"wp-block-list\">\n<li>St\u00e4mmans \u00f6ppnande;<\/li>\n\n\n\n<li>Val av ordf\u00f6rande vid st\u00e4mman;<\/li>\n\n\n\n<li>Uppr\u00e4ttande och godk\u00e4nnande av r\u00f6stl\u00e4ngd;<\/li>\n\n\n\n<li>Godk\u00e4nnande av dagordning;<\/li>\n\n\n\n<li>Val av en eller tv\u00e5 justeringsm\u00e4n;<\/li>\n\n\n\n<li>Pr\u00f6vning av om st\u00e4mman blivit beh\u00f6rigen sammankallad;<\/li>\n\n\n\n<li>Fastst\u00e4llande av arvode \u00e5t styrelsens ordf\u00f6rande;<\/li>\n\n\n\n<li>Val av ny styrelseledamot och ordf\u00f6rande f\u00f6r styrelsen;<\/li>\n\n\n\n<li>St\u00e4mmans avslutande.<\/li>\n<\/ol>\n\n\n\n<h3 class=\"wp-block-heading\">F\u00f6rslag avseende punkterna 2, 7 och 8 p\u00e5 agendan<\/h3>\n\n\n\n<p><strong>Punkt 2 &#8211; Val av ordf\u00f6rande vid st\u00e4mman<\/strong><br>Styrelsen f\u00f6resl\u00e5r att Emelie M\u00f6ller, vid KANTER Advokatbyr\u00e5, eller den som styrelsen i st\u00e4llet utser vid hennes f\u00f6rhinder, v\u00e4ljs till ordf\u00f6rande vid st\u00e4mman.<\/p>\n\n\n\n<p><strong>Punkt 7 &#8211; Fastst\u00e4llande av arvode \u00e5t styrelsens ordf\u00f6rande<\/strong><br>St\u00f6rre aktie\u00e4gare f\u00f6resl\u00e5r att styrelsens ordf\u00f6rande ska f\u00e5 ett arvode om 620 000 kr p\u00e5 \u00e5rlig basis.<\/p>\n\n\n\n<p><strong>Punkt 8 &#8211; Val av ny styrelseledamot och ordf\u00f6rande f\u00f6r styrelsen<\/strong><br>St\u00f6rre aktie\u00e4gare f\u00f6resl\u00e5r att avs\u00e4tta nuvarande styrelseordf\u00f6rande Maria Khorsand och att v\u00e4lja Juha M\u00f6rt som styrelseledamot samt styrelsens nya ordf\u00f6rande<\/p>\n\n\n\n<h3 class=\"wp-block-heading\">Antal aktier och r\u00f6ster<\/h3>\n\n\n\n<p>Per dagen f\u00f6r denna kallelse finns det 24 326 214 aktier och r\u00f6ster i Bolaget. Bolaget innehar inga egna aktier.<\/p>\n\n\n\n<h3 class=\"wp-block-heading\">Handlingar<\/h3>\n\n\n\n<p>Handlingar inf\u00f6r st\u00e4mman h\u00e5lls tillg\u00e4ngliga hos Bolaget och p\u00e5 bolagets webbplats, <a href=\"https:\/\/www.careium.com\/se\/\">www.careium.com <\/a>senast tv\u00e5 veckor f\u00f6re st\u00e4mman. Kopior av handlingarna s\u00e4nds \u00e4ven till de aktie\u00e4gare som beg\u00e4r det och uppger sin postadress<\/p>\n\n\n\n<div style=\"height:9px\" aria-hidden=\"true\" class=\"wp-block-spacer\"><\/div>\n\n\n\n<h4 class=\"wp-block-heading has-text-align-left has-h-4-font-size\">Dokument fr\u00e5n \u00e5rsst\u00e4mman 2025<\/h4>\n\n\n\n<figure class=\"wp-block-table is-style-regular\"><table><tbody><tr><td>Protokoll fr\u00e5n Extra Bolagsst\u00e4mma 2025<\/td><td><a href=\"https:\/\/www.careium.com\/app\/uploads\/sites\/2\/2025\/06\/stammoprotokoll-inklusive-bilagor-exlusive-rostlangd-extrastamma-2025-careium-sv.pdf\" target=\"_blank\" data-type=\"attachment\" data-id=\"4299\" rel=\"noreferrer noopener\">Ladda ner<\/a><\/td><\/tr><tr><td>Kallelse till Extra Bolagsst\u00e4mma 2025<\/td><td><a href=\"https:\/\/www.careium.com\/app\/uploads\/sites\/2\/2025\/05\/kallelse-till-extra-bolagsstamma-2025-sv.pdf\" target=\"_blank\" data-type=\"attachment\" data-id=\"3687\" rel=\"noreferrer noopener\">Ladda ner<\/a><\/td><\/tr><tr><td>Fullmaktsformul\u00e4r Extra Bolagsst\u00e4mma 2025<\/td><td><a href=\"https:\/\/www.careium.com\/app\/uploads\/sites\/2\/2025\/05\/fullmaktsformular-extra-bolagsstamma-2025-careium-sv.pdf\" target=\"_blank\" data-type=\"attachment\" data-id=\"3688\" rel=\"noreferrer noopener\">Ladda ner<\/a><\/td><\/tr><\/tbody><\/table><\/figure>\n\n\n\n<div style=\"height:11px\" aria-hidden=\"true\" class=\"wp-block-spacer\"><\/div>\n\n\n\n<h4 class=\"wp-block-heading\">Dokument \u00e5rst\u00e4mma<\/h4>\n\n\n\n<div style=\"height:10px\" aria-hidden=\"true\" class=\"wp-block-spacer\"><\/div>\n\n\n\n<p><a href=\"https:\/\/www.careium.com\/se\/investerarrelationer\/bolagsstamma\/bolagsstamma-2025\/\" data-type=\"page\" data-id=\"3689\">\u00c5rsst\u00e4mma 2025<\/a><\/p>\n\n\n\n<p><a href=\"https:\/\/www.careium.com\/se\/investerarrelationer\/bolagsstamma\/bolagsstamma-2024\/\" data-type=\"page\" data-id=\"1454\">\u00c5rsst\u00e4mma 2024<\/a><\/p>\n\n\n\n<p><a href=\"https:\/\/www.careium.com\/se\/investerarrelationer\/bolagsstamma\/bolagsstamma-2023\/\" data-type=\"page\" data-id=\"1466\">\u00c5rsst\u00e4mma 2023<\/a><\/p>\n\n\n\n<p><a href=\"https:\/\/www.careium.com\/se\/investerarrelationer\/bolagsstamma\/bolagsstamma-2022\/\" data-type=\"page\" data-id=\"1474\">\u00c5rsst\u00e4mma 2022<\/a><\/p>\n\n\n\n<p><\/p>\n","protected":false},"excerpt":{"rendered":"<p>Bolagsst\u00e4mma Bolagsst\u00e4mman \u00e4r bolagets h\u00f6gsta beslutsfattande organ. Vid bolagsst\u00e4mman v\u00e4ljs Careium AB:s styrelse och styrelseordf\u00f6rande. Vidare utses bolagets revisorer. Careiums Extra bolagsst\u00e4mma 2025 Datum: Fredag den 13 juni Kallelse Aktie\u00e4garna i Careium AB (publ) org. nr. 559121\u20135875 (\u201dCareium\u201d eller \u201dBolaget\u201d) kallas h\u00e4rmed till extra bolagsst\u00e4mma fredagen den 13 juni 2025 kl. 10:00 i KANTER Advokatbyr\u00e5s&#8230;<\/p>\n","protected":false},"author":6,"featured_media":0,"parent":1742,"menu_order":0,"comment_status":"closed","ping_status":"closed","template":"template-text-page.blade.php","meta":{"_acf_changed":false,"footnotes":""},"class_list":["post-5965","page","type-page","status-publish","hentry"],"acf":[],"_links":{"self":[{"href":"https:\/\/www.careium.com\/se\/wp-json\/wp\/v2\/pages\/5965","targetHints":{"allow":["GET"]}}],"collection":[{"href":"https:\/\/www.careium.com\/se\/wp-json\/wp\/v2\/pages"}],"about":[{"href":"https:\/\/www.careium.com\/se\/wp-json\/wp\/v2\/types\/page"}],"author":[{"embeddable":true,"href":"https:\/\/www.careium.com\/se\/wp-json\/wp\/v2\/users\/6"}],"replies":[{"embeddable":true,"href":"https:\/\/www.careium.com\/se\/wp-json\/wp\/v2\/comments?post=5965"}],"version-history":[{"count":1,"href":"https:\/\/www.careium.com\/se\/wp-json\/wp\/v2\/pages\/5965\/revisions"}],"predecessor-version":[{"id":5966,"href":"https:\/\/www.careium.com\/se\/wp-json\/wp\/v2\/pages\/5965\/revisions\/5966"}],"up":[{"embeddable":true,"href":"https:\/\/www.careium.com\/se\/wp-json\/wp\/v2\/pages\/1742"}],"wp:attachment":[{"href":"https:\/\/www.careium.com\/se\/wp-json\/wp\/v2\/media?parent=5965"}],"curies":[{"name":"wp","href":"https:\/\/api.w.org\/{rel}","templated":true}]}}