{"id":983,"date":"2025-05-15T13:28:23","date_gmt":"2025-05-15T13:28:23","guid":{"rendered":"https:\/\/www.careium.com\/se\/?page_id=983"},"modified":"2026-03-27T16:50:24","modified_gmt":"2026-03-27T15:50:24","slug":"var-vision","status":"publish","type":"page","link":"https:\/\/www.careium.com\/se\/om-oss\/var-vision\/","title":{"rendered":"V\u00e5r Vision"},"content":{"rendered":"\n<h1 class=\"wp-block-heading\">V\u00e5r vision f\u00f6r framtiden<\/h1>\n\n\n\n<h2 class=\"wp-block-heading has-text-align-left\">F\u00f6r ett rikare och tryggare liv<\/h2>\n\n\n\n<div style=\"height:16px\" aria-hidden=\"true\" class=\"wp-block-spacer\"><\/div>\n\n\n\n<div class=\"wp-block-cover is-light is-style-rounded\" style=\"min-height:50px;aspect-ratio:unset;\"><span aria-hidden=\"true\" class=\"wp-block-cover__background has-neutral-pure-background-color has-background-dim-100 has-background-dim\"><\/span><div class=\"wp-block-cover__inner-container is-layout-constrained wp-block-cover-is-layout-constrained\">\n<div style=\"height:16px\" aria-hidden=\"true\" class=\"wp-block-spacer is-style-small\"><\/div>\n\n\n<div class=\"wp-block-quote\" style=\"\">\n        <blockquote class=\"wp-block-quote__text no-image\">\n        <p class=\"wp-block-quote__quote\">Miljontals m\u00e4nniskor kan leva rika, s\u00e4kra och aktiva liv som st\u00f6ds av innovation och m\u00e4nsklig kontakt.<\/p>\n                    <\/blockquote>\n<\/div>\n\n\n\n<div style=\"height:5px\" aria-hidden=\"true\" class=\"wp-block-spacer is-style-half-on-mobile\"><\/div>\n<\/div><\/div>\n\n\n\n<div style=\"height:16px\" aria-hidden=\"true\" class=\"wp-block-spacer\"><\/div>\n\n\n\n<p>Detta \u00e4r v\u00e5r vision och anledningen till att Careium existerar. V\u00e5r drivkraft \u00e4r genuin omsorg om v\u00e5ra anv\u00e4ndare &#8211; deras behov kommer alltid i f\u00f6rsta hand. Med detta som utg\u00e5ngspunkt str\u00e4var vi alltid efter nya och b\u00e4ttre s\u00e4tt att hj\u00e4lpa till.<\/p>\n\n\n<div class=\"wp-block-embed\" style=\"\">\n            <div class=\"wp-block-embed__cover\">\n            <picture>\n                                    <source media=\"(min-width: 10px)\" srcset=\"https:\/\/www.careium.com\/app\/uploads\/sites\/2\/2025\/06\/Blog-featured-images-4-780x408.png.webp\" type=\"image\/webp\"\n                    width=\"780\" height=\"408\">\n                            <source media=\"(min-width: 10px)\" srcset=\"https:\/\/www.careium.com\/app\/uploads\/sites\/2\/2025\/06\/Blog-featured-images-4-780x408.png\" type=\"image\/png\"\n                    width=\"780\" height=\"408\">\n                    \n\n        <img decoding=\"async\"  src=\"https:\/\/www.careium.com\/app\/uploads\/sites\/2\/2025\/06\/Blog-featured-images-4-780x408.png\" alt=\"Careium video thumbnail\" loading=\"lazy\"\n            width=\"780\" height=\"408\">\n    <\/picture>\n        <\/div>\n    \n    <iframe title=\"This is Careium\" width=\"640\" height=\"360\" data-src=\"https:\/\/www.youtube.com\/embed\/reQikbbnvbg?feature=oembed\" frameborder=\"0\" allow=\"accelerometer; autoplay; clipboard-write; encrypted-media; gyroscope; picture-in-picture; web-share\" referrerpolicy=\"strict-origin-when-cross-origin\" allowfullscreen><\/iframe>\n\n    <div class=\"wp-block-embed__blocker hidden\">\n      <p><strong>Denna video \u00e4r inte tillg\u00e4nglig. <\/strong>Du m\u00e5ste acceptera marknadsf\u00f6ringscookies f\u00f6r att kunna se detta inneh\u00e5ll. \u00d6ppna cookie-inst\u00e4llningarna och acceptera marknadsf\u00f6ringskategorin och uppdatera sidan.<\/p>\n      <a href=\"#\" onClick=\"UC_UI.showSecondLayer();\">Inst\u00e4llningar f\u00f6r cookies<\/a>\n    <\/div>\n\n    <button class=\"wp-block-embed__player\" title=\"Play video\">\n        <i class=\"fa-regular fa-circle-play\"><\/i>\n    <\/button>\n<\/div>\n\n\n\n<h2 class=\"wp-block-heading has-primary-color has-text-color has-link-color wp-elements-489177ff558f47cb1118d9eec21e49d6\">Detta g\u00f6r vi <\/h2>\n\n\n\n<p>Teknik och digitalisering \u00e4r kraftfulla verktyg, och vi str\u00e4var alltid efter att ta fram nya l\u00f6sningar som kan f\u00f6renkla tillvaron f\u00f6r s\u00e5v\u00e4l v\u00e5ra kunder som anv\u00e4ndare. Kort sagt \u00e4r detta vad vi g\u00f6r. Vi anv\u00e4nder all v\u00e5r erfarenhet, kunskap och innovationskraft f\u00f6r att m\u00f6jligg\u00f6ra ett tryggare och sj\u00e4lvst\u00e4ndigare liv. Visa omtanke, agera smart, var hj\u00e4ltar \u2013 detta \u00e4r v\u00e5r filosofi.&nbsp;<\/p>\n\n\n\n<h2 class=\"wp-block-heading has-primary-color has-text-color has-link-color wp-elements-497cb005ed753f1e2a48a112c586779e\">Och det \u00e4r s\u00e5 h\u00e4r vi g\u00f6r det&nbsp;<\/h2>\n\n\n\n<p>Hur f\u00f6rverkligar vi v\u00e5r vision? Vi \u00e4r vardagshj\u00e4ltar som med smart teknik skapar f\u00f6ruts\u00e4ttningar f\u00f6r en b\u00e4ttre omsorg och hj\u00e4lper individer utifr\u00e5n deras egna behov. Detta \u00e4r v\u00e5r mission.&nbsp;<\/p>\n\n\n\n<p><\/p>\n\n\n\n<p><strong>Vi lovar v\u00e5ra anv\u00e4ndare en tryggare tillvaro genom smarta l\u00f6sningar och genuin omtanke f\u00f6r deras behov. P\u00e5 Careium h\u00e5ller vi vad vi lovar.&nbsp;<\/strong><\/p>\n","protected":false},"excerpt":{"rendered":"<p>V\u00e5r vision f\u00f6r framtiden F\u00f6r ett rikare och tryggare liv Detta \u00e4r v\u00e5r vision och anledningen till att Careium existerar. V\u00e5r drivkraft \u00e4r genuin omsorg om v\u00e5ra anv\u00e4ndare &#8211; deras behov kommer alltid i f\u00f6rsta hand. Med detta som utg\u00e5ngspunkt str\u00e4var vi alltid efter nya och b\u00e4ttre s\u00e4tt att hj\u00e4lpa till. Detta g\u00f6r vi Teknik&#8230;<\/p>\n","protected":false},"author":5,"featured_media":0,"parent":975,"menu_order":0,"comment_status":"closed","ping_status":"closed","template":"template-text-page.blade.php","meta":{"_acf_changed":false,"footnotes":""},"class_list":["post-983","page","type-page","status-publish","hentry"],"acf":[],"_links":{"self":[{"href":"https:\/\/www.careium.com\/se\/wp-json\/wp\/v2\/pages\/983","targetHints":{"allow":["GET"]}}],"collection":[{"href":"https:\/\/www.careium.com\/se\/wp-json\/wp\/v2\/pages"}],"about":[{"href":"https:\/\/www.careium.com\/se\/wp-json\/wp\/v2\/types\/page"}],"author":[{"embeddable":true,"href":"https:\/\/www.careium.com\/se\/wp-json\/wp\/v2\/users\/5"}],"replies":[{"embeddable":true,"href":"https:\/\/www.careium.com\/se\/wp-json\/wp\/v2\/comments?post=983"}],"version-history":[{"count":5,"href":"https:\/\/www.careium.com\/se\/wp-json\/wp\/v2\/pages\/983\/revisions"}],"predecessor-version":[{"id":6007,"href":"https:\/\/www.careium.com\/se\/wp-json\/wp\/v2\/pages\/983\/revisions\/6007"}],"up":[{"embeddable":true,"href":"https:\/\/www.careium.com\/se\/wp-json\/wp\/v2\/pages\/975"}],"wp:attachment":[{"href":"https:\/\/www.careium.com\/se\/wp-json\/wp\/v2\/media?parent=983"}],"curies":[{"name":"wp","href":"https:\/\/api.w.org\/{rel}","templated":true}]}}