{"id":1074,"date":"2025-05-04T09:18:09","date_gmt":"2025-05-04T09:18:09","guid":{"rendered":"https:\/\/www.careium.com\/se\/?post_type=product&#038;p=1074"},"modified":"2025-05-21T12:32:45","modified_gmt":"2025-05-21T12:32:45","slug":"careium-500","status":"publish","type":"product","link":"https:\/\/www.careium.com\/se\/trygghetslosningar\/trygghetslarm\/careium-500\/","title":{"rendered":"Careium 500"},"content":{"rendered":"<h2>Hur fungerar det?<\/h2>\n<p>Careium 500 fungerar b\u00e5de som ett GPS-larm och ett mobilt trygghetslarm. Den \u00e4r specialutvecklad f\u00f6r personer med kognitiv neds\u00e4ttning exempelvis demens, f\u00f6r att m\u00f6jligg\u00f6ra ett friare, tryggare och mer aktivt liv.<\/p>\n<p>Med hj\u00e4lp av GPS-positionering kan man st\u00e4lla in trygghetszoner, inom vilka anv\u00e4ndaren kan r\u00f6ra sig fritt. N\u00e4r anv\u00e4ndaren l\u00e4mnar zonen skickas ett larm till larmmottagaren. Klockan kan \u00e4ven ta positioner s\u00e5 att man vid behov kan se var anv\u00e4ndare befinner sig i realtid.<\/p>\n<p>Det \u00e4r m\u00f6jligt att skapa flera trygghetszoner och man kan aktivera olika zoner beroende p\u00e5 tid p\u00e5 dygnet, till exempel kan en st\u00f6rre zon till\u00e5tas p\u00e5 dagen \u00e4n p\u00e5 natten.<\/p>\n<p>Careium 500 levereras med en basstation som placeras i bostaden. Basstationen fungerar b\u00e5de som laddare och som hemmafyr. N\u00e4r klockan kommer i n\u00e4rheten av basstationen kopplas GPS-funktionen ner. Detta medf\u00f6r att klockan sparar batteri och samtidigt anges hemmet som position. I hemmilj\u00f6 kan batteriet r\u00e4cka i \u00f6ver en vecka.<\/p>\n<p>Klockan har \u00e4ven en fysisk larmknapp. N\u00e4r anv\u00e4ndaren trycker p\u00e5 larmknappen skickas ett larm till larmmottagaren. Det \u00e4r \u00e4ven m\u00f6jligt att ringa till klockan. Larmknappen kan avaktiveras om anv\u00e4ndaren inte kan hantera funktionen.<\/p>\n<p>Careium 500 fungerar \u00e4ven som ett fallarm. Om olyckan \u00e4r framme och anv\u00e4ndaren ramlat, skickar klockan automatiskt ett larm till larmmottagaren.<\/p>\n<p>GPS-klockan kommunicerar via 4G-n\u00e4tet och fungerar b\u00e5de inom- och utomhus. Klockan kan b\u00e4ras dygnet runt och \u00e4r vattent\u00e4t, IP67. Om det finns risk att anv\u00e4ndaren tar av sig klockan finns ett l\u00e5sbart klockarmband att best\u00e4lla som extra tillbeh\u00f6r.<\/p>\n<h2>Vilket problem l\u00f6ser den?<\/h2>\n<p>I takt med att vi lever allt l\u00e4ngre \u00f6kar \u00e4ven antalet personer som insjuknar i en demenssjukdom. Idag lider ungef\u00e4r 130 000 -150 000 m\u00e4nniskor i Sverige av en demenssjukdom. Om man r\u00e4knar med anh\u00f6riga och n\u00e4rst\u00e5ende ber\u00f6rs n\u00e4rmare 1 miljon m\u00e4nniskor. Varje \u00e5r insjuknar cirka 25 000 personer i en demenssjukdom och enligt Socialstyrelsen kommer 180.000-190.000 personer \u00e5r 2030 ha insjuknat i en demenssjukdom. Ytterligare tjugo \u00e5r senare kommer 250 000 personer har drabbats.<\/p>\n<p>Aktivitet och stimulans kan p\u00e5verka minnes- och tankef\u00f6rm\u00e5gor positivt. \u00c4ven nedst\u00e4mdhet hos den sjuke kan minska med hj\u00e4lp av social stimulans. En person med demenssjukdom har precis samma behov som en frisk person att f\u00e5 fysisk aktivitet, f\u00e5 dagsljus och komma ut i friska luften. Skillnaden mellan en person med demenssjukdom och en frisk person \u00e4r snarare m\u00f6jligheten att tillgodose dessa behov. Sj\u00e4lvklart ska aktiviteterna anpassas efter den sjuke personen s\u00e5 ett bra f\u00f6rh\u00e5llningss\u00e4tt och kunskap om sjukdomen \u00e4r viktigt f\u00f6r den som ska assistera personen i behov av st\u00f6d. En GPS-klocka som Careium 500 sk\u00e4nker trygghet och m\u00f6jligg\u00f6r ett mer sj\u00e4lvst\u00e4ndigt, socialt och aktivt liv l\u00e4ngre.<\/p>\n","protected":false},"excerpt":{"rendered":"<p>Careium 500 ger frihet \u00e5t personer med demenssjukdom och samtidigt extra trygghet f\u00f6r anh\u00f6riga och v\u00e5rdgivare. GPS-larmet \u00e4r specialutvecklad f\u00f6r personer med kognitiv neds\u00e4ttning exempelvis demens och m\u00f6jligg\u00f6r ett tryggare och mer aktivt liv. Det \u00e4r en snygg och elegant, vattent\u00e4t (IP67), GPS-klocka och mobilt trygghetslarm i ett med st\u00f6d f\u00f6r avancerade sp\u00e5rningsfunktion f\u00f6r extra s\u00e4kerhet. Klockan har en fysisk larmknapp och dess analoga utseende g\u00f6r att m\u00e5nga anv\u00e4ndare har l\u00e4ttare f\u00f6r att acceptera larmet. F\u00f6r anv\u00e4ndare som beh\u00f6ver noggrann tillsyn kan automatiska larm aktiveras, tex larm som utl\u00f6ses vid fall eller vid vissa geografiska positioner. Tack vare avancerade batterihanteringsfunktioner har Careium 500 dessutom l\u00e5ng batteritid. GPS-klockan kommunicerar via 4G-n\u00e4tet och fungerar b\u00e5de inom- och utomhus.<\/p>\n","protected":false},"author":1,"featured_media":2674,"template":"","meta":{"_acf_changed":false},"product_brand":[],"product_cat":[85],"product_tag":[],"class_list":{"0":"post-1074","1":"product","2":"type-product","3":"status-publish","4":"has-post-thumbnail","6":"product_cat-mobila-trygghetslarm-och-gps-larm","8":"first","9":"instock","10":"shipping-taxable","11":"purchasable","12":"product-type-simple"},"acf":[],"_links":{"self":[{"href":"https:\/\/www.careium.com\/se\/wp-json\/wp\/v2\/product\/1074","targetHints":{"allow":["GET"]}}],"collection":[{"href":"https:\/\/www.careium.com\/se\/wp-json\/wp\/v2\/product"}],"about":[{"href":"https:\/\/www.careium.com\/se\/wp-json\/wp\/v2\/types\/product"}],"author":[{"embeddable":true,"href":"https:\/\/www.careium.com\/se\/wp-json\/wp\/v2\/users\/1"}],"wp:featuredmedia":[{"embeddable":true,"href":"https:\/\/www.careium.com\/se\/wp-json\/wp\/v2\/media\/2674"}],"wp:attachment":[{"href":"https:\/\/www.careium.com\/se\/wp-json\/wp\/v2\/media?parent=1074"}],"wp:term":[{"taxonomy":"product_brand","embeddable":true,"href":"https:\/\/www.careium.com\/se\/wp-json\/wp\/v2\/product_brand?post=1074"},{"taxonomy":"product_cat","embeddable":true,"href":"https:\/\/www.careium.com\/se\/wp-json\/wp\/v2\/product_cat?post=1074"},{"taxonomy":"product_tag","embeddable":true,"href":"https:\/\/www.careium.com\/se\/wp-json\/wp\/v2\/product_tag?post=1074"}],"curies":[{"name":"wp","href":"https:\/\/api.w.org\/{rel}","templated":true}]}}