{"id":1083,"date":"2025-05-04T09:24:49","date_gmt":"2025-05-04T09:24:49","guid":{"rendered":"https:\/\/www.careium.com\/se\/?post_type=product&#038;p=1083"},"modified":"2026-03-06T12:56:49","modified_gmt":"2026-03-06T11:56:49","slug":"motion-9200-rorelselarm","status":"publish","type":"product","link":"https:\/\/www.careium.com\/se\/trygghetslosningar\/trygghetslarm\/motion-9200-rorelselarm\/","title":{"rendered":"Motion 9200"},"content":{"rendered":"<p>Motion 9200 \u00e4r en tr\u00e5dl\u00f6s r\u00f6relsesensor som kan anv\u00e4ndas i situationer d\u00e4r \u00f6vervakning av omsorgstagarens r\u00f6relsem\u00f6nster kan beh\u00f6vas. Motion 9200 kan anv\u00e4ndas som till exempel:<\/p>\n<p>Ett s\u00e4nglarm, placerad p\u00e5 golvet vid s\u00e4ngkanten.<\/p>\n<p>En r\u00f6relsemonitor som kan skicka information n\u00e4r en person inte varit aktiv under en viss tid &#8211; exempelvis inte bes\u00f6kt k\u00f6ket p\u00e5 24 timmar.<\/p>\n<p>Enheten fungerar p\u00e5 den europeiska larmfrekvensen 869 MHz och \u00e4r testad och uppfyller alla relevanta standarder inklusive CE.<\/p>\n","protected":false},"excerpt":{"rendered":"<p>Motion 9200 \u00e4r en batteridriven r\u00f6relsesensor med anv\u00e4ndarv\u00e4nlig utformning. Den \u00e4r enkel att installera, vilket g\u00f6r att den kan placeras d\u00e4r den beh\u00f6vs mest. Den inbyggda PIR-sensor kan anv\u00e4nds f\u00f6r att k\u00e4nna av b\u00e5de aktivitet och inaktivitet. Med hj\u00e4lp av en intern klocka kan man styra sensorn s\u00e5 att exempelvis ett larm skickas iv\u00e4g om ingen r\u00f6relse uppt\u00e4cks under ett visst antal timmar. Sensorn kan ocks\u00e5 st\u00e4llas in s\u00e5 att den endast \u00e4r aktiverad under natten. Placera den p\u00e5 golvet s\u00e5 fungerar den som en s\u00e4ngvakt. Det medf\u00f6ljande f\u00e4llbara f\u00e4stet kan st\u00e4llas in i olika positioner, vilket g\u00f6r att den enkelt kan monteras b\u00e5de p\u00e5 golvet och v\u00e4ggen.<\/p>\n","protected":false},"author":1,"featured_media":2847,"template":"","meta":{"_acf_changed":false},"product_brand":[],"product_cat":[84],"product_tag":[],"class_list":{"0":"post-1083","1":"product","2":"type-product","3":"status-publish","4":"has-post-thumbnail","6":"product_cat-tillbehor-for-personlig-trygghet-och-valbefinnande","8":"first","9":"instock","10":"shipping-taxable","11":"purchasable","12":"product-type-simple"},"acf":[],"_links":{"self":[{"href":"https:\/\/www.careium.com\/se\/wp-json\/wp\/v2\/product\/1083","targetHints":{"allow":["GET"]}}],"collection":[{"href":"https:\/\/www.careium.com\/se\/wp-json\/wp\/v2\/product"}],"about":[{"href":"https:\/\/www.careium.com\/se\/wp-json\/wp\/v2\/types\/product"}],"author":[{"embeddable":true,"href":"https:\/\/www.careium.com\/se\/wp-json\/wp\/v2\/users\/1"}],"wp:featuredmedia":[{"embeddable":true,"href":"https:\/\/www.careium.com\/se\/wp-json\/wp\/v2\/media\/2847"}],"wp:attachment":[{"href":"https:\/\/www.careium.com\/se\/wp-json\/wp\/v2\/media?parent=1083"}],"wp:term":[{"taxonomy":"product_brand","embeddable":true,"href":"https:\/\/www.careium.com\/se\/wp-json\/wp\/v2\/product_brand?post=1083"},{"taxonomy":"product_cat","embeddable":true,"href":"https:\/\/www.careium.com\/se\/wp-json\/wp\/v2\/product_cat?post=1083"},{"taxonomy":"product_tag","embeddable":true,"href":"https:\/\/www.careium.com\/se\/wp-json\/wp\/v2\/product_tag?post=1083"}],"curies":[{"name":"wp","href":"https:\/\/api.w.org\/{rel}","templated":true}]}}