{"id":1218,"date":"2025-05-05T12:48:03","date_gmt":"2025-05-05T12:48:03","guid":{"rendered":"https:\/\/www.careium.com\/se\/?post_type=product&#038;p=1218"},"modified":"2025-09-24T10:59:08","modified_gmt":"2025-09-24T08:59:08","slug":"rostlarm","status":"publish","type":"product","link":"https:\/\/www.careium.com\/se\/trygghetslosningar\/trygghetslarm\/rostlarm\/","title":{"rendered":"R\u00f6stlarm"},"content":{"rendered":"","protected":false},"excerpt":{"rendered":"<p>R\u00f6stlarmet \u00e4r en sensor som reagerar p\u00e5 ofrivilliga ljud, som exempelvis epilepsianfall, eller medvetna ljud, som rop p\u00e5 hj\u00e4lp. Den placeras n\u00e4ra omsorgstagaren och k\u00e4nsligheten anpassas s\u00e5 att endast ljud fr\u00e5n anv\u00e4ndaren utl\u00f6ser larmet. En separat mikrofon kan kopplas till f\u00f6r att avsk\u00e4rma ljud fr\u00e5n omgivningen ytterligare (ljudutsl\u00e4ckning) f\u00f6r att uppn\u00e5 \u00e4nnu h\u00f6gre k\u00e4nslighet. Larm \u00f6verf\u00f6rs tr\u00e5dl\u00f6st till trygghetslarmet som skickar vidare det till larmcentralen.<\/p>\n","protected":false},"author":4,"featured_media":2904,"template":"","meta":{"_acf_changed":false},"product_brand":[],"product_cat":[84],"product_tag":[],"class_list":{"0":"post-1218","1":"product","2":"type-product","3":"status-publish","4":"has-post-thumbnail","6":"product_cat-tillbehor-for-personlig-trygghet-och-valbefinnande","8":"first","9":"instock","10":"shipping-taxable","11":"purchasable","12":"product-type-simple"},"acf":[],"_links":{"self":[{"href":"https:\/\/www.careium.com\/se\/wp-json\/wp\/v2\/product\/1218","targetHints":{"allow":["GET"]}}],"collection":[{"href":"https:\/\/www.careium.com\/se\/wp-json\/wp\/v2\/product"}],"about":[{"href":"https:\/\/www.careium.com\/se\/wp-json\/wp\/v2\/types\/product"}],"author":[{"embeddable":true,"href":"https:\/\/www.careium.com\/se\/wp-json\/wp\/v2\/users\/4"}],"wp:featuredmedia":[{"embeddable":true,"href":"https:\/\/www.careium.com\/se\/wp-json\/wp\/v2\/media\/2904"}],"wp:attachment":[{"href":"https:\/\/www.careium.com\/se\/wp-json\/wp\/v2\/media?parent=1218"}],"wp:term":[{"taxonomy":"product_brand","embeddable":true,"href":"https:\/\/www.careium.com\/se\/wp-json\/wp\/v2\/product_brand?post=1218"},{"taxonomy":"product_cat","embeddable":true,"href":"https:\/\/www.careium.com\/se\/wp-json\/wp\/v2\/product_cat?post=1218"},{"taxonomy":"product_tag","embeddable":true,"href":"https:\/\/www.careium.com\/se\/wp-json\/wp\/v2\/product_tag?post=1218"}],"curies":[{"name":"wp","href":"https:\/\/api.w.org\/{rel}","templated":true}]}}