{"id":1223,"date":"2025-05-05T13:22:18","date_gmt":"2025-05-05T13:22:18","guid":{"rendered":"https:\/\/www.careium.com\/se\/?post_type=product&#038;p=1223"},"modified":"2026-02-10T08:34:40","modified_gmt":"2026-02-10T07:34:40","slug":"enzo-fastmonterad-larmknapp","status":"publish","type":"product","link":"https:\/\/www.careium.com\/se\/trygghetslosningar\/trygghetslarm\/enzo-fastmonterad-larmknapp\/","title":{"rendered":"Enzo fastmonterad larmknapp"},"content":{"rendered":"<h2>Hur fungerar det?<\/h2>\n<p>Enzo anv\u00e4nder tv\u00e5v\u00e4gskommunikation f\u00f6r att f\u00f6rs\u00e4kra anv\u00e4ndaren om att larmet har skickats och mottagits. N\u00e4r ett larm aktiveras t\u00e4nds lysdioden p\u00e5 larmknappen. En fastmonterad larmknapp i sovrummet eller i badrummet g\u00f6r att anv\u00e4ndaren kan larma utan att hen b\u00e4r larmknappen med sig. Den \u00e4r enkel att installera och monteras med hj\u00e4lp av den kraftig dubbelh\u00e4ftande tejpen som kommer med.<\/p>\n<h2>Vilket problem l\u00f6ser den?<\/h2>\n<p>M\u00e5nga omsorgstagare tar av sig sin larmknapp n\u00e4r de ska duscha eller g\u00e5 och l\u00e4gga sig. Genom att montera en knapp inne i duschen eller bredvid s\u00e4ngen kan omsorgstagaren k\u00e4nna sig trygg i att hj\u00e4lp alltid finns n\u00e4ra till hands n\u00e4r det beh\u00f6vs.<\/p>\n","protected":false},"excerpt":{"rendered":"<p>Enzo \u00e4r en tr\u00e5dl\u00f6s, fastmonterad larmknapp och ett enkelt och smart s\u00e4tt att ge extra trygghet. En larmknapp som \u00e4r fastmonterad finns alltid p\u00e5 samma plats och \u00e4r d\u00e4rf\u00f6r l\u00e4tt att hitta. Placera den bredvid s\u00e4ngen eller i badrummet \u2013 en enkel och trygg l\u00f6sning f\u00f6r de omsorgstagare som normalt tar av sig sin larmknapp n\u00e4r de g\u00e5r och l\u00e4gger sig eller ska duscha. En fastmonterad Enzo kr\u00e4ver tv\u00e5 artiklar: Enzo larmknapp (artikel 300 208) och Enzo v\u00e4ggf\u00e4ste (artikel 300 210).<\/p>\n","protected":false},"author":4,"featured_media":924,"template":"","meta":{"_acf_changed":false},"product_brand":[],"product_cat":[84],"product_tag":[],"class_list":{"0":"post-1223","1":"product","2":"type-product","3":"status-publish","4":"has-post-thumbnail","6":"product_cat-tillbehor-for-personlig-trygghet-och-valbefinnande","8":"first","9":"instock","10":"shipping-taxable","11":"purchasable","12":"product-type-simple"},"acf":[],"_links":{"self":[{"href":"https:\/\/www.careium.com\/se\/wp-json\/wp\/v2\/product\/1223","targetHints":{"allow":["GET"]}}],"collection":[{"href":"https:\/\/www.careium.com\/se\/wp-json\/wp\/v2\/product"}],"about":[{"href":"https:\/\/www.careium.com\/se\/wp-json\/wp\/v2\/types\/product"}],"author":[{"embeddable":true,"href":"https:\/\/www.careium.com\/se\/wp-json\/wp\/v2\/users\/4"}],"wp:featuredmedia":[{"embeddable":true,"href":"https:\/\/www.careium.com\/se\/wp-json\/wp\/v2\/media\/924"}],"wp:attachment":[{"href":"https:\/\/www.careium.com\/se\/wp-json\/wp\/v2\/media?parent=1223"}],"wp:term":[{"taxonomy":"product_brand","embeddable":true,"href":"https:\/\/www.careium.com\/se\/wp-json\/wp\/v2\/product_brand?post=1223"},{"taxonomy":"product_cat","embeddable":true,"href":"https:\/\/www.careium.com\/se\/wp-json\/wp\/v2\/product_cat?post=1223"},{"taxonomy":"product_tag","embeddable":true,"href":"https:\/\/www.careium.com\/se\/wp-json\/wp\/v2\/product_tag?post=1223"}],"curies":[{"name":"wp","href":"https:\/\/api.w.org\/{rel}","templated":true}]}}