{"id":1227,"date":"2025-05-07T14:29:56","date_gmt":"2025-05-07T14:29:56","guid":{"rendered":"https:\/\/www.careium.com\/se\/?post_type=product&#038;p=1227"},"modified":"2025-09-22T10:13:48","modified_gmt":"2025-09-22T08:13:48","slug":"vibby-oak-fallalarm","status":"publish","type":"product","link":"https:\/\/www.careium.com\/se\/trygghetslosningar\/trygghetslarm\/vibby-oak-fallalarm\/","title":{"rendered":"Vibby OAK &#8211; Falldetektor"},"content":{"rendered":"<p>Vibby OAK uppt\u00e4cker automatiskt s\u00e5 kallade h\u00e5rda fall. N\u00e4r ett fall intr\u00e4ffar vibrerar och blinkar den i 20 sekunder, vilket ger dig tid att avbryta larmet om du m\u00e5r bra &#8211; t\u00e4ck bara sensorn med handen i 2 sekunder eller st\u00e4ll dig upp inom 6 sekunder. Om larmet inte avbryts skickas det vidare till larmcentralen som \u00e4r \u00f6ppen 24\/7, s\u00e5 att du kan f\u00e5 hj\u00e4lp snabbt. Dessutom har den en manuell larmknapp som kan tryckas in n\u00e4r som helst om du k\u00e4nner dig d\u00e5lig eller beh\u00f6ver hj\u00e4lp.<\/p>\n<h3><strong>Nyckelfunktioner &#8211; Falldetektor f\u00f6r hemmet<\/strong><\/h3>\n<ul>\n<li style=\"list-style-type: none;\">\n<ul>\n<li><strong>B\u00e4rbar komfort<br \/>\n<\/strong> Kan b\u00e4ras som ett armband eller halsband, vilket garanterar komfort dag som natt.<\/li>\n<li><strong>Reducerar m\u00e4ngden falsklarm<br \/>\n<\/strong>Avancerad teknik minimerar on\u00f6diga larm.<\/li>\n<li><strong>L\u00e5ng batteritid<br \/>\n<\/strong>Fungerar i upp till 2 \u00e5r med enkelt batteribyte.<\/li>\n<li><strong>Vattent\u00e4t design<br \/>\n<\/strong>Idealisk f\u00f6r anv\u00e4ndning i duschen, d\u00e4r m\u00e5nga fall intr\u00e4ffar.<\/li>\n<\/ul>\n<\/li>\n<\/ul>\n<p>Varje minut r\u00e4knas efter ett fall. Med <strong>Vibby OAK<\/strong> kan du eller din n\u00e4rst\u00e5ende f\u00f6rbli sj\u00e4lvst\u00e4ndiga samtidigt som ni kan k\u00e4nna er trygga med att hj\u00e4lp alltid finns n\u00e4ra till hands om en olycka skulle ske.<\/p>\n<p class=\"has-small-font-size\"><span class=\"has-small-font-size\"><strong>Viktiga anm\u00e4rkningar<\/strong>: <em>Fungerar b\u00e4st vid pl\u00f6tsliga, tunga fall (uppt\u00e4cker m\u00f6jligen inte l\u00e5ngsamma glidningar eller fall fr\u00e5n stolar\/s\u00e4ngar). B\u00e4r den konstant &#8211; s\u00e4rskilt i duschen och p\u00e5 natten, d\u00e5 fall ofta intr\u00e4ffar.<\/em><\/span><\/p>\n","protected":false},"excerpt":{"rendered":"<p>Falldetektorn Vibby OAK ger snabb hj\u00e4lp vid fall, \u00e4ven n\u00e4r du eller din n\u00e4rst\u00e5ende inte kan trycka p\u00e5 larmknappen. Den uppr\u00e4tth\u00e5ller sj\u00e4lvst\u00e4ndighet och trygghet, och kombinerar det med sinnesfrid dygnet runt, s\u00e4rskilt f\u00f6r \u00e4ldre eller personer med behov av st\u00f6d.<\/p>\n","protected":false},"author":4,"featured_media":921,"template":"","meta":{"_acf_changed":false},"product_brand":[],"product_cat":[84],"product_tag":[],"class_list":{"0":"post-1227","1":"product","2":"type-product","3":"status-publish","4":"has-post-thumbnail","6":"product_cat-tillbehor-for-personlig-trygghet-och-valbefinnande","8":"first","9":"instock","10":"shipping-taxable","11":"purchasable","12":"product-type-simple"},"acf":[],"_links":{"self":[{"href":"https:\/\/www.careium.com\/se\/wp-json\/wp\/v2\/product\/1227","targetHints":{"allow":["GET"]}}],"collection":[{"href":"https:\/\/www.careium.com\/se\/wp-json\/wp\/v2\/product"}],"about":[{"href":"https:\/\/www.careium.com\/se\/wp-json\/wp\/v2\/types\/product"}],"author":[{"embeddable":true,"href":"https:\/\/www.careium.com\/se\/wp-json\/wp\/v2\/users\/4"}],"wp:featuredmedia":[{"embeddable":true,"href":"https:\/\/www.careium.com\/se\/wp-json\/wp\/v2\/media\/921"}],"wp:attachment":[{"href":"https:\/\/www.careium.com\/se\/wp-json\/wp\/v2\/media?parent=1227"}],"wp:term":[{"taxonomy":"product_brand","embeddable":true,"href":"https:\/\/www.careium.com\/se\/wp-json\/wp\/v2\/product_brand?post=1227"},{"taxonomy":"product_cat","embeddable":true,"href":"https:\/\/www.careium.com\/se\/wp-json\/wp\/v2\/product_cat?post=1227"},{"taxonomy":"product_tag","embeddable":true,"href":"https:\/\/www.careium.com\/se\/wp-json\/wp\/v2\/product_tag?post=1227"}],"curies":[{"name":"wp","href":"https:\/\/api.w.org\/{rel}","templated":true}]}}