{"id":342,"date":"2025-04-11T14:44:37","date_gmt":"2025-04-11T14:44:37","guid":{"rendered":"https:\/\/www.careium.com\/se\/?post_type=product&#038;p=342"},"modified":"2025-11-04T13:29:34","modified_gmt":"2025-11-04T12:29:34","slug":"oversvamningslarm","status":"publish","type":"product","link":"https:\/\/www.careium.com\/se\/trygghetslosningar\/trygghetslarm\/oversvamningslarm\/","title":{"rendered":"\u00d6versv\u00e4mningslarm"},"content":{"rendered":"","protected":false},"excerpt":{"rendered":"<p>\u00d6versv\u00e4mningslarm ger en tidig varning vid potentiell risk f\u00f6r \u00f6versv\u00e4mning, s\u00e5 att skador p\u00e5 bost\u00e4der och personlig egendom kan minimeras eller undvikas. Larmet placeras p\u00e5 golvet i badrummet eller k\u00f6ket och k\u00e4nner av vatten. N\u00e4r vatten uppt\u00e4cks kommer ett larm att skickas till larmcentralen via trygghetslarmet. Den ger extra trygghet f\u00f6r m\u00e4nniskor som har en ovana att l\u00e4mna kranen p\u00e5, vilket kan orsaka o\u00f6nskade situationer och betydande skador som leder till on\u00f6diga kostnader och ol\u00e4genheter.<\/p>\n","protected":false},"author":1,"featured_media":2799,"template":"","meta":{"_acf_changed":false},"product_brand":[],"product_cat":[84],"product_tag":[],"class_list":{"0":"post-342","1":"product","2":"type-product","3":"status-publish","4":"has-post-thumbnail","6":"product_cat-tillbehor-for-personlig-trygghet-och-valbefinnande","8":"first","9":"instock","10":"shipping-taxable","11":"purchasable","12":"product-type-simple"},"acf":[],"_links":{"self":[{"href":"https:\/\/www.careium.com\/se\/wp-json\/wp\/v2\/product\/342","targetHints":{"allow":["GET"]}}],"collection":[{"href":"https:\/\/www.careium.com\/se\/wp-json\/wp\/v2\/product"}],"about":[{"href":"https:\/\/www.careium.com\/se\/wp-json\/wp\/v2\/types\/product"}],"author":[{"embeddable":true,"href":"https:\/\/www.careium.com\/se\/wp-json\/wp\/v2\/users\/1"}],"wp:featuredmedia":[{"embeddable":true,"href":"https:\/\/www.careium.com\/se\/wp-json\/wp\/v2\/media\/2799"}],"wp:attachment":[{"href":"https:\/\/www.careium.com\/se\/wp-json\/wp\/v2\/media?parent=342"}],"wp:term":[{"taxonomy":"product_brand","embeddable":true,"href":"https:\/\/www.careium.com\/se\/wp-json\/wp\/v2\/product_brand?post=342"},{"taxonomy":"product_cat","embeddable":true,"href":"https:\/\/www.careium.com\/se\/wp-json\/wp\/v2\/product_cat?post=342"},{"taxonomy":"product_tag","embeddable":true,"href":"https:\/\/www.careium.com\/se\/wp-json\/wp\/v2\/product_tag?post=342"}],"curies":[{"name":"wp","href":"https:\/\/api.w.org\/{rel}","templated":true}]}}