{"id":348,"date":"2025-04-11T14:52:04","date_gmt":"2025-04-11T14:52:04","guid":{"rendered":"https:\/\/www.careium.com\/se\/?post_type=product&#038;p=348"},"modified":"2026-03-06T13:32:43","modified_gmt":"2026-03-06T12:32:43","slug":"temperatursensor","status":"publish","type":"product","link":"https:\/\/www.careium.com\/se\/trygghetslosningar\/trygghetslarm\/temperatursensor\/","title":{"rendered":"Temperatursensor"},"content":{"rendered":"<p>Temperaturlarmets batteri h\u00e5ller i upp till 5 \u00e5r och \u00e4r l\u00e4tta att byta ut. Vid l\u00e5g batteriniv\u00e5 skickas ett automatiskt larm till larmcentralen. Temperatursensorn fungerar p\u00e5 den europeiska larmfrekvensen 869 MHz och \u00e4r testad samt uppfyller alla relevanta standarder inklusive CE och EN 50134.<\/p>\n","protected":false},"excerpt":{"rendered":"<p>Temperatursensorn varnar vid extrema temperaturer och \u00e4r en unik l\u00f6sning f\u00f6r fj\u00e4rr\u00f6vervakning av hemmet. Den \u00e4r utvecklad f\u00f6r att k\u00e4nna av h\u00f6ga och l\u00e5ga temperaturer samt snabba temperatur\u00f6kningar. Den larmar om det \u00e4r \u00f6ver 35 \u00b0C eller l\u00e4gre \u00e4n 12 \u00b0C inomhus, n\u00e5got som kan ha orsakats av t.ex. en trasig v\u00e4rmepanna, extrema v\u00e4derf\u00f6rh\u00e5llanden eller en d\u00f6rr som har l\u00e4mnats \u00f6ppen. Sensorn skickar automatiskt ett larm till larmcentralen via trygghetslarmet om den uppt\u00e4cker extrema temperaturer i hemmet.<\/p>\n","protected":false},"author":1,"featured_media":2795,"template":"","meta":{"_acf_changed":false},"product_brand":[],"product_cat":[84],"product_tag":[],"class_list":{"0":"post-348","1":"product","2":"type-product","3":"status-publish","4":"has-post-thumbnail","6":"product_cat-tillbehor-for-personlig-trygghet-och-valbefinnande","8":"first","9":"instock","10":"shipping-taxable","11":"purchasable","12":"product-type-simple"},"acf":[],"_links":{"self":[{"href":"https:\/\/www.careium.com\/se\/wp-json\/wp\/v2\/product\/348","targetHints":{"allow":["GET"]}}],"collection":[{"href":"https:\/\/www.careium.com\/se\/wp-json\/wp\/v2\/product"}],"about":[{"href":"https:\/\/www.careium.com\/se\/wp-json\/wp\/v2\/types\/product"}],"author":[{"embeddable":true,"href":"https:\/\/www.careium.com\/se\/wp-json\/wp\/v2\/users\/1"}],"wp:featuredmedia":[{"embeddable":true,"href":"https:\/\/www.careium.com\/se\/wp-json\/wp\/v2\/media\/2795"}],"wp:attachment":[{"href":"https:\/\/www.careium.com\/se\/wp-json\/wp\/v2\/media?parent=348"}],"wp:term":[{"taxonomy":"product_brand","embeddable":true,"href":"https:\/\/www.careium.com\/se\/wp-json\/wp\/v2\/product_brand?post=348"},{"taxonomy":"product_cat","embeddable":true,"href":"https:\/\/www.careium.com\/se\/wp-json\/wp\/v2\/product_cat?post=348"},{"taxonomy":"product_tag","embeddable":true,"href":"https:\/\/www.careium.com\/se\/wp-json\/wp\/v2\/product_tag?post=348"}],"curies":[{"name":"wp","href":"https:\/\/api.w.org\/{rel}","templated":true}]}}