{"id":358,"date":"2025-04-14T12:16:35","date_gmt":"2025-04-14T12:16:35","guid":{"rendered":"https:\/\/www.careium.com\/se\/?post_type=product&#038;p=358"},"modified":"2026-01-27T15:32:13","modified_gmt":"2026-01-27T14:32:13","slug":"mbox-9200","status":"publish","type":"product","link":"https:\/\/www.careium.com\/se\/trygghetslosningar\/trygghetslarm\/mbox-9200\/","title":{"rendered":"mBox 9200"},"content":{"rendered":"<h2>Hur fungerar det?<\/h2>\n<p>D\u00f6rrlarmet mBox 9200 \u00e4r mycket enkelt att installera och \u00e4r helt tr\u00e5dl\u00f6st. En liten magnet s\u00e4tts fast p\u00e5 d\u00f6rrbladet, och radios\u00e4ndaren monteras p\u00e5 d\u00f6rrkarmen. D\u00f6rrlarmet meddelar larmcentralen om en person l\u00e4mnar bostaden. En f\u00f6rbikopplingsknapp g\u00f6r att bes\u00f6kare kan g\u00e5 in och ut utan att aktivera ett larm. Det finns \u00e4ven en av\/p\u00e5-knapp. mBox 9200 fungerar b\u00e5de som radiomottagare och radios\u00e4ndare. En mBox repeater kan anv\u00e4ndas mellan ett trygghetslarm och en tr\u00e5dl\u00f6s telecaresensor, vilket \u00f6kar larmets effektiva r\u00e4ckvidd.<\/p>\n<h2>Vilket problem l\u00f6ser den?<\/h2>\n<p>mBox 9200 d\u00f6rrlarm har m\u00e5nga f\u00f6rdelar och kan utg\u00f6ra extra trygghet f\u00f6r personer med t.ex. demens, som kan forts\u00e4tta att leva ett tryggare och sj\u00e4lvst\u00e4ndigare liv i det egna hemmet. D\u00f6rrlarmet bidrar till att l\u00e4mpliga \u00e5tg\u00e4rder vidtas s\u00e5 snabbt som m\u00f6jligt s\u00e5 att omsorgstagaren kan komma tillbaka till en s\u00e4ker milj\u00f6. Enheten kan \u00e4ven minska den emotionella och fysiska stressniv\u00e5 det inneb\u00e4r att ta hand om n\u00e5gon som kan l\u00e4mna sitt hem och inte hitta tillbaka utan hj\u00e4lp.<\/p>\n","protected":false},"excerpt":{"rendered":"<p>mBox 9200 kan anv\u00e4ndas b\u00e5de som en universell radios\u00e4ndare, repeater och som ett d\u00f6rrlarm. Den \u00e4r en kompletterande produkt till bland annat s\u00e4nglarm, mattlarm och stollarm. N\u00e4r mBox aktiveras skickas ett automatiskt larm till larmcentralen via trygghetslarmet. Den har enkla funktioner f\u00f6r att st\u00e4lla in f\u00f6rdr\u00f6jningen innan ett larm skickas iv\u00e4g. Det g\u00e5r \u00e4ven att programmera tidsparametrar s\u00e5 att mBox endast larmar vissa tider p\u00e5 dygnet.<\/p>\n","protected":false},"author":1,"featured_media":2837,"template":"","meta":{"_acf_changed":false},"product_brand":[],"product_cat":[84],"product_tag":[],"class_list":{"0":"post-358","1":"product","2":"type-product","3":"status-publish","4":"has-post-thumbnail","6":"product_cat-tillbehor-for-personlig-trygghet-och-valbefinnande","8":"first","9":"instock","10":"shipping-taxable","11":"purchasable","12":"product-type-simple"},"acf":[],"_links":{"self":[{"href":"https:\/\/www.careium.com\/se\/wp-json\/wp\/v2\/product\/358","targetHints":{"allow":["GET"]}}],"collection":[{"href":"https:\/\/www.careium.com\/se\/wp-json\/wp\/v2\/product"}],"about":[{"href":"https:\/\/www.careium.com\/se\/wp-json\/wp\/v2\/types\/product"}],"author":[{"embeddable":true,"href":"https:\/\/www.careium.com\/se\/wp-json\/wp\/v2\/users\/1"}],"wp:featuredmedia":[{"embeddable":true,"href":"https:\/\/www.careium.com\/se\/wp-json\/wp\/v2\/media\/2837"}],"wp:attachment":[{"href":"https:\/\/www.careium.com\/se\/wp-json\/wp\/v2\/media?parent=358"}],"wp:term":[{"taxonomy":"product_brand","embeddable":true,"href":"https:\/\/www.careium.com\/se\/wp-json\/wp\/v2\/product_brand?post=358"},{"taxonomy":"product_cat","embeddable":true,"href":"https:\/\/www.careium.com\/se\/wp-json\/wp\/v2\/product_cat?post=358"},{"taxonomy":"product_tag","embeddable":true,"href":"https:\/\/www.careium.com\/se\/wp-json\/wp\/v2\/product_tag?post=358"}],"curies":[{"name":"wp","href":"https:\/\/api.w.org\/{rel}","templated":true}]}}