{"id":575,"date":"2025-04-17T09:48:37","date_gmt":"2025-04-17T09:48:37","guid":{"rendered":"https:\/\/www.careium.com\/se\/?post_type=product&#038;p=575"},"modified":"2025-05-21T20:14:40","modified_gmt":"2025-05-21T20:14:40","slug":"epilepsilarm","status":"publish","type":"product","link":"https:\/\/www.careium.com\/se\/trygghetslosningar\/trygghetslarm\/epilepsilarm\/","title":{"rendered":"Epilepsilarm"},"content":{"rendered":"<h3>Hur fungerar det?<\/h3>\n<p>Epilepsilarmet Companion mini kan k\u00e4nna av tonisk-kloniska anfall direkt n\u00e4r de intr\u00e4ffar, vilket g\u00f6r att v\u00e5rdgivare snabbt kan reagera om och n\u00e4r det beh\u00f6vs, men annars l\u00e5ta omsorgstagaren sova vidare. Larmet passar f\u00f6r de flesta s\u00e4ngtyper, \u00e4ven profils\u00e4ngar och luftfyllda madrasser. Epilepsilarmet l\u00e4mpar sig f\u00f6r b\u00e5de barn och vuxna.<\/p>\n<p>Companion mini \u00e4r enkel att installera med hj\u00e4lp av tr\u00e5dl\u00f6s teknik och \u00e4r klass 1-certifierad medicinsk utrustning. Enheten drivs med den europeiska frekvensen f\u00f6r trygghetslarm (869 MHz). Companion mini \u00e4r testad och uppfyller alla relevanta EU-standarder, bland annat CE-kraven.<\/p>\n<h3>Vilket problem l\u00f6ser den?<\/h3>\n<p>Det finns \u00f6ver 80 000 personer som har epilepsi i Sverige. I m\u00e5nga fall tittar personal till en person med epilepsi regelbundet under natten, vilket \u00e4r arbetsintensivt f\u00f6r anst\u00e4llda inom omsorgen och dessutom kan inneb\u00e4ra avbruten s\u00f6mn f\u00f6r den drabbade. Personen i fr\u00e5ga kan \u00e4ven tycka att dessa kontroller \u00e4r p\u00e5tr\u00e4ngande och skamfyllda.<\/p>\n<p>Companion mini \u00e4r utformad f\u00f6r att vara enkel att anv\u00e4nda, den \u00e4r l\u00e4tt att installera och kan enkelt justeras f\u00f6r att passa olika individers behov. Enheten passar b\u00e5de f\u00f6r anv\u00e4ndning i hemmet och i v\u00e5rdmilj\u00f6er.<\/p>\n","protected":false},"excerpt":{"rendered":"<p>Companion mini \u00e4r ett litet, smart och k\u00e4nsligt epilepsilarm som kan skilja mellan anfallsinducerade r\u00f6relser och normal s\u00f6mnaktivitet, vilket bidrar till sinnesro. L\u00e4mpar sig f\u00f6r hemmabruk och f\u00f6r b\u00e5de vuxna och barn. Companion mini placeras under madrassen och n\u00e4r ett anfall detekteras aktiveras ett samtal till larmcentralen via\u00a0 trygghetslarmet.<\/p>\n","protected":false},"author":1,"featured_media":2791,"template":"","meta":{"_acf_changed":false},"product_brand":[],"product_cat":[84],"product_tag":[],"class_list":{"0":"post-575","1":"product","2":"type-product","3":"status-publish","4":"has-post-thumbnail","6":"product_cat-tillbehor-for-personlig-trygghet-och-valbefinnande","8":"first","9":"instock","10":"shipping-taxable","11":"purchasable","12":"product-type-simple"},"acf":[],"_links":{"self":[{"href":"https:\/\/www.careium.com\/se\/wp-json\/wp\/v2\/product\/575","targetHints":{"allow":["GET"]}}],"collection":[{"href":"https:\/\/www.careium.com\/se\/wp-json\/wp\/v2\/product"}],"about":[{"href":"https:\/\/www.careium.com\/se\/wp-json\/wp\/v2\/types\/product"}],"author":[{"embeddable":true,"href":"https:\/\/www.careium.com\/se\/wp-json\/wp\/v2\/users\/1"}],"wp:featuredmedia":[{"embeddable":true,"href":"https:\/\/www.careium.com\/se\/wp-json\/wp\/v2\/media\/2791"}],"wp:attachment":[{"href":"https:\/\/www.careium.com\/se\/wp-json\/wp\/v2\/media?parent=575"}],"wp:term":[{"taxonomy":"product_brand","embeddable":true,"href":"https:\/\/www.careium.com\/se\/wp-json\/wp\/v2\/product_brand?post=575"},{"taxonomy":"product_cat","embeddable":true,"href":"https:\/\/www.careium.com\/se\/wp-json\/wp\/v2\/product_cat?post=575"},{"taxonomy":"product_tag","embeddable":true,"href":"https:\/\/www.careium.com\/se\/wp-json\/wp\/v2\/product_tag?post=575"}],"curies":[{"name":"wp","href":"https:\/\/api.w.org\/{rel}","templated":true}]}}