{"id":581,"date":"2025-04-17T09:55:05","date_gmt":"2025-04-17T09:55:05","guid":{"rendered":"https:\/\/www.careium.com\/se\/?post_type=product&#038;p=581"},"modified":"2025-09-24T10:52:22","modified_gmt":"2025-09-24T08:52:22","slug":"enuresis-sensor","status":"publish","type":"product","link":"https:\/\/www.careium.com\/se\/trygghetslosningar\/trygghetslarm\/enuresis-sensor\/","title":{"rendered":"Enuresis sensor"},"content":{"rendered":"<h3>Hur fungerar det?<\/h3>\n<p>Enuresislarmet best\u00e5r av en fuktk\u00e4nslig sensormatta som placeras i s\u00e4ngen mellan madrass och lakan. Sensormattan kopplas till ett trygghetslarm via en mBox 9200. N\u00e4r fukt eller v\u00e4tska uppt\u00e4cks skickas ett larm till larmcentralen eller till hemtj\u00e4nst s\u00e5 att l\u00e4mpliga \u00e5tg\u00e4rder kan vidtas. Enuresis sensorn \u00e4r \u00e5teranv\u00e4ndningsbart och fungerar med alla v\u00e5ra trygghetslarm.<\/p>\n<h3>Vilket problem l\u00f6ser den?<\/h3>\n<p>Inkontinens \u00e4r vanligare bland \u00e4ldre personer, s\u00e4rskilt kvinnor. Problem med bl\u00e5san kan vara mycket pinsamt och orsaka lidande f\u00f6r den drabbade personen. Med ett Enuresislarm kan man undvika p\u00e5tr\u00e4ngande och ov\u00e4rdiga fysiska kontroller och d\u00e4rmed fr\u00e4mja v\u00e4rdighet och sj\u00e4lvst\u00e4ndighet f\u00f6r anv\u00e4ndaren.<\/p>\n","protected":false},"excerpt":{"rendered":"<p>Enuresislarmet \u00e4r utvecklat f\u00f6r att k\u00e4nna av fukt eller v\u00e4tska. Den slitstarka och avtorkningsbara sensormattan placeras i s\u00e4ngen och kopplas till ett trygghetslarm via en mBox 9200. N\u00e4r fukt eller v\u00e4tska uppt\u00e4cks skickas ett larm till larmcentralen eller till hemtj\u00e4nst. Enuresislarmet \u00e4r l\u00e4mpligt f\u00f6r hemmabruk och f\u00f6r vuxna s\u00e5v\u00e4l som barn.<\/p>\n","protected":false},"author":1,"featured_media":2777,"template":"","meta":{"_acf_changed":false},"product_brand":[],"product_cat":[84],"product_tag":[],"class_list":{"0":"post-581","1":"product","2":"type-product","3":"status-publish","4":"has-post-thumbnail","6":"product_cat-tillbehor-for-personlig-trygghet-och-valbefinnande","8":"first","9":"instock","10":"shipping-taxable","11":"purchasable","12":"product-type-simple"},"acf":[],"_links":{"self":[{"href":"https:\/\/www.careium.com\/se\/wp-json\/wp\/v2\/product\/581","targetHints":{"allow":["GET"]}}],"collection":[{"href":"https:\/\/www.careium.com\/se\/wp-json\/wp\/v2\/product"}],"about":[{"href":"https:\/\/www.careium.com\/se\/wp-json\/wp\/v2\/types\/product"}],"author":[{"embeddable":true,"href":"https:\/\/www.careium.com\/se\/wp-json\/wp\/v2\/users\/1"}],"wp:featuredmedia":[{"embeddable":true,"href":"https:\/\/www.careium.com\/se\/wp-json\/wp\/v2\/media\/2777"}],"wp:attachment":[{"href":"https:\/\/www.careium.com\/se\/wp-json\/wp\/v2\/media?parent=581"}],"wp:term":[{"taxonomy":"product_brand","embeddable":true,"href":"https:\/\/www.careium.com\/se\/wp-json\/wp\/v2\/product_brand?post=581"},{"taxonomy":"product_cat","embeddable":true,"href":"https:\/\/www.careium.com\/se\/wp-json\/wp\/v2\/product_cat?post=581"},{"taxonomy":"product_tag","embeddable":true,"href":"https:\/\/www.careium.com\/se\/wp-json\/wp\/v2\/product_tag?post=581"}],"curies":[{"name":"wp","href":"https:\/\/api.w.org\/{rel}","templated":true}]}}