{"id":587,"date":"2025-04-17T09:57:25","date_gmt":"2025-04-17T09:57:25","guid":{"rendered":"https:\/\/www.careium.com\/se\/?post_type=product&#038;p=587"},"modified":"2025-05-27T16:04:42","modified_gmt":"2025-05-27T16:04:42","slug":"sanglarm-komplett","status":"publish","type":"product","link":"https:\/\/www.careium.com\/se\/trygghetslosningar\/trygghetslarm\/sanglarm-komplett\/","title":{"rendered":"S\u00e4nglarm, komplett"},"content":{"rendered":"<h2>Hur fungerar det?<\/h2>\n<p>S\u00e4ngsensorn best\u00e5r av en tryckdyna som placeras ovanp\u00e5 madrassen. Om omsorgstagaren stiger upp ur s\u00e4ngen och inte \u00e5terv\u00e4nder inom en angiven tid skickas ett larm iv\u00e4g till larmcentralen via trygghetslarmet. Varningar kan ocks\u00e5 genereras om omsorgstagaren inte g\u00e5r och l\u00e4gger sig vid en specifik tid p\u00e5 kv\u00e4llen eller inte stiger upp vid en viss tid p\u00e5 morgonen.<\/p>\n<h2>Vilket problem l\u00f6ser den?<\/h2>\n<p>S\u00e4ngsensorn \u00e4r speciellt framtagen f\u00f6r att monitorera en person och skapa trygghet b\u00e5de dag och natt. Den minskar risken f\u00f6r att n\u00e5got h\u00e4nder en omsorgstagare eftersom den utl\u00f6ser ett larm som g\u00f6r att personalen kan vidta den mest l\u00e4mpliga \u00e5tg\u00e4rden. L\u00f6sningen kan skr\u00e4ddarsys f\u00f6r att passa anv\u00e4ndarens dagliga aktiviteter.<\/p>\n","protected":false},"excerpt":{"rendered":"<p>S\u00e4nglarm \u00e4r ett enkelt och effektivt s\u00e4tt att generera en tidig varning n\u00e4r en person inte har \u00e5terv\u00e4nt till s\u00e4ngen som f\u00f6rv\u00e4ntat. Systemet best\u00e5r av en mjuk och flexibel s\u00e4ngsensor, ett tyg\u00f6verdrag, en mBox 9200 radios\u00e4ndare och en monteringsplatta. Trycksensorn, som \u00e4r vattent\u00e4t och enkel att h\u00e5lla ren, anv\u00e4nds ovanp\u00e5 madrassen men vanligtvis under lakanet. Utbytbara delar\/f\u00f6rbrukningsdelar kan best\u00e4llas separat.<\/p>\n","protected":false},"author":1,"featured_media":2616,"template":"","meta":{"_acf_changed":false},"product_brand":[],"product_cat":[84],"product_tag":[],"class_list":{"0":"post-587","1":"product","2":"type-product","3":"status-publish","4":"has-post-thumbnail","6":"product_cat-tillbehor-for-personlig-trygghet-och-valbefinnande","8":"first","9":"instock","10":"shipping-taxable","11":"purchasable","12":"product-type-simple"},"acf":[],"_links":{"self":[{"href":"https:\/\/www.careium.com\/se\/wp-json\/wp\/v2\/product\/587","targetHints":{"allow":["GET"]}}],"collection":[{"href":"https:\/\/www.careium.com\/se\/wp-json\/wp\/v2\/product"}],"about":[{"href":"https:\/\/www.careium.com\/se\/wp-json\/wp\/v2\/types\/product"}],"author":[{"embeddable":true,"href":"https:\/\/www.careium.com\/se\/wp-json\/wp\/v2\/users\/1"}],"wp:featuredmedia":[{"embeddable":true,"href":"https:\/\/www.careium.com\/se\/wp-json\/wp\/v2\/media\/2616"}],"wp:attachment":[{"href":"https:\/\/www.careium.com\/se\/wp-json\/wp\/v2\/media?parent=587"}],"wp:term":[{"taxonomy":"product_brand","embeddable":true,"href":"https:\/\/www.careium.com\/se\/wp-json\/wp\/v2\/product_brand?post=587"},{"taxonomy":"product_cat","embeddable":true,"href":"https:\/\/www.careium.com\/se\/wp-json\/wp\/v2\/product_cat?post=587"},{"taxonomy":"product_tag","embeddable":true,"href":"https:\/\/www.careium.com\/se\/wp-json\/wp\/v2\/product_tag?post=587"}],"curies":[{"name":"wp","href":"https:\/\/api.w.org\/{rel}","templated":true}]}}