{"id":590,"date":"2025-04-17T09:59:55","date_gmt":"2025-04-17T09:59:55","guid":{"rendered":"https:\/\/www.careium.com\/se\/?post_type=product&#038;p=590"},"modified":"2026-01-29T14:45:57","modified_gmt":"2026-01-29T13:45:57","slug":"mattlarm-komplett","status":"publish","type":"product","link":"https:\/\/www.careium.com\/se\/trygghetslosningar\/trygghetslarm\/mattlarm-komplett\/","title":{"rendered":"Mattlarm, komplett"},"content":{"rendered":"<h2>Hur fungerar det?<\/h2>\n<p>N\u00e4r en person kliver p\u00e5 mattan aktiveras sensorn och ett larm skickas till larmcentralen via trygghetstelefonen. Tidsparametrar kan programmeras s\u00e5 att enheten endast \u00e4r aktiverad under vissa tider p\u00e5 dagen, till exempel d\u00e5 omsorgstagaren f\u00f6rv\u00e4ntas ligga och sova. L\u00e4gsta vikt f\u00f6r aktivering \u00e4r 27 kg.<\/p>\n<h2>Vilket problem l\u00f6ser den?<\/h2>\n<p>Ett mattlarm \u00e4r ett enkelt och effektivt s\u00e4tt att varna n\u00e4r en person l\u00e4mnar sitt rum eller sin bostad.<\/p>\n","protected":false},"excerpt":{"rendered":"<p>Mattlarm \u00e4r ett enkelt och effektivt s\u00e4tt att varna n\u00e4r en person l\u00e4mnar sitt rum eller sin bostad. Det ser ut som en vanlig matta och best\u00e5r av mattan, en sensor,\u00a0 en monteringsplatta samt en mBox 9200 radios\u00e4ndare. N\u00e4r en person kliver p\u00e5 mattan aktiveras sensorn och ett larm skickas till larmcentralen via trygghetslarmet. Utbytbara delar\/f\u00f6rbrukningsdelar kan best\u00e4llas separat.<\/p>\n","protected":false},"author":1,"featured_media":2830,"template":"","meta":{"_acf_changed":false},"product_brand":[],"product_cat":[84],"product_tag":[],"class_list":{"0":"post-590","1":"product","2":"type-product","3":"status-publish","4":"has-post-thumbnail","6":"product_cat-tillbehor-for-personlig-trygghet-och-valbefinnande","8":"first","9":"instock","10":"shipping-taxable","11":"purchasable","12":"product-type-simple"},"acf":[],"_links":{"self":[{"href":"https:\/\/www.careium.com\/se\/wp-json\/wp\/v2\/product\/590","targetHints":{"allow":["GET"]}}],"collection":[{"href":"https:\/\/www.careium.com\/se\/wp-json\/wp\/v2\/product"}],"about":[{"href":"https:\/\/www.careium.com\/se\/wp-json\/wp\/v2\/types\/product"}],"author":[{"embeddable":true,"href":"https:\/\/www.careium.com\/se\/wp-json\/wp\/v2\/users\/1"}],"wp:featuredmedia":[{"embeddable":true,"href":"https:\/\/www.careium.com\/se\/wp-json\/wp\/v2\/media\/2830"}],"wp:attachment":[{"href":"https:\/\/www.careium.com\/se\/wp-json\/wp\/v2\/media?parent=590"}],"wp:term":[{"taxonomy":"product_brand","embeddable":true,"href":"https:\/\/www.careium.com\/se\/wp-json\/wp\/v2\/product_brand?post=590"},{"taxonomy":"product_cat","embeddable":true,"href":"https:\/\/www.careium.com\/se\/wp-json\/wp\/v2\/product_cat?post=590"},{"taxonomy":"product_tag","embeddable":true,"href":"https:\/\/www.careium.com\/se\/wp-json\/wp\/v2\/product_tag?post=590"}],"curies":[{"name":"wp","href":"https:\/\/api.w.org\/{rel}","templated":true}]}}