{"id":597,"date":"2025-04-17T10:05:17","date_gmt":"2025-04-17T10:05:17","guid":{"rendered":"https:\/\/www.careium.com\/se\/?post_type=product&#038;p=597"},"modified":"2025-05-21T13:16:36","modified_gmt":"2025-05-21T13:16:36","slug":"stollarm-komplett","status":"publish","type":"product","link":"https:\/\/www.careium.com\/se\/trygghetslosningar\/trygghetslarm\/stollarm-komplett\/","title":{"rendered":"Stollarm, komplett"},"content":{"rendered":"<h2>Hur fungerar det?<\/h2>\n<p>Stolsensorn placeras under dynan p\u00e5 en stol eller rullstol. Om en omsorgstagare reser sig upp och inte \u00e5terv\u00e4nder inom en f\u00f6rinst\u00e4lld tid, t.ex. 5, 10 eller 15 minuter, skickas ett larm till larmcentralen via trygghetslarmet. Tidsparametrar kan \u00e4ven programmeras s\u00e5 att enheten endast \u00e4r aktiverad under vissa tider p\u00e5 dagen, till exempel mellan klockan 09:00 och 12:00. L\u00e4gsta vikt f\u00f6r aktivering \u00e4r 27 kg.<\/p>\n<h2>Vilket problem l\u00f6ser den?<\/h2>\n<p>Stolsensorn \u00e4r ett enkelt och effektivt s\u00e4tt att varna n\u00e4r en person l\u00e4mnar sin stol.<\/p>\n","protected":false},"excerpt":{"rendered":"<p>Stollarm \u00e4r ett enkelt och effektivt s\u00e4tt att varna n\u00e4r en person l\u00e4mnar sin stol eller rullstol. Systemet best\u00e5r av en mjuk och flexibel stolsensor, ett tyg\u00f6verdrag, en mBox 9200 radios\u00e4ndare och en monteringsplatta. Trycksensorn, som \u00e4r vattent\u00e4t och enkel att h\u00e5lla ren, kan placeras antingen p\u00e5 eller under stolsdynan. N\u00e4r sensorn aktiveras skickas ett larm till larmcentralen via trygghetslarmet. Utbytbara delar\/f\u00f6rbrukningsdelar kan best\u00e4llas separat.<\/p>\n","protected":false},"author":1,"featured_media":2706,"template":"","meta":{"_acf_changed":false},"product_brand":[],"product_cat":[84],"product_tag":[],"class_list":{"0":"post-597","1":"product","2":"type-product","3":"status-publish","4":"has-post-thumbnail","6":"product_cat-tillbehor-for-personlig-trygghet-och-valbefinnande","8":"first","9":"instock","10":"shipping-taxable","11":"purchasable","12":"product-type-simple"},"acf":[],"_links":{"self":[{"href":"https:\/\/www.careium.com\/se\/wp-json\/wp\/v2\/product\/597","targetHints":{"allow":["GET"]}}],"collection":[{"href":"https:\/\/www.careium.com\/se\/wp-json\/wp\/v2\/product"}],"about":[{"href":"https:\/\/www.careium.com\/se\/wp-json\/wp\/v2\/types\/product"}],"author":[{"embeddable":true,"href":"https:\/\/www.careium.com\/se\/wp-json\/wp\/v2\/users\/1"}],"wp:featuredmedia":[{"embeddable":true,"href":"https:\/\/www.careium.com\/se\/wp-json\/wp\/v2\/media\/2706"}],"wp:attachment":[{"href":"https:\/\/www.careium.com\/se\/wp-json\/wp\/v2\/media?parent=597"}],"wp:term":[{"taxonomy":"product_brand","embeddable":true,"href":"https:\/\/www.careium.com\/se\/wp-json\/wp\/v2\/product_brand?post=597"},{"taxonomy":"product_cat","embeddable":true,"href":"https:\/\/www.careium.com\/se\/wp-json\/wp\/v2\/product_cat?post=597"},{"taxonomy":"product_tag","embeddable":true,"href":"https:\/\/www.careium.com\/se\/wp-json\/wp\/v2\/product_tag?post=597"}],"curies":[{"name":"wp","href":"https:\/\/api.w.org\/{rel}","templated":true}]}}