{"id":601,"date":"2025-04-17T10:07:02","date_gmt":"2025-04-17T10:07:02","guid":{"rendered":"https:\/\/www.careium.com\/se\/?post_type=product&#038;p=601"},"modified":"2026-03-06T13:25:53","modified_gmt":"2026-03-06T12:25:53","slug":"pikobutton","status":"publish","type":"product","link":"https:\/\/www.careium.com\/se\/trygghetslosningar\/trygghetslarm\/pikobutton\/","title":{"rendered":"PikoButton"},"content":{"rendered":"<p>PikoButton \u00e4r en larmknapp f\u00f6r personer med nedsatt r\u00f6relsefunktion och\/eller s\u00e4rskilda behov. Den \u00e4r utformad f\u00f6r att vara enkel att anv\u00e4nda och mycket h\u00e5llbar. Tack vare Pikobuttons tryckk\u00e4nslighet \u00e4r den l\u00e4mplig som assistentlarm eller f\u00f6r att styra kommunikationsenheter. Det kr\u00e4vs ingen stor kraft f\u00f6r att aktivera larmet, endast 125 gram (medium) och samma aktiveringskraft g\u00e4ller \u00e4ven vid kanten av larmknappen. PikoButton har en dimension p\u00e5 50 mm och larmytan \u00e4r markerat i r\u00f6tt. Den har \u00e4ven M4-g\u00e4ngor f\u00f6r montering p\u00e5 rullstolar eller andra hj\u00e4lpmedel. Enheten \u00e4r testad och uppfyller alla relevanta standarder inklusive CE.<\/p>\n","protected":false},"excerpt":{"rendered":"<p>PikoButton \u00e4r en extern, robust larmknapp som \u00e4r enkel att anv\u00e4nda f\u00f6r omsorgstagare med funktionsvariationer eller s\u00e4rskilda behov. F\u00f6r tr\u00e5dl\u00f6s anslutning till ett trygghetslarm beh\u00f6vs radiomodulen 9350.<\/p>\n","protected":false},"author":1,"featured_media":2855,"template":"","meta":{"_acf_changed":false},"product_brand":[],"product_cat":[84],"product_tag":[],"class_list":{"0":"post-601","1":"product","2":"type-product","3":"status-publish","4":"has-post-thumbnail","6":"product_cat-tillbehor-for-personlig-trygghet-och-valbefinnande","8":"first","9":"instock","10":"shipping-taxable","11":"purchasable","12":"product-type-simple"},"acf":[],"_links":{"self":[{"href":"https:\/\/www.careium.com\/se\/wp-json\/wp\/v2\/product\/601","targetHints":{"allow":["GET"]}}],"collection":[{"href":"https:\/\/www.careium.com\/se\/wp-json\/wp\/v2\/product"}],"about":[{"href":"https:\/\/www.careium.com\/se\/wp-json\/wp\/v2\/types\/product"}],"author":[{"embeddable":true,"href":"https:\/\/www.careium.com\/se\/wp-json\/wp\/v2\/users\/1"}],"wp:featuredmedia":[{"embeddable":true,"href":"https:\/\/www.careium.com\/se\/wp-json\/wp\/v2\/media\/2855"}],"wp:attachment":[{"href":"https:\/\/www.careium.com\/se\/wp-json\/wp\/v2\/media?parent=601"}],"wp:term":[{"taxonomy":"product_brand","embeddable":true,"href":"https:\/\/www.careium.com\/se\/wp-json\/wp\/v2\/product_brand?post=601"},{"taxonomy":"product_cat","embeddable":true,"href":"https:\/\/www.careium.com\/se\/wp-json\/wp\/v2\/product_cat?post=601"},{"taxonomy":"product_tag","embeddable":true,"href":"https:\/\/www.careium.com\/se\/wp-json\/wp\/v2\/product_tag?post=601"}],"curies":[{"name":"wp","href":"https:\/\/api.w.org\/{rel}","templated":true}]}}