{"id":603,"date":"2025-04-17T10:08:37","date_gmt":"2025-04-17T10:08:37","guid":{"rendered":"https:\/\/www.careium.com\/se\/?post_type=product&#038;p=603"},"modified":"2026-03-06T13:27:22","modified_gmt":"2026-03-06T12:27:22","slug":"dragsnore","status":"publish","type":"product","link":"https:\/\/www.careium.com\/se\/trygghetslosningar\/trygghetslarm\/dragsnore\/","title":{"rendered":"Dragsn\u00f6re"},"content":{"rendered":"<p>Dragsn\u00f6ret \u00e4r enkel att installera tack vare stark, dubbelh\u00e4ftande tejp. Enheten \u00e4r testad och uppfyller alla relevanta standarder inklusive CE.<\/p>\n","protected":false},"excerpt":{"rendered":"<p>Det takmonterade dragsn\u00f6ret g\u00f6r att omsorgstagaren har ett fast och tillf\u00f6rlitligt s\u00e4tt att tillkalla hj\u00e4lp i en n\u00f6dsituation. Det kan monteras strategiskt i olika utrymmen i hemmet, t.ex. i badrummet eller n\u00e4ra s\u00e4ngen. Larm s\u00e4nds tr\u00e5dl\u00f6st till trygghetslarmet som skickar det vidare till larmcentralen.<\/p>\n","protected":false},"author":1,"featured_media":2869,"template":"","meta":{"_acf_changed":false},"product_brand":[],"product_cat":[84],"product_tag":[],"class_list":{"0":"post-603","1":"product","2":"type-product","3":"status-publish","4":"has-post-thumbnail","6":"product_cat-tillbehor-for-personlig-trygghet-och-valbefinnande","8":"first","9":"instock","10":"shipping-taxable","11":"purchasable","12":"product-type-simple"},"acf":[],"_links":{"self":[{"href":"https:\/\/www.careium.com\/se\/wp-json\/wp\/v2\/product\/603","targetHints":{"allow":["GET"]}}],"collection":[{"href":"https:\/\/www.careium.com\/se\/wp-json\/wp\/v2\/product"}],"about":[{"href":"https:\/\/www.careium.com\/se\/wp-json\/wp\/v2\/types\/product"}],"author":[{"embeddable":true,"href":"https:\/\/www.careium.com\/se\/wp-json\/wp\/v2\/users\/1"}],"wp:featuredmedia":[{"embeddable":true,"href":"https:\/\/www.careium.com\/se\/wp-json\/wp\/v2\/media\/2869"}],"wp:attachment":[{"href":"https:\/\/www.careium.com\/se\/wp-json\/wp\/v2\/media?parent=603"}],"wp:term":[{"taxonomy":"product_brand","embeddable":true,"href":"https:\/\/www.careium.com\/se\/wp-json\/wp\/v2\/product_brand?post=603"},{"taxonomy":"product_cat","embeddable":true,"href":"https:\/\/www.careium.com\/se\/wp-json\/wp\/v2\/product_cat?post=603"},{"taxonomy":"product_tag","embeddable":true,"href":"https:\/\/www.careium.com\/se\/wp-json\/wp\/v2\/product_tag?post=603"}],"curies":[{"name":"wp","href":"https:\/\/api.w.org\/{rel}","templated":true}]}}