{"id":604,"date":"2025-04-17T10:10:16","date_gmt":"2025-04-17T10:10:16","guid":{"rendered":"https:\/\/www.careium.com\/se\/?post_type=product&#038;p=604"},"modified":"2025-09-24T10:57:20","modified_gmt":"2025-09-24T08:57:20","slug":"ping-pong-larm","status":"publish","type":"product","link":"https:\/\/www.careium.com\/se\/trygghetslosningar\/trygghetslarm\/ping-pong-larm\/","title":{"rendered":"Ping-Pong larm"},"content":{"rendered":"","protected":false},"excerpt":{"rendered":"<p>Ping-Pong larmet placeras n\u00e4ra omsorgstagaren s\u00e5 att han eller hon enkelt kan aktivera larmet genom att r\u00f6ra vid det, t.ex. med huvudet eller n\u00e5gon annan kroppsdel. Larm s\u00e4nds tr\u00e5dl\u00f6st till trygghetslarmet som skickar vidare det till larmcentralen.<\/p>\n","protected":false},"author":1,"featured_media":2865,"template":"","meta":{"_acf_changed":false},"product_brand":[],"product_cat":[84],"product_tag":[],"class_list":{"0":"post-604","1":"product","2":"type-product","3":"status-publish","4":"has-post-thumbnail","6":"product_cat-tillbehor-for-personlig-trygghet-och-valbefinnande","8":"first","9":"instock","10":"shipping-taxable","11":"purchasable","12":"product-type-simple"},"acf":[],"_links":{"self":[{"href":"https:\/\/www.careium.com\/se\/wp-json\/wp\/v2\/product\/604","targetHints":{"allow":["GET"]}}],"collection":[{"href":"https:\/\/www.careium.com\/se\/wp-json\/wp\/v2\/product"}],"about":[{"href":"https:\/\/www.careium.com\/se\/wp-json\/wp\/v2\/types\/product"}],"author":[{"embeddable":true,"href":"https:\/\/www.careium.com\/se\/wp-json\/wp\/v2\/users\/1"}],"wp:featuredmedia":[{"embeddable":true,"href":"https:\/\/www.careium.com\/se\/wp-json\/wp\/v2\/media\/2865"}],"wp:attachment":[{"href":"https:\/\/www.careium.com\/se\/wp-json\/wp\/v2\/media?parent=604"}],"wp:term":[{"taxonomy":"product_brand","embeddable":true,"href":"https:\/\/www.careium.com\/se\/wp-json\/wp\/v2\/product_brand?post=604"},{"taxonomy":"product_cat","embeddable":true,"href":"https:\/\/www.careium.com\/se\/wp-json\/wp\/v2\/product_cat?post=604"},{"taxonomy":"product_tag","embeddable":true,"href":"https:\/\/www.careium.com\/se\/wp-json\/wp\/v2\/product_tag?post=604"}],"curies":[{"name":"wp","href":"https:\/\/api.w.org\/{rel}","templated":true}]}}