{"id":608,"date":"2025-04-17T10:11:45","date_gmt":"2025-04-17T10:11:45","guid":{"rendered":"https:\/\/www.careium.com\/se\/?post_type=product&#038;p=608"},"modified":"2025-09-24T10:56:40","modified_gmt":"2025-09-24T08:56:40","slug":"blaslarm","status":"publish","type":"product","link":"https:\/\/www.careium.com\/se\/trygghetslosningar\/trygghetslarm\/blaslarm\/","title":{"rendered":"Bl\u00e5slarm"},"content":{"rendered":"","protected":false},"excerpt":{"rendered":"<p>Bl\u00e5slarmet placeras n\u00e4ra omsorgstagaren s\u00e5 att han eller hon kan bl\u00e5sa in i den f\u00f6r att aktivera ett larm. Larm s\u00e4nds tr\u00e5dl\u00f6st till trygghetslarmet som skickar vidare larmet till larmcentralen.<\/p>\n","protected":false},"author":1,"featured_media":2621,"template":"","meta":{"_acf_changed":false},"product_brand":[],"product_cat":[84],"product_tag":[],"class_list":{"0":"post-608","1":"product","2":"type-product","3":"status-publish","4":"has-post-thumbnail","6":"product_cat-tillbehor-for-personlig-trygghet-och-valbefinnande","8":"first","9":"instock","10":"shipping-taxable","11":"purchasable","12":"product-type-simple"},"acf":[],"_links":{"self":[{"href":"https:\/\/www.careium.com\/se\/wp-json\/wp\/v2\/product\/608","targetHints":{"allow":["GET"]}}],"collection":[{"href":"https:\/\/www.careium.com\/se\/wp-json\/wp\/v2\/product"}],"about":[{"href":"https:\/\/www.careium.com\/se\/wp-json\/wp\/v2\/types\/product"}],"author":[{"embeddable":true,"href":"https:\/\/www.careium.com\/se\/wp-json\/wp\/v2\/users\/1"}],"wp:featuredmedia":[{"embeddable":true,"href":"https:\/\/www.careium.com\/se\/wp-json\/wp\/v2\/media\/2621"}],"wp:attachment":[{"href":"https:\/\/www.careium.com\/se\/wp-json\/wp\/v2\/media?parent=608"}],"wp:term":[{"taxonomy":"product_brand","embeddable":true,"href":"https:\/\/www.careium.com\/se\/wp-json\/wp\/v2\/product_brand?post=608"},{"taxonomy":"product_cat","embeddable":true,"href":"https:\/\/www.careium.com\/se\/wp-json\/wp\/v2\/product_cat?post=608"},{"taxonomy":"product_tag","embeddable":true,"href":"https:\/\/www.careium.com\/se\/wp-json\/wp\/v2\/product_tag?post=608"}],"curies":[{"name":"wp","href":"https:\/\/api.w.org\/{rel}","templated":true}]}}