{"id":876,"date":"2025-04-29T08:35:51","date_gmt":"2025-04-29T08:35:51","guid":{"rendered":"https:\/\/www.careium.com\/se\/?post_type=product&#038;p=876"},"modified":"2026-01-28T08:42:30","modified_gmt":"2026-01-28T07:42:30","slug":"eliza-smart-teknik-tryggare-liv","status":"publish","type":"product","link":"https:\/\/www.careium.com\/se\/trygghetslosningar\/trygghetslarm\/eliza-smart-teknik-tryggare-liv\/","title":{"rendered":"Eliza &#8211; Smart s\u00e4kerhet f\u00f6r sj\u00e4lvst\u00e4ndigt boende"},"content":{"rendered":"<h3><strong>Eliza &#8211; digitalt v\u00e4lf\u00e4rdssystem &#8211; K\u00e4nn dig trygg och s\u00e4ker hemma<\/strong><\/h3>\n<p>Alla f\u00f6rtj\u00e4nar att k\u00e4nna sig trygga &#8211; oavsett om du bor sj\u00e4lv, \u00e5terh\u00e4mtar dig fr\u00e5n en sjukdom eller helt enkelt vill ha extra st\u00f6d i vardagen. Det \u00e4r h\u00e4r som Eliza kommer in i bilden: ett p\u00e5litligt trygghetslarm-system som sk\u00e4nker trygghet och bidrar till ett sj\u00e4lvst\u00e4ndigare liv.<\/p>\n<h4><strong>Ett knapptryck. Omedelbar hj\u00e4lp.<\/strong><\/h4>\n<p>Med den l\u00e4tta larmknappen, som b\u00e4rs runt halsen eller handleden, kan du kalla p\u00e5 hj\u00e4lp med bara ett enda tryck. Den \u00e4r enkel, alltid inom r\u00e4ckh\u00e5ll och kopplar dig snabbt till larmcentral, hemtj\u00e4nst eller familj och v\u00e4nner.<\/p>\n<h4><strong>Ingen laddning, inget kr\u00e5ngel<\/strong><\/h4>\n<p>Du beh\u00f6ver inte komma ih\u00e5g att ladda larmknappen. Den \u00e4r alltid redo, vilket g\u00f6r att du har en sak mindre att oroa dig f\u00f6r i vardagen.<\/p>\n<h4><strong>T\u00e4ckning b\u00e5de inne och ute<\/strong><\/h4>\n<p>Oavsett om du kopplar av i tr\u00e4dg\u00e5rden eller r\u00f6r dig fr\u00e5n rum till rum, s\u00e5 kommer du alltid k\u00e4nna trygghet och s\u00e4kerhet i hela hemmet.<\/p>\n<h4><strong>Inga \u00f6verraskande r\u00e4kningar<\/strong><\/h4>\n<p>Inga samtalskostnader eller fasta telefonlinjer. Allt sker smidigt via digitala n\u00e4tverk, s\u00e5 att du kan fokusera p\u00e5 att leva ditt liv som du sj\u00e4lv vill.<\/p>\n<h4><strong>Snabb och enkel installation<\/strong><\/h4>\n<p>Ingen teknisk kunskap beh\u00f6vs. Med den medf\u00f6ljande anv\u00e4ndarhandboken blir installationen enkel och stressfri.<\/p>\n<hr \/>\n<h3><strong>Sinnesfrid f\u00f6r dig och dina n\u00e4ra och k\u00e4ra<\/strong><\/h3>\n<p>V\u00e5rt larmsystem \u00e4r perfekt f\u00f6r alla som vill k\u00e4nna sig trygga utan att ge upp sin sj\u00e4lvst\u00e4ndighet. Eliza \u00e4r till f\u00f6r att st\u00f6tta dig &#8211; oavsett om du bor ensam, har n\u00e5gon sjukdom eller bara vill veta att det finns n\u00e5gon d\u00e4r om du beh\u00f6ver hj\u00e4lp.<\/p>\n<p>Och f\u00f6r familjen? K\u00e4nn lugn och trygghet med att era n\u00e4ra och k\u00e4ra aldrig \u00e4r riktigt ensamma.<\/p>\n<hr \/>\n<h3><strong>Varf\u00f6r \u00e4r Eliza annorlunda<\/strong><\/h3>\n<h4><strong>Byggd f\u00f6r framtiden<\/strong><\/h4>\n<p>Tillf\u00f6rlitlig 4G- och IP-teknik inneb\u00e4r att din anslutning f\u00f6rblir stark, \u00e4ven n\u00e4r n\u00e4tverken sl\u00e4cks eller \u00e4ndras.<\/p>\n<h4><strong>Smart hems\u00e4kerhet<\/strong><\/h4>\n<p>V\u00e4lf\u00e4rdssystemet kan anslutas till <a href=\"https:\/\/www.careium.com\/se\/trygghetslosningar\/trygghetslarm\/overvakat-roklarm-for-skydd-24-7\/\">r\u00f6kdetektorer<\/a>, <a href=\"https:\/\/www.careium.com\/se\/trygghetslosningar\/trygghetslarm\/vibby-oak-fallalarm\/\">fallsensorer<\/a> och andra tillbeh\u00f6r &#8211; vilket skapar ett komplett skyddsn\u00e4t i hela ditt hem.<\/p>\n<h4><strong>Designad f\u00f6r att sm\u00e4lta in<\/strong><\/h4>\n<p>Med den prisbel\u00f6nta eleganta finishen ser enheten modern och diskret ut &#8211; mer som en del i hemmet \u00e4n en medicinsk enhet.<\/p>\n<hr \/>\n<h3><strong>V\u00e4lj Eliza &#8211; och lev med sj\u00e4lvs\u00e4kert<\/strong><\/h3>\n<p>Det h\u00e4r \u00e4r inte bara ett larm &#8211; det \u00e4r ett s\u00e4tt att bibeh\u00e5lla din sj\u00e4lvst\u00e4ndighet samtidigt som du vet att hj\u00e4lp och st\u00f6d alltid \u00e4r n\u00e4ra tillhands. Med smart teknik, en genomt\u00e4nkt design och support dygnet runt hj\u00e4lper Eliza dig att leva ditt liv med mindre oro och mer frihet.<\/p>\n<p><strong>Trygghet ska aldrig inneb\u00e4ra begr\u00e4nsningar<\/strong><\/p>\n<p>Systemet ger ocks\u00e5 sinnesfrid f\u00f6r de m\u00e4nniskor som bryr sig om dig. F\u00f6r familjen och dina n\u00e4ra och k\u00e4ra \u00e4r det en stor trygghet att veta att st\u00f6d alltid finns inom r\u00e4ckh\u00e5ll &#8211; s\u00e4rskilt n\u00e4r de inte kan vara d\u00e4r personligen. Tack vare Eliza minskar oron och dina anh\u00f6riga vet att deras f\u00f6r\u00e4lder, partner, sl\u00e4kting eller v\u00e4n \u00e4r trygg, uppkopplad och f\u00e5r st\u00f6d varje dag.<\/p>\n<hr \/>\n","protected":false},"excerpt":{"rendered":"<p>Eliza \u00e4r ett personligt trygghetslarm-system som \u00e4r utformat f\u00f6r att \u00f6ka \u00e4ldres s\u00e4kerhet och st\u00f6tta dem till ett mer sj\u00e4lvst\u00e4ndigt liv hemma. Den kombinerar elegant design med avancerad teknik &#8211; perfekt f\u00f6r fallprevention, v\u00e5rd i hemmet och f\u00f6r att ge trygghet till b\u00e5de anv\u00e4ndaren och deras anh\u00f6riga. Oavsett om det handlar om en n\u00f6dsituation eller ett behov av st\u00f6d i vardagen s\u00e5 \u00e4r\u00a0<strong>hj\u00e4lp bara ett knapptryck bort<\/strong>.<\/p>\n","protected":false},"author":5,"featured_media":5334,"template":"","meta":{"_acf_changed":false},"product_brand":[],"product_cat":[83],"product_tag":[],"class_list":{"0":"post-876","1":"product","2":"type-product","3":"status-publish","4":"has-post-thumbnail","6":"product_cat-trygghetslarm","8":"first","9":"instock","10":"shipping-taxable","11":"purchasable","12":"product-type-simple"},"acf":[],"_links":{"self":[{"href":"https:\/\/www.careium.com\/se\/wp-json\/wp\/v2\/product\/876","targetHints":{"allow":["GET"]}}],"collection":[{"href":"https:\/\/www.careium.com\/se\/wp-json\/wp\/v2\/product"}],"about":[{"href":"https:\/\/www.careium.com\/se\/wp-json\/wp\/v2\/types\/product"}],"author":[{"embeddable":true,"href":"https:\/\/www.careium.com\/se\/wp-json\/wp\/v2\/users\/5"}],"wp:featuredmedia":[{"embeddable":true,"href":"https:\/\/www.careium.com\/se\/wp-json\/wp\/v2\/media\/5334"}],"wp:attachment":[{"href":"https:\/\/www.careium.com\/se\/wp-json\/wp\/v2\/media?parent=876"}],"wp:term":[{"taxonomy":"product_brand","embeddable":true,"href":"https:\/\/www.careium.com\/se\/wp-json\/wp\/v2\/product_brand?post=876"},{"taxonomy":"product_cat","embeddable":true,"href":"https:\/\/www.careium.com\/se\/wp-json\/wp\/v2\/product_cat?post=876"},{"taxonomy":"product_tag","embeddable":true,"href":"https:\/\/www.careium.com\/se\/wp-json\/wp\/v2\/product_tag?post=876"}],"curies":[{"name":"wp","href":"https:\/\/api.w.org\/{rel}","templated":true}]}}