{"id":884,"date":"2025-04-29T09:37:05","date_gmt":"2025-04-29T09:37:05","guid":{"rendered":"https:\/\/www.careium.com\/se\/?post_type=product&#038;p=884"},"modified":"2025-12-05T14:56:59","modified_gmt":"2025-12-05T13:56:59","slug":"eliza-s-plus-larmsystem","status":"publish","type":"product","link":"https:\/\/www.careium.com\/se\/trygghetslosningar\/trygghetslarm\/eliza-s-plus-larmsystem\/","title":{"rendered":"Eliza S+ &#8211; Smartare trygghet, st\u00f6rre sinnesfrid"},"content":{"rendered":"<h3><strong>F\u00f6rbli sj\u00e4lvst\u00e4ndig, f\u00f6rbli uppkopplad<\/strong><\/h3>\n<p>Precis som andra p\u00e5litliga larmsystem i v\u00e5rt sortiment erbjuder Eliza S+ tillf\u00f6rlitlig hj\u00e4lp 24\/7 &#8211; perfekt f\u00f6r alla som v\u00e4rderar sin sj\u00e4lvst\u00e4ndighet h\u00f6gt, men som samtidigt vill k\u00e4nna sig trygga och tillfreds med att hj\u00e4lp alltid finns n\u00e4ra till hands.<\/p>\n<p>Idealisk f\u00f6r:<\/p>\n<ul>\n<li>\u00c4ldre som bor hemma<\/li>\n<li>Personer med medicinska tillst\u00e5nd s\u00e5 som demens, epilepsi eller hj\u00e4rtproblem<\/li>\n<li>Alla som \u00e4r i riskzonen f\u00f6r fall eller pl\u00f6tslig sjukdom<\/li>\n<\/ul>\n<p>Oavsett om det handlar om sinnesro till vardags eller ett st\u00f6d i en n\u00f6dsituation kommer tryggheten och s\u00e4kerheten i det egna hemmet att finnas d\u00e4r.<\/p>\n<h4>Dubbelt skydd som fungerar n\u00e4r du beh\u00f6ver det som mest<\/h4>\n<p>Det som g\u00f6r att Eliza S+ sticker ut \u00e4r dess <strong>dubbla n\u00e4tverksanslutningar<\/strong>. M\u00e5nga trygghetslarm f\u00f6rlitar sig enbart p\u00e5 mobiln\u00e4tet, men v\u00e5rt larm erbjuder \u00e4ven backup via ethernet. Det inneb\u00e4r att om mobilsignalen \u00e4r svag eller g\u00e5r ner &#8211; till exempel under en storm eller ett str\u00f6mavbrott &#8211; f\u00f6rblir larmsystemet anslutet och fullt fungerande via Ethernet-kabeln.<\/p>\n<p>Detta \u00e4r s\u00e4rskilt anv\u00e4ndbart f\u00f6r:<\/p>\n<ul>\n<li>Hus p\u00e5 landsbygden eller i avl\u00e4gsna omr\u00e5den med d\u00e5lig mobilt\u00e4ckning<\/li>\n<li>Byggnader med tjocka v\u00e4ggar d\u00e4r signalstyrkan kan vara svag<\/li>\n<\/ul>\n<p>Du beh\u00f6ver allts\u00e5 inte oroa dig f\u00f6r att n\u00e4tverksproblem ska komma i v\u00e4gen f\u00f6r din s\u00e4kerhet.<\/p>\n<h4>Designad f\u00f6r att sm\u00e4lta in, byggd f\u00f6r att sticka ut<\/h4>\n<p>Vi vet att trygghetslarm helst ska sm\u00e4lta in i hemmet. D\u00e4rf\u00f6r finns Eliza S+ i en modern finish i m\u00f6rk ebenholts och mocca &#8211; eleganta f\u00e4rger som valts f\u00f6r att passa in naturligt i din hemmilj\u00f6. Den uppdaterade, diskreta designen inneb\u00e4r att ditt larmsystem ger det skydd du beh\u00f6ver utan att sticka ut.<\/p>\n<h4>Ro i sinnet f\u00f6r hela familjen<\/h4>\n<p>Anh\u00f6riga kan k\u00e4nna sig s\u00e4kra med att deras n\u00e4rst\u00e5endes trygghetslarm fungerar som det ska, \u00e4ven i utmanande situationer. Det bidrar till att minska oron f\u00f6r missade larm och b\u00e5de anv\u00e4ndare och deras n\u00e4ra och k\u00e4ra kan d\u00e4rmed fokusera p\u00e5 att njuta av livet &#8211; med en sak mindre att oroa sig f\u00f6r.<\/p>\n<hr \/>\n","protected":false},"excerpt":{"rendered":"<p>Det digitala v\u00e4lf\u00e4rdsystemet Eliza S+ erbjuder dubbla n\u00e4tverksanslutningar f\u00f6r oavbrutet skydd. Genom att \u00e4ven kunna anslutas via en fast Ethernet-kabel kan du forts\u00e4tta k\u00e4nna dig s\u00e4ker och sj\u00e4lvst\u00e4ndig \u00e4ven om mobilsignalen \u00e4r svag i ditt hem, eller om den helt tappar anslutning.<\/p>\n","protected":false},"author":5,"featured_media":776,"template":"","meta":{"_acf_changed":false},"product_brand":[],"product_cat":[83],"product_tag":[],"class_list":{"0":"post-884","1":"product","2":"type-product","3":"status-publish","4":"has-post-thumbnail","6":"product_cat-trygghetslarm","8":"first","9":"instock","10":"shipping-taxable","11":"purchasable","12":"product-type-simple"},"acf":[],"_links":{"self":[{"href":"https:\/\/www.careium.com\/se\/wp-json\/wp\/v2\/product\/884","targetHints":{"allow":["GET"]}}],"collection":[{"href":"https:\/\/www.careium.com\/se\/wp-json\/wp\/v2\/product"}],"about":[{"href":"https:\/\/www.careium.com\/se\/wp-json\/wp\/v2\/types\/product"}],"author":[{"embeddable":true,"href":"https:\/\/www.careium.com\/se\/wp-json\/wp\/v2\/users\/5"}],"wp:featuredmedia":[{"embeddable":true,"href":"https:\/\/www.careium.com\/se\/wp-json\/wp\/v2\/media\/776"}],"wp:attachment":[{"href":"https:\/\/www.careium.com\/se\/wp-json\/wp\/v2\/media?parent=884"}],"wp:term":[{"taxonomy":"product_brand","embeddable":true,"href":"https:\/\/www.careium.com\/se\/wp-json\/wp\/v2\/product_brand?post=884"},{"taxonomy":"product_cat","embeddable":true,"href":"https:\/\/www.careium.com\/se\/wp-json\/wp\/v2\/product_cat?post=884"},{"taxonomy":"product_tag","embeddable":true,"href":"https:\/\/www.careium.com\/se\/wp-json\/wp\/v2\/product_tag?post=884"}],"curies":[{"name":"wp","href":"https:\/\/api.w.org\/{rel}","templated":true}]}}